{"id":50,"date":"2017-10-20T09:12:38","date_gmt":"2017-10-20T09:12:38","guid":{"rendered":"http:\/\/departamento.us.es\/ielectrica\/?page_id=50"},"modified":"2026-03-19T20:16:56","modified_gmt":"2026-03-19T19:16:56","slug":"personal-de-administracion-y-servicios","status":"publish","type":"page","link":"https:\/\/departamento.us.es\/ielectrica\/personal-de-administracion-y-servicios\/","title":{"rendered":"Personal de Administraci\u00f3n y Servicios"},"content":{"rendered":"<p style=\"text-align: left;\"><span style=\"text-decoration: underline; color: #993300;\"><strong>SECRETARIA DEPARTAMENTO<\/strong><\/span><\/p>\n<table style=\"width: 459px;\">\n<tbody>\n<tr>\n<td style=\"width: 453px;\" colspan=\"2\">\n<p style=\"text-align: center;\"><span style=\"color: #000000;\"><strong><em>Escuela T\u00e9cnica Superior de Ingenier\u00eda<\/em><\/strong><\/span><\/p>\n<\/td>\n<\/tr>\n<tr>\n<td style=\"width: 255.567px; text-align: left;\"><span style=\"color: #000000;\"><strong><em>Personal <\/em><\/strong><\/span><\/td>\n<td style=\"text-align: left; width: 195.433px;\"><span style=\"color: #000000;\"><strong><em>E-MAIL<\/em><\/strong><\/span><\/td>\n<\/tr>\n<tr>\n<td style=\"text-align: left; width: 255.567px;\"><span style=\"color: #000000;\">Teruel L\u00f3pez, Carmen M\u00aa<\/span><\/td>\n<td style=\"width: 195.433px; text-align: left;\"><span style=\"color: #000000;\">mteruel <em>arroba<\/em>\u00a0us.es<\/span><\/td>\n<\/tr>\n<tr>\n<td style=\"text-align: left; width: 255.567px;\"><\/td>\n<td style=\"width: 195.433px; text-align: left;\"><\/td>\n<\/tr>\n<\/tbody>\n<\/table>\n<p>&nbsp;<\/p>\n<p><span style=\"color: #000000;\"><strong>\u00a0<\/strong><\/span><\/p>\n<p><span style=\"text-decoration: underline; color: #993300;\"><strong>LABORATORIOS<\/strong><\/span><\/p>\n<table style=\"width: 54.5481%;\">\n<tbody>\n<tr>\n<td style=\"width: 189.283%;\" colspan=\"2\">\n<p style=\"text-align: center;\"><span style=\"color: #000000;\"><strong><em>Escuela T\u00e9cnica Superior de Ingenier\u00eda<\/em><\/strong><\/span><\/p>\n<\/td>\n<\/tr>\n<tr>\n<td style=\"text-align: left; width: 50.2513%;\"><span style=\"color: #000000;\"><strong><em>Personal <\/em><\/strong><\/span><\/td>\n<td style=\"text-align: left; width: 139.032%;\"><span style=\"color: #000000;\"><strong><em>E-MAIL<\/em><\/strong><\/span><\/td>\n<\/tr>\n<tr>\n<td style=\"width: 50.2513%; text-align: left;\"><span style=\"color: #000000;\">Cort\u00e9s Cobos, Francisco Javier<\/span><\/td>\n<td style=\"width: 139.032%; text-align: left;\"><span style=\"color: #000000;\">fcortes3\u00a0<em>arroba<\/em>\u00a0us.es<\/span><\/td>\n<\/tr>\n<tr>\n<td style=\"text-align: left; width: 50.2513%;\"><span style=\"color: #000000;\">Gross Mure\u015fan, Andrei Mihai<\/span><\/td>\n<td style=\"width: 139.032%; text-align: left;\"><span style=\"color: #000000;\">amihai\u00a0<em>arroba<\/em>\u00a0us.es<\/span><\/td>\n<\/tr>\n<tr>\n<td style=\"width: 50.2513%;\"><span style=\"color: #000000;\"><strong><em>\u00a0<\/em><\/strong><\/span><\/td>\n<td style=\"width: 139.032%;\"><span style=\"color: #000000;\">\u00a0<\/span><\/td>\n<\/tr>\n<tr>\n<td style=\"width: 189.283%;\" colspan=\"2\">\n<p style=\"text-align: center;\"><span style=\"color: #000000;\"><strong><em>Escuela Polit\u00e9cnica Superior<\/em><\/strong><\/span><\/p>\n<\/td>\n<\/tr>\n<tr>\n<td style=\"text-align: left; width: 50.2513%;\"><span style=\"color: #000000;\"><strong><em>Personal <\/em><\/strong><\/span><\/td>\n<td style=\"text-align: left; width: 139.032%;\"><span style=\"color: #000000;\"><strong><em>E-MAIL<\/em><\/strong><\/span><\/td>\n<\/tr>\n<tr>\n<td style=\"text-align: left; width: 50.2513%;\"><span style=\"color: #000000;\">Broca Fern\u00e1ndez, Juan<\/span><\/td>\n<td style=\"width: 139.032%; text-align: left;\"><span style=\"color: #000000;\">jbroca\u00a0<em>arroba<\/em>\u00a0us.es<\/span><\/td>\n<\/tr>\n<tr>\n<td style=\"text-align: left; width: 50.2513%;\"><span style=\"color: #000000;\">Bustillo Ram\u00edrez, Manuel<\/span><\/td>\n<td style=\"width: 139.032%; text-align: left;\"><span style=\"color: #000000;\">bustillo <em>arroba<\/em> us.es<\/span><\/td>\n<\/tr>\n<\/tbody>\n<\/table>\n<p>&nbsp;<\/p>\n<p><span style=\"color: #000000;\"><strong>\u00a0<\/strong><\/span><\/p>\n<p><span style=\"color: #000000;\"><strong>\u00a0<\/strong><\/span><\/p>\n<p>&nbsp;<\/p>\n","protected":false},"excerpt":{"rendered":"<p>SECRETARIA DEPARTAMENTO Escuela T\u00e9cnica Superior de Ingenier\u00eda Personal E-MAIL Teruel L\u00f3pez, Carmen M\u00aa mteruel arroba\u00a0us.es &nbsp; \u00a0 LABORATORIOS Escuela T\u00e9cnica Superior de Ingenier\u00eda Personal E-MAIL Cort\u00e9s Cobos, Francisco Javier fcortes3\u00a0arroba\u00a0us.es Gross Mure\u015fan, Andrei Mihai amihai\u00a0arroba\u00a0us.es \u00a0 \u00a0 Escuela Polit\u00e9cnica Superior <a href=\"https:\/\/departamento.us.es\/ielectrica\/personal-de-administracion-y-servicios\/\" class=\"read-more\">Leer m\u00e1s&#8230;<\/a><\/p>\n","protected":false},"author":1,"featured_media":0,"parent":0,"menu_order":0,"comment_status":"closed","ping_status":"closed","template":"","meta":{"footnotes":""},"class_list":["post-50","page","type-page","status-publish","hentry"],"_links":{"self":[{"href":"https:\/\/departamento.us.es\/ielectrica\/wp-json\/wp\/v2\/pages\/50","targetHints":{"allow":["GET"]}}],"collection":[{"href":"https:\/\/departamento.us.es\/ielectrica\/wp-json\/wp\/v2\/pages"}],"about":[{"href":"https:\/\/departamento.us.es\/ielectrica\/wp-json\/wp\/v2\/types\/page"}],"author":[{"embeddable":true,"href":"https:\/\/departamento.us.es\/ielectrica\/wp-json\/wp\/v2\/users\/1"}],"replies":[{"embeddable":true,"href":"https:\/\/departamento.us.es\/ielectrica\/wp-json\/wp\/v2\/comments?post=50"}],"version-history":[{"count":1,"href":"https:\/\/departamento.us.es\/ielectrica\/wp-json\/wp\/v2\/pages\/50\/revisions"}],"predecessor-version":[{"id":4211,"href":"https:\/\/departamento.us.es\/ielectrica\/wp-json\/wp\/v2\/pages\/50\/revisions\/4211"}],"wp:attachment":[{"href":"https:\/\/departamento.us.es\/ielectrica\/wp-json\/wp\/v2\/media?parent=50"}],"curies":[{"name":"wp","href":"https:\/\/api.w.org\/{rel}","templated":true}]}}