{"id":52,"date":"2017-10-20T09:12:52","date_gmt":"2017-10-20T09:12:52","guid":{"rendered":"http:\/\/departamento.us.es\/ielectrica\/?page_id=52"},"modified":"2025-03-12T12:34:48","modified_gmt":"2025-03-12T11:34:48","slug":"centro-etsi","status":"publish","type":"page","link":"https:\/\/departamento.us.es\/ielectrica\/centro-etsi\/","title":{"rendered":"Centro ETSI"},"content":{"rendered":"\n<p><strong><span style=\"font-size: 18pt; color: #993300;\">Personal Docente Escuela T\u00e9cnica Superior de Ingenier\u00eda<\/span><\/strong><\/p>\n\n\n\n<div style=\"height:29px\" aria-hidden=\"true\" class=\"wp-block-spacer\"><\/div>\n\n\n\n<div class=\"wp-block-group is-nowrap is-layout-flex wp-container-core-group-is-layout-ad2f72ca wp-block-group-is-layout-flex\">\n<figure class=\"wp-block-table is-style-regular\"><table><thead><tr><th class=\"has-text-align-center\" data-align=\"center\"><span style=\"font-size: 20px;\"><em>&nbsp;<strong>Foto<\/strong><\/em><\/span><\/th><th><span style=\"font-size: 20px;\"><strong><em>&nbsp;Apellidos y Nombre<\/em><\/strong><\/span><\/th><th><span style=\"font-size: 20px;\"><strong><em>&nbsp;Correo electr\u00f3nico<\/em><\/strong><\/span><\/th><th><span style=\"font-size: 20px;\"><strong><em>C.V.<\/em><\/strong><\/span><\/th><\/tr><\/thead><tbody><tr><td class=\"has-text-align-center\" data-align=\"center\" colspan=\"4\"><em><strong>&nbsp; Director del departamento<\/strong><\/em><\/td><\/tr><tr><td class=\"has-text-align-center\" data-align=\"center\"><figure><img loading=\"lazy\" decoding=\"async\" class=\"aligncenter wp-image-598\" src=\"https:\/\/departamento.us.es\/ielectrica\/wp-content\/uploads\/2018\/01\/JLMR_1-238x300.jpg\" alt=\"\" width=\"75\" height=\"94\" srcset=\"https:\/\/departamento.us.es\/ielectrica\/wp-content\/uploads\/2018\/01\/JLMR_1-238x300.jpg 238w, https:\/\/departamento.us.es\/ielectrica\/wp-content\/uploads\/2018\/01\/JLMR_1-214x270.jpg 214w, https:\/\/departamento.us.es\/ielectrica\/wp-content\/uploads\/2018\/01\/JLMR_1.jpg 285w\" sizes=\"auto, (max-width: 75px) 100vw, 75px\" \/><\/figure><\/td><td>Mart\u00ednez Ramos, Jos\u00e9 Luis<\/td><td>camel <em>arroba<\/em> us.es<\/td><td><a href=\"https:\/\/investigacion.us.es\/sisius\/sis_showpub.php?idpers=3042\" target=\"_blank\" rel=\"noopener noreferrer\">C.V.<\/a><\/td><\/tr><tr><td class=\"has-text-align-center\" data-align=\"center\" colspan=\"4\"><em><strong>&nbsp; Secretario del departamento<\/strong><\/em><\/td><\/tr><tr><td class=\"has-text-align-center\" data-align=\"center\"><figure><img loading=\"lazy\" decoding=\"async\" class=\"aligncenter wp-image-627\" src=\"https:\/\/departamento.us.es\/ielectrica\/wp-content\/uploads\/2018\/02\/jmmo-175x300.jpg\" alt=\"\" width=\"75\" height=\"129\" srcset=\"https:\/\/departamento.us.es\/ielectrica\/wp-content\/uploads\/2018\/02\/jmmo-175x300.jpg 175w, https:\/\/departamento.us.es\/ielectrica\/wp-content\/uploads\/2018\/02\/jmmo-157x270.jpg 157w, https:\/\/departamento.us.es\/ielectrica\/wp-content\/uploads\/2018\/02\/jmmo.jpg 547w\" sizes=\"auto, (max-width: 75px) 100vw, 75px\" \/><\/figure><\/td><td>Maza Ortega, Jos\u00e9 Mar\u00eda<\/td><td>jmmaza <em>arroba<\/em> us.es<\/td><td><a href=\"https:\/\/investigacion.us.es\/sisius\/sis_showpub.php?idpers=3599\" target=\"_blank\" rel=\"noopener noreferrer\">C.V.<\/a><\/td><\/tr><tr><td class=\"has-text-align-center\" data-align=\"center\" colspan=\"4\"><em><strong>&nbsp;<br>\n<\/strong><\/em><\/td><\/tr><tr><td class=\"has-text-align-center\" data-align=\"center\"><figure><img loading=\"lazy\" decoding=\"async\" class=\"aligncenter size-full wp-image-3650\" src=\"https:\/\/departamento.us.es\/ielectrica\/wp-content\/uploads\/2024\/04\/icono.png\" alt=\"\" width=\"125\" height=\"126\"><\/figure><\/td><td>Barrag\u00e1n Villarejo, Manuel<\/td><td>manuelbarragan <em>arroba<\/em> us.es<\/td><td><a href=\"https:\/\/investigacion.us.es\/sisius\/sis_showpub.php?idpers=15430\" target=\"_blank\" rel=\"noopener noreferrer\">C.V.<\/a><\/td><\/tr><tr><td class=\"has-text-align-center\" data-align=\"center\"><figure><img decoding=\"async\" src=\"https:\/\/departamento.us.es\/ielectrica\/wp-content\/uploads\/2024\/04\/icono.png\" alt=\"\"><\/figure><\/td><td>Bernal Mart\u00edn, Manuel<\/td><td>manuelbernal <em>arroba<\/em> us.es<\/td><td><a href=\"https:\/\/investigacion.us.es\/sisius\/sis_showpub.php?idpers=16771\" target=\"_blank\" rel=\"noopener noreferrer\">C.V.<\/a><\/td><\/tr><tr><td class=\"has-text-align-center\" data-align=\"center\"><figure><img decoding=\"async\" src=\"https:\/\/departamento.us.es\/ielectrica\/wp-content\/uploads\/2024\/04\/icono.png\"><\/figure><\/td><td>Burgos Payan, Manuel<\/td><td>mburgos <em>arroba<\/em> us.es<\/td><td><a href=\"https:\/\/investigacion.us.es\/sisius\/sis_showpub.php?ct=1&amp;cs=&amp;idpers=3035\" target=\"_blank\" rel=\"noopener noreferrer\">C.V.<\/a><\/td><\/tr><tr><td class=\"has-text-align-center\" data-align=\"center\"><figure><img decoding=\"async\" src=\"https:\/\/departamento.us.es\/ielectrica\/wp-content\/uploads\/2024\/04\/icono.png\"><\/figure><\/td><td>Cano Mar\u00edn, Rafael<\/td><td>rcano2 <em>arroba<\/em> us.es<\/td><td><a href=\"https:\/\/investigacion.us.es\/sisius\/sis_showpub.php?ct=1&amp;cs=&amp;idpers=16772\" target=\"_blank\" rel=\"noopener noreferrer\">C.V.<\/a><\/td><\/tr><tr><td class=\"has-text-align-center\" data-align=\"center\"><figure><img decoding=\"async\" src=\"https:\/\/departamento.us.es\/ielectrica\/wp-content\/uploads\/2024\/04\/icono.png\"><\/figure><\/td><td>Casado Machado, Francisco<\/td><td>mfrancisco <em>arroba<\/em> us.es<\/td><td>&nbsp;<\/td><\/tr><tr><td class=\"has-text-align-center\" data-align=\"center\"><figure><img decoding=\"async\" src=\"https:\/\/departamento.us.es\/ielectrica\/wp-content\/uploads\/2024\/04\/icono.png\"><\/figure><\/td><td>Corral Aguilar, Antonio<\/td><td>antonio.corral <em>arroba<\/em> noxium.es<\/td><td><a href=\"https:\/\/investigacion.us.es\/sisius\/sis_showpub.php?idpers=13561\" target=\"_blank\" rel=\"noopener noreferrer\">C.V.<\/a><\/td><\/tr><tr><td class=\"has-text-align-center\" data-align=\"center\">&nbsp;<figure><img loading=\"lazy\" decoding=\"async\" class=\"aligncenter wp-image-567\" src=\"https:\/\/departamento.us.es\/ielectrica\/wp-content\/uploads\/2018\/01\/foto-actual.png\" alt=\"\" width=\"75\" height=\"75\" srcset=\"https:\/\/departamento.us.es\/ielectrica\/wp-content\/uploads\/2018\/01\/foto-actual.png 180w, https:\/\/departamento.us.es\/ielectrica\/wp-content\/uploads\/2018\/01\/foto-actual-150x150.png 150w\" sizes=\"auto, (max-width: 75px) 100vw, 75px\" \/><\/figure><\/td><td>Cruz Romero, Pedro Luis<\/td><td>plcruz <em>arroba<\/em> us.es<\/td><td><a href=\"https:\/\/investigacion.us.es\/sisius\/sis_showpub.php?idpers=3037\" target=\"_blank\" rel=\"noopener noreferrer\">C.V.<\/a><\/td><\/tr><tr><td class=\"has-text-align-center\" data-align=\"center\"><figure><img decoding=\"async\" src=\"https:\/\/departamento.us.es\/ielectrica\/wp-content\/uploads\/2024\/04\/icono.png\"><\/figure><\/td><td>Fern\u00e1ndez Rivera, Mar\u00eda Teresa<\/td><td>mariateresa.fernandezr <em>arroba<\/em> endesa.es<\/td><td><a href=\"https:\/\/investigacion.us.es\/sisius\/sis_showpub.php?idpers=16996\" target=\"_blank\" rel=\"noopener noreferrer\">C.V.<\/a><\/td><\/tr><tr><td class=\"has-text-align-center\" data-align=\"center\"><figure><img decoding=\"async\" src=\"https:\/\/departamento.us.es\/ielectrica\/wp-content\/uploads\/2024\/04\/icono.png\"><\/figure><\/td><td>Garc\u00eda L\u00f3pez, Francisco de Paula<\/td><td>fdpgarcia <em>arroba<\/em> us.es<\/td><td><a href=\"https:\/\/investigacion.us.es\/sisius\/sis_showpub.php?idpers=16762\" target=\"_blank\" rel=\"noopener noreferrer\">C.V.<\/a><\/td><\/tr><tr><td class=\"has-text-align-center\" data-align=\"center\"><figure><img loading=\"lazy\" decoding=\"async\" class=\"alignnone wp-image-696\" src=\"https:\/\/departamento.us.es\/ielectrica\/wp-content\/uploads\/2018\/02\/Foto-AGE-2011-1-261x300.jpg\" alt=\"\" width=\"75\" height=\"86\" srcset=\"https:\/\/departamento.us.es\/ielectrica\/wp-content\/uploads\/2018\/02\/Foto-AGE-2011-1-261x300.jpg 261w, https:\/\/departamento.us.es\/ielectrica\/wp-content\/uploads\/2018\/02\/Foto-AGE-2011-1-768x882.jpg 768w, https:\/\/departamento.us.es\/ielectrica\/wp-content\/uploads\/2018\/02\/Foto-AGE-2011-1-891x1024.jpg 891w, https:\/\/departamento.us.es\/ielectrica\/wp-content\/uploads\/2018\/02\/Foto-AGE-2011-1-235x270.jpg 235w, https:\/\/departamento.us.es\/ielectrica\/wp-content\/uploads\/2018\/02\/Foto-AGE-2011-1.jpg 1041w\" sizes=\"auto, (max-width: 75px) 100vw, 75px\" \/><\/figure><\/td><td>G\u00f3mez Exp\u00f3sito, Antonio<\/td><td>age <em>arroba<\/em> us.es<\/td><td><a href=\"https:\/\/investigacion.us.es\/sisius\/sis_showpub.php?idpers=3039\" target=\"_blank\" rel=\"noopener noreferrer\">C.V.<\/a><\/td><\/tr><tr><td class=\"has-text-align-center\" data-align=\"center\"><figure><img loading=\"lazy\" decoding=\"async\" class=\"aligncenter wp-image-1177\" src=\"https:\/\/departamento.us.es\/ielectrica\/wp-content\/uploads\/2019\/05\/DSC_0180sdf_crcc-259x300.jpg\" alt=\"\" width=\"75\" height=\"87\" srcset=\"https:\/\/departamento.us.es\/ielectrica\/wp-content\/uploads\/2019\/05\/DSC_0180sdf_crcc-259x300.jpg 259w, https:\/\/departamento.us.es\/ielectrica\/wp-content\/uploads\/2019\/05\/DSC_0180sdf_crcc-768x891.jpg 768w, https:\/\/departamento.us.es\/ielectrica\/wp-content\/uploads\/2019\/05\/DSC_0180sdf_crcc-883x1024.jpg 883w, https:\/\/departamento.us.es\/ielectrica\/wp-content\/uploads\/2019\/05\/DSC_0180sdf_crcc-233x270.jpg 233w\" sizes=\"auto, (max-width: 75px) 100vw, 75px\" \/><\/figure><\/td><td>G\u00f3mez Quiles, Catalina<\/td><td>catalinagq <em>arroba<\/em> us.es<\/td><td><a href=\"https:\/\/investigacion.us.es\/sisius\/sis_showpub.php?idpers=15406\" target=\"_blank\" rel=\"noopener noreferrer\">C.V.<\/a><\/td><\/tr><tr><td class=\"has-text-align-center\" data-align=\"center\"><figure><img loading=\"lazy\" decoding=\"async\" class=\"aligncenter wp-image-2978\" src=\"https:\/\/departamento.us.es\/ielectrica\/wp-content\/uploads\/2022\/03\/MAGC.jpg\" alt=\"\" width=\"75\" height=\"106\"><\/figure><\/td><td>Gonz\u00e1lez Cagigal, Miguel \u00c1ngel<\/td><td>mgcagigal <em>arroba<\/em> us.es<\/td><td><a href=\"https:\/\/investigacion.us.es\/sisius\/sis_showpub.php?idpers=25086\" target=\"_blank\" rel=\"noopener\">C.V.<\/a><\/td><\/tr><tr><td class=\"has-text-align-center\" data-align=\"center\"><figure><img loading=\"lazy\" decoding=\"async\" class=\"alignnone wp-image-693\" src=\"https:\/\/departamento.us.es\/ielectrica\/wp-content\/uploads\/2018\/02\/portrait-01-253x300.jpeg\" alt=\"\" width=\"75\" height=\"89\" srcset=\"https:\/\/departamento.us.es\/ielectrica\/wp-content\/uploads\/2018\/02\/portrait-01-253x300.jpeg 253w, https:\/\/departamento.us.es\/ielectrica\/wp-content\/uploads\/2018\/02\/portrait-01-768x911.jpeg 768w, https:\/\/departamento.us.es\/ielectrica\/wp-content\/uploads\/2018\/02\/portrait-01-863x1024.jpeg 863w, https:\/\/departamento.us.es\/ielectrica\/wp-content\/uploads\/2018\/02\/portrait-01-228x270.jpeg 228w, https:\/\/departamento.us.es\/ielectrica\/wp-content\/uploads\/2018\/02\/portrait-01.jpeg 928w\" sizes=\"auto, (max-width: 75px) 100vw, 75px\" \/><\/figure><\/td><td>Marano Marcolini, Alejandro<\/td><td>alejandromm <em>arroba<\/em>&nbsp; us.es<\/td><td><a href=\"https:\/\/investigacion.us.es\/sisius\/sis_showpub.php?idpers=8037\" target=\"_blank\" rel=\"noopener noreferrer\">C.V.<\/a><\/td><\/tr><tr><td class=\"has-text-align-center\" data-align=\"center\"><figure><img decoding=\"async\" src=\"https:\/\/departamento.us.es\/ielectrica\/wp-content\/uploads\/2024\/04\/icono.png\"><\/figure><\/td><td>Matas D\u00edaz, Francisco Jes\u00fas<\/td><td>fmatas <em>arroba <\/em>us.es<\/td><td><\/td><\/tr><tr><td class=\"has-text-align-center\" data-align=\"center\"><figure><img loading=\"lazy\" decoding=\"async\" class=\"aligncenter wp-image-607\" src=\"https:\/\/departamento.us.es\/ielectrica\/wp-content\/uploads\/2018\/01\/JMMAURICIO-200x300.jpg\" alt=\"\" width=\"75\" height=\"113\" srcset=\"https:\/\/departamento.us.es\/ielectrica\/wp-content\/uploads\/2018\/01\/JMMAURICIO-200x300.jpg 200w, https:\/\/departamento.us.es\/ielectrica\/wp-content\/uploads\/2018\/01\/JMMAURICIO-180x270.jpg 180w, https:\/\/departamento.us.es\/ielectrica\/wp-content\/uploads\/2018\/01\/JMMAURICIO.jpg 250w\" sizes=\"auto, (max-width: 75px) 100vw, 75px\" \/><\/figure><\/td><td>Mauricio, Juan Manuel<\/td><td>j.m.mauricio <em>arroba<\/em> ieee.org<\/td><td><a href=\"https:\/\/investigacion.us.es\/sisius\/sis_showpub.php?idpers=9151\" target=\"_blank\" rel=\"noopener noreferrer\">C.V.<\/a><\/td><\/tr><tr><td class=\"has-text-align-center\" data-align=\"center\"><figure><img decoding=\"async\" src=\"https:\/\/departamento.us.es\/ielectrica\/wp-content\/uploads\/2024\/04\/icono.png\"><\/figure><\/td><td>Navarro Gonz\u00e1lez, Eduardo<\/td><td>eduardonavarro <em>arroba<\/em> us.es<\/td><td><a href=\"https:\/\/investigacion.us.es\/sisius\/sis_showpub.php?idpers=19037\" target=\"_blank\" rel=\"noopener noreferrer\">C.V.<\/a><\/td><\/tr><tr><td class=\"has-text-align-center\" data-align=\"center\"><figure><img decoding=\"async\" src=\"https:\/\/departamento.us.es\/ielectrica\/wp-content\/uploads\/2024\/04\/icono.png\"><\/figure><\/td><td>P\u00e1ramo Balsa, Paula<\/td><td>pparamo <em>arroba<\/em> us.es<\/td><td><\/td><\/tr><tr><td class=\"has-text-align-center\" data-align=\"center\"><figure><img decoding=\"async\" src=\"https:\/\/departamento.us.es\/ielectrica\/wp-content\/uploads\/2024\/04\/icono.png\"><\/figure><\/td><td>Riquelme Dom\u00ednguez, Jos\u00e9 Miguel<\/td><td>jmriquelme arroba us.es<\/td><td><a href=\"https:\/\/investigacion.us.es\/sisius\/sis_showpub.php?idpers=9151\" target=\"_blank\" rel=\"noopener noreferrer\">C.V.<\/a><\/td><\/tr><tr><td class=\"has-text-align-center\" data-align=\"center\"><figure><img loading=\"lazy\" decoding=\"async\" class=\"aligncenter wp-image-685\" src=\"https:\/\/departamento.us.es\/ielectrica\/wp-content\/uploads\/2018\/02\/jesus-244x300.png\" alt=\"\" width=\"75\" height=\"92\" srcset=\"https:\/\/departamento.us.es\/ielectrica\/wp-content\/uploads\/2018\/02\/jesus-244x300.png 244w, https:\/\/departamento.us.es\/ielectrica\/wp-content\/uploads\/2018\/02\/jesus-220x270.png 220w, https:\/\/departamento.us.es\/ielectrica\/wp-content\/uploads\/2018\/02\/jesus.png 438w\" sizes=\"auto, (max-width: 75px) 100vw, 75px\" \/><\/figure><\/td><td>Riquelme Santos, Jes\u00fas Manuel &nbsp; &nbsp; &nbsp;&nbsp;<\/td><td>jsantos <em>arroba<\/em> us.es<\/td><td><a href=\"https:\/\/investigacion.us.es\/sisius\/sis_showpub.php?idpers=3043\" target=\"_blank\" rel=\"noopener noreferrer\">C.V.<\/a><\/td><\/tr><tr><td class=\"has-text-align-center\" data-align=\"center\"><figure><img decoding=\"async\" src=\"https:\/\/departamento.us.es\/ielectrica\/wp-content\/uploads\/2024\/04\/icono.png\"><\/figure><\/td><td>Rodr\u00edguez del Nozal, \u00c1lvaro<\/td><td>arnozal <em>arroba<\/em> us.es<\/td><td><a href=\"https:\/\/investigacion.us.es\/sisius\/sis_showpub.php?idpers=30109\" target=\"_blank\" rel=\"noopener noreferrer\">C.V.<\/a><\/td><\/tr><tr><td class=\"has-text-align-center\" data-align=\"center\"><figure><img loading=\"lazy\" decoding=\"async\" class=\"aligncenter wp-image-1058\" src=\"https:\/\/departamento.us.es\/ielectrica\/wp-content\/uploads\/2019\/03\/\u00edndice.jpg\" alt=\"\" width=\"75\" height=\"75\" srcset=\"https:\/\/departamento.us.es\/ielectrica\/wp-content\/uploads\/2019\/03\/\u00edndice.jpg 225w, https:\/\/departamento.us.es\/ielectrica\/wp-content\/uploads\/2019\/03\/\u00edndice-150x150.jpg 150w\" sizes=\"auto, (max-width: 75px) 100vw, 75px\" \/><\/figure><\/td><td>Rold\u00e1n Fern\u00e1ndez, Juan Manuel<\/td><td>jmroldan <em>arroba<\/em> us.es<\/td><td><a href=\"https:\/\/investigacion.us.es\/sisius\/sis_showpub.php?idpers=17952\" target=\"_blank\" rel=\"noopener noreferrer\">C.V.<\/a><\/td><\/tr><tr><td class=\"has-text-align-center\" data-align=\"center\"><figure><img loading=\"lazy\" decoding=\"async\" class=\"alignnone wp-image-582\" src=\"https:\/\/departamento.us.es\/ielectrica\/wp-content\/uploads\/2018\/01\/Esther-Enero-2016-Foto-carnet-291x300.jpg\" alt=\"\" width=\"75\" height=\"77\" srcset=\"https:\/\/departamento.us.es\/ielectrica\/wp-content\/uploads\/2018\/01\/Esther-Enero-2016-Foto-carnet-291x300.jpg 291w, https:\/\/departamento.us.es\/ielectrica\/wp-content\/uploads\/2018\/01\/Esther-Enero-2016-Foto-carnet-262x270.jpg 262w, https:\/\/departamento.us.es\/ielectrica\/wp-content\/uploads\/2018\/01\/Esther-Enero-2016-Foto-carnet.jpg 383w\" sizes=\"auto, (max-width: 75px) 100vw, 75px\" \/><\/figure><\/td><td>Romero Ramos, Esther<\/td><td>eromero <em>arroba<\/em> us.es<\/td><td><a href=\"https:\/\/investigacion.us.es\/sisius\/sis_showpub.php?idpers=3044\" target=\"_blank\" rel=\"noopener noreferrer\">C.V.<\/a><\/td><\/tr><tr><td class=\"has-text-align-center\" data-align=\"center\"><figure><img loading=\"lazy\" decoding=\"async\" class=\"alignnone wp-image-599\" src=\"https:\/\/departamento.us.es\/ielectrica\/wp-content\/uploads\/2018\/01\/JARM-225x300.jpeg\" alt=\"\" width=\"75\" height=\"100\" srcset=\"https:\/\/departamento.us.es\/ielectrica\/wp-content\/uploads\/2018\/01\/JARM-225x300.jpeg 225w, https:\/\/departamento.us.es\/ielectrica\/wp-content\/uploads\/2018\/01\/JARM-203x270.jpeg 203w, https:\/\/departamento.us.es\/ielectrica\/wp-content\/uploads\/2018\/01\/JARM.jpeg 540w\" sizes=\"auto, (max-width: 75px) 100vw, 75px\" \/><\/figure><\/td><td>Rosendo Mac\u00edas, Jos\u00e9 Antonio<\/td><td>rosendo <em>arroba<\/em> us.es<\/td><td><a href=\"https:\/\/investigacion.us.es\/sisius\/sis_showpub.php?ct=1&amp;cs=&amp;idpers=3045\" target=\"_blank\" rel=\"noopener noreferrer\">C.V.<\/a><\/td><\/tr><tr><td class=\"has-text-align-center\" data-align=\"center\"><figure><img decoding=\"async\" src=\"https:\/\/departamento.us.es\/ielectrica\/wp-content\/uploads\/2024\/04\/icono.png\"><\/figure><\/td><td>Serrano Gonz\u00e1lez, Javier<\/td><td>javierserrano <em>arroba<\/em> us.es<\/td><td><a href=\"https:\/\/investigacion.us.es\/sisius\/sis_showpub.php?idpers=15244\" target=\"_blank\" rel=\"noopener noreferrer\">C.V.<\/a><\/td><\/tr><tr><td class=\"has-text-align-center\" data-align=\"center\"><figure><img loading=\"lazy\" decoding=\"async\" class=\"alignnone wp-image-605\" src=\"https:\/\/departamento.us.es\/ielectrica\/wp-content\/uploads\/2018\/01\/TRIGO-239x300.png\" alt=\"\" width=\"75\" height=\"94\" srcset=\"https:\/\/departamento.us.es\/ielectrica\/wp-content\/uploads\/2018\/01\/TRIGO-239x300.png 239w, https:\/\/departamento.us.es\/ielectrica\/wp-content\/uploads\/2018\/01\/TRIGO-215x270.png 215w, https:\/\/departamento.us.es\/ielectrica\/wp-content\/uploads\/2018\/01\/TRIGO.png 242w\" sizes=\"auto, (max-width: 75px) 100vw, 75px\" \/><\/figure><\/td><td>Trigo Garc\u00eda, \u00c1ngel Luis<\/td><td>trigoal <em>arroba<\/em> us.es<\/td><td><a href=\"https:\/\/investigacion.us.es\/sisius\/sis_showpub.php?idpers=10510\" target=\"_blank\" rel=\"noopener noreferrer\">C.V.<\/a><\/td><\/tr><tr><td class=\"has-text-align-center\" data-align=\"center\"><figure><img loading=\"lazy\" decoding=\"async\" class=\"aligncenter wp-image-648\" src=\"https:\/\/departamento.us.es\/ielectrica\/wp-content\/uploads\/2018\/02\/zarco-276x300.png\" alt=\"\" width=\"75\" height=\"82\" srcset=\"https:\/\/departamento.us.es\/ielectrica\/wp-content\/uploads\/2018\/02\/zarco-276x300.png 276w, https:\/\/departamento.us.es\/ielectrica\/wp-content\/uploads\/2018\/02\/zarco-248x270.png 248w, https:\/\/departamento.us.es\/ielectrica\/wp-content\/uploads\/2018\/02\/zarco.png 341w\" sizes=\"auto, (max-width: 75px) 100vw, 75px\" \/><\/figure><\/td><td>Zarco Peri\u00f1an, Pedro<\/td><td>pzarco <em>arroba<\/em> us.es<\/td><td><a href=\"https:\/\/investigacion.us.es\/sisius\/sis_showpub.php?idpers=3048\" target=\"_blank\" rel=\"noopener noreferrer\">C.V.<\/a><\/td><\/tr><\/tbody><\/table><\/figure>\n\n\n\n<div style=\"height:100px;width:149px\" aria-hidden=\"true\" class=\"wp-block-spacer wp-container-content-c15abfb9\"><\/div>\n<\/div>\n","protected":false},"excerpt":{"rendered":"<p>Personal Docente Escuela T\u00e9cnica Superior de Ingenier\u00eda &nbsp;Foto &nbsp;Apellidos y Nombre &nbsp;Correo electr\u00f3nico C.V. &nbsp; Director del departamento Mart\u00ednez Ramos, Jos\u00e9 Luis camel arroba us.es C.V. &nbsp; Secretario del departamento Maza Ortega, Jos\u00e9 Mar\u00eda jmmaza arroba us.es C.V. &nbsp; Barrag\u00e1n <a href=\"https:\/\/departamento.us.es\/ielectrica\/centro-etsi\/\" class=\"read-more\">Leer m\u00e1s&#8230;<\/a><\/p>\n","protected":false},"author":1,"featured_media":0,"parent":0,"menu_order":0,"comment_status":"closed","ping_status":"closed","template":"","meta":{"footnotes":""},"class_list":["post-52","page","type-page","status-publish","hentry"],"_links":{"self":[{"href":"https:\/\/departamento.us.es\/ielectrica\/wp-json\/wp\/v2\/pages\/52","targetHints":{"allow":["GET"]}}],"collection":[{"href":"https:\/\/departamento.us.es\/ielectrica\/wp-json\/wp\/v2\/pages"}],"about":[{"href":"https:\/\/departamento.us.es\/ielectrica\/wp-json\/wp\/v2\/types\/page"}],"author":[{"embeddable":true,"href":"https:\/\/departamento.us.es\/ielectrica\/wp-json\/wp\/v2\/users\/1"}],"replies":[{"embeddable":true,"href":"https:\/\/departamento.us.es\/ielectrica\/wp-json\/wp\/v2\/comments?post=52"}],"version-history":[{"count":0,"href":"https:\/\/departamento.us.es\/ielectrica\/wp-json\/wp\/v2\/pages\/52\/revisions"}],"wp:attachment":[{"href":"https:\/\/departamento.us.es\/ielectrica\/wp-json\/wp\/v2\/media?parent=52"}],"curies":[{"name":"wp","href":"https:\/\/api.w.org\/{rel}","templated":true}]}}