{"id":54,"date":"2017-10-20T09:13:02","date_gmt":"2017-10-20T09:13:02","guid":{"rendered":"http:\/\/departamento.us.es\/ielectrica\/?page_id=54"},"modified":"2024-05-06T08:48:00","modified_gmt":"2024-05-06T06:48:00","slug":"centro-eps","status":"publish","type":"page","link":"https:\/\/departamento.us.es\/ielectrica\/centro-eps\/","title":{"rendered":"Centro EPS"},"content":{"rendered":"<p><span style=\"font-size: 18pt; color: #993300;\"><strong>Personal Docente Escuela Polit\u00e9cnica Superior<\/strong><\/span><\/p>\n<table style=\"width: 833px;\">\n<tbody>\n<tr style=\"height: 24px;\">\n<td style=\"width: 74.0833px; text-align: center; height: 24px;\"><strong><em>Foto<\/em><\/strong><\/td>\n<td style=\"text-align: left; width: 243.3px; height: 24px;\"><strong><em>Apellidos y Nombre<br \/>\n<\/em><\/strong><\/td>\n<td style=\"width: 264.317px; height: 24px;\"><strong><em>E-MAIL<\/em><\/strong><\/td>\n<td style=\"width: 239.3px; height: 24px;\"><strong><em>&nbsp;C.V.<\/em><\/strong><\/td>\n<\/tr>\n<tr>\n<td style=\"text-align: left; width: 74.0833px;\"><img loading=\"lazy\" decoding=\"async\" class=\"aligncenter size-full wp-image-3650\" src=\"https:\/\/departamento.us.es\/ielectrica\/wp-content\/uploads\/2024\/04\/icono.png\" alt=\"\" width=\"125\" height=\"126\"><\/td>\n<td style=\"text-align: left; width: 243.3px;\">\u00c1lvarez Arroyo, C\u00e9sar<\/td>\n<td style=\"text-align: left; width: 264.317px;\">cesaralvarez <em>arroba<\/em> us.es<\/td>\n<td style=\"width: 239.3px;\"><a href=\"https:\/\/investigacion.us.es\/sisius\/sis_showpub.php?idpers=9668\" target=\"_blank\" rel=\"noopener noreferrer\">C.V.<\/a><\/td>\n<\/tr>\n<tr style=\"height: 24px;\">\n<td style=\"text-align: left; width: 74.0833px; height: 24px;\"><img loading=\"lazy\" decoding=\"async\" class=\"aligncenter size-full wp-image-3650\" src=\"https:\/\/departamento.us.es\/ielectrica\/wp-content\/uploads\/2024\/04\/icono.png\" alt=\"\" width=\"125\" height=\"126\"><\/td>\n<td style=\"text-align: left; width: 243.3px; height: 24px;\">Bachiller Soler, Alfonso<\/td>\n<td style=\"text-align: left; width: 264.317px; height: 24px;\">abslhm <em>arroba<\/em> us.es<\/td>\n<td style=\"width: 239.3px; height: 24px;\"><a href=\"https:\/\/investigacion.us.es\/sisius\/sis_showpub.php?idpers=7207\" target=\"_blank\" rel=\"noopener noreferrer\">C.V.<\/a><\/td>\n<\/tr>\n<tr>\n<td style=\"text-align: left; width: 74.0833px;\"><img loading=\"lazy\" decoding=\"async\" class=\"aligncenter size-full wp-image-3650\" src=\"https:\/\/departamento.us.es\/ielectrica\/wp-content\/uploads\/2024\/04\/icono.png\" alt=\"\" width=\"125\" height=\"126\"><\/td>\n<td style=\"text-align: left; width: 243.3px;\">Berm\u00fadez Guzm\u00e1n, Mario<\/td>\n<td style=\"text-align: left; width: 264.317px;\">mbermudez4 <em>arroba<\/em> us.es<\/td>\n<td style=\"width: 239.3px; height: 24px;\"><a href=\"https:\/\/investigacion.us.es\/sisius\/sis_showpub.php?idpers=22657\" target=\"_blank\" rel=\"noopener noreferrer\">C.V.<\/a><\/td>\n<\/tr>\n<tr style=\"height: 24px;\">\n<td style=\"text-align: left; width: 74.0833px; height: 24px;\"><img loading=\"lazy\" decoding=\"async\" class=\"aligncenter size-full wp-image-3650\" src=\"https:\/\/departamento.us.es\/ielectrica\/wp-content\/uploads\/2024\/04\/icono.png\" alt=\"\" width=\"125\" height=\"126\"><\/td>\n<td style=\"text-align: left; width: 243.3px; height: 24px;\">Borr\u00e1s Talavera, Mar\u00eda Dolores<\/td>\n<td style=\"text-align: left; width: 264.317px; height: 24px;\">borras <em>arroba<\/em> us.es<\/td>\n<td style=\"width: 239.3px; height: 24px;\"><a href=\"https:\/\/investigacion.us.es\/sisius\/sis_showpub.php?idpers=3154\" target=\"_blank\" rel=\"noopener noreferrer\">C.V.<\/a><\/td>\n<\/tr>\n<tr style=\"height: 24px;\">\n<td style=\"text-align: left; width: 74.0833px; height: 24px;\"><img loading=\"lazy\" decoding=\"async\" class=\"aligncenter size-full wp-image-3650\" src=\"https:\/\/departamento.us.es\/ielectrica\/wp-content\/uploads\/2024\/04\/icono.png\" alt=\"\" width=\"125\" height=\"126\"><\/td>\n<td style=\"text-align: left; width: 243.3px; height: 24px;\">Bravo Rodr\u00edguez, Juan Carlos<\/td>\n<td style=\"text-align: left; width: 264.317px; height: 24px;\">carlos_bravo <em>arroba<\/em> us.es<\/td>\n<td style=\"width: 239.3px; height: 24px;\"><a href=\"https:\/\/investigacion.us.es\/sisius\/sis_showpub.php?idpers=7366\" target=\"_blank\" rel=\"noopener noreferrer\">C.V.<\/a><\/td>\n<\/tr>\n<tr style=\"height: 24px;\">\n<td style=\"text-align: left; width: 74.0833px; height: 24px;\"><img loading=\"lazy\" decoding=\"async\" class=\"aligncenter size-full wp-image-3650\" src=\"https:\/\/departamento.us.es\/ielectrica\/wp-content\/uploads\/2024\/04\/icono.png\" alt=\"\" width=\"125\" height=\"126\"><\/td>\n<td style=\"text-align: left; width: 243.3px; height: 24px;\">Cano Gonz\u00e1lez, Ram\u00f3n<\/td>\n<td style=\"text-align: left; width: 264.317px; height: 24px;\">ramoncano <em>arroba<\/em> us.es<\/td>\n<td style=\"width: 239.3px; height: 24px;\"><a href=\"https:\/\/investigacion.us.es\/sisius\/sis_showpub.php?idpers=3155\" target=\"_blank\" rel=\"noopener noreferrer\">C.V.<\/a><\/td>\n<\/tr>\n<tr style=\"height: 15px;\">\n<td style=\"width: 74.0833px; height: 24px; text-align: center; vertical-align: middle;\" scope=\"row\"><img loading=\"lazy\" decoding=\"async\" class=\"aligncenter wp-image-601\" src=\"https:\/\/departamento.us.es\/ielectrica\/wp-content\/uploads\/2018\/01\/JCPINO-257x300.jpg\" alt=\"\" width=\"75\" height=\"88\" srcset=\"https:\/\/departamento.us.es\/ielectrica\/wp-content\/uploads\/2018\/01\/JCPINO-257x300.jpg 257w, https:\/\/departamento.us.es\/ielectrica\/wp-content\/uploads\/2018\/01\/JCPINO-768x897.jpg 768w, https:\/\/departamento.us.es\/ielectrica\/wp-content\/uploads\/2018\/01\/JCPINO-877x1024.jpg 877w, https:\/\/departamento.us.es\/ielectrica\/wp-content\/uploads\/2018\/01\/JCPINO-231x270.jpg 231w, https:\/\/departamento.us.es\/ielectrica\/wp-content\/uploads\/2018\/01\/JCPINO.jpg 1339w\" sizes=\"auto, (max-width: 75px) 100vw, 75px\" \/><\/td>\n<td style=\"text-align: left; width: 243.3px; height: 24px;\">Del Pino L\u00f3pez, Juan Carlos<\/td>\n<td style=\"text-align: left; width: 264.317px; height: 24px;\">vaisat <em>arroba<\/em> us.es<\/td>\n<td style=\"width: 239.3px; height: 24px;\"><a href=\"https:\/\/investigacion.us.es\/sisius\/sis_showpub.php?ct=1&amp;cs=&amp;idpers=10610\" target=\"_blank\" rel=\"noopener noreferrer\">C.V.<\/a><\/td>\n<\/tr>\n<tr style=\"height: 24px;\">\n<td style=\"text-align: left; width: 74.0833px; height: 24px;\"><img loading=\"lazy\" decoding=\"async\" class=\"aligncenter size-full wp-image-3650\" src=\"https:\/\/departamento.us.es\/ielectrica\/wp-content\/uploads\/2024\/04\/icono.png\" alt=\"\" width=\"125\" height=\"126\"><\/td>\n<td style=\"text-align: left; width: 243.3px; height: 24px;\">G\u00f3mez Al\u00f3s, Milagros<\/td>\n<td style=\"text-align: left; width: 264.317px; height: 24px;\">mgalos <em>arroba<\/em> us.es<\/td>\n<td style=\"width: 239.3px; height: 24px;\"><a href=\"https:\/\/investigacion.us.es\/sisius\/sis_showpub.php?idpers=3157\" target=\"_blank\" rel=\"noopener noreferrer\">C.V.<\/a><\/td>\n<\/tr>\n<tr>\n<td style=\"text-align: left; width: 74.0833px;\"><img loading=\"lazy\" decoding=\"async\" class=\"aligncenter size-full wp-image-3650\" src=\"https:\/\/departamento.us.es\/ielectrica\/wp-content\/uploads\/2024\/04\/icono.png\" alt=\"\" width=\"125\" height=\"126\"><\/td>\n<td style=\"text-align: left; width: 243.3px;\">Mart\u00edn Torres, Cristina<\/td>\n<td style=\"text-align: left; width: 264.317px;\">cmartin15 <em>arroba<\/em> us.es<\/td>\n<td style=\"width: 239.3px;\"><a href=\"https:\/\/investigacion.us.es\/sisius\/sis_showpub.php?idpers=22630\" target=\"_blank\" rel=\"noopener noreferrer\">C.V.<\/a><\/td>\n<\/tr>\n<tr style=\"height: 24px;\">\n<td style=\"text-align: left; width: 74.0833px; height: 24px;\"><img loading=\"lazy\" decoding=\"async\" class=\"aligncenter size-full wp-image-3650\" src=\"https:\/\/departamento.us.es\/ielectrica\/wp-content\/uploads\/2024\/04\/icono.png\" alt=\"\" width=\"125\" height=\"126\"><\/td>\n<td style=\"text-align: left; width: 243.3px; height: 24px;\">Moreno Alfonso, Narciso<\/td>\n<td style=\"text-align: left; width: 264.317px; height: 24px;\">narciso-ma <em>arroba<\/em> us.es<\/td>\n<td style=\"width: 239.3px; height: 24px;\"><a href=\"https:\/\/investigacion.us.es\/sisius\/sis_showpub.php?idpers=3160\" target=\"_blank\" rel=\"noopener noreferrer\">C.V.<\/a><\/td>\n<\/tr>\n<tr style=\"height: 24px;\">\n<td style=\"text-align: left; width: 74.0833px; height: 24px;\"><img loading=\"lazy\" decoding=\"async\" class=\"aligncenter size-full wp-image-3650\" src=\"https:\/\/departamento.us.es\/ielectrica\/wp-content\/uploads\/2024\/04\/icono.png\" alt=\"\" width=\"125\" height=\"126\"><\/td>\n<td style=\"text-align: left; width: 243.3px; height: 24px;\">Ortega G\u00f3mez, Guillermo<\/td>\n<td style=\"text-align: left; width: 264.317px; height: 24px;\">gortega <em>arroba<\/em> us.es<\/td>\n<td style=\"width: 239.3px; height: 24px;\"><a href=\"https:\/\/investigacion.us.es\/sisius\/sis_showpub.php?idpers=3161\" target=\"_blank\" rel=\"noopener noreferrer\">C.V.<\/a><\/td>\n<\/tr>\n<tr style=\"height: 24px;\">\n<td style=\"text-align: left; width: 74.0833px; height: 24px;\"><img loading=\"lazy\" decoding=\"async\" class=\"aligncenter size-full wp-image-3650\" src=\"https:\/\/departamento.us.es\/ielectrica\/wp-content\/uploads\/2024\/04\/icono.png\" alt=\"\" width=\"125\" height=\"126\"><\/td>\n<td style=\"text-align: left; width: 243.3px; height: 24px;\">Ram\u00edrez Izaga, Jorge Luis<\/td>\n<td style=\"text-align: left; width: 264.317px; height: 24px;\">jramiza <em>arroba<\/em> gmail.com<\/td>\n<td style=\"width: 239.3px; height: 24px;\"><a href=\"https:\/\/investigacion.us.es\/sisius\/sis_showpub.php?idpers=11545\" target=\"_blank\" rel=\"noopener noreferrer\">C.V.<\/a><\/td>\n<\/tr>\n<tr style=\"height: 24px;\">\n<td style=\"text-align: left; width: 74.0833px; height: 24px;\"><img loading=\"lazy\" decoding=\"async\" class=\"aligncenter size-full wp-image-3650\" src=\"https:\/\/departamento.us.es\/ielectrica\/wp-content\/uploads\/2024\/04\/icono.png\" alt=\"\" width=\"125\" height=\"126\"><\/td>\n<td style=\"text-align: left; width: 243.3px; height: 24px;\">Sim\u00f3n Sempere, Vicente<\/td>\n<td style=\"text-align: left; width: 264.317px; height: 24px;\">vsimon <em>arroba<\/em> us.es<\/td>\n<td style=\"width: 239.3px; height: 24px;\"><a href=\"https:\/\/investigacion.us.es\/sisius\/sis_showpub.php?idpers=3162\" target=\"_blank\" rel=\"noopener noreferrer\">C.V.<\/a><\/td>\n<\/tr>\n<\/tbody>\n<\/table>\n<p>&nbsp;<\/p>\n","protected":false},"excerpt":{"rendered":"<p>Personal Docente Escuela Polit\u00e9cnica Superior Foto Apellidos y Nombre E-MAIL &nbsp;C.V. \u00c1lvarez Arroyo, C\u00e9sar cesaralvarez arroba us.es C.V. Bachiller Soler, Alfonso abslhm arroba us.es C.V. Berm\u00fadez Guzm\u00e1n, Mario mbermudez4 arroba us.es C.V. Borr\u00e1s Talavera, Mar\u00eda Dolores borras arroba us.es C.V. <a href=\"https:\/\/departamento.us.es\/ielectrica\/centro-eps\/\" class=\"read-more\">Leer m\u00e1s&#8230;<\/a><\/p>\n","protected":false},"author":1,"featured_media":0,"parent":0,"menu_order":0,"comment_status":"closed","ping_status":"closed","template":"","meta":{"footnotes":""},"class_list":["post-54","page","type-page","status-publish","hentry"],"_links":{"self":[{"href":"https:\/\/departamento.us.es\/ielectrica\/wp-json\/wp\/v2\/pages\/54","targetHints":{"allow":["GET"]}}],"collection":[{"href":"https:\/\/departamento.us.es\/ielectrica\/wp-json\/wp\/v2\/pages"}],"about":[{"href":"https:\/\/departamento.us.es\/ielectrica\/wp-json\/wp\/v2\/types\/page"}],"author":[{"embeddable":true,"href":"https:\/\/departamento.us.es\/ielectrica\/wp-json\/wp\/v2\/users\/1"}],"replies":[{"embeddable":true,"href":"https:\/\/departamento.us.es\/ielectrica\/wp-json\/wp\/v2\/comments?post=54"}],"version-history":[{"count":0,"href":"https:\/\/departamento.us.es\/ielectrica\/wp-json\/wp\/v2\/pages\/54\/revisions"}],"wp:attachment":[{"href":"https:\/\/departamento.us.es\/ielectrica\/wp-json\/wp\/v2\/media?parent=54"}],"curies":[{"name":"wp","href":"https:\/\/api.w.org\/{rel}","templated":true}]}}