{"id":560,"date":"2018-01-29T12:14:39","date_gmt":"2018-01-29T12:14:39","guid":{"rendered":"http:\/\/departamento.us.es\/ielectrica\/?page_id=560"},"modified":"2025-03-12T08:52:32","modified_gmt":"2025-03-12T07:52:32","slug":"becarios","status":"publish","type":"page","link":"https:\/\/departamento.us.es\/ielectrica\/becarios\/","title":{"rendered":"Becarios\/Personal Investigador"},"content":{"rendered":"<p><strong style=\"color: #993300;\"><br \/>\nPersonal T\u00e9cnico de Apoyo a la Investigaci\u00f3n del Ministerio<br \/>\n<\/strong><\/p>\n<table style=\"width: 460px;\">\n<tbody>\n<tr>\n<td style=\"text-align: left; width: 441.233px;\"><span style=\"color: #000000;\"><strong><em>Apellidos y Nombre<\/em><\/strong><\/span><\/td>\n<td style=\"width: 258.767px;\"><span style=\"color: #000000;\"><strong><em>Subvenci\u00f3n<\/em><\/strong><\/span><\/td>\n<\/tr>\n<tr>\n<td style=\"text-align: left; width: 441.233px;\"><span style=\"color: #000000;\">\u00a0<\/span><\/td>\n<td style=\"width: 258.767px; text-align: left;\"><\/td>\n<\/tr>\n<\/tbody>\n<\/table>\n<p style=\"text-align: left;\"><span style=\"color: #800000;\"><strong>\u00a0<\/strong><\/span><\/p>\n<p><strong>\u00a0<\/strong><\/p>\n<p><strong>\u00a0<\/strong><\/p>\n","protected":false},"excerpt":{"rendered":"<p>Personal T\u00e9cnico de Apoyo a la Investigaci\u00f3n del Ministerio Apellidos y Nombre Subvenci\u00f3n \u00a0 \u00a0 \u00a0 \u00a0<\/p>\n","protected":false},"author":1,"featured_media":0,"parent":0,"menu_order":0,"comment_status":"closed","ping_status":"closed","template":"","meta":{"footnotes":""},"class_list":["post-560","page","type-page","status-publish","hentry"],"_links":{"self":[{"href":"https:\/\/departamento.us.es\/ielectrica\/wp-json\/wp\/v2\/pages\/560","targetHints":{"allow":["GET"]}}],"collection":[{"href":"https:\/\/departamento.us.es\/ielectrica\/wp-json\/wp\/v2\/pages"}],"about":[{"href":"https:\/\/departamento.us.es\/ielectrica\/wp-json\/wp\/v2\/types\/page"}],"author":[{"embeddable":true,"href":"https:\/\/departamento.us.es\/ielectrica\/wp-json\/wp\/v2\/users\/1"}],"replies":[{"embeddable":true,"href":"https:\/\/departamento.us.es\/ielectrica\/wp-json\/wp\/v2\/comments?post=560"}],"version-history":[{"count":0,"href":"https:\/\/departamento.us.es\/ielectrica\/wp-json\/wp\/v2\/pages\/560\/revisions"}],"wp:attachment":[{"href":"https:\/\/departamento.us.es\/ielectrica\/wp-json\/wp\/v2\/media?parent=560"}],"curies":[{"name":"wp","href":"https:\/\/api.w.org\/{rel}","templated":true}]}}