{"id":7,"date":"2017-10-20T06:38:36","date_gmt":"2017-10-20T06:38:36","guid":{"rendered":"http:\/\/departamento.us.es\/ielectrica\/?page_id=7"},"modified":"2026-03-20T10:22:52","modified_gmt":"2026-03-20T09:22:52","slug":"inicio","status":"publish","type":"page","link":"https:\/\/departamento.us.es\/ielectrica\/","title":{"rendered":"NOTICIAS"},"content":{"rendered":"\n<div class=\"wp-block-group is-nowrap is-layout-flex wp-container-core-group-is-layout-ad2f72ca wp-block-group-is-layout-flex\">\n<div class=\"wp-block-group is-vertical is-layout-flex wp-container-core-group-is-layout-8cf370e7 wp-block-group-is-layout-flex\">\n<figure class=\"wp-block-image size-full is-resized\"><img loading=\"lazy\" decoding=\"async\" width=\"303\" height=\"250\" src=\"https:\/\/departamento.us.es\/ielectrica\/wp-content\/uploads\/2026\/03\/image-1.png\" alt=\"\" class=\"wp-image-4215\" style=\"width:65px;height:auto\" srcset=\"https:\/\/departamento.us.es\/ielectrica\/wp-content\/uploads\/2026\/03\/image-1.png 303w, https:\/\/departamento.us.es\/ielectrica\/wp-content\/uploads\/2026\/03\/image-1-300x248.png 300w\" sizes=\"auto, (max-width: 303px) 100vw, 303px\" \/><\/figure>\n\n\n\n<p><strong><mark style=\"background-color:rgba(0, 0, 0, 0)\" class=\"has-inline-color has-blue-color\">2026.03.19<\/mark> <\/strong>&#8211;<strong><mark style=\"background-color:rgba(0, 0, 0, 0)\" class=\"has-inline-color has-blue-color\"><a href=\"https:\/\/departamento.us.es\/ielectrica\/trabajo\/\" data-type=\"link\" data-id=\"https:\/\/departamento.us.es\/ielectrica\/trabajo\/\"> OFERTA DE EMPLEO: Ingeniero\/a de la Energ\u00eda \u2013 Sevilla <\/a> <\/mark><\/strong><\/p>\n<\/div>\n<\/div>\n\n\n\n<div style=\"height:100px\" aria-hidden=\"true\" class=\"wp-block-spacer\"><\/div>\n\n\n\n<h3 class=\"wp-block-heading\">2025.12.04 &#8211; Nombramiento de D. Antonio G\u00f3mez Exp\u00f3sito como acad\u00e9mico numerario de la RAIng<\/h3>\n\n\n\n<div style=\"height:18px\" aria-hidden=\"true\" class=\"wp-block-spacer\"><\/div>\n\n\n<div class=\"wp-block-image\">\n<figure class=\"aligncenter size-full is-resized\"><img loading=\"lazy\" decoding=\"async\" width=\"545\" height=\"286\" src=\"https:\/\/departamento.us.es\/ielectrica\/wp-content\/uploads\/2025\/12\/AGE-RAIng.png\" alt=\"\" class=\"wp-image-4122\" style=\"width:648px;height:auto\" srcset=\"https:\/\/departamento.us.es\/ielectrica\/wp-content\/uploads\/2025\/12\/AGE-RAIng.png 545w, https:\/\/departamento.us.es\/ielectrica\/wp-content\/uploads\/2025\/12\/AGE-RAIng-300x157.png 300w, https:\/\/departamento.us.es\/ielectrica\/wp-content\/uploads\/2025\/12\/AGE-RAIng-360x189.png 360w\" sizes=\"auto, (max-width: 545px) 100vw, 545px\" \/><\/figure><\/div>\n\n\n<p style=\"text-align: justify;\"><strong>Desde el departamento de Ingenier\u00eda El\u00e9ctrica de la Universidad de Sevilla felicitamos a nuestro compa\u00f1ero el catedr\u00e1tico D. Antonio G\u00f3mez Exp\u00f3sito por su nombramiento como Acad\u00e9mico de N\u00famero de la Real Academia de Ingenier\u00eda (RAIng)<\/strong><\/p>\n\n\n\n<div style=\"height:62px\" aria-hidden=\"true\" class=\"wp-block-spacer\"><\/div>\n\n\n\n<h3 class=\"wp-block-heading\">2025.11.25 &#8211; V\u00cdDEOS DE LOS CURSOS DE OTO\u00d1O EN LA UIMP DE LOS A\u00d1OS 2024 Y 2025<\/h3>\n\n\n\n<div class=\"wp-block-columns is-layout-flex wp-container-core-columns-is-layout-9d6595d7 wp-block-columns-is-layout-flex\">\n<div class=\"wp-block-column is-layout-flow wp-block-column-is-layout-flow\">\n<figure class=\"wp-block-image size-large\"><a href=\"https:\/\/departamento.us.es\/ielectrica\/curso-uimp-2024\/\"><img loading=\"lazy\" decoding=\"async\" width=\"1024\" height=\"726\" src=\"https:\/\/departamento.us.es\/ielectrica\/wp-content\/uploads\/2025\/03\/UIMP2024-1024x726.png\" alt=\"\" class=\"wp-image-3909\" srcset=\"https:\/\/departamento.us.es\/ielectrica\/wp-content\/uploads\/2025\/03\/UIMP2024-1024x726.png 1024w, https:\/\/departamento.us.es\/ielectrica\/wp-content\/uploads\/2025\/03\/UIMP2024-300x213.png 300w, https:\/\/departamento.us.es\/ielectrica\/wp-content\/uploads\/2025\/03\/UIMP2024-768x545.png 768w, https:\/\/departamento.us.es\/ielectrica\/wp-content\/uploads\/2025\/03\/UIMP2024-1536x1090.png 1536w, https:\/\/departamento.us.es\/ielectrica\/wp-content\/uploads\/2025\/03\/UIMP2024-2048x1453.png 2048w, https:\/\/departamento.us.es\/ielectrica\/wp-content\/uploads\/2025\/03\/UIMP2024-360x255.png 360w\" sizes=\"auto, (max-width: 1024px) 100vw, 1024px\" \/><\/a><\/figure>\n<\/div>\n\n\n\n<div class=\"wp-block-column is-layout-flow wp-block-column-is-layout-flow\">\n<figure class=\"wp-block-image size-large\"><a href=\"https:\/\/departamento.us.es\/ielectrica\/curso-uimp-2025\/\"><img loading=\"lazy\" decoding=\"async\" width=\"1024\" height=\"727\" src=\"https:\/\/departamento.us.es\/ielectrica\/wp-content\/uploads\/2025\/11\/Poster-UIMP-2025-1024x727.png\" alt=\"\" class=\"wp-image-4099\" srcset=\"https:\/\/departamento.us.es\/ielectrica\/wp-content\/uploads\/2025\/11\/Poster-UIMP-2025-1024x727.png 1024w, https:\/\/departamento.us.es\/ielectrica\/wp-content\/uploads\/2025\/11\/Poster-UIMP-2025-300x213.png 300w, https:\/\/departamento.us.es\/ielectrica\/wp-content\/uploads\/2025\/11\/Poster-UIMP-2025-768x545.png 768w, https:\/\/departamento.us.es\/ielectrica\/wp-content\/uploads\/2025\/11\/Poster-UIMP-2025-1536x1090.png 1536w, https:\/\/departamento.us.es\/ielectrica\/wp-content\/uploads\/2025\/11\/Poster-UIMP-2025-2048x1453.png 2048w, https:\/\/departamento.us.es\/ielectrica\/wp-content\/uploads\/2025\/11\/Poster-UIMP-2025-360x255.png 360w\" sizes=\"auto, (max-width: 1024px) 100vw, 1024px\" \/><\/a><\/figure>\n<\/div>\n<\/div>\n\n\n\n<div style=\"height:38px\" aria-hidden=\"true\" class=\"wp-block-spacer\"><\/div>\n\n\n\n<h3 class=\"wp-block-heading\">2025.11.05 &#8211; PRESENTACI\u00d3N DEL M\u00c1STER EN SISTEMAS DE ENERG\u00cdA EL\u00c9CTRICA 2025\/26<\/h3>\n\n\n\n<div style=\"height:17px\" aria-hidden=\"true\" class=\"wp-block-spacer\"><\/div>\n\n\n<div class=\"wp-block-image\">\n<figure class=\"aligncenter size-large is-resized\"><a href=\"https:\/\/departamento.us.es\/ielectrica\/wp-content\/uploads\/2025\/11\/Presentacion-MSEE-2025_26.pdf\"><img loading=\"lazy\" decoding=\"async\" width=\"1024\" height=\"768\" src=\"https:\/\/departamento.us.es\/ielectrica\/wp-content\/uploads\/2025\/11\/Presentacion-MSEE-2025_26-1024x768.png\" alt=\"\" class=\"wp-image-4070\" style=\"width:538px;height:auto\" srcset=\"https:\/\/departamento.us.es\/ielectrica\/wp-content\/uploads\/2025\/11\/Presentacion-MSEE-2025_26-1024x768.png 1024w, https:\/\/departamento.us.es\/ielectrica\/wp-content\/uploads\/2025\/11\/Presentacion-MSEE-2025_26-300x225.png 300w, https:\/\/departamento.us.es\/ielectrica\/wp-content\/uploads\/2025\/11\/Presentacion-MSEE-2025_26-768x576.png 768w, https:\/\/departamento.us.es\/ielectrica\/wp-content\/uploads\/2025\/11\/Presentacion-MSEE-2025_26-1536x1152.png 1536w, https:\/\/departamento.us.es\/ielectrica\/wp-content\/uploads\/2025\/11\/Presentacion-MSEE-2025_26-2048x1536.png 2048w, https:\/\/departamento.us.es\/ielectrica\/wp-content\/uploads\/2025\/11\/Presentacion-MSEE-2025_26-360x270.png 360w\" sizes=\"auto, (max-width: 1024px) 100vw, 1024px\" \/><\/a><\/figure><\/div>\n\n\n<p class=\"has-text-align-center\">Pulse sobre la imagen para descargar el resto de la presentaci\u00f3n.<\/p>\n\n\n\n<div style=\"height:32px\" aria-hidden=\"true\" class=\"wp-block-spacer\"><\/div>\n\n\n<p><!--\n\n\n\n\n\n\n\n\n\n\n\n\n\n\n\n\n\n\n\n\n\n<figure class=\"wp-block-image\"><img loading=\"lazy\" decoding=\"async\" width=\"5430\" height=\"3620\" src=\"http:\/\/departamento.us.es\/ielectrica\/wp-content\/uploads\/2018\/02\/karsten-wurth-inf1783-104653-unsplash.jpg\" alt=\"\" class=\"wp-image-767\" srcset=\"https:\/\/departamento.us.es\/ielectrica\/wp-content\/uploads\/2018\/02\/karsten-wurth-inf1783-104653-unsplash.jpg 5430w, https:\/\/departamento.us.es\/ielectrica\/wp-content\/uploads\/2018\/02\/karsten-wurth-inf1783-104653-unsplash-300x200.jpg 300w, https:\/\/departamento.us.es\/ielectrica\/wp-content\/uploads\/2018\/02\/karsten-wurth-inf1783-104653-unsplash-768x512.jpg 768w, https:\/\/departamento.us.es\/ielectrica\/wp-content\/uploads\/2018\/02\/karsten-wurth-inf1783-104653-unsplash-1024x683.jpg 1024w, https:\/\/departamento.us.es\/ielectrica\/wp-content\/uploads\/2018\/02\/karsten-wurth-inf1783-104653-unsplash-360x240.jpg 360w\" sizes=\"auto, (max-width: 5430px) 100vw, 5430px\" \/><\/figure>\n\n\n\n\n\n\n\n\n\n\n\n\n\n\n\n\n\n\n\n\n\n--><\/p>","protected":false},"excerpt":{"rendered":"<p>2026.03.19 &#8211; OFERTA DE EMPLEO: Ingeniero\/a de la Energ\u00eda \u2013 Sevilla 2025.12.04 &#8211; Nombramiento de D. Antonio G\u00f3mez Exp\u00f3sito como acad\u00e9mico numerario de la RAIng Desde el departamento de Ingenier\u00eda El\u00e9ctrica de la Universidad de Sevilla felicitamos a nuestro compa\u00f1ero <a href=\"https:\/\/departamento.us.es\/ielectrica\/\" class=\"read-more\">Leer m\u00e1s&#8230;<\/a><\/p>\n","protected":false},"author":1,"featured_media":0,"parent":0,"menu_order":0,"comment_status":"closed","ping_status":"closed","template":"","meta":{"footnotes":""},"class_list":["post-7","page","type-page","status-publish","hentry"],"_links":{"self":[{"href":"https:\/\/departamento.us.es\/ielectrica\/wp-json\/wp\/v2\/pages\/7","targetHints":{"allow":["GET"]}}],"collection":[{"href":"https:\/\/departamento.us.es\/ielectrica\/wp-json\/wp\/v2\/pages"}],"about":[{"href":"https:\/\/departamento.us.es\/ielectrica\/wp-json\/wp\/v2\/types\/page"}],"author":[{"embeddable":true,"href":"https:\/\/departamento.us.es\/ielectrica\/wp-json\/wp\/v2\/users\/1"}],"replies":[{"embeddable":true,"href":"https:\/\/departamento.us.es\/ielectrica\/wp-json\/wp\/v2\/comments?post=7"}],"version-history":[{"count":30,"href":"https:\/\/departamento.us.es\/ielectrica\/wp-json\/wp\/v2\/pages\/7\/revisions"}],"predecessor-version":[{"id":4233,"href":"https:\/\/departamento.us.es\/ielectrica\/wp-json\/wp\/v2\/pages\/7\/revisions\/4233"}],"wp:attachment":[{"href":"https:\/\/departamento.us.es\/ielectrica\/wp-json\/wp\/v2\/media?parent=7"}],"curies":[{"name":"wp","href":"https:\/\/api.w.org\/{rel}","templated":true}]}}