{"id":72,"date":"2017-10-20T11:07:22","date_gmt":"2017-10-20T11:07:22","guid":{"rendered":"http:\/\/departamento.us.es\/ielectrica\/?page_id=72"},"modified":"2026-03-20T09:34:38","modified_gmt":"2026-03-20T08:34:38","slug":"investigacion","status":"publish","type":"page","link":"https:\/\/departamento.us.es\/ielectrica\/investigacion\/","title":{"rendered":"Investigaci\u00f3n"},"content":{"rendered":"<p><span style=\"color: #800000; font-family: arial, helvetica, sans-serif;\"><strong>TEP196: Grupo de Investigaci\u00f3n en Sistemas de Energ\u00eda El\u00e9ctrica<\/strong><\/span><\/p>\n<p><span style=\"font-family: arial, helvetica, sans-serif;\"><strong><span style=\"color: #000000;\">Responsable:<\/span><span style=\"color: #333399;\"> <a style=\"color: #333399;\" href=\"https:\/\/investigacion.us.es\/sisius\/sis_showpub.php?idpers=3039\" target=\"_blank\" rel=\"noopener noreferrer\">Antonio G\u00f3mez Exp\u00f3sito<\/a><\/span><\/strong><\/span><br \/>\n<span style=\"font-family: arial, helvetica, sans-serif; color: #000000;\"><strong>Componentes:<\/strong><\/span><\/p>\n<ul>\n<li><span style=\"color: #333399;\"><a style=\"color: #333399;\" href=\"https:\/\/investigacion.us.es\/sisius\/sis_showpub.php?idpers=3035\">Manuel Burgos Payan<\/a>.\u00a0<\/span><\/li>\n<li><span style=\"color: #333399;\"><a style=\"color: #333399;\" href=\"https:\/\/investigacion.us.es\/sisius\/sis_showpub.php?idpers=3037\">Pedro Luis Cruz Romero<\/a>.\u00a0<\/span><\/li>\n<li><span style=\"color: #333399;\"><a style=\"color: #333399;\" href=\"https:\/\/investigacion.us.es\/sisius\/sis_showpub.php?idpers=3599\">Jos\u00e9 Mar\u00eda Maza Ortega<\/a>.\u00a0<\/span><\/li>\n<li><span style=\"color: #333399;\"><a style=\"color: #333399;\" href=\"https:\/\/investigacion.us.es\/sisius\/sis_showpub.php?idpers=3048\">Pedro Javier Zarco Peri\u00f1\u00e1n<\/a>.\u00a0<\/span><\/li>\n<li><span style=\"color: #333399;\"><a style=\"color: #333399;\" href=\"https:\/\/investigacion.us.es\/sisius\/sis_showpub.php?idpers=3044\">Esther Romero Ramos<\/a>.\u00a0<\/span><\/li>\n<li><span style=\"color: #333399;\"><a style=\"color: #333399;\" href=\"https:\/\/investigacion.us.es\/sisius\/sis_showpub.php?idpers=3043\">Jes\u00fas Manuel Riquelme Santos<\/a>.\u00a0<\/span><\/li>\n<li><span style=\"color: #333399;\"><a style=\"color: #333399;\" href=\"https:\/\/investigacion.us.es\/sisius\/sis_showpub.php?idpers=3045\">Jos\u00e9 Antonio Rosendo Mac\u00edas<\/a>.<\/span><\/li>\n<li><span style=\"color: #333399;\"><a style=\"color: #333399;\" href=\"https:\/\/investigacion.us.es\/sisius\/sis_showpub.php?idpers=3042\">Jos\u00e9 Luis Mart\u00ednez Ramos<\/a>.\u00a0<\/span><\/li>\n<li><span style=\"color: #333399;\"><a style=\"color: #333399;\" href=\"https:\/\/investigacion.us.es\/sisius\/sis_showpub.php?idpers=7207\">Alfonso Bachiller Soler<\/a>.\u00a0<\/span><\/li>\n<li><span style=\"color: #333399;\"><a style=\"color: #333399;\" href=\"https:\/\/investigacion.us.es\/sisius\/sis_showpub.php?idpers=8037\">Alejandro Marano Marcolini<\/a>.\u00a0<\/span><\/li>\n<li><span style=\"color: #333399;\"><a style=\"color: #333399;\" href=\"https:\/\/investigacion.us.es\/sisius\/sis_showpub.php?idpers=10510\">\u00c1ngel Luis Trigo Garc\u00eda<\/a>.\u00a0<\/span><\/li>\n<li><span style=\"color: #333399;\"><a style=\"color: #333399;\" href=\"https:\/\/investigacion.us.es\/sisius\/sis_showpub.php?idpers=9151\">Juan Manuel Mauricio <\/a>.\u00a0<\/span><\/li>\n<li><span style=\"color: #333399;\"><a style=\"color: #333399;\" href=\"https:\/\/investigacion.us.es\/sisius\/sis_showpub.php?idpers=10610\">Juan Carlos del Pino L\u00f3pez<\/a>.\u00a0<\/span><\/li>\n<li><span style=\"color: #333399;\"><a style=\"color: #333399;\" href=\"https:\/\/investigacion.us.es\/sisius\/sis_showpub.php?idpers=15244\">Javier Serrano Gonz\u00e1lez<\/a>.\u00a0<\/span><\/li>\n<li><span style=\"color: #333399;\"><a style=\"color: #333399;\" href=\"https:\/\/investigacion.us.es\/sisius\/sis_showpub.php?idpers=15406\">Catalina G\u00f3mez Quiles<\/a>.\u00a0<\/span><\/li>\n<li><span style=\"color: #333399;\"><a style=\"color: #333399;\" href=\"https:\/\/investigacion.us.es\/sisius\/sis_showpub.php?idpers=15430\">Manuel Barrag\u00e1n Villarejo<\/a>.\u00a0<\/span><\/li>\n<li><span style=\"color: #333399;\"><a style=\"color: #333399;\" href=\"https:\/\/investigacion.us.es\/sisius\/sis_showpub.php?idpers=17952\">Juan Manuel Rold\u00e1n Fern\u00e1ndez<\/a>.\u00a0<\/span><\/li>\n<li><span style=\"color: #333399;\"><a style=\"color: #333399;\" href=\"https:\/\/investigacion.us.es\/sisius\/sis_showpub.php?idpers=16762\">Francisco de Paula Garc\u00eda L\u00f3pez<\/a>.\u00a0<\/span><\/li>\n<li><span style=\"color: #333399;\"><a style=\"color: #333399;\" href=\"https:\/\/investigacion.us.es\/sisius\/sis_showpub.php?idpers=22630\" target=\"_blank\" rel=\"noopener noreferrer\">Cristina Mart\u00edn Torres<\/a>.\u00a0<\/span><\/li>\n<li><span style=\"color: #333399;\"><a style=\"color: #333399;\" href=\"https:\/\/investigacion.us.es\/sisius\/sis_showpub.php?idpers=22657\" target=\"_blank\" rel=\"noopener noreferrer\">Mario Berm\u00fadez Guzm\u00e1n<\/a>.\u00a0<\/span><\/li>\n<li><span style=\"color: #333399;\"><a style=\"color: #333399;\" href=\"https:\/\/investigacion.us.es\/sisius\/sis_showpub.php?idpers=30109\">\u00c1lvaro Rodr\u00edguez del Nozal<\/a>.\u00a0<\/span><\/li>\n<li><span style=\"color: #333399;\"><a style=\"color: #333399;\" href=\"https:\/\/investigacion.us.es\/sisius\/sis_showpub.php?idpers=5540\">\u00c1ngel Arcos Vargas<\/a>.\u00a0<\/span><\/li>\n<li><span style=\"color: #333399;\"><a style=\"color: #333399;\" href=\"https:\/\/investigacion.us.es\/sisius\/sis_showpub.php?idpers=25086\">Miguel \u00c1ngel Gonz\u00e1lez Cagigal<\/a>.<\/span><\/li>\n<li><span style=\"color: #333399;\"><a style=\"color: #333399;\" href=\"https:\/\/investigacion.us.es\/sisius\/sis_showpub.php?idpers=21037\">Francisco Casado Machado<\/a>.\u00a0<\/span><\/li>\n<li><span style=\"color: #333399;\"><a style=\"color: #333399;\" href=\"https:\/\/investigacion.us.es\/sisius\/sis_showpub.php?idpers=22947\">Jos\u00e9 Miguel Riquelme Dom\u00ednguez<\/a><\/span><\/li>\n<li><span style=\"color: #333399;\"><a style=\"color: #333399;\" href=\"https:\/\/investigacion.us.es\/sisius\/sis_showpub.php?idpers=45434\">\u00c1ngel Paredes Parrilla<\/a><\/span><\/li>\n<\/ul>\n<p><span style=\"color: #000000; font-family: arial, helvetica, sans-serif;\"><strong>L\u00edneas de Investigaci\u00f3n:<\/strong><\/span><\/p>\n<ul>\n<li><span style=\"color: #333399;\">Estimaci\u00f3n de Estado, T\u00e9cnicas de Predicci\u00f3n y Aprendizaje Autom\u00e1tico<\/span><\/li>\n<li><span style=\"color: #333399;\">Integraci\u00f3n de Renovables, Almacenamiento, Gesti\u00f3n de la Demanda y Movilidad<\/span><\/li>\n<li><span style=\"color: #333399;\">Econom\u00eda y Modelos de Negocio en Sistemas El\u00e9ctricos<\/span><\/li>\n<li><span style=\"color: #333399;\">Redes Inteligentes: Supervisi\u00f3n, Control \u00d3ptimo y Protecci\u00f3n<\/span><\/li>\n<li><span style=\"color: #333399;\">Planificaci\u00f3n, Modelado y An\u00e1lisis de Sistemas El\u00e9ctricos<\/span><\/li>\n<\/ul>\n<p><span style=\"color: #000000; font-family: arial, helvetica, sans-serif;\"><strong>Actividad Grupo (c\u00f3digos SIC):<\/strong><\/span><\/p>\n<ul>\n<li><span style=\"color: #333399; font-family: arial, helvetica, sans-serif;\">Uso Racional de Energ\u00eda<\/span><\/li>\n<li><span style=\"color: #333399; font-family: arial, helvetica, sans-serif;\">Transmisi\u00f3n de electricidad<\/span><\/li>\n<li><span style=\"color: #333399; font-family: arial, helvetica, sans-serif;\">Sistemas de Medici\u00f3n electr\u00f3nica<\/span><\/li>\n<li><span style=\"color: #333399; font-family: arial, helvetica, sans-serif;\">Producci\u00f3n de Energ\u00eda, transmisi\u00f3n y conversi\u00f3n<\/span><\/li>\n<li><span style=\"color: #333399; font-family: arial, helvetica, sans-serif;\">Ingenier\u00eda de aparatos<\/span><\/li>\n<li><span style=\"color: #333399; font-family: arial, helvetica, sans-serif;\">Generadores, motores el\u00e9ctricos y convertidores de potencia<\/span><\/li>\n<li><span style=\"color: #333399; font-family: arial, helvetica, sans-serif;\">An\u00e1lisis \/ Test y M\u00e9todos<\/span><\/li>\n<li><span style=\"color: #333399; font-family: arial, helvetica, sans-serif;\">Almacenamiento y Transporte de Energ\u00eda<\/span><\/li>\n<li><span style=\"color: #333399; font-family: arial, helvetica, sans-serif;\">Almacenamiento de electricidad, bater\u00edas<\/span><\/li>\n<li><span style=\"color: #333399; font-family: arial, helvetica, sans-serif;\">Fuentes Renovables de Energ\u00eda<\/span><\/li>\n<\/ul>\n<p><span style=\"color: #000000; font-family: arial, helvetica, sans-serif;\"><strong>Tecnolog\u00eda Generada (c\u00f3digos SIC):<\/strong><\/span><\/p>\n<ul>\n<li><span style=\"color: #333399; font-family: arial, helvetica, sans-serif;\">Uso Racional de Energ\u00eda<\/span><\/li>\n<li><span style=\"color: #333399; font-family: arial, helvetica, sans-serif;\">Transmisi\u00f3n de electricidad<\/span><\/li>\n<li><span style=\"color: #333399; font-family: arial, helvetica, sans-serif;\">Sistemas de Medici\u00f3n electr\u00f3nica<\/span><\/li>\n<li><span style=\"color: #333399; font-family: arial, helvetica, sans-serif;\">Producci\u00f3n de Energ\u00eda, transmisi\u00f3n y <span style=\"text-decoration: underline;\">conversi\u00f3n<\/span><\/span><\/li>\n<li><span style=\"color: #333399; font-family: arial, helvetica, sans-serif;\">Ingenier\u00eda de aparatos<\/span><\/li>\n<li><span style=\"color: #333399; font-family: arial, helvetica, sans-serif;\">Generadores, motores el\u00e9ctricos y convertidores de potencia<\/span><\/li>\n<li><span style=\"color: #333399; font-family: arial, helvetica, sans-serif;\">An\u00e1lisis \/ Test y M\u00e9todos<\/span><\/li>\n<li><span style=\"color: #333399; font-family: arial, helvetica, sans-serif;\">Almacenamiento y Transporte de Energ\u00eda<\/span><\/li>\n<li><span style=\"color: #333399; font-family: arial, helvetica, sans-serif;\">Almacenamiento de electricidad, bater\u00edas<\/span><\/li>\n<li><span style=\"color: #333399; font-family: arial, helvetica, sans-serif;\">Fuentes Renovables de Energ\u00eda<\/span><\/li>\n<\/ul>\n<p><span style=\"color: #993300; font-family: arial, helvetica, sans-serif;\"><strong><a style=\"color: #993300;\" href=\"http:\/\/www.irnase.csic.es\/users\/invespot\/index.htm\">TEP175: Grupo de Investigaci\u00f3n en Ingenier\u00eda El\u00e9ctrica<\/a><\/strong><\/span><\/p>\n<p><span style=\"font-family: arial, helvetica, sans-serif;\"><strong><span style=\"color: #000000;\">Responsable<\/span>:<span style=\"color: #333399; font-size: 16px;\"> <a style=\"color: #333399;\" href=\"https:\/\/investigacion.us.es\/sisius\/sis_showpub.php?idpers=7366\" target=\"_blank\" rel=\"noopener noreferrer\">Juan Carlos Bravo Rodr\u00edguez<\/a><\/span><\/strong><\/span><br \/>\n<span style=\"font-family: arial, helvetica, sans-serif;\"><strong><span style=\"color: #000000;\">Componentes<\/span>:<\/strong><\/span><\/p>\n<ul>\n<li><span style=\"font-family: arial, helvetica, sans-serif; color: #333399;\"><a style=\"color: #333399;\" href=\"https:\/\/investigacion.us.es\/sisius\/sis_showpub.php?idpers=3162\" target=\"_blank\" rel=\"noopener noreferrer\">Vicente Sim\u00f3n Sempere<\/a>.\u00a0<\/span><\/li>\n<li><span style=\"font-family: arial, helvetica, sans-serif; color: #333399;\"><a style=\"color: #333399;\" href=\"https:\/\/investigacion.us.es\/sisius\/sis_showpub.php?idpers=3161\" target=\"_blank\" rel=\"noopener noreferrer\">Guillermo Ortega G\u00f3mez<\/a>.\u00a0<\/span><\/li>\n<li><span style=\"font-family: arial, helvetica, sans-serif; color: #333399;\"><a style=\"color: #333399;\" href=\"https:\/\/investigacion.us.es\/sisius\/sis_showpub.php?idpers=3160\" target=\"_blank\" rel=\"noopener noreferrer\">Narciso Moreno Alfonso<\/a>.\u00a0<\/span><\/li>\n<li><span style=\"color: #333399;\"><span style=\"font-family: arial, helvetica, sans-serif;\"><a style=\"color: #333399;\" href=\"https:\/\/investigacion.us.es\/sisius\/sis_showpub.php?idpers=3155\" target=\"_blank\" rel=\"noopener noreferrer\">Ram\u00f3n Cano Gonz\u00e1lez<\/a>.\u00a0<\/span><span style=\"font-family: arial, helvetica, sans-serif;\">\u00a0<\/span><\/span><\/li>\n<li><span style=\"font-family: arial, helvetica, sans-serif; color: #333399;\"><a style=\"color: #333399;\" href=\"https:\/\/investigacion.us.es\/sisius\/sis_showpub.php?idpers=3154\" target=\"_blank\" rel=\"noopener noreferrer\">M.\u00aa Dolores Borr\u00e1s Talavera<\/a>.\u00a0<\/span><\/li>\n<li><span style=\"font-family: arial, helvetica, sans-serif; color: #333399;\"><a style=\"color: #333399;\" href=\"https:\/\/investigacion.us.es\/sisius\/sis_showpub.php?idpers=9668\" target=\"_blank\" rel=\"noopener noreferrer\">Cesar \u00c1lvarez Arroyo<\/a>.\u00a0<\/span><\/li>\n<li><span style=\"font-family: arial, helvetica, sans-serif; color: #000000;\">Jorge Luis Ram\u00edrez Izaga\u00a0<\/span><\/li>\n<\/ul>\n<p><span style=\"color: #000000; font-family: arial, helvetica, sans-serif;\"><strong>L\u00edneas de Investigaci\u00f3n:<\/strong><\/span><\/p>\n<ul>\n<li><span style=\"color: #333399;\">Mercados Emergentes de Movilidad El\u00e9ctrica. An\u00e1lisis de Datos y Gesti\u00f3n de Recursos en Redes El\u00e9ctricas.<\/span><\/li>\n<li><span style=\"color: #333399;\">Calidad de la Se\u00f1al El\u00e9ctrica. T\u00e9cnicas Avanzadas de Procesamiento, Caracterizaci\u00f3n y Clasificaci\u00f3n de Perturbaciones.<\/span><\/li>\n<li><span style=\"color: #333399;\">Infraestructuras de Movilidad El\u00e9ctrica. Integraci\u00f3n, Optimizaci\u00f3n e Impacto en los Sistemas El\u00e9ctricos.<\/span><\/li>\n<li><span style=\"color: #333399;\">Suministros y Sistemas de Almacenamiento Emergentes de Energ\u00eda El\u00e9ctrica. Integraci\u00f3n y Optimizaci\u00f3n de Energ\u00edas Renovables.<\/span><\/li>\n<li><span style=\"color: #333399;\">Teor\u00eda de Potencia en Sistemas El\u00e9ctricos Desequilibrados y\/o no Senoidales: Aplicaci\u00f3n a Medidores Inteligentes.<\/span><\/li>\n<li><span style=\"color: #333399;\">M\u00e1quinas El\u00e9ctricas para Energ\u00edas Renovables. Dise\u00f1o Avanzado de Motores El\u00e9ctricos.<\/span><\/li>\n<li><span style=\"color: #333399;\">Sistemas de Pruebas El\u00e9ctricas y de Aislamiento en Dispositivos y Cables<\/span><\/li>\n<\/ul>\n<p><strong style=\"color: #000000; font-family: arial, helvetica, sans-serif;\"> Grupo (c\u00f3digos SIC):<\/strong><\/p>\n<ul>\n<li><span style=\"color: #333399; font-family: arial, helvetica, sans-serif;\">Producci\u00f3n de Energ\u00eda, transmisi\u00f3n y conversi\u00f3n<\/span><\/li>\n<li><span style=\"color: #333399; font-family: arial, helvetica, sans-serif;\">Herramientas de Medida<\/span><\/li>\n<\/ul>\n<p>&nbsp;<\/p>\n","protected":false},"excerpt":{"rendered":"<p>TEP196: Grupo de Investigaci\u00f3n en Sistemas de Energ\u00eda El\u00e9ctrica Responsable: Antonio G\u00f3mez Exp\u00f3sito Componentes: Manuel Burgos Payan.\u00a0 Pedro Luis Cruz Romero.\u00a0 Jos\u00e9 Mar\u00eda Maza Ortega.\u00a0 Pedro Javier Zarco Peri\u00f1\u00e1n.\u00a0 Esther Romero Ramos.\u00a0 Jes\u00fas Manuel Riquelme Santos.\u00a0 Jos\u00e9 Antonio Rosendo Mac\u00edas. <a href=\"https:\/\/departamento.us.es\/ielectrica\/investigacion\/\" class=\"read-more\">Leer m\u00e1s&#8230;<\/a><\/p>\n","protected":false},"author":1,"featured_media":0,"parent":0,"menu_order":0,"comment_status":"closed","ping_status":"closed","template":"","meta":{"footnotes":""},"class_list":["post-72","page","type-page","status-publish","hentry"],"_links":{"self":[{"href":"https:\/\/departamento.us.es\/ielectrica\/wp-json\/wp\/v2\/pages\/72","targetHints":{"allow":["GET"]}}],"collection":[{"href":"https:\/\/departamento.us.es\/ielectrica\/wp-json\/wp\/v2\/pages"}],"about":[{"href":"https:\/\/departamento.us.es\/ielectrica\/wp-json\/wp\/v2\/types\/page"}],"author":[{"embeddable":true,"href":"https:\/\/departamento.us.es\/ielectrica\/wp-json\/wp\/v2\/users\/1"}],"replies":[{"embeddable":true,"href":"https:\/\/departamento.us.es\/ielectrica\/wp-json\/wp\/v2\/comments?post=72"}],"version-history":[{"count":1,"href":"https:\/\/departamento.us.es\/ielectrica\/wp-json\/wp\/v2\/pages\/72\/revisions"}],"predecessor-version":[{"id":4213,"href":"https:\/\/departamento.us.es\/ielectrica\/wp-json\/wp\/v2\/pages\/72\/revisions\/4213"}],"wp:attachment":[{"href":"https:\/\/departamento.us.es\/ielectrica\/wp-json\/wp\/v2\/media?parent=72"}],"curies":[{"name":"wp","href":"https:\/\/api.w.org\/{rel}","templated":true}]}}