{"id":14,"date":"2022-03-14T08:20:56","date_gmt":"2022-03-14T08:20:56","guid":{"rendered":"https:\/\/departamento.us.es\/litingnor\/?page_id=14"},"modified":"2025-10-16T11:54:41","modified_gmt":"2025-10-16T11:54:41","slug":"inicio","status":"publish","type":"page","link":"https:\/\/departamento.us.es\/litingnor\/","title":{"rendered":"Presentaci\u00f3n"},"content":{"rendered":"\t\t<div data-elementor-type=\"wp-page\" data-elementor-id=\"14\" class=\"elementor elementor-14\" data-elementor-post-type=\"page\">\n\t\t\t\t<div class=\"elementor-element elementor-element-64cadcb e-con-full e-flex e-con e-parent\" data-id=\"64cadcb\" data-element_type=\"container\">\n\t\t\t\t<div class=\"elementor-element elementor-element-deeddd3 elementor--h-position-center elementor--v-position-middle elementor-arrows-position-inside elementor-pagination-position-inside elementor-widget elementor-widget-slides\" data-id=\"deeddd3\" data-element_type=\"widget\" data-settings=\"{&quot;navigation&quot;:&quot;both&quot;,&quot;autoplay&quot;:&quot;yes&quot;,&quot;pause_on_hover&quot;:&quot;yes&quot;,&quot;pause_on_interaction&quot;:&quot;yes&quot;,&quot;autoplay_speed&quot;:5000,&quot;infinite&quot;:&quot;yes&quot;,&quot;transition&quot;:&quot;slide&quot;,&quot;transition_speed&quot;:500}\" data-widget_type=\"slides.default\">\n\t\t\t\t<div class=\"elementor-widget-container\">\n\t\t\t\t\t\t\t\t\t<div class=\"elementor-swiper\">\n\t\t\t\t\t<div class=\"elementor-slides-wrapper elementor-main-swiper swiper\" role=\"region\" aria-roledescription=\"carousel\" aria-label=\"Diapositivas\" dir=\"ltr\" data-animation=\"fadeInUp\">\n\t\t\t\t<div class=\"swiper-wrapper elementor-slides\">\n\t\t\t\t\t\t\t\t\t\t<div class=\"elementor-repeater-item-aed6495 swiper-slide\" role=\"group\" aria-roledescription=\"slide\"><div class=\"swiper-slide-bg elementor-ken-burns elementor-ken-burns--in\" role=\"img\" aria-label=\"book-1659717_640\"><\/div><div class=\"swiper-slide-inner\" ><div class=\"swiper-slide-contents\"><\/div><\/div><\/div><div class=\"elementor-repeater-item-17b4fbb swiper-slide\" role=\"group\" aria-roledescription=\"slide\"><div class=\"swiper-slide-bg elementor-ken-burns elementor-ken-burns--in\" role=\"img\" aria-label=\"shakespeare-3863539_640\"><\/div><div class=\"swiper-slide-inner\" ><div class=\"swiper-slide-contents\"><\/div><\/div><\/div><div class=\"elementor-repeater-item-66b86de swiper-slide\" role=\"group\" aria-roledescription=\"slide\"><div class=\"swiper-slide-bg elementor-ken-burns elementor-ken-burns--in\" role=\"img\" aria-label=\"british-flag\"><\/div><div class=\"swiper-slide-inner\" ><div class=\"swiper-slide-contents\"><\/div><\/div><\/div><div class=\"elementor-repeater-item-53678c2 swiper-slide\" role=\"group\" aria-roledescription=\"slide\"><div class=\"swiper-slide-bg elementor-ken-burns elementor-ken-burns--in\" role=\"img\" aria-label=\"Bandera-Americana\"><\/div><div class=\"swiper-slide-inner\" ><div class=\"swiper-slide-contents\"><\/div><\/div><\/div>\t\t\t\t<\/div>\n\t\t\t\t\t\t\t\t\t\t\t\t\t\t\t<div class=\"elementor-swiper-button elementor-swiper-button-prev\" role=\"button\" tabindex=\"0\" aria-label=\"Diapositiva anterior\">\n\t\t\t\t\t\t\t<i aria-hidden=\"true\" class=\"eicon-chevron-left\"><\/i>\t\t\t\t\t\t<\/div>\n\t\t\t\t\t\t<div class=\"elementor-swiper-button elementor-swiper-button-next\" role=\"button\" tabindex=\"0\" aria-label=\"Diapositiva siguiente\">\n\t\t\t\t\t\t\t<i aria-hidden=\"true\" class=\"eicon-chevron-right\"><\/i>\t\t\t\t\t\t<\/div>\n\t\t\t\t\t\t\t\t\t\t\t\t\t\t\t\t<div class=\"swiper-pagination\"><\/div>\n\t\t\t\t\t\t\t\t\t\t\t\t<\/div>\n\t\t\t\t<\/div>\n\t\t\t\t\t\t\t\t<\/div>\n\t\t\t\t<\/div>\n\t\t\t\t<\/div>\n\t\t<div class=\"elementor-element elementor-element-baf2726 e-flex e-con-boxed e-con e-parent\" data-id=\"baf2726\" data-element_type=\"container\">\n\t\t\t\t\t<div class=\"e-con-inner\">\n\t\t\t\t<div class=\"elementor-element elementor-element-8691a55 elementor-widget elementor-widget-heading\" data-id=\"8691a55\" data-element_type=\"widget\" data-widget_type=\"heading.default\">\n\t\t\t\t<div class=\"elementor-widget-container\">\n\t\t\t\t\t<h2 class=\"elementor-heading-title elementor-size-default\">Presentaci\u00f3n<\/h2>\t\t\t\t<\/div>\n\t\t\t\t<\/div>\n\t\t\t\t\t<\/div>\n\t\t\t\t<\/div>\n\t\t<div class=\"elementor-element elementor-element-3056ba6 e-flex e-con-boxed e-con e-parent\" data-id=\"3056ba6\" data-element_type=\"container\">\n\t\t\t\t\t<div class=\"e-con-inner\">\n\t\t\t\t<div class=\"elementor-element elementor-element-7c5a72c elementor-widget elementor-widget-text-editor\" data-id=\"7c5a72c\" data-element_type=\"widget\" data-widget_type=\"text-editor.default\">\n\t\t\t\t<div class=\"elementor-widget-container\">\n\t\t\t\t\t\t\t\t\t<p>El Departamento tiene su sede en la Facultad de Filolog\u00eda, en el edificio de la antigua Real F\u00e1brica de Tabacos de Sevilla. En la actualidad, est\u00e1 situado en el antiguo edificio de viviendas de ingenieros, con despachos de cara a la calle San Fernando y a la Avda. del Cid, y con entrada desde la puerta cercana a la Capilla Universitaria.<\/p><p><br \/>Tiene a su cargo la docencia de asignaturas espec\u00edficamente relacionadas con las literaturas y cultura en lengua inglesa desde una perspectiva basada principalmente en el an\u00e1lisis de los textos. Este enfoque metodol\u00f3gico se ha mantenido como se\u00f1a de identidad a lo largo de los distintos planes de estudios: 1973, Licenciatura en Filolog\u00eda Anglogerm\u00e1nica, cuando se estudiaba en la Facultad de Filosof\u00eda y Letras; 1987 y 1997, Licenciatura en Filolog\u00eda Inglesa y, desde 1978, ya en la Facultad de Filolog\u00eda y, por \u00faltimo, el vigente plan de estudios de 2009, del Grado en Estudios Ingleses. A lo largo de los a\u00f1os se ha producido un enriquecimiento con la incorporaci\u00f3n de nuevos planteamientos te\u00f3ricos y pedag\u00f3gicos, que no han supuesto nunca el abandono del texto como elemento prioritario en nuestra pr\u00e1ctica docente e investigadora.<\/p><p><br \/>Las principales l\u00edneas de investigaci\u00f3n se recogen en los grupos de investigaci\u00f3n adscritos al Departamento:<\/p><ul><li>Estudios medievales y renacentistas ingleses (HUM-322).<\/li><li>James Joyce: Evoluci\u00f3n narrativa y sus repercusiones (HUM-201).<\/li><li>Estudios norteamericanos (HUM-488).<\/li><\/ul><p>\u00a0<\/p><p>En la actualidad impartimos docencia en las titulaciones de Grado en estudios ingleses, M\u00e1ster de estudios ling\u00fc\u00edsticos, literarios y culturales (MELLC), M\u00e1ster universitario en traducci\u00f3n e interculturalidad (MUENTI), M\u00e1ster universitario en artes del espect\u00e1culo vivo (MAEV), M\u00e1ster universitario en profesorado en ESO, Bachillerato, Formaci\u00f3n profesional y Ense\u00f1anza de idiomas (MAES), M\u00e1ster universitario en estudios de g\u00e9nero y desarrollo profesional, Doble m\u00e1ster MELLC-MAES y en el programa de Doctorado en estudios filol\u00f3gicos.<\/p>\t\t\t\t\t\t\t\t<\/div>\n\t\t\t\t<\/div>\n\t\t\t\t\t<\/div>\n\t\t\t\t<\/div>\n\t\t\t\t<\/div>\n\t\t","protected":false},"excerpt":{"rendered":"<p>El Departamento tiene su sede en la Facultad de Filolog\u00eda, en el edificio de la antigua Real F\u00e1brica de Tabacos de Sevilla. En la actualidad, est\u00e1 situado en el antiguo edificio de viviendas de ingenieros, con despachos de cara a la calle San Fernando y a la Avda. del Cid, y con entrada desde la [&hellip;]<\/p>\n","protected":false},"author":1,"featured_media":0,"parent":0,"menu_order":0,"comment_status":"closed","ping_status":"closed","template":"","meta":{"_acf_changed":false,"footnotes":""},"class_list":["post-14","page","type-page","status-publish","hentry"],"acf":[],"yoast_head":"<!-- This site is optimized with the Yoast SEO plugin v26.5 - https:\/\/yoast.com\/wordpress\/plugins\/seo\/ -->\n<title>Presentaci\u00f3n - LITINGNOR<\/title>\n<meta name=\"robots\" content=\"index, follow, max-snippet:-1, max-image-preview:large, max-video-preview:-1\" \/>\n<link rel=\"canonical\" href=\"https:\/\/departamento.us.es\/litingnor\/\" \/>\n<meta property=\"og:locale\" content=\"es_ES\" \/>\n<meta property=\"og:type\" content=\"article\" \/>\n<meta property=\"og:title\" content=\"Presentaci\u00f3n - LITINGNOR\" \/>\n<meta property=\"og:description\" content=\"El Departamento tiene su sede en la Facultad de Filolog\u00eda, en el edificio de la antigua Real F\u00e1brica de Tabacos de Sevilla. En la actualidad, est\u00e1 situado en el antiguo edificio de viviendas de ingenieros, con despachos de cara a la calle San Fernando y a la Avda. del Cid, y con entrada desde la [&hellip;]\" \/>\n<meta property=\"og:url\" content=\"https:\/\/departamento.us.es\/litingnor\/\" \/>\n<meta property=\"og:site_name\" content=\"LITINGNOR\" \/>\n<meta property=\"article:modified_time\" content=\"2025-10-16T11:54:41+00:00\" \/>\n<meta name=\"twitter:card\" content=\"summary_large_image\" \/>\n<meta name=\"twitter:label1\" content=\"Tiempo de lectura\" \/>\n\t<meta name=\"twitter:data1\" content=\"2 minutos\" \/>\n<script type=\"application\/ld+json\" class=\"yoast-schema-graph\">{\"@context\":\"https:\/\/schema.org\",\"@graph\":[{\"@type\":\"WebPage\",\"@id\":\"https:\/\/departamento.us.es\/litingnor\/\",\"url\":\"https:\/\/departamento.us.es\/litingnor\/\",\"name\":\"Presentaci\u00f3n - LITINGNOR\",\"isPartOf\":{\"@id\":\"https:\/\/departamento.us.es\/litingnor\/#website\"},\"datePublished\":\"2022-03-14T08:20:56+00:00\",\"dateModified\":\"2025-10-16T11:54:41+00:00\",\"inLanguage\":\"es\",\"potentialAction\":[{\"@type\":\"ReadAction\",\"target\":[\"https:\/\/departamento.us.es\/litingnor\/\"]}]},{\"@type\":\"WebSite\",\"@id\":\"https:\/\/departamento.us.es\/litingnor\/#website\",\"url\":\"https:\/\/departamento.us.es\/litingnor\/\",\"name\":\"LITINGNOR\",\"description\":\"Dpto. LITINGNOR\",\"publisher\":{\"@id\":\"https:\/\/departamento.us.es\/litingnor\/#organization\"},\"potentialAction\":[{\"@type\":\"SearchAction\",\"target\":{\"@type\":\"EntryPoint\",\"urlTemplate\":\"https:\/\/departamento.us.es\/litingnor\/?s={search_term_string}\"},\"query-input\":{\"@type\":\"PropertyValueSpecification\",\"valueRequired\":true,\"valueName\":\"search_term_string\"}}],\"inLanguage\":\"es\"},{\"@type\":\"Organization\",\"@id\":\"https:\/\/departamento.us.es\/litingnor\/#organization\",\"name\":\"LITINGNOR\",\"url\":\"https:\/\/departamento.us.es\/litingnor\/\",\"logo\":{\"@type\":\"ImageObject\",\"inLanguage\":\"es\",\"@id\":\"https:\/\/departamento.us.es\/litingnor\/#\/schema\/logo\/image\/\",\"url\":\"https:\/\/departamento.us.es\/litingnor\/wp-content\/uploads\/2022\/03\/logo_us.png\",\"contentUrl\":\"https:\/\/departamento.us.es\/litingnor\/wp-content\/uploads\/2022\/03\/logo_us.png\",\"width\":300,\"height\":307,\"caption\":\"LITINGNOR\"},\"image\":{\"@id\":\"https:\/\/departamento.us.es\/litingnor\/#\/schema\/logo\/image\/\"}}]}<\/script>\n<!-- \/ Yoast SEO plugin. -->","yoast_head_json":{"title":"Presentaci\u00f3n - LITINGNOR","robots":{"index":"index","follow":"follow","max-snippet":"max-snippet:-1","max-image-preview":"max-image-preview:large","max-video-preview":"max-video-preview:-1"},"canonical":"https:\/\/departamento.us.es\/litingnor\/","og_locale":"es_ES","og_type":"article","og_title":"Presentaci\u00f3n - LITINGNOR","og_description":"El Departamento tiene su sede en la Facultad de Filolog\u00eda, en el edificio de la antigua Real F\u00e1brica de Tabacos de Sevilla. En la actualidad, est\u00e1 situado en el antiguo edificio de viviendas de ingenieros, con despachos de cara a la calle San Fernando y a la Avda. del Cid, y con entrada desde la [&hellip;]","og_url":"https:\/\/departamento.us.es\/litingnor\/","og_site_name":"LITINGNOR","article_modified_time":"2025-10-16T11:54:41+00:00","twitter_card":"summary_large_image","twitter_misc":{"Tiempo de lectura":"2 minutos"},"schema":{"@context":"https:\/\/schema.org","@graph":[{"@type":"WebPage","@id":"https:\/\/departamento.us.es\/litingnor\/","url":"https:\/\/departamento.us.es\/litingnor\/","name":"Presentaci\u00f3n - LITINGNOR","isPartOf":{"@id":"https:\/\/departamento.us.es\/litingnor\/#website"},"datePublished":"2022-03-14T08:20:56+00:00","dateModified":"2025-10-16T11:54:41+00:00","inLanguage":"es","potentialAction":[{"@type":"ReadAction","target":["https:\/\/departamento.us.es\/litingnor\/"]}]},{"@type":"WebSite","@id":"https:\/\/departamento.us.es\/litingnor\/#website","url":"https:\/\/departamento.us.es\/litingnor\/","name":"LITINGNOR","description":"Dpto. LITINGNOR","publisher":{"@id":"https:\/\/departamento.us.es\/litingnor\/#organization"},"potentialAction":[{"@type":"SearchAction","target":{"@type":"EntryPoint","urlTemplate":"https:\/\/departamento.us.es\/litingnor\/?s={search_term_string}"},"query-input":{"@type":"PropertyValueSpecification","valueRequired":true,"valueName":"search_term_string"}}],"inLanguage":"es"},{"@type":"Organization","@id":"https:\/\/departamento.us.es\/litingnor\/#organization","name":"LITINGNOR","url":"https:\/\/departamento.us.es\/litingnor\/","logo":{"@type":"ImageObject","inLanguage":"es","@id":"https:\/\/departamento.us.es\/litingnor\/#\/schema\/logo\/image\/","url":"https:\/\/departamento.us.es\/litingnor\/wp-content\/uploads\/2022\/03\/logo_us.png","contentUrl":"https:\/\/departamento.us.es\/litingnor\/wp-content\/uploads\/2022\/03\/logo_us.png","width":300,"height":307,"caption":"LITINGNOR"},"image":{"@id":"https:\/\/departamento.us.es\/litingnor\/#\/schema\/logo\/image\/"}}]}},"_links":{"self":[{"href":"https:\/\/departamento.us.es\/litingnor\/wp-json\/wp\/v2\/pages\/14","targetHints":{"allow":["GET"]}}],"collection":[{"href":"https:\/\/departamento.us.es\/litingnor\/wp-json\/wp\/v2\/pages"}],"about":[{"href":"https:\/\/departamento.us.es\/litingnor\/wp-json\/wp\/v2\/types\/page"}],"author":[{"embeddable":true,"href":"https:\/\/departamento.us.es\/litingnor\/wp-json\/wp\/v2\/users\/1"}],"replies":[{"embeddable":true,"href":"https:\/\/departamento.us.es\/litingnor\/wp-json\/wp\/v2\/comments?post=14"}],"version-history":[{"count":0,"href":"https:\/\/departamento.us.es\/litingnor\/wp-json\/wp\/v2\/pages\/14\/revisions"}],"wp:attachment":[{"href":"https:\/\/departamento.us.es\/litingnor\/wp-json\/wp\/v2\/media?parent=14"}],"curies":[{"name":"wp","href":"https:\/\/api.w.org\/{rel}","templated":true}]}}