{"id":3922,"date":"2024-03-05T08:55:17","date_gmt":"2024-03-05T08:55:17","guid":{"rendered":"https:\/\/departamento.us.es\/litingnor\/quienes-somos-copy-2\/"},"modified":"2024-06-24T12:52:30","modified_gmt":"2024-06-24T12:52:30","slug":"docencia","status":"publish","type":"page","link":"https:\/\/departamento.us.es\/litingnor\/docencia\/","title":{"rendered":"Docencia"},"content":{"rendered":"\t\t<div data-elementor-type=\"wp-page\" data-elementor-id=\"3922\" class=\"elementor elementor-3922\" data-elementor-post-type=\"page\">\n\t\t\t\t<div class=\"elementor-element elementor-element-35ab5bd e-flex e-con-boxed e-con e-parent\" data-id=\"35ab5bd\" data-element_type=\"container\">\n\t\t\t\t\t<div class=\"e-con-inner\">\n\t\t\t\t<div class=\"elementor-element elementor-element-fb4a21e elementor-list-item-link-inline elementor-icon-list--layout-traditional elementor-widget elementor-widget-icon-list\" data-id=\"fb4a21e\" data-element_type=\"widget\" data-widget_type=\"icon-list.default\">\n\t\t\t\t<div class=\"elementor-widget-container\">\n\t\t\t\t\t\t\t<ul class=\"elementor-icon-list-items\">\n\t\t\t\t\t\t\t<li class=\"elementor-icon-list-item\">\n\t\t\t\t\t\t\t\t\t\t\t<a href=\"http:\/\/filologia.us.es\/oferta-academica\/grado-estudios-ingleses\" target=\"_blank\">\n\n\t\t\t\t\t\t\t\t\t\t\t\t<span class=\"elementor-icon-list-icon\">\n\t\t\t\t\t\t\t<i aria-hidden=\"true\" class=\"fas fa-external-link-alt\"><\/i>\t\t\t\t\t\t<\/span>\n\t\t\t\t\t\t\t\t\t\t<span class=\"elementor-icon-list-text\">Grado en estudios ingleses<\/span>\n\t\t\t\t\t\t\t\t\t\t\t<\/a>\n\t\t\t\t\t\t\t\t\t<\/li>\n\t\t\t\t\t\t\t\t<li class=\"elementor-icon-list-item\">\n\t\t\t\t\t\t\t\t\t\t\t<a href=\"http:\/\/masteroficial.us.es\/maes\/\" target=\"_blank\">\n\n\t\t\t\t\t\t\t\t\t\t\t\t<span class=\"elementor-icon-list-icon\">\n\t\t\t\t\t\t\t<i aria-hidden=\"true\" class=\"fas fa-external-link-alt\"><\/i>\t\t\t\t\t\t<\/span>\n\t\t\t\t\t\t\t\t\t\t<span class=\"elementor-icon-list-text\">M\u00e1ster universitario en profesorado de ESO y Bachillerato, Formaci\u00f3n profesional y Ense\u00f1anzas de idiomas (MAES)<\/span>\n\t\t\t\t\t\t\t\t\t\t\t<\/a>\n\t\t\t\t\t\t\t\t\t<\/li>\n\t\t\t\t\t\t\t\t<li class=\"elementor-icon-list-item\">\n\t\t\t\t\t\t\t\t\t\t\t<a href=\"http:\/\/filologia.us.es\/master-universitario\/mellc\/\" target=\"_blank\">\n\n\t\t\t\t\t\t\t\t\t\t\t\t<span class=\"elementor-icon-list-icon\">\n\t\t\t\t\t\t\t<i aria-hidden=\"true\" class=\"fas fa-external-link-alt\"><\/i>\t\t\t\t\t\t<\/span>\n\t\t\t\t\t\t\t\t\t\t<span class=\"elementor-icon-list-text\">M\u00e1ster universitario en estudios ling\u00fc\u00edsticos, literarios y culturales (MELLC) <\/span>\n\t\t\t\t\t\t\t\t\t\t\t<\/a>\n\t\t\t\t\t\t\t\t\t<\/li>\n\t\t\t\t\t\t\t\t<li class=\"elementor-icon-list-item\">\n\t\t\t\t\t\t\t\t\t\t\t<a href=\"http:\/\/filologia.us.es\/master-universitario\/muenti\/\" target=\"_blank\">\n\n\t\t\t\t\t\t\t\t\t\t\t\t<span class=\"elementor-icon-list-icon\">\n\t\t\t\t\t\t\t<i aria-hidden=\"true\" class=\"fas fa-external-link-alt\"><\/i>\t\t\t\t\t\t<\/span>\n\t\t\t\t\t\t\t\t\t\t<span class=\"elementor-icon-list-text\">M\u00e1ster universitario en traducci\u00f3n e interculturalidad (MUENTI)<\/span>\n\t\t\t\t\t\t\t\t\t\t\t<\/a>\n\t\t\t\t\t\t\t\t\t<\/li>\n\t\t\t\t\t\t\t\t<li class=\"elementor-icon-list-item\">\n\t\t\t\t\t\t\t\t\t\t\t<a href=\"http:\/\/maev.us.es\" target=\"_blank\">\n\n\t\t\t\t\t\t\t\t\t\t\t\t<span class=\"elementor-icon-list-icon\">\n\t\t\t\t\t\t\t<i aria-hidden=\"true\" class=\"fas fa-external-link-alt\"><\/i>\t\t\t\t\t\t<\/span>\n\t\t\t\t\t\t\t\t\t\t<span class=\"elementor-icon-list-text\">M\u00e1ster universitario en artes del espect\u00e1culo vivo (MAEV)<\/span>\n\t\t\t\t\t\t\t\t\t\t\t<\/a>\n\t\t\t\t\t\t\t\t\t<\/li>\n\t\t\t\t\t\t\t\t<li class=\"elementor-icon-list-item\">\n\t\t\t\t\t\t\t\t\t\t\t<a href=\"https:\/\/www.us.es\/estudiar\/que-estudiar\/oferta-de-masteres\/master-universitario-en-estudios-de-genero-y-desarrollo\" target=\"_blank\">\n\n\t\t\t\t\t\t\t\t\t\t\t\t<span class=\"elementor-icon-list-icon\">\n\t\t\t\t\t\t\t<i aria-hidden=\"true\" class=\"fas fa-external-link-alt\"><\/i>\t\t\t\t\t\t<\/span>\n\t\t\t\t\t\t\t\t\t\t<span class=\"elementor-icon-list-text\">M\u00e1ster universitario en estudios de g\u00e9nero y desarrollo profesional<\/span>\n\t\t\t\t\t\t\t\t\t\t\t<\/a>\n\t\t\t\t\t\t\t\t\t<\/li>\n\t\t\t\t\t\t\t\t<li class=\"elementor-icon-list-item\">\n\t\t\t\t\t\t\t\t\t\t\t<a href=\"http:\/\/filologia.us.es\/master-universitario\/doble-master-mellc-maes-ensa\u00f1anza-secundaria\/\" target=\"_blank\">\n\n\t\t\t\t\t\t\t\t\t\t\t\t<span class=\"elementor-icon-list-icon\">\n\t\t\t\t\t\t\t<i aria-hidden=\"true\" class=\"fas fa-external-link-alt\"><\/i>\t\t\t\t\t\t<\/span>\n\t\t\t\t\t\t\t\t\t\t<span class=\"elementor-icon-list-text\">Doble m\u00e1ster MELLC+MAES (Ense\u00f1anza secundaria)<\/span>\n\t\t\t\t\t\t\t\t\t\t\t<\/a>\n\t\t\t\t\t\t\t\t\t<\/li>\n\t\t\t\t\t\t\t\t<li class=\"elementor-icon-list-item\">\n\t\t\t\t\t\t\t\t\t\t\t<a href=\"http:\/\/filologia.us.es\/doctorados\" target=\"_blank\">\n\n\t\t\t\t\t\t\t\t\t\t\t\t<span class=\"elementor-icon-list-icon\">\n\t\t\t\t\t\t\t<i aria-hidden=\"true\" class=\"fas fa-external-link-alt\"><\/i>\t\t\t\t\t\t<\/span>\n\t\t\t\t\t\t\t\t\t\t<span class=\"elementor-icon-list-text\">Doctorado en estudios filol\u00f3gicos<\/span>\n\t\t\t\t\t\t\t\t\t\t\t<\/a>\n\t\t\t\t\t\t\t\t\t<\/li>\n\t\t\t\t\t\t<\/ul>\n\t\t\t\t\t\t<\/div>\n\t\t\t\t<\/div>\n\t\t\t\t\t<\/div>\n\t\t\t\t<\/div>\n\t\t\t\t<\/div>\n\t\t","protected":false},"excerpt":{"rendered":"<p>Grado en estudios ingleses M\u00e1ster universitario en profesorado de ESO y Bachillerato, Formaci\u00f3n profesional y Ense\u00f1anzas de idiomas (MAES) M\u00e1ster universitario en estudios ling\u00fc\u00edsticos, literarios y culturales (MELLC) M\u00e1ster universitario en traducci\u00f3n e interculturalidad (MUENTI) M\u00e1ster universitario en artes del espect\u00e1culo vivo (MAEV) M\u00e1ster universitario en estudios de g\u00e9nero y desarrollo profesional Doble m\u00e1ster MELLC+MAES [&hellip;]<\/p>\n","protected":false},"author":1,"featured_media":0,"parent":0,"menu_order":0,"comment_status":"closed","ping_status":"closed","template":"","meta":{"_acf_changed":false,"footnotes":""},"class_list":["post-3922","page","type-page","status-publish","hentry"],"acf":[],"yoast_head":"<!-- This site is optimized with the Yoast SEO plugin v26.5 - https:\/\/yoast.com\/wordpress\/plugins\/seo\/ -->\n<title>Docencia - LITINGNOR<\/title>\n<meta name=\"robots\" content=\"index, follow, max-snippet:-1, max-image-preview:large, max-video-preview:-1\" \/>\n<link rel=\"canonical\" href=\"https:\/\/departamento.us.es\/litingnor\/docencia\/\" \/>\n<meta property=\"og:locale\" content=\"es_ES\" \/>\n<meta property=\"og:type\" content=\"article\" \/>\n<meta property=\"og:title\" content=\"Docencia - LITINGNOR\" \/>\n<meta property=\"og:description\" content=\"Grado en estudios ingleses M\u00e1ster universitario en profesorado de ESO y Bachillerato, Formaci\u00f3n profesional y Ense\u00f1anzas de idiomas (MAES) M\u00e1ster universitario en estudios ling\u00fc\u00edsticos, literarios y culturales (MELLC) M\u00e1ster universitario en traducci\u00f3n e interculturalidad (MUENTI) M\u00e1ster universitario en artes del espect\u00e1culo vivo (MAEV) M\u00e1ster universitario en estudios de g\u00e9nero y desarrollo profesional Doble m\u00e1ster MELLC+MAES [&hellip;]\" \/>\n<meta property=\"og:url\" content=\"https:\/\/departamento.us.es\/litingnor\/docencia\/\" \/>\n<meta property=\"og:site_name\" content=\"LITINGNOR\" \/>\n<meta property=\"article:modified_time\" content=\"2024-06-24T12:52:30+00:00\" \/>\n<meta name=\"twitter:card\" content=\"summary_large_image\" \/>\n<meta name=\"twitter:label1\" content=\"Tiempo de lectura\" \/>\n\t<meta name=\"twitter:data1\" content=\"1 minuto\" \/>\n<script type=\"application\/ld+json\" class=\"yoast-schema-graph\">{\"@context\":\"https:\/\/schema.org\",\"@graph\":[{\"@type\":\"WebPage\",\"@id\":\"https:\/\/departamento.us.es\/litingnor\/docencia\/\",\"url\":\"https:\/\/departamento.us.es\/litingnor\/docencia\/\",\"name\":\"Docencia - LITINGNOR\",\"isPartOf\":{\"@id\":\"https:\/\/departamento.us.es\/litingnor\/#website\"},\"datePublished\":\"2024-03-05T08:55:17+00:00\",\"dateModified\":\"2024-06-24T12:52:30+00:00\",\"inLanguage\":\"es\",\"potentialAction\":[{\"@type\":\"ReadAction\",\"target\":[\"https:\/\/departamento.us.es\/litingnor\/docencia\/\"]}]},{\"@type\":\"WebSite\",\"@id\":\"https:\/\/departamento.us.es\/litingnor\/#website\",\"url\":\"https:\/\/departamento.us.es\/litingnor\/\",\"name\":\"LITINGNOR\",\"description\":\"Dpto. LITINGNOR\",\"publisher\":{\"@id\":\"https:\/\/departamento.us.es\/litingnor\/#organization\"},\"potentialAction\":[{\"@type\":\"SearchAction\",\"target\":{\"@type\":\"EntryPoint\",\"urlTemplate\":\"https:\/\/departamento.us.es\/litingnor\/?s={search_term_string}\"},\"query-input\":{\"@type\":\"PropertyValueSpecification\",\"valueRequired\":true,\"valueName\":\"search_term_string\"}}],\"inLanguage\":\"es\"},{\"@type\":\"Organization\",\"@id\":\"https:\/\/departamento.us.es\/litingnor\/#organization\",\"name\":\"LITINGNOR\",\"url\":\"https:\/\/departamento.us.es\/litingnor\/\",\"logo\":{\"@type\":\"ImageObject\",\"inLanguage\":\"es\",\"@id\":\"https:\/\/departamento.us.es\/litingnor\/#\/schema\/logo\/image\/\",\"url\":\"https:\/\/departamento.us.es\/litingnor\/wp-content\/uploads\/2022\/03\/logo_us.png\",\"contentUrl\":\"https:\/\/departamento.us.es\/litingnor\/wp-content\/uploads\/2022\/03\/logo_us.png\",\"width\":300,\"height\":307,\"caption\":\"LITINGNOR\"},\"image\":{\"@id\":\"https:\/\/departamento.us.es\/litingnor\/#\/schema\/logo\/image\/\"}}]}<\/script>\n<!-- \/ Yoast SEO plugin. -->","yoast_head_json":{"title":"Docencia - LITINGNOR","robots":{"index":"index","follow":"follow","max-snippet":"max-snippet:-1","max-image-preview":"max-image-preview:large","max-video-preview":"max-video-preview:-1"},"canonical":"https:\/\/departamento.us.es\/litingnor\/docencia\/","og_locale":"es_ES","og_type":"article","og_title":"Docencia - LITINGNOR","og_description":"Grado en estudios ingleses M\u00e1ster universitario en profesorado de ESO y Bachillerato, Formaci\u00f3n profesional y Ense\u00f1anzas de idiomas (MAES) M\u00e1ster universitario en estudios ling\u00fc\u00edsticos, literarios y culturales (MELLC) M\u00e1ster universitario en traducci\u00f3n e interculturalidad (MUENTI) M\u00e1ster universitario en artes del espect\u00e1culo vivo (MAEV) M\u00e1ster universitario en estudios de g\u00e9nero y desarrollo profesional Doble m\u00e1ster MELLC+MAES [&hellip;]","og_url":"https:\/\/departamento.us.es\/litingnor\/docencia\/","og_site_name":"LITINGNOR","article_modified_time":"2024-06-24T12:52:30+00:00","twitter_card":"summary_large_image","twitter_misc":{"Tiempo de lectura":"1 minuto"},"schema":{"@context":"https:\/\/schema.org","@graph":[{"@type":"WebPage","@id":"https:\/\/departamento.us.es\/litingnor\/docencia\/","url":"https:\/\/departamento.us.es\/litingnor\/docencia\/","name":"Docencia - LITINGNOR","isPartOf":{"@id":"https:\/\/departamento.us.es\/litingnor\/#website"},"datePublished":"2024-03-05T08:55:17+00:00","dateModified":"2024-06-24T12:52:30+00:00","inLanguage":"es","potentialAction":[{"@type":"ReadAction","target":["https:\/\/departamento.us.es\/litingnor\/docencia\/"]}]},{"@type":"WebSite","@id":"https:\/\/departamento.us.es\/litingnor\/#website","url":"https:\/\/departamento.us.es\/litingnor\/","name":"LITINGNOR","description":"Dpto. LITINGNOR","publisher":{"@id":"https:\/\/departamento.us.es\/litingnor\/#organization"},"potentialAction":[{"@type":"SearchAction","target":{"@type":"EntryPoint","urlTemplate":"https:\/\/departamento.us.es\/litingnor\/?s={search_term_string}"},"query-input":{"@type":"PropertyValueSpecification","valueRequired":true,"valueName":"search_term_string"}}],"inLanguage":"es"},{"@type":"Organization","@id":"https:\/\/departamento.us.es\/litingnor\/#organization","name":"LITINGNOR","url":"https:\/\/departamento.us.es\/litingnor\/","logo":{"@type":"ImageObject","inLanguage":"es","@id":"https:\/\/departamento.us.es\/litingnor\/#\/schema\/logo\/image\/","url":"https:\/\/departamento.us.es\/litingnor\/wp-content\/uploads\/2022\/03\/logo_us.png","contentUrl":"https:\/\/departamento.us.es\/litingnor\/wp-content\/uploads\/2022\/03\/logo_us.png","width":300,"height":307,"caption":"LITINGNOR"},"image":{"@id":"https:\/\/departamento.us.es\/litingnor\/#\/schema\/logo\/image\/"}}]}},"_links":{"self":[{"href":"https:\/\/departamento.us.es\/litingnor\/wp-json\/wp\/v2\/pages\/3922","targetHints":{"allow":["GET"]}}],"collection":[{"href":"https:\/\/departamento.us.es\/litingnor\/wp-json\/wp\/v2\/pages"}],"about":[{"href":"https:\/\/departamento.us.es\/litingnor\/wp-json\/wp\/v2\/types\/page"}],"author":[{"embeddable":true,"href":"https:\/\/departamento.us.es\/litingnor\/wp-json\/wp\/v2\/users\/1"}],"replies":[{"embeddable":true,"href":"https:\/\/departamento.us.es\/litingnor\/wp-json\/wp\/v2\/comments?post=3922"}],"version-history":[{"count":0,"href":"https:\/\/departamento.us.es\/litingnor\/wp-json\/wp\/v2\/pages\/3922\/revisions"}],"wp:attachment":[{"href":"https:\/\/departamento.us.es\/litingnor\/wp-json\/wp\/v2\/media?parent=3922"}],"curies":[{"name":"wp","href":"https:\/\/api.w.org\/{rel}","templated":true}]}}