{"id":3924,"date":"2024-03-05T08:57:46","date_gmt":"2024-03-05T08:57:46","guid":{"rendered":"https:\/\/departamento.us.es\/litingnor\/quienes-somos-copy-2\/"},"modified":"2024-06-24T12:57:38","modified_gmt":"2024-06-24T12:57:38","slug":"contacto","status":"publish","type":"page","link":"https:\/\/departamento.us.es\/litingnor\/contacto\/","title":{"rendered":"Contacto"},"content":{"rendered":"\t\t<div data-elementor-type=\"wp-page\" data-elementor-id=\"3924\" class=\"elementor elementor-3924\" data-elementor-post-type=\"page\">\n\t\t\t\t<div class=\"elementor-element elementor-element-d95abd4 e-flex e-con-boxed e-con e-parent\" data-id=\"d95abd4\" data-element_type=\"container\" data-e-type=\"container\">\n\t\t\t\t\t<div class=\"e-con-inner\">\n\t\t<div class=\"elementor-element elementor-element-84d91e8 e-flex e-con-boxed e-con e-child\" data-id=\"84d91e8\" data-element_type=\"container\" data-e-type=\"container\">\n\t\t\t\t\t<div class=\"e-con-inner\">\n\t\t<div class=\"elementor-element elementor-element-8954b1c e-con-full e-flex e-con e-child\" data-id=\"8954b1c\" data-element_type=\"container\" data-e-type=\"container\">\n\t\t\t\t<div class=\"elementor-element elementor-element-3f4bbd8 e-grid-align-left elementor-shape-circle elementor-grid-0 elementor-widget elementor-widget-social-icons\" data-id=\"3f4bbd8\" data-element_type=\"widget\" data-e-type=\"widget\" data-widget_type=\"social-icons.default\">\n\t\t\t\t<div class=\"elementor-widget-container\">\n\t\t\t\t\t\t\t<div class=\"elementor-social-icons-wrapper elementor-grid\" role=\"list\">\n\t\t\t\t\t\t\t<span class=\"elementor-grid-item\" role=\"listitem\">\n\t\t\t\t\t<a class=\"elementor-icon elementor-social-icon elementor-social-icon-facebook elementor-repeater-item-395743c\" href=\"https:\/\/www.facebook.com\/people\/Departamento-de-Filolog%C3%ADa-inglesa-Literatura-inglesa-y-norteamericana\/61559405146478\/\" target=\"_blank\">\n\t\t\t\t\t\t<span class=\"elementor-screen-only\">Facebook<\/span>\n\t\t\t\t\t\t<i aria-hidden=\"true\" class=\"fab fa-facebook\"><\/i>\t\t\t\t\t<\/a>\n\t\t\t\t<\/span>\n\t\t\t\t\t\t\t<span class=\"elementor-grid-item\" role=\"listitem\">\n\t\t\t\t\t<a class=\"elementor-icon elementor-social-icon elementor-social-icon-instagram elementor-repeater-item-548987f\" href=\"https:\/\/www.instagram.com\/litingnor\/\" target=\"_blank\">\n\t\t\t\t\t\t<span class=\"elementor-screen-only\">Instagram<\/span>\n\t\t\t\t\t\t<i aria-hidden=\"true\" class=\"fab fa-instagram\"><\/i>\t\t\t\t\t<\/a>\n\t\t\t\t<\/span>\n\t\t\t\t\t\t\t<span class=\"elementor-grid-item\" role=\"listitem\">\n\t\t\t\t\t<a class=\"elementor-icon elementor-social-icon elementor-social-icon-x-twitter elementor-repeater-item-6e58fef\" href=\"https:\/\/x.com\/DptoLitingnor\" target=\"_blank\">\n\t\t\t\t\t\t<span class=\"elementor-screen-only\">X-twitter<\/span>\n\t\t\t\t\t\t<i aria-hidden=\"true\" class=\"fab fa-x-twitter\"><\/i>\t\t\t\t\t<\/a>\n\t\t\t\t<\/span>\n\t\t\t\t\t<\/div>\n\t\t\t\t\t\t<\/div>\n\t\t\t\t<\/div>\n\t\t\t\t<div class=\"elementor-element elementor-element-8fe6574 elementor-list-item-link-inline elementor-icon-list--layout-traditional elementor-widget elementor-widget-icon-list\" data-id=\"8fe6574\" data-element_type=\"widget\" data-e-type=\"widget\" data-widget_type=\"icon-list.default\">\n\t\t\t\t<div class=\"elementor-widget-container\">\n\t\t\t\t\t\t\t<ul class=\"elementor-icon-list-items\">\n\t\t\t\t\t\t\t<li class=\"elementor-icon-list-item\">\n\t\t\t\t\t\t\t\t\t\t\t<a href=\"https:\/\/revista.us.es\/seccion\/conoce-la-us\/sabes-donde-se-encuentra-este-rincon-de-la-us\" target=\"_blank\">\n\n\t\t\t\t\t\t\t\t\t\t\t\t<span class=\"elementor-icon-list-icon\">\n\t\t\t\t\t\t\t<i aria-hidden=\"true\" class=\"fas fa-map-marked-alt\"><\/i>\t\t\t\t\t\t<\/span>\n\t\t\t\t\t\t\t\t\t\t<span class=\"elementor-icon-list-text\">D\u00f3nde encontrarnos<\/span>\n\t\t\t\t\t\t\t\t\t\t\t<\/a>\n\t\t\t\t\t\t\t\t\t<\/li>\n\t\t\t\t\t\t<\/ul>\n\t\t\t\t\t\t<\/div>\n\t\t\t\t<\/div>\n\t\t\t\t<\/div>\n\t\t\t\t<div class=\"elementor-element elementor-element-a535f08 elementor-list-item-link-inline elementor-icon-list--layout-traditional elementor-widget elementor-widget-icon-list\" data-id=\"a535f08\" data-element_type=\"widget\" data-e-type=\"widget\" data-widget_type=\"icon-list.default\">\n\t\t\t\t<div class=\"elementor-widget-container\">\n\t\t\t\t\t\t\t<ul class=\"elementor-icon-list-items\">\n\t\t\t\t\t\t\t<li class=\"elementor-icon-list-item\">\n\t\t\t\t\t\t\t\t\t\t\t<a href=\"mailto:%20sec-liting@us.es\">\n\n\t\t\t\t\t\t\t\t\t\t\t\t<span class=\"elementor-icon-list-icon\">\n\t\t\t\t\t\t\t<i aria-hidden=\"true\" class=\"far fa-envelope\"><\/i>\t\t\t\t\t\t<\/span>\n\t\t\t\t\t\t\t\t\t\t<span class=\"elementor-icon-list-text\">E-mail: sec-liting@us.es<\/span>\n\t\t\t\t\t\t\t\t\t\t\t<\/a>\n\t\t\t\t\t\t\t\t\t<\/li>\n\t\t\t\t\t\t\t\t<li class=\"elementor-icon-list-item\">\n\t\t\t\t\t\t\t\t\t\t\t<a href=\"http:\/\/954551551\">\n\n\t\t\t\t\t\t\t\t\t\t\t\t<span class=\"elementor-icon-list-icon\">\n\t\t\t\t\t\t\t<i aria-hidden=\"true\" class=\"fas fa-phone-alt\"><\/i>\t\t\t\t\t\t<\/span>\n\t\t\t\t\t\t\t\t\t\t<span class=\"elementor-icon-list-text\">Tel\u00e9fono: 954551551<\/span>\n\t\t\t\t\t\t\t\t\t\t\t<\/a>\n\t\t\t\t\t\t\t\t\t<\/li>\n\t\t\t\t\t\t\t\t<li class=\"elementor-icon-list-item\">\n\t\t\t\t\t\t\t\t\t\t\t<span class=\"elementor-icon-list-icon\">\n\t\t\t\t\t\t\t<i aria-hidden=\"true\" class=\"far fa-user\"><\/i>\t\t\t\t\t\t<\/span>\n\t\t\t\t\t\t\t\t\t\t<span class=\"elementor-icon-list-text\">Directora: Carolina S\u00e1nchez-Palencia Carazo<\/span>\n\t\t\t\t\t\t\t\t\t<\/li>\n\t\t\t\t\t\t\t\t<li class=\"elementor-icon-list-item\">\n\t\t\t\t\t\t\t\t\t\t\t<span class=\"elementor-icon-list-icon\">\n\t\t\t\t\t\t\t<i aria-hidden=\"true\" class=\"far fa-user\"><\/i>\t\t\t\t\t\t<\/span>\n\t\t\t\t\t\t\t\t\t\t<span class=\"elementor-icon-list-text\">Secretario: Juan Carlos Hidalgo Ciudad<\/span>\n\t\t\t\t\t\t\t\t\t<\/li>\n\t\t\t\t\t\t\t\t<li class=\"elementor-icon-list-item\">\n\t\t\t\t\t\t\t\t\t\t\t<span class=\"elementor-icon-list-icon\">\n\t\t\t\t\t\t\t<i aria-hidden=\"true\" class=\"far fa-user\"><\/i>\t\t\t\t\t\t<\/span>\n\t\t\t\t\t\t\t\t\t\t<span class=\"elementor-icon-list-text\">Gestora de Adm\u00f3n.: Ana Luisa Mart\u00edn Bejarano<\/span>\n\t\t\t\t\t\t\t\t\t<\/li>\n\t\t\t\t\t\t<\/ul>\n\t\t\t\t\t\t<\/div>\n\t\t\t\t<\/div>\n\t\t\t\t\t<\/div>\n\t\t\t\t<\/div>\n\t\t\t\t\t<\/div>\n\t\t\t\t<\/div>\n\t\t<div class=\"elementor-element elementor-element-da6b5a5 e-flex e-con-boxed e-con e-parent\" data-id=\"da6b5a5\" data-element_type=\"container\" data-e-type=\"container\">\n\t\t\t\t\t<div class=\"e-con-inner\">\n\t\t<div class=\"elementor-element elementor-element-21c315a e-flex e-con-boxed e-con e-child\" data-id=\"21c315a\" data-element_type=\"container\" data-e-type=\"container\">\n\t\t\t\t\t<div class=\"e-con-inner\">\n\t\t<div class=\"elementor-element elementor-element-368ff4e e-flex e-con-boxed e-con e-child\" data-id=\"368ff4e\" data-element_type=\"container\" data-e-type=\"container\" data-settings=\"{&quot;background_background&quot;:&quot;classic&quot;}\">\n\t\t\t\t\t<div class=\"e-con-inner\">\n\t\t<div class=\"elementor-element elementor-element-4a092fd e-con-full e-flex e-con e-child\" data-id=\"4a092fd\" data-element_type=\"container\" data-e-type=\"container\">\n\t\t\t\t<div class=\"elementor-element elementor-element-1046676 elementor-widget elementor-widget-image\" data-id=\"1046676\" data-element_type=\"widget\" data-e-type=\"widget\" data-widget_type=\"image.default\">\n\t\t\t\t<div class=\"elementor-widget-container\">\n\t\t\t\t\t\t\t\t\t\t\t\t\t\t\t<img decoding=\"async\" src=\"https:\/\/departamento.us.es\/litingnor\/wp-content\/uploads\/elementor\/thumbs\/logo_us-qo6ss7f1oi3ihcrntqju0fr7biaxhj9g48tlyrnf9c.png\" title=\"Universidad de Sevilla\" alt=\"Logotipo de la Universidad de Sevilla\" loading=\"lazy\" \/>\t\t\t\t\t\t\t\t\t\t\t\t\t\t\t<\/div>\n\t\t\t\t<\/div>\n\t\t\t\t<\/div>\n\t\t\t\t<div class=\"elementor-element elementor-element-d0367a6 elementor-list-item-link-inline elementor-icon-list--layout-traditional elementor-widget elementor-widget-icon-list\" data-id=\"d0367a6\" data-element_type=\"widget\" data-e-type=\"widget\" data-widget_type=\"icon-list.default\">\n\t\t\t\t<div class=\"elementor-widget-container\">\n\t\t\t\t\t\t\t<ul class=\"elementor-icon-list-items\">\n\t\t\t\t\t\t\t<li class=\"elementor-icon-list-item\">\n\t\t\t\t\t\t\t\t\t\t<span class=\"elementor-icon-list-text\">Universidad de Sevilla<\/span>\n\t\t\t\t\t\t\t\t\t<\/li>\n\t\t\t\t\t\t\t\t<li class=\"elementor-icon-list-item\">\n\t\t\t\t\t\t\t\t\t\t\t<span class=\"elementor-icon-list-icon\">\n\t\t\t\t\t\t\t<i aria-hidden=\"true\" class=\"fas fa-map-marker-alt\"><\/i>\t\t\t\t\t\t<\/span>\n\t\t\t\t\t\t\t\t\t\t<span class=\"elementor-icon-list-text\">C\/ San Fernando, 4, C.P. 41004-Sevilla, Espa\u00f1a<\/span>\n\t\t\t\t\t\t\t\t\t<\/li>\n\t\t\t\t\t\t<\/ul>\n\t\t\t\t\t\t<\/div>\n\t\t\t\t<\/div>\n\t\t\t\t\t<\/div>\n\t\t\t\t<\/div>\n\t\t\t\t<div class=\"elementor-element elementor-element-f08e288 elementor-widget elementor-widget-google_maps\" data-id=\"f08e288\" data-element_type=\"widget\" data-e-type=\"widget\" data-widget_type=\"google_maps.default\">\n\t\t\t\t<div class=\"elementor-widget-container\">\n\t\t\t\t\t\t\t<div class=\"elementor-custom-embed\">\n\t\t\t<iframe loading=\"lazy\"\n\t\t\t\t\tsrc=\"https:\/\/maps.google.com\/maps?q=Universidad%20de%20Sevilla%20calle%20san%20fernando%204%2C%20Espa%C3%B1a%E2%80%8B&#038;t=m&#038;z=14&#038;output=embed&#038;iwloc=near\"\n\t\t\t\t\ttitle=\"Universidad de Sevilla calle san fernando 4, Espa\u00f1a\u200b\"\n\t\t\t\t\taria-label=\"Universidad de Sevilla calle san fernando 4, Espa\u00f1a\u200b\"\n\t\t\t><\/iframe>\n\t\t<\/div>\n\t\t\t\t\t\t<\/div>\n\t\t\t\t<\/div>\n\t\t\t\t\t<\/div>\n\t\t\t\t<\/div>\n\t\t<div class=\"elementor-element elementor-element-5be8376 e-flex e-con-boxed e-con e-child\" data-id=\"5be8376\" data-element_type=\"container\" data-e-type=\"container\">\n\t\t\t\t\t<div class=\"e-con-inner\">\n\t\t<div class=\"elementor-element elementor-element-c102d62 e-flex e-con-boxed e-con e-child\" data-id=\"c102d62\" data-element_type=\"container\" data-e-type=\"container\" data-settings=\"{&quot;background_background&quot;:&quot;classic&quot;}\">\n\t\t\t\t\t<div class=\"e-con-inner\">\n\t\t<div class=\"elementor-element elementor-element-63fa681 e-con-full e-flex e-con e-child\" data-id=\"63fa681\" data-element_type=\"container\" data-e-type=\"container\">\n\t\t\t\t<div class=\"elementor-element elementor-element-bfb4559 elementor-widget elementor-widget-image\" data-id=\"bfb4559\" data-element_type=\"widget\" data-e-type=\"widget\" data-widget_type=\"image.default\">\n\t\t\t\t<div class=\"elementor-widget-container\">\n\t\t\t\t\t\t\t\t\t\t\t\t\t\t\t<img decoding=\"async\" src=\"https:\/\/departamento.us.es\/litingnor\/wp-content\/uploads\/elementor\/thumbs\/logo_us-qo6ss7f1oi3ihcrntqju0fr7biaxhj9g48tlyrnf9c.png\" title=\"Universidad de Sevilla\" alt=\"Logotipo de la Universidad de Sevilla\" loading=\"lazy\" \/>\t\t\t\t\t\t\t\t\t\t\t\t\t\t\t<\/div>\n\t\t\t\t<\/div>\n\t\t\t\t<\/div>\n\t\t\t\t<div class=\"elementor-element elementor-element-e6d4ba5 elementor-list-item-link-inline elementor-icon-list--layout-traditional elementor-widget elementor-widget-icon-list\" data-id=\"e6d4ba5\" data-element_type=\"widget\" data-e-type=\"widget\" data-widget_type=\"icon-list.default\">\n\t\t\t\t<div class=\"elementor-widget-container\">\n\t\t\t\t\t\t\t<ul class=\"elementor-icon-list-items\">\n\t\t\t\t\t\t\t<li class=\"elementor-icon-list-item\">\n\t\t\t\t\t\t\t\t\t\t<span class=\"elementor-icon-list-text\">Facultad de Filolog\u00eda (Universidad de Sevilla)<\/span>\n\t\t\t\t\t\t\t\t\t<\/li>\n\t\t\t\t\t\t\t\t<li class=\"elementor-icon-list-item\">\n\t\t\t\t\t\t\t\t\t\t\t<span class=\"elementor-icon-list-icon\">\n\t\t\t\t\t\t\t<i aria-hidden=\"true\" class=\"fas fa-map-marker-alt\"><\/i>\t\t\t\t\t\t<\/span>\n\t\t\t\t\t\t\t\t\t\t<span class=\"elementor-icon-list-text\">C. Palos de la Frontera, s\/n, C.P. 41004-Sevilla, Espa\u00f1a<\/span>\n\t\t\t\t\t\t\t\t\t<\/li>\n\t\t\t\t\t\t<\/ul>\n\t\t\t\t\t\t<\/div>\n\t\t\t\t<\/div>\n\t\t\t\t\t<\/div>\n\t\t\t\t<\/div>\n\t\t\t\t<div class=\"elementor-element elementor-element-53f6717 elementor-widget elementor-widget-google_maps\" data-id=\"53f6717\" data-element_type=\"widget\" data-e-type=\"widget\" data-widget_type=\"google_maps.default\">\n\t\t\t\t<div class=\"elementor-widget-container\">\n\t\t\t\t\t\t\t<div class=\"elementor-custom-embed\">\n\t\t\t<iframe loading=\"lazy\"\n\t\t\t\t\tsrc=\"https:\/\/maps.google.com\/maps?q=facultad%20de%20filolog%C3%ADa%20Sevilla%2C%20Espa%C3%B1a&#038;t=m&#038;z=14&#038;output=embed&#038;iwloc=near\"\n\t\t\t\t\ttitle=\"facultad de filolog\u00eda Sevilla, Espa\u00f1a\"\n\t\t\t\t\taria-label=\"facultad de filolog\u00eda Sevilla, Espa\u00f1a\"\n\t\t\t><\/iframe>\n\t\t<\/div>\n\t\t\t\t\t\t<\/div>\n\t\t\t\t<\/div>\n\t\t\t\t\t<\/div>\n\t\t\t\t<\/div>\n\t\t\t\t\t<\/div>\n\t\t\t\t<\/div>\n\t\t\t\t<\/div>\n\t\t","protected":false},"excerpt":{"rendered":"<p>Facebook Instagram X-twitter D\u00f3nde encontrarnos E-mail: sec-liting@us.es Tel\u00e9fono: 954551551 Directora: Carolina S\u00e1nchez-Palencia Carazo Secretario: Juan Carlos Hidalgo Ciudad Gestora de Adm\u00f3n.: Ana Luisa Mart\u00edn Bejarano Universidad de Sevilla C\/ San Fernando, 4, C.P. 41004-Sevilla, Espa\u00f1a Facultad de Filolog\u00eda (Universidad de Sevilla) C. Palos de la Frontera, s\/n, C.P. 41004-Sevilla, Espa\u00f1a<\/p>\n","protected":false},"author":1,"featured_media":0,"parent":0,"menu_order":0,"comment_status":"closed","ping_status":"closed","template":"","meta":{"_acf_changed":false,"footnotes":""},"class_list":["post-3924","page","type-page","status-publish","hentry"],"acf":[],"yoast_head":"<!-- This site is optimized with the Yoast SEO plugin v27.5 - https:\/\/yoast.com\/product\/yoast-seo-wordpress\/ -->\n<title>Contacto - LITINGNOR<\/title>\n<meta name=\"robots\" content=\"index, follow, max-snippet:-1, max-image-preview:large, max-video-preview:-1\" \/>\n<link rel=\"canonical\" href=\"https:\/\/departamento.us.es\/litingnor\/contacto\/\" \/>\n<meta property=\"og:locale\" content=\"es_ES\" \/>\n<meta property=\"og:type\" content=\"article\" \/>\n<meta property=\"og:title\" content=\"Contacto - LITINGNOR\" \/>\n<meta property=\"og:description\" content=\"Facebook Instagram X-twitter D\u00f3nde encontrarnos E-mail: sec-liting@us.es Tel\u00e9fono: 954551551 Directora: Carolina S\u00e1nchez-Palencia Carazo Secretario: Juan Carlos Hidalgo Ciudad Gestora de Adm\u00f3n.: Ana Luisa Mart\u00edn Bejarano Universidad de Sevilla C\/ San Fernando, 4, C.P. 41004-Sevilla, Espa\u00f1a Facultad de Filolog\u00eda (Universidad de Sevilla) C. Palos de la Frontera, s\/n, C.P. 41004-Sevilla, Espa\u00f1a\" \/>\n<meta property=\"og:url\" content=\"https:\/\/departamento.us.es\/litingnor\/contacto\/\" \/>\n<meta property=\"og:site_name\" content=\"LITINGNOR\" \/>\n<meta property=\"article:modified_time\" content=\"2024-06-24T12:57:38+00:00\" \/>\n<meta property=\"og:image\" content=\"https:\/\/departamento.us.es\/litingnor\/wp-content\/uploads\/elementor\/thumbs\/logo_us-qo6ss7f1oi3ihcrntqju0fr7biaxhj9g48tlyrnf9c.png\" \/>\n<meta name=\"twitter:card\" content=\"summary_large_image\" \/>\n<meta name=\"twitter:label1\" content=\"Tiempo de lectura\" \/>\n\t<meta name=\"twitter:data1\" content=\"1 minuto\" \/>\n<script type=\"application\/ld+json\" class=\"yoast-schema-graph\">{\"@context\":\"https:\\\/\\\/schema.org\",\"@graph\":[{\"@type\":\"WebPage\",\"@id\":\"https:\\\/\\\/departamento.us.es\\\/litingnor\\\/contacto\\\/\",\"url\":\"https:\\\/\\\/departamento.us.es\\\/litingnor\\\/contacto\\\/\",\"name\":\"Contacto - LITINGNOR\",\"isPartOf\":{\"@id\":\"https:\\\/\\\/departamento.us.es\\\/litingnor\\\/#website\"},\"primaryImageOfPage\":{\"@id\":\"https:\\\/\\\/departamento.us.es\\\/litingnor\\\/contacto\\\/#primaryimage\"},\"image\":{\"@id\":\"https:\\\/\\\/departamento.us.es\\\/litingnor\\\/contacto\\\/#primaryimage\"},\"thumbnailUrl\":\"https:\\\/\\\/departamento.us.es\\\/litingnor\\\/wp-content\\\/uploads\\\/elementor\\\/thumbs\\\/logo_us-qo6ss7f1oi3ihcrntqju0fr7biaxhj9g48tlyrnf9c.png\",\"datePublished\":\"2024-03-05T08:57:46+00:00\",\"dateModified\":\"2024-06-24T12:57:38+00:00\",\"inLanguage\":\"es\",\"potentialAction\":[{\"@type\":\"ReadAction\",\"target\":[\"https:\\\/\\\/departamento.us.es\\\/litingnor\\\/contacto\\\/\"]}]},{\"@type\":\"ImageObject\",\"inLanguage\":\"es\",\"@id\":\"https:\\\/\\\/departamento.us.es\\\/litingnor\\\/contacto\\\/#primaryimage\",\"url\":\"https:\\\/\\\/departamento.us.es\\\/litingnor\\\/wp-content\\\/uploads\\\/elementor\\\/thumbs\\\/logo_us-qo6ss7f1oi3ihcrntqju0fr7biaxhj9g48tlyrnf9c.png\",\"contentUrl\":\"https:\\\/\\\/departamento.us.es\\\/litingnor\\\/wp-content\\\/uploads\\\/elementor\\\/thumbs\\\/logo_us-qo6ss7f1oi3ihcrntqju0fr7biaxhj9g48tlyrnf9c.png\"},{\"@type\":\"WebSite\",\"@id\":\"https:\\\/\\\/departamento.us.es\\\/litingnor\\\/#website\",\"url\":\"https:\\\/\\\/departamento.us.es\\\/litingnor\\\/\",\"name\":\"LITINGNOR\",\"description\":\"Dpto. LITINGNOR\",\"publisher\":{\"@id\":\"https:\\\/\\\/departamento.us.es\\\/litingnor\\\/#organization\"},\"potentialAction\":[{\"@type\":\"SearchAction\",\"target\":{\"@type\":\"EntryPoint\",\"urlTemplate\":\"https:\\\/\\\/departamento.us.es\\\/litingnor\\\/?s={search_term_string}\"},\"query-input\":{\"@type\":\"PropertyValueSpecification\",\"valueRequired\":true,\"valueName\":\"search_term_string\"}}],\"inLanguage\":\"es\"},{\"@type\":\"Organization\",\"@id\":\"https:\\\/\\\/departamento.us.es\\\/litingnor\\\/#organization\",\"name\":\"LITINGNOR\",\"url\":\"https:\\\/\\\/departamento.us.es\\\/litingnor\\\/\",\"logo\":{\"@type\":\"ImageObject\",\"inLanguage\":\"es\",\"@id\":\"https:\\\/\\\/departamento.us.es\\\/litingnor\\\/#\\\/schema\\\/logo\\\/image\\\/\",\"url\":\"https:\\\/\\\/departamento.us.es\\\/litingnor\\\/wp-content\\\/uploads\\\/2022\\\/03\\\/logo_us.png\",\"contentUrl\":\"https:\\\/\\\/departamento.us.es\\\/litingnor\\\/wp-content\\\/uploads\\\/2022\\\/03\\\/logo_us.png\",\"width\":300,\"height\":307,\"caption\":\"LITINGNOR\"},\"image\":{\"@id\":\"https:\\\/\\\/departamento.us.es\\\/litingnor\\\/#\\\/schema\\\/logo\\\/image\\\/\"}}]}<\/script>\n<!-- \/ Yoast SEO plugin. -->","yoast_head_json":{"title":"Contacto - LITINGNOR","robots":{"index":"index","follow":"follow","max-snippet":"max-snippet:-1","max-image-preview":"max-image-preview:large","max-video-preview":"max-video-preview:-1"},"canonical":"https:\/\/departamento.us.es\/litingnor\/contacto\/","og_locale":"es_ES","og_type":"article","og_title":"Contacto - LITINGNOR","og_description":"Facebook Instagram X-twitter D\u00f3nde encontrarnos E-mail: sec-liting@us.es Tel\u00e9fono: 954551551 Directora: Carolina S\u00e1nchez-Palencia Carazo Secretario: Juan Carlos Hidalgo Ciudad Gestora de Adm\u00f3n.: Ana Luisa Mart\u00edn Bejarano Universidad de Sevilla C\/ San Fernando, 4, C.P. 41004-Sevilla, Espa\u00f1a Facultad de Filolog\u00eda (Universidad de Sevilla) C. Palos de la Frontera, s\/n, C.P. 41004-Sevilla, Espa\u00f1a","og_url":"https:\/\/departamento.us.es\/litingnor\/contacto\/","og_site_name":"LITINGNOR","article_modified_time":"2024-06-24T12:57:38+00:00","og_image":[{"url":"https:\/\/departamento.us.es\/litingnor\/wp-content\/uploads\/elementor\/thumbs\/logo_us-qo6ss7f1oi3ihcrntqju0fr7biaxhj9g48tlyrnf9c.png","type":"","width":"","height":""}],"twitter_card":"summary_large_image","twitter_misc":{"Tiempo de lectura":"1 minuto"},"schema":{"@context":"https:\/\/schema.org","@graph":[{"@type":"WebPage","@id":"https:\/\/departamento.us.es\/litingnor\/contacto\/","url":"https:\/\/departamento.us.es\/litingnor\/contacto\/","name":"Contacto - LITINGNOR","isPartOf":{"@id":"https:\/\/departamento.us.es\/litingnor\/#website"},"primaryImageOfPage":{"@id":"https:\/\/departamento.us.es\/litingnor\/contacto\/#primaryimage"},"image":{"@id":"https:\/\/departamento.us.es\/litingnor\/contacto\/#primaryimage"},"thumbnailUrl":"https:\/\/departamento.us.es\/litingnor\/wp-content\/uploads\/elementor\/thumbs\/logo_us-qo6ss7f1oi3ihcrntqju0fr7biaxhj9g48tlyrnf9c.png","datePublished":"2024-03-05T08:57:46+00:00","dateModified":"2024-06-24T12:57:38+00:00","inLanguage":"es","potentialAction":[{"@type":"ReadAction","target":["https:\/\/departamento.us.es\/litingnor\/contacto\/"]}]},{"@type":"ImageObject","inLanguage":"es","@id":"https:\/\/departamento.us.es\/litingnor\/contacto\/#primaryimage","url":"https:\/\/departamento.us.es\/litingnor\/wp-content\/uploads\/elementor\/thumbs\/logo_us-qo6ss7f1oi3ihcrntqju0fr7biaxhj9g48tlyrnf9c.png","contentUrl":"https:\/\/departamento.us.es\/litingnor\/wp-content\/uploads\/elementor\/thumbs\/logo_us-qo6ss7f1oi3ihcrntqju0fr7biaxhj9g48tlyrnf9c.png"},{"@type":"WebSite","@id":"https:\/\/departamento.us.es\/litingnor\/#website","url":"https:\/\/departamento.us.es\/litingnor\/","name":"LITINGNOR","description":"Dpto. LITINGNOR","publisher":{"@id":"https:\/\/departamento.us.es\/litingnor\/#organization"},"potentialAction":[{"@type":"SearchAction","target":{"@type":"EntryPoint","urlTemplate":"https:\/\/departamento.us.es\/litingnor\/?s={search_term_string}"},"query-input":{"@type":"PropertyValueSpecification","valueRequired":true,"valueName":"search_term_string"}}],"inLanguage":"es"},{"@type":"Organization","@id":"https:\/\/departamento.us.es\/litingnor\/#organization","name":"LITINGNOR","url":"https:\/\/departamento.us.es\/litingnor\/","logo":{"@type":"ImageObject","inLanguage":"es","@id":"https:\/\/departamento.us.es\/litingnor\/#\/schema\/logo\/image\/","url":"https:\/\/departamento.us.es\/litingnor\/wp-content\/uploads\/2022\/03\/logo_us.png","contentUrl":"https:\/\/departamento.us.es\/litingnor\/wp-content\/uploads\/2022\/03\/logo_us.png","width":300,"height":307,"caption":"LITINGNOR"},"image":{"@id":"https:\/\/departamento.us.es\/litingnor\/#\/schema\/logo\/image\/"}}]}},"_links":{"self":[{"href":"https:\/\/departamento.us.es\/litingnor\/wp-json\/wp\/v2\/pages\/3924","targetHints":{"allow":["GET"]}}],"collection":[{"href":"https:\/\/departamento.us.es\/litingnor\/wp-json\/wp\/v2\/pages"}],"about":[{"href":"https:\/\/departamento.us.es\/litingnor\/wp-json\/wp\/v2\/types\/page"}],"author":[{"embeddable":true,"href":"https:\/\/departamento.us.es\/litingnor\/wp-json\/wp\/v2\/users\/1"}],"replies":[{"embeddable":true,"href":"https:\/\/departamento.us.es\/litingnor\/wp-json\/wp\/v2\/comments?post=3924"}],"version-history":[{"count":0,"href":"https:\/\/departamento.us.es\/litingnor\/wp-json\/wp\/v2\/pages\/3924\/revisions"}],"wp:attachment":[{"href":"https:\/\/departamento.us.es\/litingnor\/wp-json\/wp\/v2\/media?parent=3924"}],"curies":[{"name":"wp","href":"https:\/\/api.w.org\/{rel}","templated":true}]}}