{"id":3960,"date":"2024-03-08T11:55:21","date_gmt":"2024-03-08T11:55:21","guid":{"rendered":"https:\/\/departamento.us.es\/litingnor\/?page_id=3960"},"modified":"2024-04-30T08:33:22","modified_gmt":"2024-04-30T08:33:22","slug":"grupos-de-investigacion","status":"publish","type":"page","link":"https:\/\/departamento.us.es\/litingnor\/investigacion\/grupos-de-investigacion\/","title":{"rendered":"Grupos de investigaci\u00f3n"},"content":{"rendered":"\t\t<div data-elementor-type=\"wp-page\" data-elementor-id=\"3960\" class=\"elementor elementor-3960\" data-elementor-post-type=\"page\">\n\t\t\t\t<div class=\"elementor-element elementor-element-0bf2b60 e-flex e-con-boxed e-con e-parent\" data-id=\"0bf2b60\" data-element_type=\"container\">\n\t\t\t\t\t<div class=\"e-con-inner\">\n\t\t\t\t<div class=\"elementor-element elementor-element-8bf607d elementor-widget elementor-widget-n-accordion\" data-id=\"8bf607d\" data-element_type=\"widget\" data-settings=\"{&quot;default_state&quot;:&quot;all_collapsed&quot;,&quot;max_items_expended&quot;:&quot;one&quot;,&quot;n_accordion_animation_duration&quot;:{&quot;unit&quot;:&quot;ms&quot;,&quot;size&quot;:400,&quot;sizes&quot;:[]}}\" data-widget_type=\"nested-accordion.default\">\n\t\t\t\t<div class=\"elementor-widget-container\">\n\t\t\t\t\t\t\t<div class=\"e-n-accordion\" aria-label=\"Accordion. Open links with Enter or Space, close with Escape, and navigate with Arrow Keys\">\n\t\t\t\t\t\t<details id=\"e-n-accordion-item-1460\" class=\"e-n-accordion-item\" >\n\t\t\t\t<summary class=\"e-n-accordion-item-title\" data-accordion-index=\"1\" tabindex=\"0\" aria-expanded=\"false\" aria-controls=\"e-n-accordion-item-1460\" >\n\t\t\t\t\t<span class='e-n-accordion-item-title-header'><div class=\"e-n-accordion-item-title-text\"> Estudios medievales y renacentistas ingleses <\/div><\/span>\n\t\t\t\t\t\t\t<span class='e-n-accordion-item-title-icon'>\n\t\t\t<span class='e-opened' ><i aria-hidden=\"true\" class=\"fas fa-angle-down\"><\/i><\/span>\n\t\t\t<span class='e-closed'><i aria-hidden=\"true\" class=\"fas fa-angle-right\"><\/i><\/span>\n\t\t<\/span>\n\n\t\t\t\t\t\t<\/summary>\n\t\t\t\t<div role=\"region\" aria-labelledby=\"e-n-accordion-item-1460\" class=\"elementor-element elementor-element-1938535 e-con-full e-flex e-con e-child\" data-id=\"1938535\" data-element_type=\"container\">\n\t\t\t\t<div class=\"elementor-element elementor-element-ab20947 elementor-widget elementor-widget-text-editor\" data-id=\"ab20947\" data-element_type=\"widget\" data-widget_type=\"text-editor.default\">\n\t\t\t\t<div class=\"elementor-widget-container\">\n\t\t\t\t\t\t\t\t\t<p>Se fund\u00f3 en 1995 bajo la direcci\u00f3n del profesor Rafael Portillo Garc\u00eda. Incorpora a 22 profesores e investigadores vinculados al Departamento de Literatura Inglesa y Norteamericana y dedicados al estudio de textos literarios de estos periodos, su relaci\u00f3n con su contexto cultural, y su influencia en la cultura contempor\u00e1nea. En particular, las \u00e1reas de mayor inter\u00e9s son la poes\u00eda anglosajona y el romance y el teatro medievales y renacentistas.<\/p>\t\t\t\t\t\t\t\t<\/div>\n\t\t\t\t<\/div>\n\t\t\t\t<\/div>\n\t\t\t\t\t<\/details>\n\t\t\t\t\t\t<details id=\"e-n-accordion-item-1461\" class=\"e-n-accordion-item\" >\n\t\t\t\t<summary class=\"e-n-accordion-item-title\" data-accordion-index=\"2\" tabindex=\"-1\" aria-expanded=\"false\" aria-controls=\"e-n-accordion-item-1461\" >\n\t\t\t\t\t<span class='e-n-accordion-item-title-header'><div class=\"e-n-accordion-item-title-text\"> James Joyce: Evoluci\u00f3n narrativa y sus repercusiones <\/div><\/span>\n\t\t\t\t\t\t\t<span class='e-n-accordion-item-title-icon'>\n\t\t\t<span class='e-opened' ><i aria-hidden=\"true\" class=\"fas fa-angle-down\"><\/i><\/span>\n\t\t\t<span class='e-closed'><i aria-hidden=\"true\" class=\"fas fa-angle-right\"><\/i><\/span>\n\t\t<\/span>\n\n\t\t\t\t\t\t<\/summary>\n\t\t\t\t<div role=\"region\" aria-labelledby=\"e-n-accordion-item-1461\" class=\"elementor-element elementor-element-990b2e1 e-con-full e-flex e-con e-child\" data-id=\"990b2e1\" data-element_type=\"container\">\n\t\t\t\t<div class=\"elementor-element elementor-element-bb96016 elementor-widget elementor-widget-text-editor\" data-id=\"bb96016\" data-element_type=\"widget\" data-widget_type=\"text-editor.default\">\n\t\t\t\t<div class=\"elementor-widget-container\">\n\t\t\t\t\t\t\t\t\t<p>Como dijo Borges en cierta ocasi\u00f3n, \u201cJoyce\u201d no es un literato, sino una literatura. Consecuentemente, en nuestro grupo de investigaci\u00f3n nos ocupamos tanto de los antecedentes como de la obra espec\u00edfica de James Joyce y de sus repercusiones, a trav\u00e9s de actividades de divulgaci\u00f3n, traducci\u00f3n e investigaci\u00f3n. Igualmente promovemos la creaci\u00f3n literaria de nuestros miembros.<\/p><p>A continuaci\u00f3n, listamos algunas de las actividades realizadas recientemente y de v\u00ednculos a internet y\/o redes sociales:<\/p><ul><li>Recordando la muerte de James Joyce. Online. Facebook: Iberjoyce<\/li><li>Celebraci\u00f3n del centenario de la publicaci\u00f3n de Online. Facebook: Iberjoyce<\/li><li>Cincuenta Sombras de Joyce. Conmemoraci\u00f3n de los cien a\u00f1os del Bloomsday. Universidad de Santiago de Compostela<\/li><li>Montando el <em>Ulises<\/em>. XXVI Sal\u00f3n de Estudiantes Grado y Posgrado, y Ferisport. Universidad de Sevilla<\/li><li>Joyce and Violence. XXXI Encuentros James Joyce. Universidad de la Laguna<\/li><li>Jornadas \u201c1922: Un siglo de Modernismo.\u00bbUniversidad de Sevilla<\/li><li>Taller sobre <em>Ulises<\/em>. Librer\u00eda El Gusanito Lector. Sevilla<\/li><li>2022 Emily Dickinson International Society Conference: \u201cDickinson and Foreignhood.\u201d Universidad de Sevilla<\/li><li>La Odisea de Dubl\u00edn. Cursos de Oto\u00f1o. Universidad de Sevilla: Cursos de Oto\u00f1o<\/li><li>\u201cEstudiar o escribir, esa es la cuesti\u00f3n.\u201d Jornadas. Universidad de Sevilla<\/li><li>Lectura y traducci\u00f3n semanal de <em>Finnegans Wake<\/em>. <a href=\"http:\/\/www.iberjoyce.es\/\" target=\"_blank\" rel=\"noopener\">iberjoyce.es<\/a><\/li><li>Programa mensual de radio \u201cNothing like the Sun,\u201d Radius, la radio de la universidad de Sevilla. <a href=\"https:\/\/radio.us.es\/programa\/nothing-like-the-sun\/\" target=\"_blank\" rel=\"noopener\">https:\/\/radio.us.es\/programa\/nothing-like-the-sun\/<\/a><\/li><li>Coordinaci\u00f3n de \u201ciberjoyce,\u201d la p\u00e1gina web de la asociaci\u00f3n espa\u00f1ola James Joyce: <a href=\"http:\/\/www.iberjoyce.es\" target=\"_blank\" rel=\"noopener\">iberjoyce.es<\/a><\/li><li>Coordinaci\u00f3n de \u201ciberjoyce,\u201d la cuenta Facebook de la asociaci\u00f3n espa\u00f1ola James Joyce: <a href=\"https:\/\/www.facebook.com\/iberjoyce\/?locale=es_ES\" target=\"_blank\" rel=\"noopener\">https:\/\/www.facebook.com\/iberjoyce\/?locale=es_ES<\/a><\/li><li>Blogs de componentes del grupo:<ul><li>Un Pliego de Papel. Bit\u00e1cora de lectura. <a href=\"https:\/\/unpliegodepapel.wordpress.com\/\" target=\"_blank\" rel=\"noopener\">https:\/\/unpliegodepapel.wordpress.com\/<\/a><\/li><li>Romero Barea. Escritor. <a href=\"https:\/\/romerobarea.wordpress.com\/\" target=\"_blank\" rel=\"noopener\">https:\/\/romerobarea.wordpress.com\/<\/a><\/li><\/ul><\/li><\/ul><p>\u00a0<\/p>\t\t\t\t\t\t\t\t<\/div>\n\t\t\t\t<\/div>\n\t\t\t\t<\/div>\n\t\t\t\t\t<\/details>\n\t\t\t\t\t\t<details id=\"e-n-accordion-item-1462\" class=\"e-n-accordion-item\" >\n\t\t\t\t<summary class=\"e-n-accordion-item-title\" data-accordion-index=\"3\" tabindex=\"-1\" aria-expanded=\"false\" aria-controls=\"e-n-accordion-item-1462\" >\n\t\t\t\t\t<span class='e-n-accordion-item-title-header'><div class=\"e-n-accordion-item-title-text\"> Estudios norteamericanos <\/div><\/span>\n\t\t\t\t\t\t\t<span class='e-n-accordion-item-title-icon'>\n\t\t\t<span class='e-opened' ><i aria-hidden=\"true\" class=\"fas fa-angle-down\"><\/i><\/span>\n\t\t\t<span class='e-closed'><i aria-hidden=\"true\" class=\"fas fa-angle-right\"><\/i><\/span>\n\t\t<\/span>\n\n\t\t\t\t\t\t<\/summary>\n\t\t\t\t<div role=\"region\" aria-labelledby=\"e-n-accordion-item-1462\" class=\"elementor-element elementor-element-330ab96 e-con-full e-flex e-con e-child\" data-id=\"330ab96\" data-element_type=\"container\">\n\t\t\t\t<div class=\"elementor-element elementor-element-c79c8ae elementor-widget elementor-widget-text-editor\" data-id=\"c79c8ae\" data-element_type=\"widget\" data-widget_type=\"text-editor.default\">\n\t\t\t\t<div class=\"elementor-widget-container\">\n\t\t\t\t\t\t\t\t\t<p>Fue fundado por la Dra. Pilar Mar\u00edn Madrazo, primera catedr\u00e1tica de Estudios Norteamericanos en Espa\u00f1a. En \u00e9l se ha desarrollado una intensa investigaci\u00f3n sobre m\u00faltiples \u00e1mbitos de la cultura y la literatura norteamericanas, con vol\u00famenes colectivos sobre, entre otras cuestiones, los a\u00f1os 60 y la era de Vietnam en Estados Unidos, as\u00ed como la literatura chicana. Asimismo, se han organizado seminarios, encuentros y conferencias. En la actualidad los intereses de los miembros del grupo son diversos, desde la literatura colonial, de la Revoluci\u00f3n americana, del siglo XIX y naturalmente de los siglos XX y XXI, \u00e1reas en las que destaca por el trabajo realizado sobre la literatura afroamericana, el\u00a0teatro norteamericano y su incidencia en Espa\u00f1a, la ciencia ficci\u00f3n, etc. En la actualidad se regenta desde este grupo el Seminario Permanente de Estudios Norteamericanos Pilar Mar\u00edn Madrazo, que no s\u00f3lo rinde homenaje a la fundadora del grupo, sino que organiza actividades de difusi\u00f3n y transferencia de conocimiento sobre estudios norteamericanos.<\/p>\t\t\t\t\t\t\t\t<\/div>\n\t\t\t\t<\/div>\n\t\t\t\t<\/div>\n\t\t\t\t\t<\/details>\n\t\t\t\t\t<\/div>\n\t\t\t\t\t\t<\/div>\n\t\t\t\t<\/div>\n\t\t\t\t\t<\/div>\n\t\t\t\t<\/div>\n\t\t\t\t<\/div>\n\t\t","protected":false},"excerpt":{"rendered":"<p>Estudios medievales y renacentistas ingleses Se fund\u00f3 en 1995 bajo la direcci\u00f3n del profesor Rafael Portillo Garc\u00eda. Incorpora a 22 profesores e investigadores vinculados al Departamento de Literatura Inglesa y Norteamericana y dedicados al estudio de textos literarios de estos periodos, su relaci\u00f3n con su contexto cultural, y su influencia en la cultura contempor\u00e1nea. En [&hellip;]<\/p>\n","protected":false},"author":1,"featured_media":0,"parent":3921,"menu_order":0,"comment_status":"closed","ping_status":"closed","template":"","meta":{"_acf_changed":false,"footnotes":""},"class_list":["post-3960","page","type-page","status-publish","hentry"],"acf":[],"yoast_head":"<!-- This site is optimized with the Yoast SEO plugin v26.5 - https:\/\/yoast.com\/wordpress\/plugins\/seo\/ -->\n<title>Grupos de investigaci\u00f3n - LITINGNOR<\/title>\n<meta name=\"robots\" content=\"index, follow, max-snippet:-1, max-image-preview:large, max-video-preview:-1\" \/>\n<link rel=\"canonical\" href=\"https:\/\/departamento.us.es\/litingnor\/investigacion\/grupos-de-investigacion\/\" \/>\n<meta property=\"og:locale\" content=\"es_ES\" \/>\n<meta property=\"og:type\" content=\"article\" \/>\n<meta property=\"og:title\" content=\"Grupos de investigaci\u00f3n - LITINGNOR\" \/>\n<meta property=\"og:description\" content=\"Estudios medievales y renacentistas ingleses Se fund\u00f3 en 1995 bajo la direcci\u00f3n del profesor Rafael Portillo Garc\u00eda. Incorpora a 22 profesores e investigadores vinculados al Departamento de Literatura Inglesa y Norteamericana y dedicados al estudio de textos literarios de estos periodos, su relaci\u00f3n con su contexto cultural, y su influencia en la cultura contempor\u00e1nea. En [&hellip;]\" \/>\n<meta property=\"og:url\" content=\"https:\/\/departamento.us.es\/litingnor\/investigacion\/grupos-de-investigacion\/\" \/>\n<meta property=\"og:site_name\" content=\"LITINGNOR\" \/>\n<meta property=\"article:modified_time\" content=\"2024-04-30T08:33:22+00:00\" \/>\n<meta name=\"twitter:card\" content=\"summary_large_image\" \/>\n<meta name=\"twitter:label1\" content=\"Tiempo de lectura\" \/>\n\t<meta name=\"twitter:data1\" content=\"5 minutos\" \/>\n<script type=\"application\/ld+json\" class=\"yoast-schema-graph\">{\"@context\":\"https:\/\/schema.org\",\"@graph\":[{\"@type\":\"WebPage\",\"@id\":\"https:\/\/departamento.us.es\/litingnor\/investigacion\/grupos-de-investigacion\/\",\"url\":\"https:\/\/departamento.us.es\/litingnor\/investigacion\/grupos-de-investigacion\/\",\"name\":\"Grupos de investigaci\u00f3n - LITINGNOR\",\"isPartOf\":{\"@id\":\"https:\/\/departamento.us.es\/litingnor\/#website\"},\"datePublished\":\"2024-03-08T11:55:21+00:00\",\"dateModified\":\"2024-04-30T08:33:22+00:00\",\"breadcrumb\":{\"@id\":\"https:\/\/departamento.us.es\/litingnor\/investigacion\/grupos-de-investigacion\/#breadcrumb\"},\"inLanguage\":\"es\",\"potentialAction\":[{\"@type\":\"ReadAction\",\"target\":[\"https:\/\/departamento.us.es\/litingnor\/investigacion\/grupos-de-investigacion\/\"]}]},{\"@type\":\"BreadcrumbList\",\"@id\":\"https:\/\/departamento.us.es\/litingnor\/investigacion\/grupos-de-investigacion\/#breadcrumb\",\"itemListElement\":[{\"@type\":\"ListItem\",\"position\":1,\"name\":\"Investigaci\u00f3n\",\"item\":\"https:\/\/departamento.us.es\/litingnor\/investigacion\/\"},{\"@type\":\"ListItem\",\"position\":2,\"name\":\"Grupos de investigaci\u00f3n\"}]},{\"@type\":\"WebSite\",\"@id\":\"https:\/\/departamento.us.es\/litingnor\/#website\",\"url\":\"https:\/\/departamento.us.es\/litingnor\/\",\"name\":\"LITINGNOR\",\"description\":\"Dpto. LITINGNOR\",\"publisher\":{\"@id\":\"https:\/\/departamento.us.es\/litingnor\/#organization\"},\"potentialAction\":[{\"@type\":\"SearchAction\",\"target\":{\"@type\":\"EntryPoint\",\"urlTemplate\":\"https:\/\/departamento.us.es\/litingnor\/?s={search_term_string}\"},\"query-input\":{\"@type\":\"PropertyValueSpecification\",\"valueRequired\":true,\"valueName\":\"search_term_string\"}}],\"inLanguage\":\"es\"},{\"@type\":\"Organization\",\"@id\":\"https:\/\/departamento.us.es\/litingnor\/#organization\",\"name\":\"LITINGNOR\",\"url\":\"https:\/\/departamento.us.es\/litingnor\/\",\"logo\":{\"@type\":\"ImageObject\",\"inLanguage\":\"es\",\"@id\":\"https:\/\/departamento.us.es\/litingnor\/#\/schema\/logo\/image\/\",\"url\":\"https:\/\/departamento.us.es\/litingnor\/wp-content\/uploads\/2022\/03\/logo_us.png\",\"contentUrl\":\"https:\/\/departamento.us.es\/litingnor\/wp-content\/uploads\/2022\/03\/logo_us.png\",\"width\":300,\"height\":307,\"caption\":\"LITINGNOR\"},\"image\":{\"@id\":\"https:\/\/departamento.us.es\/litingnor\/#\/schema\/logo\/image\/\"}}]}<\/script>\n<!-- \/ Yoast SEO plugin. -->","yoast_head_json":{"title":"Grupos de investigaci\u00f3n - LITINGNOR","robots":{"index":"index","follow":"follow","max-snippet":"max-snippet:-1","max-image-preview":"max-image-preview:large","max-video-preview":"max-video-preview:-1"},"canonical":"https:\/\/departamento.us.es\/litingnor\/investigacion\/grupos-de-investigacion\/","og_locale":"es_ES","og_type":"article","og_title":"Grupos de investigaci\u00f3n - LITINGNOR","og_description":"Estudios medievales y renacentistas ingleses Se fund\u00f3 en 1995 bajo la direcci\u00f3n del profesor Rafael Portillo Garc\u00eda. Incorpora a 22 profesores e investigadores vinculados al Departamento de Literatura Inglesa y Norteamericana y dedicados al estudio de textos literarios de estos periodos, su relaci\u00f3n con su contexto cultural, y su influencia en la cultura contempor\u00e1nea. En [&hellip;]","og_url":"https:\/\/departamento.us.es\/litingnor\/investigacion\/grupos-de-investigacion\/","og_site_name":"LITINGNOR","article_modified_time":"2024-04-30T08:33:22+00:00","twitter_card":"summary_large_image","twitter_misc":{"Tiempo de lectura":"5 minutos"},"schema":{"@context":"https:\/\/schema.org","@graph":[{"@type":"WebPage","@id":"https:\/\/departamento.us.es\/litingnor\/investigacion\/grupos-de-investigacion\/","url":"https:\/\/departamento.us.es\/litingnor\/investigacion\/grupos-de-investigacion\/","name":"Grupos de investigaci\u00f3n - LITINGNOR","isPartOf":{"@id":"https:\/\/departamento.us.es\/litingnor\/#website"},"datePublished":"2024-03-08T11:55:21+00:00","dateModified":"2024-04-30T08:33:22+00:00","breadcrumb":{"@id":"https:\/\/departamento.us.es\/litingnor\/investigacion\/grupos-de-investigacion\/#breadcrumb"},"inLanguage":"es","potentialAction":[{"@type":"ReadAction","target":["https:\/\/departamento.us.es\/litingnor\/investigacion\/grupos-de-investigacion\/"]}]},{"@type":"BreadcrumbList","@id":"https:\/\/departamento.us.es\/litingnor\/investigacion\/grupos-de-investigacion\/#breadcrumb","itemListElement":[{"@type":"ListItem","position":1,"name":"Investigaci\u00f3n","item":"https:\/\/departamento.us.es\/litingnor\/investigacion\/"},{"@type":"ListItem","position":2,"name":"Grupos de investigaci\u00f3n"}]},{"@type":"WebSite","@id":"https:\/\/departamento.us.es\/litingnor\/#website","url":"https:\/\/departamento.us.es\/litingnor\/","name":"LITINGNOR","description":"Dpto. LITINGNOR","publisher":{"@id":"https:\/\/departamento.us.es\/litingnor\/#organization"},"potentialAction":[{"@type":"SearchAction","target":{"@type":"EntryPoint","urlTemplate":"https:\/\/departamento.us.es\/litingnor\/?s={search_term_string}"},"query-input":{"@type":"PropertyValueSpecification","valueRequired":true,"valueName":"search_term_string"}}],"inLanguage":"es"},{"@type":"Organization","@id":"https:\/\/departamento.us.es\/litingnor\/#organization","name":"LITINGNOR","url":"https:\/\/departamento.us.es\/litingnor\/","logo":{"@type":"ImageObject","inLanguage":"es","@id":"https:\/\/departamento.us.es\/litingnor\/#\/schema\/logo\/image\/","url":"https:\/\/departamento.us.es\/litingnor\/wp-content\/uploads\/2022\/03\/logo_us.png","contentUrl":"https:\/\/departamento.us.es\/litingnor\/wp-content\/uploads\/2022\/03\/logo_us.png","width":300,"height":307,"caption":"LITINGNOR"},"image":{"@id":"https:\/\/departamento.us.es\/litingnor\/#\/schema\/logo\/image\/"}}]}},"_links":{"self":[{"href":"https:\/\/departamento.us.es\/litingnor\/wp-json\/wp\/v2\/pages\/3960","targetHints":{"allow":["GET"]}}],"collection":[{"href":"https:\/\/departamento.us.es\/litingnor\/wp-json\/wp\/v2\/pages"}],"about":[{"href":"https:\/\/departamento.us.es\/litingnor\/wp-json\/wp\/v2\/types\/page"}],"author":[{"embeddable":true,"href":"https:\/\/departamento.us.es\/litingnor\/wp-json\/wp\/v2\/users\/1"}],"replies":[{"embeddable":true,"href":"https:\/\/departamento.us.es\/litingnor\/wp-json\/wp\/v2\/comments?post=3960"}],"version-history":[{"count":0,"href":"https:\/\/departamento.us.es\/litingnor\/wp-json\/wp\/v2\/pages\/3960\/revisions"}],"up":[{"embeddable":true,"href":"https:\/\/departamento.us.es\/litingnor\/wp-json\/wp\/v2\/pages\/3921"}],"wp:attachment":[{"href":"https:\/\/departamento.us.es\/litingnor\/wp-json\/wp\/v2\/media?parent=3960"}],"curies":[{"name":"wp","href":"https:\/\/api.w.org\/{rel}","templated":true}]}}