{"id":3961,"date":"2024-03-08T11:56:20","date_gmt":"2024-03-08T11:56:20","guid":{"rendered":"https:\/\/departamento.us.es\/litingnor\/?page_id=3961"},"modified":"2024-06-24T12:51:42","modified_gmt":"2024-06-24T12:51:42","slug":"seminario-permanente","status":"publish","type":"page","link":"https:\/\/departamento.us.es\/litingnor\/investigacion\/seminario-permanente\/","title":{"rendered":"Seminario permanente"},"content":{"rendered":"\t\t<div data-elementor-type=\"wp-page\" data-elementor-id=\"3961\" class=\"elementor elementor-3961\" data-elementor-post-type=\"page\">\n\t\t\t\t<div class=\"elementor-element elementor-element-09f8bf1 e-flex e-con-boxed e-con e-parent\" data-id=\"09f8bf1\" data-element_type=\"container\">\n\t\t\t\t\t<div class=\"e-con-inner\">\n\t\t\t\t<div class=\"elementor-element elementor-element-491bfb7 elementor-widget elementor-widget-heading\" data-id=\"491bfb7\" data-element_type=\"widget\" data-widget_type=\"heading.default\">\n\t\t\t\t<div class=\"elementor-widget-container\">\n\t\t\t\t\t<h3 class=\"elementor-heading-title elementor-size-default\">Seminario Permanente PILAR MAR\u00cdN MADRAZO<\/h3>\t\t\t\t<\/div>\n\t\t\t\t<\/div>\n\t\t\t\t<div class=\"elementor-element elementor-element-734ae1d elementor-widget elementor-widget-text-editor\" data-id=\"734ae1d\" data-element_type=\"widget\" data-widget_type=\"text-editor.default\">\n\t\t\t\t<div class=\"elementor-widget-container\">\n\t\t\t\t\t\t\t\t\t<p>El Seminario Permanente de Estudios Norteamericanos <strong><em>Pilar Mar\u00edn Madrazo<\/em><\/strong> surge a principios de la presente d\u00e9cada con el deseo de homenajear a nuestra gran colega y mentora, la catedr\u00e1tica Pilar Mar\u00edn Madrazo, pionera en la introducci\u00f3n de los estudios norteamericanos en Espa\u00f1a y gran inspiraci\u00f3n para muchos de los actuales americanistas espa\u00f1oles. El objetivo de este seminario es la divulgaci\u00f3n de los estudios norteamericanos, respondiendo a la estrategia de transferencia del conocimiento que constituye hoy por hoy uno de los pilares de la universidad espa\u00f1ola. Organizamos encuentros (charlas, conferencias, mesas redondas) tanto en la sede de la propia Facultad de Filolog\u00eda como en otros espacios, contribuyendo as\u00ed a proporcionar visibilidad a estos estudios, buscando temas actuales, pero tambi\u00e9n rescatando autores y asuntos del pasado que sigan teniendo relevancia actual y tratando de despertar el inter\u00e9s por los mismos. Para ello colaboramos con otras instituciones y asociaciones. La gama de asuntos ya abordados va desde el trascendentalismo norteamericano del siglo XIX hasta la incidencia de la inteligencia artificial en la actual literatura producida en Estados Unidos.<\/p>\t\t\t\t\t\t\t\t<\/div>\n\t\t\t\t<\/div>\n\t\t\t\t\t<\/div>\n\t\t\t\t<\/div>\n\t\t\t\t<\/div>\n\t\t","protected":false},"excerpt":{"rendered":"<p>Seminario Permanente PILAR MAR\u00cdN MADRAZO El Seminario Permanente de Estudios Norteamericanos Pilar Mar\u00edn Madrazo surge a principios de la presente d\u00e9cada con el deseo de homenajear a nuestra gran colega y mentora, la catedr\u00e1tica Pilar Mar\u00edn Madrazo, pionera en la introducci\u00f3n de los estudios norteamericanos en Espa\u00f1a y gran inspiraci\u00f3n para muchos de los actuales [&hellip;]<\/p>\n","protected":false},"author":1,"featured_media":0,"parent":3921,"menu_order":0,"comment_status":"closed","ping_status":"closed","template":"","meta":{"_acf_changed":false,"footnotes":""},"class_list":["post-3961","page","type-page","status-publish","hentry"],"acf":[],"yoast_head":"<!-- This site is optimized with the Yoast SEO plugin v26.5 - https:\/\/yoast.com\/wordpress\/plugins\/seo\/ -->\n<title>Seminario permanente - LITINGNOR<\/title>\n<meta name=\"robots\" content=\"index, follow, max-snippet:-1, max-image-preview:large, max-video-preview:-1\" \/>\n<link rel=\"canonical\" href=\"https:\/\/departamento.us.es\/litingnor\/investigacion\/seminario-permanente\/\" \/>\n<meta property=\"og:locale\" content=\"es_ES\" \/>\n<meta property=\"og:type\" content=\"article\" \/>\n<meta property=\"og:title\" content=\"Seminario permanente - LITINGNOR\" \/>\n<meta property=\"og:description\" content=\"Seminario Permanente PILAR MAR\u00cdN MADRAZO El Seminario Permanente de Estudios Norteamericanos Pilar Mar\u00edn Madrazo surge a principios de la presente d\u00e9cada con el deseo de homenajear a nuestra gran colega y mentora, la catedr\u00e1tica Pilar Mar\u00edn Madrazo, pionera en la introducci\u00f3n de los estudios norteamericanos en Espa\u00f1a y gran inspiraci\u00f3n para muchos de los actuales [&hellip;]\" \/>\n<meta property=\"og:url\" content=\"https:\/\/departamento.us.es\/litingnor\/investigacion\/seminario-permanente\/\" \/>\n<meta property=\"og:site_name\" content=\"LITINGNOR\" \/>\n<meta property=\"article:modified_time\" content=\"2024-06-24T12:51:42+00:00\" \/>\n<meta name=\"twitter:card\" content=\"summary_large_image\" \/>\n<meta name=\"twitter:label1\" content=\"Tiempo de lectura\" \/>\n\t<meta name=\"twitter:data1\" content=\"1 minuto\" \/>\n<script type=\"application\/ld+json\" class=\"yoast-schema-graph\">{\"@context\":\"https:\/\/schema.org\",\"@graph\":[{\"@type\":\"WebPage\",\"@id\":\"https:\/\/departamento.us.es\/litingnor\/investigacion\/seminario-permanente\/\",\"url\":\"https:\/\/departamento.us.es\/litingnor\/investigacion\/seminario-permanente\/\",\"name\":\"Seminario permanente - LITINGNOR\",\"isPartOf\":{\"@id\":\"https:\/\/departamento.us.es\/litingnor\/#website\"},\"datePublished\":\"2024-03-08T11:56:20+00:00\",\"dateModified\":\"2024-06-24T12:51:42+00:00\",\"breadcrumb\":{\"@id\":\"https:\/\/departamento.us.es\/litingnor\/investigacion\/seminario-permanente\/#breadcrumb\"},\"inLanguage\":\"es\",\"potentialAction\":[{\"@type\":\"ReadAction\",\"target\":[\"https:\/\/departamento.us.es\/litingnor\/investigacion\/seminario-permanente\/\"]}]},{\"@type\":\"BreadcrumbList\",\"@id\":\"https:\/\/departamento.us.es\/litingnor\/investigacion\/seminario-permanente\/#breadcrumb\",\"itemListElement\":[{\"@type\":\"ListItem\",\"position\":1,\"name\":\"Investigaci\u00f3n\",\"item\":\"https:\/\/departamento.us.es\/litingnor\/investigacion\/\"},{\"@type\":\"ListItem\",\"position\":2,\"name\":\"Seminario permanente\"}]},{\"@type\":\"WebSite\",\"@id\":\"https:\/\/departamento.us.es\/litingnor\/#website\",\"url\":\"https:\/\/departamento.us.es\/litingnor\/\",\"name\":\"LITINGNOR\",\"description\":\"Dpto. LITINGNOR\",\"publisher\":{\"@id\":\"https:\/\/departamento.us.es\/litingnor\/#organization\"},\"potentialAction\":[{\"@type\":\"SearchAction\",\"target\":{\"@type\":\"EntryPoint\",\"urlTemplate\":\"https:\/\/departamento.us.es\/litingnor\/?s={search_term_string}\"},\"query-input\":{\"@type\":\"PropertyValueSpecification\",\"valueRequired\":true,\"valueName\":\"search_term_string\"}}],\"inLanguage\":\"es\"},{\"@type\":\"Organization\",\"@id\":\"https:\/\/departamento.us.es\/litingnor\/#organization\",\"name\":\"LITINGNOR\",\"url\":\"https:\/\/departamento.us.es\/litingnor\/\",\"logo\":{\"@type\":\"ImageObject\",\"inLanguage\":\"es\",\"@id\":\"https:\/\/departamento.us.es\/litingnor\/#\/schema\/logo\/image\/\",\"url\":\"https:\/\/departamento.us.es\/litingnor\/wp-content\/uploads\/2022\/03\/logo_us.png\",\"contentUrl\":\"https:\/\/departamento.us.es\/litingnor\/wp-content\/uploads\/2022\/03\/logo_us.png\",\"width\":300,\"height\":307,\"caption\":\"LITINGNOR\"},\"image\":{\"@id\":\"https:\/\/departamento.us.es\/litingnor\/#\/schema\/logo\/image\/\"}}]}<\/script>\n<!-- \/ Yoast SEO plugin. -->","yoast_head_json":{"title":"Seminario permanente - LITINGNOR","robots":{"index":"index","follow":"follow","max-snippet":"max-snippet:-1","max-image-preview":"max-image-preview:large","max-video-preview":"max-video-preview:-1"},"canonical":"https:\/\/departamento.us.es\/litingnor\/investigacion\/seminario-permanente\/","og_locale":"es_ES","og_type":"article","og_title":"Seminario permanente - LITINGNOR","og_description":"Seminario Permanente PILAR MAR\u00cdN MADRAZO El Seminario Permanente de Estudios Norteamericanos Pilar Mar\u00edn Madrazo surge a principios de la presente d\u00e9cada con el deseo de homenajear a nuestra gran colega y mentora, la catedr\u00e1tica Pilar Mar\u00edn Madrazo, pionera en la introducci\u00f3n de los estudios norteamericanos en Espa\u00f1a y gran inspiraci\u00f3n para muchos de los actuales [&hellip;]","og_url":"https:\/\/departamento.us.es\/litingnor\/investigacion\/seminario-permanente\/","og_site_name":"LITINGNOR","article_modified_time":"2024-06-24T12:51:42+00:00","twitter_card":"summary_large_image","twitter_misc":{"Tiempo de lectura":"1 minuto"},"schema":{"@context":"https:\/\/schema.org","@graph":[{"@type":"WebPage","@id":"https:\/\/departamento.us.es\/litingnor\/investigacion\/seminario-permanente\/","url":"https:\/\/departamento.us.es\/litingnor\/investigacion\/seminario-permanente\/","name":"Seminario permanente - LITINGNOR","isPartOf":{"@id":"https:\/\/departamento.us.es\/litingnor\/#website"},"datePublished":"2024-03-08T11:56:20+00:00","dateModified":"2024-06-24T12:51:42+00:00","breadcrumb":{"@id":"https:\/\/departamento.us.es\/litingnor\/investigacion\/seminario-permanente\/#breadcrumb"},"inLanguage":"es","potentialAction":[{"@type":"ReadAction","target":["https:\/\/departamento.us.es\/litingnor\/investigacion\/seminario-permanente\/"]}]},{"@type":"BreadcrumbList","@id":"https:\/\/departamento.us.es\/litingnor\/investigacion\/seminario-permanente\/#breadcrumb","itemListElement":[{"@type":"ListItem","position":1,"name":"Investigaci\u00f3n","item":"https:\/\/departamento.us.es\/litingnor\/investigacion\/"},{"@type":"ListItem","position":2,"name":"Seminario permanente"}]},{"@type":"WebSite","@id":"https:\/\/departamento.us.es\/litingnor\/#website","url":"https:\/\/departamento.us.es\/litingnor\/","name":"LITINGNOR","description":"Dpto. LITINGNOR","publisher":{"@id":"https:\/\/departamento.us.es\/litingnor\/#organization"},"potentialAction":[{"@type":"SearchAction","target":{"@type":"EntryPoint","urlTemplate":"https:\/\/departamento.us.es\/litingnor\/?s={search_term_string}"},"query-input":{"@type":"PropertyValueSpecification","valueRequired":true,"valueName":"search_term_string"}}],"inLanguage":"es"},{"@type":"Organization","@id":"https:\/\/departamento.us.es\/litingnor\/#organization","name":"LITINGNOR","url":"https:\/\/departamento.us.es\/litingnor\/","logo":{"@type":"ImageObject","inLanguage":"es","@id":"https:\/\/departamento.us.es\/litingnor\/#\/schema\/logo\/image\/","url":"https:\/\/departamento.us.es\/litingnor\/wp-content\/uploads\/2022\/03\/logo_us.png","contentUrl":"https:\/\/departamento.us.es\/litingnor\/wp-content\/uploads\/2022\/03\/logo_us.png","width":300,"height":307,"caption":"LITINGNOR"},"image":{"@id":"https:\/\/departamento.us.es\/litingnor\/#\/schema\/logo\/image\/"}}]}},"_links":{"self":[{"href":"https:\/\/departamento.us.es\/litingnor\/wp-json\/wp\/v2\/pages\/3961","targetHints":{"allow":["GET"]}}],"collection":[{"href":"https:\/\/departamento.us.es\/litingnor\/wp-json\/wp\/v2\/pages"}],"about":[{"href":"https:\/\/departamento.us.es\/litingnor\/wp-json\/wp\/v2\/types\/page"}],"author":[{"embeddable":true,"href":"https:\/\/departamento.us.es\/litingnor\/wp-json\/wp\/v2\/users\/1"}],"replies":[{"embeddable":true,"href":"https:\/\/departamento.us.es\/litingnor\/wp-json\/wp\/v2\/comments?post=3961"}],"version-history":[{"count":0,"href":"https:\/\/departamento.us.es\/litingnor\/wp-json\/wp\/v2\/pages\/3961\/revisions"}],"up":[{"embeddable":true,"href":"https:\/\/departamento.us.es\/litingnor\/wp-json\/wp\/v2\/pages\/3921"}],"wp:attachment":[{"href":"https:\/\/departamento.us.es\/litingnor\/wp-json\/wp\/v2\/media?parent=3961"}],"curies":[{"name":"wp","href":"https:\/\/api.w.org\/{rel}","templated":true}]}}