{"id":2046,"date":"2022-06-10T08:57:11","date_gmt":"2022-06-10T08:57:11","guid":{"rendered":"https:\/\/departamento.us.es\/lsi\/?page_id=2046"},"modified":"2024-04-24T08:22:36","modified_gmt":"2024-04-24T08:22:36","slug":"noticias","status":"publish","type":"page","link":"https:\/\/departamento.us.es\/lsi\/noticias\/","title":{"rendered":"Noticias"},"content":{"rendered":"\t\t<div data-elementor-type=\"wp-page\" data-elementor-id=\"2046\" class=\"elementor elementor-2046\" data-elementor-post-type=\"page\">\n\t\t\t\t<div class=\"elementor-element elementor-element-193b01d e-con-full animated-slow e-flex elementor-invisible e-con e-parent\" data-id=\"193b01d\" data-element_type=\"container\" data-e-type=\"container\" data-settings=\"{&quot;animation&quot;:&quot;fadeIn&quot;}\">\n\t\t<div class=\"elementor-element elementor-element-5ac1728 e-con-full e-flex elementor-invisible e-con e-child\" data-id=\"5ac1728\" data-element_type=\"container\" data-e-type=\"container\" data-settings=\"{&quot;animation&quot;:&quot;fadeIn&quot;}\">\n\t\t\t\t<div class=\"elementor-element elementor-element-6ecab45 elementor-widget__width-initial elementor-grid-3 elementor-grid-tablet-2 elementor-grid-mobile-1 elementor-posts--thumbnail-top elementor-card-shadow-yes elementor-posts__hover-gradient elementor-widget elementor-widget-posts\" data-id=\"6ecab45\" data-element_type=\"widget\" data-e-type=\"widget\" data-settings=\"{&quot;pagination_type&quot;:&quot;load_more_infinite_scroll&quot;,&quot;cards_columns&quot;:&quot;3&quot;,&quot;cards_columns_tablet&quot;:&quot;2&quot;,&quot;cards_columns_mobile&quot;:&quot;1&quot;,&quot;cards_row_gap&quot;:{&quot;unit&quot;:&quot;px&quot;,&quot;size&quot;:35,&quot;sizes&quot;:[]},&quot;cards_row_gap_tablet&quot;:{&quot;unit&quot;:&quot;px&quot;,&quot;size&quot;:&quot;&quot;,&quot;sizes&quot;:[]},&quot;cards_row_gap_mobile&quot;:{&quot;unit&quot;:&quot;px&quot;,&quot;size&quot;:&quot;&quot;,&quot;sizes&quot;:[]},&quot;load_more_spinner&quot;:{&quot;value&quot;:&quot;fas fa-spinner&quot;,&quot;library&quot;:&quot;fa-solid&quot;}}\" data-widget_type=\"posts.cards\">\n\t\t\t\t<div class=\"elementor-widget-container\">\n\t\t\t\t\t\t\t<div class=\"elementor-posts-container elementor-posts elementor-posts--skin-cards elementor-grid\" role=\"list\">\n\t\t\t\t<article class=\"elementor-post elementor-grid-item post-9593 post type-post status-publish format-standard has-post-thumbnail hentry category-noticias\" role=\"listitem\">\n\t\t\t<div class=\"elementor-post__card\">\n\t\t\t\t<a class=\"elementor-post__thumbnail__link\" href=\"https:\/\/departamento.us.es\/lsi\/noticias\/celebracion-de-consejo-de-departamento-10-de-mayo-de-2024-copy-copy-copy-2-copy-copy-copy-copy-copy-copy-copy-copy-copy\/\" tabindex=\"-1\" ><div class=\"elementor-post__thumbnail\"><img fetchpriority=\"high\" decoding=\"async\" width=\"768\" height=\"512\" src=\"https:\/\/departamento.us.es\/lsi\/wp-content\/uploads\/2024\/04\/Imagen-defecto-noticia-768x512.png\" class=\"attachment-medium_large size-medium_large wp-image-8067\" alt=\"Imagen corporativa con los logotipos del departamento de lenguajes y sistemas inform\u00e1ticos y de la Universidad de Sevilla\" srcset=\"https:\/\/departamento.us.es\/lsi\/wp-content\/uploads\/2024\/04\/Imagen-defecto-noticia-768x512.png 768w, https:\/\/departamento.us.es\/lsi\/wp-content\/uploads\/2024\/04\/Imagen-defecto-noticia-300x200.png 300w, https:\/\/departamento.us.es\/lsi\/wp-content\/uploads\/2024\/04\/Imagen-defecto-noticia-1024x683.png 1024w, https:\/\/departamento.us.es\/lsi\/wp-content\/uploads\/2024\/04\/Imagen-defecto-noticia.png 1200w\" sizes=\"(max-width: 768px) 100vw, 768px\" \/><\/div><\/a>\n\t\t\t\t<div class=\"elementor-post__text\">\n\t\t\t\t<h3 class=\"elementor-post__title\">\n\t\t\t<a href=\"https:\/\/departamento.us.es\/lsi\/noticias\/celebracion-de-consejo-de-departamento-10-de-mayo-de-2024-copy-copy-copy-2-copy-copy-copy-copy-copy-copy-copy-copy-copy\/\" >\n\t\t\t\tConvocatoria Consejo de Departamento 12 de marzo de 2026\t\t\t<\/a>\n\t\t<\/h3>\n\t\t\t\t<div class=\"elementor-post__excerpt\">\n\t\t\t<p>Se\u00a0convoca\u00a0a todos los miembros al Consejo\u00a0de Departamento\u00a0que tendr\u00e1 lugar el\u00a0jueves\u00a0d\u00eda\u00a012 de marzo de 2026, a las 12:00 horas en primera\u00a0convocatoria\u00a0y a las\u00a012:30 horas en segunda\u00a0convocatoria,<\/p>\n\t\t<\/div>\n\t\t\t\t\t<div class=\"elementor-post__read-more-wrapper\">\n\t\t\n\t\t<a class=\"elementor-post__read-more\" href=\"https:\/\/departamento.us.es\/lsi\/noticias\/celebracion-de-consejo-de-departamento-10-de-mayo-de-2024-copy-copy-copy-2-copy-copy-copy-copy-copy-copy-copy-copy-copy\/\" aria-label=\"M\u00e1s informaci\u00f3n sobre Convocatoria Consejo de Departamento 12 de marzo de 2026\" tabindex=\"-1\" >\n\t\t\tLeer M\u00e1s \u00bb\t\t<\/a>\n\n\t\t\t\t\t<\/div>\n\t\t\t\t<\/div>\n\t\t\t\t<div class=\"elementor-post__meta-data\">\n\t\t\t\t\t<span class=\"elementor-post-date\">\n\t\t\t5 de marzo de 2026\t\t<\/span>\n\t\t\t\t<\/div>\n\t\t\t\t\t<\/div>\n\t\t<\/article>\n\t\t\t\t<article class=\"elementor-post elementor-grid-item post-9591 post type-post status-publish format-standard has-post-thumbnail hentry category-noticias\" role=\"listitem\">\n\t\t\t<div class=\"elementor-post__card\">\n\t\t\t\t<a class=\"elementor-post__thumbnail__link\" href=\"https:\/\/departamento.us.es\/lsi\/noticias\/convocatoria-de-alumnos-internos-2024-2025-copy-3-copy\/\" tabindex=\"-1\" ><div class=\"elementor-post__thumbnail\"><img fetchpriority=\"high\" decoding=\"async\" width=\"768\" height=\"512\" src=\"https:\/\/departamento.us.es\/lsi\/wp-content\/uploads\/2024\/04\/Imagen-defecto-noticia-768x512.png\" class=\"attachment-medium_large size-medium_large wp-image-8067\" alt=\"Imagen corporativa con los logotipos del departamento de lenguajes y sistemas inform\u00e1ticos y de la Universidad de Sevilla\" srcset=\"https:\/\/departamento.us.es\/lsi\/wp-content\/uploads\/2024\/04\/Imagen-defecto-noticia-768x512.png 768w, https:\/\/departamento.us.es\/lsi\/wp-content\/uploads\/2024\/04\/Imagen-defecto-noticia-300x200.png 300w, https:\/\/departamento.us.es\/lsi\/wp-content\/uploads\/2024\/04\/Imagen-defecto-noticia-1024x683.png 1024w, https:\/\/departamento.us.es\/lsi\/wp-content\/uploads\/2024\/04\/Imagen-defecto-noticia.png 1200w\" sizes=\"(max-width: 768px) 100vw, 768px\" \/><\/div><\/a>\n\t\t\t\t<div class=\"elementor-post__text\">\n\t\t\t\t<h3 class=\"elementor-post__title\">\n\t\t\t<a href=\"https:\/\/departamento.us.es\/lsi\/noticias\/convocatoria-de-alumnos-internos-2024-2025-copy-3-copy\/\" >\n\t\t\t\tCONVOCATORIA PARA EL NOMBRAMIENTO DE ASISTENTES HONORARIOS 2026-27\t\t\t<\/a>\n\t\t<\/h3>\n\t\t\t\t<div class=\"elementor-post__excerpt\">\n\t\t\t<p>El Departamento de Lenguajes y Sistemas Inform\u00e1ticos convoca plazas de Asistentes Honorarios para la colaboraci\u00f3n en tareas de investigaci\u00f3n en el curso 2026-2027. Seg\u00fan normativa,<\/p>\n\t\t<\/div>\n\t\t\t\t\t<div class=\"elementor-post__read-more-wrapper\">\n\t\t\n\t\t<a class=\"elementor-post__read-more\" href=\"https:\/\/departamento.us.es\/lsi\/noticias\/convocatoria-de-alumnos-internos-2024-2025-copy-3-copy\/\" aria-label=\"M\u00e1s informaci\u00f3n sobre CONVOCATORIA PARA EL NOMBRAMIENTO DE ASISTENTES HONORARIOS 2026-27\" tabindex=\"-1\" >\n\t\t\tLeer M\u00e1s \u00bb\t\t<\/a>\n\n\t\t\t\t\t<\/div>\n\t\t\t\t<\/div>\n\t\t\t\t<div class=\"elementor-post__meta-data\">\n\t\t\t\t\t<span class=\"elementor-post-date\">\n\t\t\t20 de febrero de 2026\t\t<\/span>\n\t\t\t\t<\/div>\n\t\t\t\t\t<\/div>\n\t\t<\/article>\n\t\t\t\t<article class=\"elementor-post elementor-grid-item post-9586 post type-post status-publish format-standard has-post-thumbnail hentry category-noticias\" role=\"listitem\">\n\t\t\t<div class=\"elementor-post__card\">\n\t\t\t\t<a class=\"elementor-post__thumbnail__link\" href=\"https:\/\/departamento.us.es\/lsi\/noticias\/celebracion-de-consejo-de-departamento-10-de-mayo-de-2024-copy-copy-copy-2-copy-copy-copy-copy-copy-copy-copy-copy\/\" tabindex=\"-1\" ><div class=\"elementor-post__thumbnail\"><img fetchpriority=\"high\" decoding=\"async\" width=\"768\" height=\"512\" src=\"https:\/\/departamento.us.es\/lsi\/wp-content\/uploads\/2024\/04\/Imagen-defecto-noticia-768x512.png\" class=\"attachment-medium_large size-medium_large wp-image-8067\" alt=\"Imagen corporativa con los logotipos del departamento de lenguajes y sistemas inform\u00e1ticos y de la Universidad de Sevilla\" srcset=\"https:\/\/departamento.us.es\/lsi\/wp-content\/uploads\/2024\/04\/Imagen-defecto-noticia-768x512.png 768w, https:\/\/departamento.us.es\/lsi\/wp-content\/uploads\/2024\/04\/Imagen-defecto-noticia-300x200.png 300w, https:\/\/departamento.us.es\/lsi\/wp-content\/uploads\/2024\/04\/Imagen-defecto-noticia-1024x683.png 1024w, https:\/\/departamento.us.es\/lsi\/wp-content\/uploads\/2024\/04\/Imagen-defecto-noticia.png 1200w\" sizes=\"(max-width: 768px) 100vw, 768px\" \/><\/div><\/a>\n\t\t\t\t<div class=\"elementor-post__text\">\n\t\t\t\t<h3 class=\"elementor-post__title\">\n\t\t\t<a href=\"https:\/\/departamento.us.es\/lsi\/noticias\/celebracion-de-consejo-de-departamento-10-de-mayo-de-2024-copy-copy-copy-2-copy-copy-copy-copy-copy-copy-copy-copy\/\" >\n\t\t\t\tConvocatoria Consejo de Departamento 5 de febrero de 2026\t\t\t<\/a>\n\t\t<\/h3>\n\t\t\t\t<div class=\"elementor-post__excerpt\">\n\t\t\t<p>Se\u00a0convoca\u00a0a todos los miembros al\u00a0Consejo\u00a0de Departamento\u00a0que tendr\u00e1 lugar el\u00a0jueves\u00a0d\u00eda\u00a05 de febrero de 2026, a las 11:30 horas en primera convocatoria\u00a0y a las\u00a012:00 horas en segunda<\/p>\n\t\t<\/div>\n\t\t\t\t\t<div class=\"elementor-post__read-more-wrapper\">\n\t\t\n\t\t<a class=\"elementor-post__read-more\" href=\"https:\/\/departamento.us.es\/lsi\/noticias\/celebracion-de-consejo-de-departamento-10-de-mayo-de-2024-copy-copy-copy-2-copy-copy-copy-copy-copy-copy-copy-copy\/\" aria-label=\"M\u00e1s informaci\u00f3n sobre Convocatoria Consejo de Departamento 5 de febrero de 2026\" tabindex=\"-1\" >\n\t\t\tLeer M\u00e1s \u00bb\t\t<\/a>\n\n\t\t\t\t\t<\/div>\n\t\t\t\t<\/div>\n\t\t\t\t<div class=\"elementor-post__meta-data\">\n\t\t\t\t\t<span class=\"elementor-post-date\">\n\t\t\t29 de enero de 2026\t\t<\/span>\n\t\t\t\t<\/div>\n\t\t\t\t\t<\/div>\n\t\t<\/article>\n\t\t\t\t<article class=\"elementor-post elementor-grid-item post-9573 post type-post status-publish format-standard has-post-thumbnail hentry category-noticias\" role=\"listitem\">\n\t\t\t<div class=\"elementor-post__card\">\n\t\t\t\t<a class=\"elementor-post__thumbnail__link\" href=\"https:\/\/departamento.us.es\/lsi\/noticias\/convocatoria-de-alumnos-internos-2024-2025-copy-3\/\" tabindex=\"-1\" ><div class=\"elementor-post__thumbnail\"><img fetchpriority=\"high\" decoding=\"async\" width=\"768\" height=\"512\" src=\"https:\/\/departamento.us.es\/lsi\/wp-content\/uploads\/2024\/04\/Imagen-defecto-noticia-768x512.png\" class=\"attachment-medium_large size-medium_large wp-image-8067\" alt=\"Imagen corporativa con los logotipos del departamento de lenguajes y sistemas inform\u00e1ticos y de la Universidad de Sevilla\" srcset=\"https:\/\/departamento.us.es\/lsi\/wp-content\/uploads\/2024\/04\/Imagen-defecto-noticia-768x512.png 768w, https:\/\/departamento.us.es\/lsi\/wp-content\/uploads\/2024\/04\/Imagen-defecto-noticia-300x200.png 300w, https:\/\/departamento.us.es\/lsi\/wp-content\/uploads\/2024\/04\/Imagen-defecto-noticia-1024x683.png 1024w, https:\/\/departamento.us.es\/lsi\/wp-content\/uploads\/2024\/04\/Imagen-defecto-noticia.png 1200w\" sizes=\"(max-width: 768px) 100vw, 768px\" \/><\/div><\/a>\n\t\t\t\t<div class=\"elementor-post__text\">\n\t\t\t\t<h3 class=\"elementor-post__title\">\n\t\t\t<a href=\"https:\/\/departamento.us.es\/lsi\/noticias\/convocatoria-de-alumnos-internos-2024-2025-copy-3\/\" >\n\t\t\t\tConvocatoria de Alumnos Internos 2025-2026\t\t\t<\/a>\n\t\t<\/h3>\n\t\t\t\t<div class=\"elementor-post__excerpt\">\n\t\t\t<p>Los alumnos podr\u00e1n solicitar ser alumnos internos hasta el martes 16 de diciembre, usando el modelo de solicitud. Dicha solicitud vendr\u00e1 acompa\u00f1ada del expediente y<\/p>\n\t\t<\/div>\n\t\t\t\t\t<div class=\"elementor-post__read-more-wrapper\">\n\t\t\n\t\t<a class=\"elementor-post__read-more\" href=\"https:\/\/departamento.us.es\/lsi\/noticias\/convocatoria-de-alumnos-internos-2024-2025-copy-3\/\" aria-label=\"M\u00e1s informaci\u00f3n sobre Convocatoria de Alumnos Internos 2025-2026\" tabindex=\"-1\" >\n\t\t\tLeer M\u00e1s \u00bb\t\t<\/a>\n\n\t\t\t\t\t<\/div>\n\t\t\t\t<\/div>\n\t\t\t\t<div class=\"elementor-post__meta-data\">\n\t\t\t\t\t<span class=\"elementor-post-date\">\n\t\t\t12 de diciembre de 2025\t\t<\/span>\n\t\t\t\t<\/div>\n\t\t\t\t\t<\/div>\n\t\t<\/article>\n\t\t\t\t<article class=\"elementor-post elementor-grid-item post-9569 post type-post status-publish format-standard has-post-thumbnail hentry category-noticias\" role=\"listitem\">\n\t\t\t<div class=\"elementor-post__card\">\n\t\t\t\t<a class=\"elementor-post__thumbnail__link\" href=\"https:\/\/departamento.us.es\/lsi\/noticias\/celebracion-de-consejo-de-departamento-10-de-mayo-de-2024-copy-copy-copy-2-copy-copy-copy-copy-copy-copy-copy\/\" tabindex=\"-1\" ><div class=\"elementor-post__thumbnail\"><img fetchpriority=\"high\" decoding=\"async\" width=\"768\" height=\"512\" src=\"https:\/\/departamento.us.es\/lsi\/wp-content\/uploads\/2024\/04\/Imagen-defecto-noticia-768x512.png\" class=\"attachment-medium_large size-medium_large wp-image-8067\" alt=\"Imagen corporativa con los logotipos del departamento de lenguajes y sistemas inform\u00e1ticos y de la Universidad de Sevilla\" srcset=\"https:\/\/departamento.us.es\/lsi\/wp-content\/uploads\/2024\/04\/Imagen-defecto-noticia-768x512.png 768w, https:\/\/departamento.us.es\/lsi\/wp-content\/uploads\/2024\/04\/Imagen-defecto-noticia-300x200.png 300w, https:\/\/departamento.us.es\/lsi\/wp-content\/uploads\/2024\/04\/Imagen-defecto-noticia-1024x683.png 1024w, https:\/\/departamento.us.es\/lsi\/wp-content\/uploads\/2024\/04\/Imagen-defecto-noticia.png 1200w\" sizes=\"(max-width: 768px) 100vw, 768px\" \/><\/div><\/a>\n\t\t\t\t<div class=\"elementor-post__text\">\n\t\t\t\t<h3 class=\"elementor-post__title\">\n\t\t\t<a href=\"https:\/\/departamento.us.es\/lsi\/noticias\/celebracion-de-consejo-de-departamento-10-de-mayo-de-2024-copy-copy-copy-2-copy-copy-copy-copy-copy-copy-copy\/\" >\n\t\t\t\tConvocatoria Consejo de Departamento 17 de diciembre de 2025\t\t\t<\/a>\n\t\t<\/h3>\n\t\t\t\t<div class=\"elementor-post__excerpt\">\n\t\t\t<p>Se\u00a0convoca\u00a0a todos los miembros al Consejo\u00a0de\u00a0Departamento\u00a0que tendr\u00e1 lugar el\u00a0mi\u00e9rcoles\u00a0d\u00eda\u00a017 de diciembre de 2025, a las 12:30 horas en primera\u00a0convocatoria\u00a0y a las\u00a013:00 horas en segunda\u00a0convocatoria, en<\/p>\n\t\t<\/div>\n\t\t\t\t\t<div class=\"elementor-post__read-more-wrapper\">\n\t\t\n\t\t<a class=\"elementor-post__read-more\" href=\"https:\/\/departamento.us.es\/lsi\/noticias\/celebracion-de-consejo-de-departamento-10-de-mayo-de-2024-copy-copy-copy-2-copy-copy-copy-copy-copy-copy-copy\/\" aria-label=\"M\u00e1s informaci\u00f3n sobre Convocatoria Consejo de Departamento 17 de diciembre de 2025\" tabindex=\"-1\" >\n\t\t\tLeer M\u00e1s \u00bb\t\t<\/a>\n\n\t\t\t\t\t<\/div>\n\t\t\t\t<\/div>\n\t\t\t\t<div class=\"elementor-post__meta-data\">\n\t\t\t\t\t<span class=\"elementor-post-date\">\n\t\t\t10 de diciembre de 2025\t\t<\/span>\n\t\t\t\t<\/div>\n\t\t\t\t\t<\/div>\n\t\t<\/article>\n\t\t\t\t<article class=\"elementor-post elementor-grid-item post-9545 post type-post status-publish format-standard has-post-thumbnail hentry category-noticias\" role=\"listitem\">\n\t\t\t<div class=\"elementor-post__card\">\n\t\t\t\t<a class=\"elementor-post__thumbnail__link\" href=\"https:\/\/departamento.us.es\/lsi\/noticias\/celebracion-de-consejo-de-departamento-10-de-mayo-de-2024-copy-copy-copy-2-copy-copy-copy-copy-copy-copy\/\" tabindex=\"-1\" ><div class=\"elementor-post__thumbnail\"><img fetchpriority=\"high\" decoding=\"async\" width=\"768\" height=\"512\" src=\"https:\/\/departamento.us.es\/lsi\/wp-content\/uploads\/2024\/04\/Imagen-defecto-noticia-768x512.png\" class=\"attachment-medium_large size-medium_large wp-image-8067\" alt=\"Imagen corporativa con los logotipos del departamento de lenguajes y sistemas inform\u00e1ticos y de la Universidad de Sevilla\" srcset=\"https:\/\/departamento.us.es\/lsi\/wp-content\/uploads\/2024\/04\/Imagen-defecto-noticia-768x512.png 768w, https:\/\/departamento.us.es\/lsi\/wp-content\/uploads\/2024\/04\/Imagen-defecto-noticia-300x200.png 300w, https:\/\/departamento.us.es\/lsi\/wp-content\/uploads\/2024\/04\/Imagen-defecto-noticia-1024x683.png 1024w, https:\/\/departamento.us.es\/lsi\/wp-content\/uploads\/2024\/04\/Imagen-defecto-noticia.png 1200w\" sizes=\"(max-width: 768px) 100vw, 768px\" \/><\/div><\/a>\n\t\t\t\t<div class=\"elementor-post__text\">\n\t\t\t\t<h3 class=\"elementor-post__title\">\n\t\t\t<a href=\"https:\/\/departamento.us.es\/lsi\/noticias\/celebracion-de-consejo-de-departamento-10-de-mayo-de-2024-copy-copy-copy-2-copy-copy-copy-copy-copy-copy\/\" >\n\t\t\t\tConvocatoria Consejo de Departamento 18 de noviembre de 2025\t\t\t<\/a>\n\t\t<\/h3>\n\t\t\t\t<div class=\"elementor-post__excerpt\">\n\t\t\t<p>Se\u00a0convoca\u00a0a todos los miembros al Consejo\u00a0de\u00a0Departamento\u00a0que tendr\u00e1 lugar el\u00a0martes\u00a0d\u00eda\u00a018 de noviembre de 2025, a las 10:00 horas en primera\u00a0convocatoria\u00a0y a las\u00a010:30 horas en segunda\u00a0convocatoria, en<\/p>\n\t\t<\/div>\n\t\t\t\t\t<div class=\"elementor-post__read-more-wrapper\">\n\t\t\n\t\t<a class=\"elementor-post__read-more\" href=\"https:\/\/departamento.us.es\/lsi\/noticias\/celebracion-de-consejo-de-departamento-10-de-mayo-de-2024-copy-copy-copy-2-copy-copy-copy-copy-copy-copy\/\" aria-label=\"M\u00e1s informaci\u00f3n sobre Convocatoria Consejo de Departamento 18 de noviembre de 2025\" tabindex=\"-1\" >\n\t\t\tLeer M\u00e1s \u00bb\t\t<\/a>\n\n\t\t\t\t\t<\/div>\n\t\t\t\t<\/div>\n\t\t\t\t<div class=\"elementor-post__meta-data\">\n\t\t\t\t\t<span class=\"elementor-post-date\">\n\t\t\t12 de noviembre de 2025\t\t<\/span>\n\t\t\t\t<\/div>\n\t\t\t\t\t<\/div>\n\t\t<\/article>\n\t\t\t\t<\/div>\n\t\t\t\t\t<span class=\"e-load-more-spinner\">\n\t\t\t\t<i aria-hidden=\"true\" class=\"fas fa-spinner\"><\/i>\t\t\t<\/span>\n\t\t\n\t\t\t\t<div class=\"e-load-more-anchor\" data-page=\"1\" data-max-page=\"4\" data-next-page=\"https:\/\/departamento.us.es\/lsi\/wp-json\/wp\/v2\/pages\/2046\/page\/2\/\"><\/div>\n\t\t\t\t<div class=\"e-load-more-message\"><\/div>\n\t\t\t\t\t\t<\/div>\n\t\t\t\t<\/div>\n\t\t\t\t<\/div>\n\t\t\t\t<\/div>\n\t\t\t\t<\/div>\n\t\t","protected":false},"excerpt":{"rendered":"","protected":false},"author":3,"featured_media":0,"parent":0,"menu_order":0,"comment_status":"closed","ping_status":"closed","template":"","meta":{"_acf_changed":false,"footnotes":""},"class_list":["post-2046","page","type-page","status-publish","hentry"],"acf":[],"yoast_head":"<!-- This site is optimized with the Yoast SEO plugin v24.0 - https:\/\/yoast.com\/wordpress\/plugins\/seo\/ -->\n<title>Noticias - Departamento de Lenguajes y Sistemas Inform\u00e1ticos<\/title>\n<meta name=\"robots\" content=\"index, follow, max-snippet:-1, max-image-preview:large, max-video-preview:-1\" \/>\n<link rel=\"canonical\" href=\"https:\/\/departamento.us.es\/lsi\/noticias\/\" \/>\n<meta property=\"og:locale\" content=\"es_ES\" \/>\n<meta property=\"og:type\" content=\"article\" \/>\n<meta property=\"og:title\" content=\"Noticias - Departamento de Lenguajes y Sistemas Inform\u00e1ticos\" \/>\n<meta property=\"og:url\" content=\"https:\/\/departamento.us.es\/lsi\/noticias\/\" \/>\n<meta property=\"og:site_name\" content=\"Departamento de Lenguajes y Sistemas Inform\u00e1ticos\" \/>\n<meta property=\"article:modified_time\" content=\"2024-04-24T08:22:36+00:00\" \/>\n<meta name=\"twitter:card\" content=\"summary_large_image\" \/>\n<meta name=\"twitter:label1\" content=\"Tiempo de lectura\" \/>\n\t<meta name=\"twitter:data1\" content=\"2 minutos\" \/>\n<script type=\"application\/ld+json\" class=\"yoast-schema-graph\">{\"@context\":\"https:\/\/schema.org\",\"@graph\":[{\"@type\":\"WebPage\",\"@id\":\"https:\/\/departamento.us.es\/lsi\/noticias\/\",\"url\":\"https:\/\/departamento.us.es\/lsi\/noticias\/\",\"name\":\"Noticias - Departamento de Lenguajes y Sistemas Inform\u00e1ticos\",\"isPartOf\":{\"@id\":\"https:\/\/departamento.us.es\/lsi\/#website\"},\"datePublished\":\"2022-06-10T08:57:11+00:00\",\"dateModified\":\"2024-04-24T08:22:36+00:00\",\"inLanguage\":\"es\",\"potentialAction\":[{\"@type\":\"ReadAction\",\"target\":[\"https:\/\/departamento.us.es\/lsi\/noticias\/\"]}]},{\"@type\":\"WebSite\",\"@id\":\"https:\/\/departamento.us.es\/lsi\/#website\",\"url\":\"https:\/\/departamento.us.es\/lsi\/\",\"name\":\"Departamento de Lenguajes y Sistemas Inform\u00e1ticos\",\"description\":\"Universidad de Sevilla\",\"publisher\":{\"@id\":\"https:\/\/departamento.us.es\/lsi\/#organization\"},\"potentialAction\":[{\"@type\":\"SearchAction\",\"target\":{\"@type\":\"EntryPoint\",\"urlTemplate\":\"https:\/\/departamento.us.es\/lsi\/?s={search_term_string}\"},\"query-input\":{\"@type\":\"PropertyValueSpecification\",\"valueRequired\":true,\"valueName\":\"search_term_string\"}}],\"inLanguage\":\"es\"},{\"@type\":\"Organization\",\"@id\":\"https:\/\/departamento.us.es\/lsi\/#organization\",\"name\":\"Departamento de Lenguajes y Sistemas Inform\u00e1ticos\",\"url\":\"https:\/\/departamento.us.es\/lsi\/\",\"logo\":{\"@type\":\"ImageObject\",\"inLanguage\":\"es\",\"@id\":\"https:\/\/departamento.us.es\/lsi\/#\/schema\/logo\/image\/\",\"url\":\"https:\/\/departamento.us.es\/lsi\/wp-content\/uploads\/2024\/04\/Logo-LSI-redimen.png\",\"contentUrl\":\"https:\/\/departamento.us.es\/lsi\/wp-content\/uploads\/2024\/04\/Logo-LSI-redimen.png\",\"width\":448,\"height\":322,\"caption\":\"Departamento de Lenguajes y Sistemas Inform\u00e1ticos\"},\"image\":{\"@id\":\"https:\/\/departamento.us.es\/lsi\/#\/schema\/logo\/image\/\"}}]}<\/script>\n<!-- \/ Yoast SEO plugin. -->","yoast_head_json":{"title":"Noticias - Departamento de Lenguajes y Sistemas Inform\u00e1ticos","robots":{"index":"index","follow":"follow","max-snippet":"max-snippet:-1","max-image-preview":"max-image-preview:large","max-video-preview":"max-video-preview:-1"},"canonical":"https:\/\/departamento.us.es\/lsi\/noticias\/","og_locale":"es_ES","og_type":"article","og_title":"Noticias - Departamento de Lenguajes y Sistemas Inform\u00e1ticos","og_url":"https:\/\/departamento.us.es\/lsi\/noticias\/","og_site_name":"Departamento de Lenguajes y Sistemas Inform\u00e1ticos","article_modified_time":"2024-04-24T08:22:36+00:00","twitter_card":"summary_large_image","twitter_misc":{"Tiempo de lectura":"2 minutos"},"schema":{"@context":"https:\/\/schema.org","@graph":[{"@type":"WebPage","@id":"https:\/\/departamento.us.es\/lsi\/noticias\/","url":"https:\/\/departamento.us.es\/lsi\/noticias\/","name":"Noticias - Departamento de Lenguajes y Sistemas Inform\u00e1ticos","isPartOf":{"@id":"https:\/\/departamento.us.es\/lsi\/#website"},"datePublished":"2022-06-10T08:57:11+00:00","dateModified":"2024-04-24T08:22:36+00:00","inLanguage":"es","potentialAction":[{"@type":"ReadAction","target":["https:\/\/departamento.us.es\/lsi\/noticias\/"]}]},{"@type":"WebSite","@id":"https:\/\/departamento.us.es\/lsi\/#website","url":"https:\/\/departamento.us.es\/lsi\/","name":"Departamento de Lenguajes y Sistemas Inform\u00e1ticos","description":"Universidad de Sevilla","publisher":{"@id":"https:\/\/departamento.us.es\/lsi\/#organization"},"potentialAction":[{"@type":"SearchAction","target":{"@type":"EntryPoint","urlTemplate":"https:\/\/departamento.us.es\/lsi\/?s={search_term_string}"},"query-input":{"@type":"PropertyValueSpecification","valueRequired":true,"valueName":"search_term_string"}}],"inLanguage":"es"},{"@type":"Organization","@id":"https:\/\/departamento.us.es\/lsi\/#organization","name":"Departamento de Lenguajes y Sistemas Inform\u00e1ticos","url":"https:\/\/departamento.us.es\/lsi\/","logo":{"@type":"ImageObject","inLanguage":"es","@id":"https:\/\/departamento.us.es\/lsi\/#\/schema\/logo\/image\/","url":"https:\/\/departamento.us.es\/lsi\/wp-content\/uploads\/2024\/04\/Logo-LSI-redimen.png","contentUrl":"https:\/\/departamento.us.es\/lsi\/wp-content\/uploads\/2024\/04\/Logo-LSI-redimen.png","width":448,"height":322,"caption":"Departamento de Lenguajes y Sistemas Inform\u00e1ticos"},"image":{"@id":"https:\/\/departamento.us.es\/lsi\/#\/schema\/logo\/image\/"}}]}},"_links":{"self":[{"href":"https:\/\/departamento.us.es\/lsi\/wp-json\/wp\/v2\/pages\/2046"}],"collection":[{"href":"https:\/\/departamento.us.es\/lsi\/wp-json\/wp\/v2\/pages"}],"about":[{"href":"https:\/\/departamento.us.es\/lsi\/wp-json\/wp\/v2\/types\/page"}],"author":[{"embeddable":true,"href":"https:\/\/departamento.us.es\/lsi\/wp-json\/wp\/v2\/users\/3"}],"replies":[{"embeddable":true,"href":"https:\/\/departamento.us.es\/lsi\/wp-json\/wp\/v2\/comments?post=2046"}],"version-history":[{"count":0,"href":"https:\/\/departamento.us.es\/lsi\/wp-json\/wp\/v2\/pages\/2046\/revisions"}],"wp:attachment":[{"href":"https:\/\/departamento.us.es\/lsi\/wp-json\/wp\/v2\/media?parent=2046"}],"curies":[{"name":"wp","href":"https:\/\/api.w.org\/{rel}","templated":true}]}}