{"id":3837,"date":"2024-02-01T07:50:16","date_gmt":"2024-02-01T07:50:16","guid":{"rendered":"https:\/\/departamento.us.es\/lsi\/?page_id=3837"},"modified":"2024-06-10T08:40:55","modified_gmt":"2024-06-10T08:40:55","slug":"docencia","status":"publish","type":"page","link":"https:\/\/departamento.us.es\/lsi\/docencia\/","title":{"rendered":"Docencia"},"content":{"rendered":"\t\t<div data-elementor-type=\"wp-page\" data-elementor-id=\"3837\" class=\"elementor elementor-3837\" data-elementor-post-type=\"page\">\n\t\t\t\t<div class=\"elementor-element elementor-element-0131798 e-flex e-con-boxed e-con e-parent\" data-id=\"0131798\" data-element_type=\"container\" data-e-type=\"container\">\n\t\t\t\t\t<div class=\"e-con-inner\">\n\t\t<div class=\"elementor-element elementor-element-ffab693 animated-slow e-flex e-con-boxed elementor-invisible e-con e-child\" data-id=\"ffab693\" data-element_type=\"container\" data-e-type=\"container\" data-settings=\"{&quot;animation&quot;:&quot;fadeIn&quot;}\">\n\t\t\t\t\t<div class=\"e-con-inner\">\n\t\t<div class=\"elementor-element elementor-element-20c06bd e-flex e-con-boxed e-con e-child\" data-id=\"20c06bd\" data-element_type=\"container\" data-e-type=\"container\" data-settings=\"{&quot;background_background&quot;:&quot;classic&quot;}\">\n\t\t\t\t\t<div class=\"e-con-inner\">\n\t\t\t\t<div class=\"elementor-element elementor-element-0564bec elementor-widget elementor-widget-heading\" data-id=\"0564bec\" data-element_type=\"widget\" data-e-type=\"widget\" data-widget_type=\"heading.default\">\n\t\t\t\t<div class=\"elementor-widget-container\">\n\t\t\t\t\t<h4 class=\"elementor-heading-title elementor-size-default\">Escuela T\u00e9cnica Superior de Ingenier\u00eda Inform\u00e1tica<\/h4>\t\t\t\t<\/div>\n\t\t\t\t<\/div>\n\t\t\t\t\t<\/div>\n\t\t\t\t<\/div>\n\t\t<div class=\"elementor-element elementor-element-a3cc057 e-flex e-con-boxed e-con e-child\" data-id=\"a3cc057\" data-element_type=\"container\" data-e-type=\"container\">\n\t\t\t\t\t<div class=\"e-con-inner\">\n\t\t\t\t<div class=\"elementor-element elementor-element-eccb230 elementor-widget elementor-widget-heading\" data-id=\"eccb230\" data-element_type=\"widget\" data-e-type=\"widget\" data-widget_type=\"heading.default\">\n\t\t\t\t<div class=\"elementor-widget-container\">\n\t\t\t\t\t<h6 class=\"elementor-heading-title elementor-size-default\"><a href=\"https:\/\/departamento.us.es\/lsi\/docencia\/grado-en-ingenieria-de-computadores\/\">Grado en Ingenier\u00eda Inform\u00e1tica en Ingenier\u00eda de Computadores<\/a><\/h6>\t\t\t\t<\/div>\n\t\t\t\t<\/div>\n\t\t\t\t<div class=\"elementor-element elementor-element-ee0a8d8 elementor-widget elementor-widget-heading\" data-id=\"ee0a8d8\" data-element_type=\"widget\" data-e-type=\"widget\" data-widget_type=\"heading.default\">\n\t\t\t\t<div class=\"elementor-widget-container\">\n\t\t\t\t\t<h6 class=\"elementor-heading-title elementor-size-default\"><a href=\"https:\/\/departamento.us.es\/lsi\/docencia\/grado-is\/\">Grado en Ingenier\u00eda Inform\u00e1tica en Ingenier\u00eda del Software<\/a><\/h6>\t\t\t\t<\/div>\n\t\t\t\t<\/div>\n\t\t\t\t<div class=\"elementor-element elementor-element-464780b elementor-widget elementor-widget-heading\" data-id=\"464780b\" data-element_type=\"widget\" data-e-type=\"widget\" data-widget_type=\"heading.default\">\n\t\t\t\t<div class=\"elementor-widget-container\">\n\t\t\t\t\t<h6 class=\"elementor-heading-title elementor-size-default\"><a href=\"https:\/\/departamento.us.es\/lsi\/docencia\/grado-en-tecnologias-informaticas\/\">Grado en Ingenier\u00eda Inform\u00e1tica en Tecnolog\u00eda Inform\u00e1ticas<\/a><\/h6>\t\t\t\t<\/div>\n\t\t\t\t<\/div>\n\t\t\t\t<div class=\"elementor-element elementor-element-76cb088 elementor-widget elementor-widget-heading\" data-id=\"76cb088\" data-element_type=\"widget\" data-e-type=\"widget\" data-widget_type=\"heading.default\">\n\t\t\t\t<div class=\"elementor-widget-container\">\n\t\t\t\t\t<h6 class=\"elementor-heading-title elementor-size-default\"><a href=\"https:\/\/departamento.us.es\/lsi\/docencia\/grado-en-ingenieria-de-la-salud\/\">Grado en Ingenier\u00eda de la Salud<\/a><\/h6>\t\t\t\t<\/div>\n\t\t\t\t<\/div>\n\t\t\t\t\t<\/div>\n\t\t\t\t<\/div>\n\t\t\t\t\t<\/div>\n\t\t\t\t<\/div>\n\t\t\t\t\t<\/div>\n\t\t\t\t<\/div>\n\t\t<div class=\"elementor-element elementor-element-4ff6af4 e-flex e-con-boxed e-con e-parent\" data-id=\"4ff6af4\" data-element_type=\"container\" data-e-type=\"container\">\n\t\t\t\t\t<div class=\"e-con-inner\">\n\t\t<div class=\"elementor-element elementor-element-9119f1d animated-slow e-flex e-con-boxed elementor-invisible e-con e-child\" data-id=\"9119f1d\" data-element_type=\"container\" data-e-type=\"container\" data-settings=\"{&quot;animation&quot;:&quot;fadeIn&quot;}\">\n\t\t\t\t\t<div class=\"e-con-inner\">\n\t\t<div class=\"elementor-element elementor-element-5edb770 e-flex e-con-boxed e-con e-child\" data-id=\"5edb770\" data-element_type=\"container\" data-e-type=\"container\" data-settings=\"{&quot;background_background&quot;:&quot;classic&quot;}\">\n\t\t\t\t\t<div class=\"e-con-inner\">\n\t\t\t\t<div class=\"elementor-element elementor-element-72eac17 elementor-widget elementor-widget-heading\" data-id=\"72eac17\" data-element_type=\"widget\" data-e-type=\"widget\" data-widget_type=\"heading.default\">\n\t\t\t\t<div class=\"elementor-widget-container\">\n\t\t\t\t\t<h4 class=\"elementor-heading-title elementor-size-default\">Facultad de Derecho<\/h4>\t\t\t\t<\/div>\n\t\t\t\t<\/div>\n\t\t\t\t\t<\/div>\n\t\t\t\t<\/div>\n\t\t<div class=\"elementor-element elementor-element-81b8c15 e-flex e-con-boxed e-con e-child\" data-id=\"81b8c15\" data-element_type=\"container\" data-e-type=\"container\">\n\t\t\t\t\t<div class=\"e-con-inner\">\n\t\t\t\t<div class=\"elementor-element elementor-element-8d54caf elementor-widget elementor-widget-heading\" data-id=\"8d54caf\" data-element_type=\"widget\" data-e-type=\"widget\" data-widget_type=\"heading.default\">\n\t\t\t\t<div class=\"elementor-widget-container\">\n\t\t\t\t\t<h6 class=\"elementor-heading-title elementor-size-default\"><a href=\"https:\/\/departamento.us.es\/lsi\/docencia\/grado-en-gestion-y-administracion-publica\/\">Grado en Gesti\u00f3n y Administraci\u00f3n P\u00fablica<\/a><\/h6>\t\t\t\t<\/div>\n\t\t\t\t<\/div>\n\t\t\t\t<div class=\"elementor-element elementor-element-359fb3d elementor-widget elementor-widget-heading\" data-id=\"359fb3d\" data-element_type=\"widget\" data-e-type=\"widget\" data-widget_type=\"heading.default\">\n\t\t\t\t<div class=\"elementor-widget-container\">\n\t\t\t\t\t<h6 class=\"elementor-heading-title elementor-size-default\"><a href=\"https:\/\/departamento.us.es\/lsi\/docencia\/doble-grado-en-derecho-y-gestion-y-administracion-publica\/\">Doble Grado en Derecho y Gesti\u00f3n y Administraci\u00f3n P\u00fablica<\/a><\/h6>\t\t\t\t<\/div>\n\t\t\t\t<\/div>\n\t\t\t\t\t<\/div>\n\t\t\t\t<\/div>\n\t\t\t\t\t<\/div>\n\t\t\t\t<\/div>\n\t\t\t\t\t<\/div>\n\t\t\t\t<\/div>\n\t\t<div class=\"elementor-element elementor-element-f0c37bc e-flex e-con-boxed e-con e-parent\" data-id=\"f0c37bc\" data-element_type=\"container\" data-e-type=\"container\">\n\t\t\t\t\t<div class=\"e-con-inner\">\n\t\t<div class=\"elementor-element elementor-element-a29ed4b animated-slow e-flex e-con-boxed elementor-invisible e-con e-child\" data-id=\"a29ed4b\" data-element_type=\"container\" data-e-type=\"container\" data-settings=\"{&quot;animation&quot;:&quot;fadeIn&quot;}\">\n\t\t\t\t\t<div class=\"e-con-inner\">\n\t\t<div class=\"elementor-element elementor-element-a190dfe e-flex e-con-boxed e-con e-child\" data-id=\"a190dfe\" data-element_type=\"container\" data-e-type=\"container\" data-settings=\"{&quot;background_background&quot;:&quot;classic&quot;}\">\n\t\t\t\t\t<div class=\"e-con-inner\">\n\t\t\t\t<div class=\"elementor-element elementor-element-94de872 elementor-widget elementor-widget-heading\" data-id=\"94de872\" data-element_type=\"widget\" data-e-type=\"widget\" data-widget_type=\"heading.default\">\n\t\t\t\t<div class=\"elementor-widget-container\">\n\t\t\t\t\t<h4 class=\"elementor-heading-title elementor-size-default\">Titulaciones de M\u00e1ster<\/h4>\t\t\t\t<\/div>\n\t\t\t\t<\/div>\n\t\t\t\t\t<\/div>\n\t\t\t\t<\/div>\n\t\t<div class=\"elementor-element elementor-element-02f9146 e-flex e-con-boxed e-con e-child\" data-id=\"02f9146\" data-element_type=\"container\" data-e-type=\"container\">\n\t\t\t\t\t<div class=\"e-con-inner\">\n\t\t\t\t<div class=\"elementor-element elementor-element-bedc954 elementor-widget elementor-widget-heading\" data-id=\"bedc954\" data-element_type=\"widget\" data-e-type=\"widget\" data-widget_type=\"heading.default\">\n\t\t\t\t<div class=\"elementor-widget-container\">\n\t\t\t\t\t<h6 class=\"elementor-heading-title elementor-size-default\"><a href=\"https:\/\/departamento.us.es\/lsi\/docencia\/master-universitario-en-documentos-y-libros-archivos-y-bibliotecas\/\">M\u00e1ster Universitario en Documentos y Libros. Archivos y Bibliotecas<\/a><\/h6>\t\t\t\t<\/div>\n\t\t\t\t<\/div>\n\t\t\t\t<div class=\"elementor-element elementor-element-12d4cc2 elementor-widget elementor-widget-heading\" data-id=\"12d4cc2\" data-element_type=\"widget\" data-e-type=\"widget\" data-widget_type=\"heading.default\">\n\t\t\t\t<div class=\"elementor-widget-container\">\n\t\t\t\t\t<h6 class=\"elementor-heading-title elementor-size-default\"><a href=\"https:\/\/departamento.us.es\/lsi\/docencia\/master-universitario-en-profesorado-de-e-s-o-bachillerato-f-p-y-ensenanza-de-idiomas\/\">M\u00e1ster Universitario en Profesorado de E.S.O., Bachillerato, F.P. y Ense\u00f1anza de Idiomas<\/a><\/h6>\t\t\t\t<\/div>\n\t\t\t\t<\/div>\n\t\t\t\t<div class=\"elementor-element elementor-element-964a62c elementor-widget elementor-widget-heading\" data-id=\"964a62c\" data-element_type=\"widget\" data-e-type=\"widget\" data-widget_type=\"heading.default\">\n\t\t\t\t<div class=\"elementor-widget-container\">\n\t\t\t\t\t<h6 class=\"elementor-heading-title elementor-size-default\"><a href=\"https:\/\/departamento.us.es\/lsi\/docencia\/master-universitario-en-escritura-creativa\/\">M\u00e1ster Universitario en Escritura Creativa\n<\/a><\/h6>\t\t\t\t<\/div>\n\t\t\t\t<\/div>\n\t\t\t\t<div class=\"elementor-element elementor-element-0db4b4a elementor-widget elementor-widget-heading\" data-id=\"0db4b4a\" data-element_type=\"widget\" data-e-type=\"widget\" data-widget_type=\"heading.default\">\n\t\t\t\t<div class=\"elementor-widget-container\">\n\t\t\t\t\t<h6 class=\"elementor-heading-title elementor-size-default\"><a href=\"https:\/\/departamento.us.es\/lsi\/docencia\/master-universitario-en-investigacion-biomedica\/\">M\u00e1ster Universitario en Investigaci\u00f3n Biom\u00e9dica<\/a><\/h6>\t\t\t\t<\/div>\n\t\t\t\t<\/div>\n\t\t\t\t<div class=\"elementor-element elementor-element-11df3c0 elementor-widget elementor-widget-heading\" data-id=\"11df3c0\" data-element_type=\"widget\" data-e-type=\"widget\" data-widget_type=\"heading.default\">\n\t\t\t\t<div class=\"elementor-widget-container\">\n\t\t\t\t\t<h6 class=\"elementor-heading-title elementor-size-default\"><a href=\"https:\/\/departamento.us.es\/lsi\/docencia\/master-universitario-en-ingenieria-del-software-cloud-datos-y-gestion-de-las-tecnologias-de-la-informacion\/\">M\u00e1ster Universitario en Ingenier\u00eda del Software: Cloud, Datos y Gesti\u00f3n de las Tecnolog\u00edas de la Informaci\u00f3n<\/a><\/h6>\t\t\t\t<\/div>\n\t\t\t\t<\/div>\n\t\t\t\t<div class=\"elementor-element elementor-element-dbc48e8 elementor-widget elementor-widget-heading\" data-id=\"dbc48e8\" data-element_type=\"widget\" data-e-type=\"widget\" data-widget_type=\"heading.default\">\n\t\t\t\t<div class=\"elementor-widget-container\">\n\t\t\t\t\t<h6 class=\"elementor-heading-title elementor-size-default\"><a href=\"https:\/\/departamento.us.es\/lsi\/docencia\/master-universitario-en-ingenieria-informatica-on-line\/\">M\u00e1ster Universitario en Ingenier\u00eda Inform\u00e1tica (on line)<\/a><\/h6>\t\t\t\t<\/div>\n\t\t\t\t<\/div>\n\t\t\t\t<div class=\"elementor-element elementor-element-8a8749f elementor-widget elementor-widget-heading\" data-id=\"8a8749f\" data-element_type=\"widget\" data-e-type=\"widget\" data-widget_type=\"heading.default\">\n\t\t\t\t<div class=\"elementor-widget-container\">\n\t\t\t\t\t<h6 class=\"elementor-heading-title elementor-size-default\"><a href=\"https:\/\/departamento.us.es\/lsi\/docencia\/master-universitario-en-ingenieria-biomedica-y-salud-digital\/\">M\u00e1ster Universitario en Ingenier\u00eda Biom\u00e9dica y Salud Digital<\/a><\/h6>\t\t\t\t<\/div>\n\t\t\t\t<\/div>\n\t\t\t\t<div class=\"elementor-element elementor-element-f75f2ad elementor-widget elementor-widget-heading\" data-id=\"f75f2ad\" data-element_type=\"widget\" data-e-type=\"widget\" data-widget_type=\"heading.default\">\n\t\t\t\t<div class=\"elementor-widget-container\">\n\t\t\t\t\t<h6 class=\"elementor-heading-title elementor-size-default\"><a href=\"https:\/\/departamento.us.es\/lsi\/docencia\/master-universitario-en-analisis-de-datos-omicos-y-biologia-de-sistemas-us-unia\/\">M\u00e1ster Universitario en An\u00e1lisis de Datos \u00d3micos y Biolog\u00eda de Sistemas (US-UNIA)<\/a><\/h6>\t\t\t\t<\/div>\n\t\t\t\t<\/div>\n\t\t\t\t<div class=\"elementor-element elementor-element-c8be3d3 elementor-widget elementor-widget-heading\" data-id=\"c8be3d3\" data-element_type=\"widget\" data-e-type=\"widget\" data-widget_type=\"heading.default\">\n\t\t\t\t<div class=\"elementor-widget-container\">\n\t\t\t\t\t<h6 class=\"elementor-heading-title elementor-size-default\"><a href=\"https:\/\/departamento.us.es\/lsi\/docencia\/master-universitario-en-marketing-e-investigacion-aplicada\/\">M\u00e1ster Universitario en Marketing e Investigaci\u00f3n Aplicada<\/a><\/h6>\t\t\t\t<\/div>\n\t\t\t\t<\/div>\n\t\t\t\t\t<\/div>\n\t\t\t\t<\/div>\n\t\t\t\t\t<\/div>\n\t\t\t\t<\/div>\n\t\t\t\t\t<\/div>\n\t\t\t\t<\/div>\n\t\t\t\t<\/div>\n\t\t","protected":false},"excerpt":{"rendered":"<p>Escuela T\u00e9cnica Superior de Ingenier\u00eda Inform\u00e1tica Grado en Ingenier\u00eda Inform\u00e1tica en Ingenier\u00eda de Computadores Grado en Ingenier\u00eda Inform\u00e1tica en Ingenier\u00eda del Software Grado en Ingenier\u00eda Inform\u00e1tica en Tecnolog\u00eda Inform\u00e1ticas Grado en Ingenier\u00eda de la Salud Facultad de Derecho Grado en Gesti\u00f3n y Administraci\u00f3n P\u00fablica Doble Grado en Derecho y Gesti\u00f3n y Administraci\u00f3n P\u00fablica Titulaciones de [&hellip;]<\/p>\n","protected":false},"author":12,"featured_media":0,"parent":0,"menu_order":0,"comment_status":"closed","ping_status":"closed","template":"","meta":{"_acf_changed":false,"footnotes":""},"class_list":["post-3837","page","type-page","status-publish","hentry"],"acf":[],"yoast_head":"<!-- This site is optimized with the Yoast SEO plugin v24.0 - https:\/\/yoast.com\/wordpress\/plugins\/seo\/ -->\n<title>Docencia - Departamento de Lenguajes y Sistemas Inform\u00e1ticos<\/title>\n<meta name=\"robots\" content=\"index, follow, max-snippet:-1, max-image-preview:large, max-video-preview:-1\" \/>\n<link rel=\"canonical\" href=\"https:\/\/departamento.us.es\/lsi\/docencia\/\" \/>\n<meta property=\"og:locale\" content=\"es_ES\" \/>\n<meta property=\"og:type\" content=\"article\" \/>\n<meta property=\"og:title\" content=\"Docencia - Departamento de Lenguajes y Sistemas Inform\u00e1ticos\" \/>\n<meta property=\"og:description\" content=\"Escuela T\u00e9cnica Superior de Ingenier\u00eda Inform\u00e1tica Grado en Ingenier\u00eda Inform\u00e1tica en Ingenier\u00eda de Computadores Grado en Ingenier\u00eda Inform\u00e1tica en Ingenier\u00eda del Software Grado en Ingenier\u00eda Inform\u00e1tica en Tecnolog\u00eda Inform\u00e1ticas Grado en Ingenier\u00eda de la Salud Facultad de Derecho Grado en Gesti\u00f3n y Administraci\u00f3n P\u00fablica Doble Grado en Derecho y Gesti\u00f3n y Administraci\u00f3n P\u00fablica Titulaciones de [&hellip;]\" \/>\n<meta property=\"og:url\" content=\"https:\/\/departamento.us.es\/lsi\/docencia\/\" \/>\n<meta property=\"og:site_name\" content=\"Departamento de Lenguajes y Sistemas Inform\u00e1ticos\" \/>\n<meta property=\"article:modified_time\" content=\"2024-06-10T08:40:55+00:00\" \/>\n<meta name=\"twitter:card\" content=\"summary_large_image\" \/>\n<meta name=\"twitter:label1\" content=\"Tiempo de lectura\" \/>\n\t<meta name=\"twitter:data1\" content=\"1 minuto\" \/>\n<script type=\"application\/ld+json\" class=\"yoast-schema-graph\">{\"@context\":\"https:\/\/schema.org\",\"@graph\":[{\"@type\":\"WebPage\",\"@id\":\"https:\/\/departamento.us.es\/lsi\/docencia\/\",\"url\":\"https:\/\/departamento.us.es\/lsi\/docencia\/\",\"name\":\"Docencia - Departamento de Lenguajes y Sistemas Inform\u00e1ticos\",\"isPartOf\":{\"@id\":\"https:\/\/departamento.us.es\/lsi\/#website\"},\"datePublished\":\"2024-02-01T07:50:16+00:00\",\"dateModified\":\"2024-06-10T08:40:55+00:00\",\"inLanguage\":\"es\",\"potentialAction\":[{\"@type\":\"ReadAction\",\"target\":[\"https:\/\/departamento.us.es\/lsi\/docencia\/\"]}]},{\"@type\":\"WebSite\",\"@id\":\"https:\/\/departamento.us.es\/lsi\/#website\",\"url\":\"https:\/\/departamento.us.es\/lsi\/\",\"name\":\"Departamento de Lenguajes y Sistemas Inform\u00e1ticos\",\"description\":\"Universidad de Sevilla\",\"publisher\":{\"@id\":\"https:\/\/departamento.us.es\/lsi\/#organization\"},\"potentialAction\":[{\"@type\":\"SearchAction\",\"target\":{\"@type\":\"EntryPoint\",\"urlTemplate\":\"https:\/\/departamento.us.es\/lsi\/?s={search_term_string}\"},\"query-input\":{\"@type\":\"PropertyValueSpecification\",\"valueRequired\":true,\"valueName\":\"search_term_string\"}}],\"inLanguage\":\"es\"},{\"@type\":\"Organization\",\"@id\":\"https:\/\/departamento.us.es\/lsi\/#organization\",\"name\":\"Departamento de Lenguajes y Sistemas Inform\u00e1ticos\",\"url\":\"https:\/\/departamento.us.es\/lsi\/\",\"logo\":{\"@type\":\"ImageObject\",\"inLanguage\":\"es\",\"@id\":\"https:\/\/departamento.us.es\/lsi\/#\/schema\/logo\/image\/\",\"url\":\"https:\/\/departamento.us.es\/lsi\/wp-content\/uploads\/2024\/04\/Logo-LSI-redimen.png\",\"contentUrl\":\"https:\/\/departamento.us.es\/lsi\/wp-content\/uploads\/2024\/04\/Logo-LSI-redimen.png\",\"width\":448,\"height\":322,\"caption\":\"Departamento de Lenguajes y Sistemas Inform\u00e1ticos\"},\"image\":{\"@id\":\"https:\/\/departamento.us.es\/lsi\/#\/schema\/logo\/image\/\"}}]}<\/script>\n<!-- \/ Yoast SEO plugin. -->","yoast_head_json":{"title":"Docencia - Departamento de Lenguajes y Sistemas Inform\u00e1ticos","robots":{"index":"index","follow":"follow","max-snippet":"max-snippet:-1","max-image-preview":"max-image-preview:large","max-video-preview":"max-video-preview:-1"},"canonical":"https:\/\/departamento.us.es\/lsi\/docencia\/","og_locale":"es_ES","og_type":"article","og_title":"Docencia - Departamento de Lenguajes y Sistemas Inform\u00e1ticos","og_description":"Escuela T\u00e9cnica Superior de Ingenier\u00eda Inform\u00e1tica Grado en Ingenier\u00eda Inform\u00e1tica en Ingenier\u00eda de Computadores Grado en Ingenier\u00eda Inform\u00e1tica en Ingenier\u00eda del Software Grado en Ingenier\u00eda Inform\u00e1tica en Tecnolog\u00eda Inform\u00e1ticas Grado en Ingenier\u00eda de la Salud Facultad de Derecho Grado en Gesti\u00f3n y Administraci\u00f3n P\u00fablica Doble Grado en Derecho y Gesti\u00f3n y Administraci\u00f3n P\u00fablica Titulaciones de [&hellip;]","og_url":"https:\/\/departamento.us.es\/lsi\/docencia\/","og_site_name":"Departamento de Lenguajes y Sistemas Inform\u00e1ticos","article_modified_time":"2024-06-10T08:40:55+00:00","twitter_card":"summary_large_image","twitter_misc":{"Tiempo de lectura":"1 minuto"},"schema":{"@context":"https:\/\/schema.org","@graph":[{"@type":"WebPage","@id":"https:\/\/departamento.us.es\/lsi\/docencia\/","url":"https:\/\/departamento.us.es\/lsi\/docencia\/","name":"Docencia - Departamento de Lenguajes y Sistemas Inform\u00e1ticos","isPartOf":{"@id":"https:\/\/departamento.us.es\/lsi\/#website"},"datePublished":"2024-02-01T07:50:16+00:00","dateModified":"2024-06-10T08:40:55+00:00","inLanguage":"es","potentialAction":[{"@type":"ReadAction","target":["https:\/\/departamento.us.es\/lsi\/docencia\/"]}]},{"@type":"WebSite","@id":"https:\/\/departamento.us.es\/lsi\/#website","url":"https:\/\/departamento.us.es\/lsi\/","name":"Departamento de Lenguajes y Sistemas Inform\u00e1ticos","description":"Universidad de Sevilla","publisher":{"@id":"https:\/\/departamento.us.es\/lsi\/#organization"},"potentialAction":[{"@type":"SearchAction","target":{"@type":"EntryPoint","urlTemplate":"https:\/\/departamento.us.es\/lsi\/?s={search_term_string}"},"query-input":{"@type":"PropertyValueSpecification","valueRequired":true,"valueName":"search_term_string"}}],"inLanguage":"es"},{"@type":"Organization","@id":"https:\/\/departamento.us.es\/lsi\/#organization","name":"Departamento de Lenguajes y Sistemas Inform\u00e1ticos","url":"https:\/\/departamento.us.es\/lsi\/","logo":{"@type":"ImageObject","inLanguage":"es","@id":"https:\/\/departamento.us.es\/lsi\/#\/schema\/logo\/image\/","url":"https:\/\/departamento.us.es\/lsi\/wp-content\/uploads\/2024\/04\/Logo-LSI-redimen.png","contentUrl":"https:\/\/departamento.us.es\/lsi\/wp-content\/uploads\/2024\/04\/Logo-LSI-redimen.png","width":448,"height":322,"caption":"Departamento de Lenguajes y Sistemas Inform\u00e1ticos"},"image":{"@id":"https:\/\/departamento.us.es\/lsi\/#\/schema\/logo\/image\/"}}]}},"_links":{"self":[{"href":"https:\/\/departamento.us.es\/lsi\/wp-json\/wp\/v2\/pages\/3837"}],"collection":[{"href":"https:\/\/departamento.us.es\/lsi\/wp-json\/wp\/v2\/pages"}],"about":[{"href":"https:\/\/departamento.us.es\/lsi\/wp-json\/wp\/v2\/types\/page"}],"author":[{"embeddable":true,"href":"https:\/\/departamento.us.es\/lsi\/wp-json\/wp\/v2\/users\/12"}],"replies":[{"embeddable":true,"href":"https:\/\/departamento.us.es\/lsi\/wp-json\/wp\/v2\/comments?post=3837"}],"version-history":[{"count":0,"href":"https:\/\/departamento.us.es\/lsi\/wp-json\/wp\/v2\/pages\/3837\/revisions"}],"wp:attachment":[{"href":"https:\/\/departamento.us.es\/lsi\/wp-json\/wp\/v2\/media?parent=3837"}],"curies":[{"name":"wp","href":"https:\/\/api.w.org\/{rel}","templated":true}]}}