{"id":5451,"date":"2024-04-01T07:06:59","date_gmt":"2024-04-01T07:06:59","guid":{"rendered":"https:\/\/departamento.us.es\/lsi\/?page_id=5451"},"modified":"2024-11-12T08:45:43","modified_gmt":"2024-11-12T08:45:43","slug":"secretaria","status":"publish","type":"page","link":"https:\/\/departamento.us.es\/lsi\/departamento\/secretaria\/","title":{"rendered":"Secretar\u00eda"},"content":{"rendered":"\t\t<div data-elementor-type=\"wp-page\" data-elementor-id=\"5451\" class=\"elementor elementor-5451\" data-elementor-post-type=\"page\">\n\t\t\t\t<div class=\"elementor-element elementor-element-7fcce6f e-flex e-con-boxed e-con e-parent\" data-id=\"7fcce6f\" data-element_type=\"container\" data-e-type=\"container\">\n\t\t\t\t\t<div class=\"e-con-inner\">\n\t\t\t\t<div class=\"elementor-element elementor-element-a391659 elementor-widget elementor-widget-heading\" data-id=\"a391659\" data-element_type=\"widget\" data-e-type=\"widget\" data-widget_type=\"heading.default\">\n\t\t\t\t<div class=\"elementor-widget-container\">\n\t\t\t\t\t<h4 class=\"elementor-heading-title elementor-size-default\">Personal de Secretar\u00eda<\/h4>\t\t\t\t<\/div>\n\t\t\t\t<\/div>\n\t\t<div class=\"elementor-element elementor-element-c16c7a7 e-flex e-con-boxed e-con e-child\" data-id=\"c16c7a7\" data-element_type=\"container\" data-e-type=\"container\">\n\t\t\t\t\t<div class=\"e-con-inner\">\n\t\t\t\t<div class=\"elementor-element elementor-element-da535c2 elementor-widget elementor-widget-heading\" data-id=\"da535c2\" data-element_type=\"widget\" data-e-type=\"widget\" data-widget_type=\"heading.default\">\n\t\t\t\t<div class=\"elementor-widget-container\">\n\t\t\t\t\t<p class=\"elementor-heading-title elementor-size-default\">Correo de secretar\u00eda<\/p>\t\t\t\t<\/div>\n\t\t\t\t<\/div>\n\t\t\t\t<div class=\"elementor-element elementor-element-8d6fa9e elementor-icon-list--layout-traditional elementor-list-item-link-full_width elementor-widget elementor-widget-icon-list\" data-id=\"8d6fa9e\" data-element_type=\"widget\" data-e-type=\"widget\" data-widget_type=\"icon-list.default\">\n\t\t\t\t<div class=\"elementor-widget-container\">\n\t\t\t\t\t\t\t<ul class=\"elementor-icon-list-items\">\n\t\t\t\t\t\t\t<li class=\"elementor-icon-list-item\">\n\t\t\t\t\t\t\t\t\t\t\t<a href=\"mailto:%20gestor-lsi@us.es\">\n\n\t\t\t\t\t\t\t\t\t\t\t\t<span class=\"elementor-icon-list-icon\">\n\t\t\t\t\t\t\t<i aria-hidden=\"true\" class=\"fas fa-envelope\"><\/i>\t\t\t\t\t\t<\/span>\n\t\t\t\t\t\t\t\t\t\t<span class=\"elementor-icon-list-text\">gestor-lsi@us.es<\/span>\n\t\t\t\t\t\t\t\t\t\t\t<\/a>\n\t\t\t\t\t\t\t\t\t<\/li>\n\t\t\t\t\t\t<\/ul>\n\t\t\t\t\t\t<\/div>\n\t\t\t\t<\/div>\n\t\t\t\t\t<\/div>\n\t\t\t\t<\/div>\n\t\t\t\t<div class=\"elementor-element elementor-element-523dc99 elementor-grid-3 elementor-grid-tablet-2 elementor-grid-mobile-1 elementor-widget elementor-widget-loop-grid\" data-id=\"523dc99\" data-element_type=\"widget\" data-e-type=\"widget\" data-settings=\"{&quot;template_id&quot;:&quot;7713&quot;,&quot;columns&quot;:3,&quot;_skin&quot;:&quot;post&quot;,&quot;columns_tablet&quot;:&quot;2&quot;,&quot;columns_mobile&quot;:&quot;1&quot;,&quot;edit_handle_selector&quot;:&quot;[data-elementor-type=\\&quot;loop-item\\&quot;]&quot;,&quot;row_gap&quot;:{&quot;unit&quot;:&quot;px&quot;,&quot;size&quot;:&quot;&quot;,&quot;sizes&quot;:[]},&quot;row_gap_tablet&quot;:{&quot;unit&quot;:&quot;px&quot;,&quot;size&quot;:&quot;&quot;,&quot;sizes&quot;:[]},&quot;row_gap_mobile&quot;:{&quot;unit&quot;:&quot;px&quot;,&quot;size&quot;:&quot;&quot;,&quot;sizes&quot;:[]}}\" data-widget_type=\"loop-grid.post\">\n\t\t\t\t<div class=\"elementor-widget-container\">\n\t\t\t\t\t\t\t<div class=\"elementor-loop-container elementor-grid\" role=\"list\">\n\t\t<style id=\"loop-7713\">.elementor-7713 .elementor-element.elementor-element-9415811{--display:flex;--flex-direction:column;--container-widget-width:calc( ( 1 - var( --container-widget-flex-grow ) ) * 100% );--container-widget-height:initial;--container-widget-flex-grow:0;--container-widget-align-self:initial;--flex-wrap-mobile:wrap;--justify-content:flex-start;--align-items:flex-end;--gap:0px 0px;--row-gap:0px;--column-gap:0px;border-style:none;--border-style:none;--border-radius:0px 0px 0px 0px;box-shadow:0px 0px 10px 0px rgba(0,0,0,0.5);--padding-top:0px;--padding-bottom:0px;--padding-left:0px;--padding-right:0px;}.elementor-widget-theme-post-title .elementor-heading-title{font-family:var( --e-global-typography-primary-font-family ), Sans-serif;font-weight:var( --e-global-typography-primary-font-weight );color:var( --e-global-color-primary );}.elementor-7713 .elementor-element.elementor-element-32d462f .elementor-heading-title{font-family:var( --e-global-typography-primary-font-family ), Sans-serif;font-weight:var( --e-global-typography-primary-font-weight );color:var( --e-global-color-52ed487 );}.elementor-7713 .elementor-element.elementor-element-32d462f > .elementor-widget-container{margin:0px 0px 0px 0px;padding:10px 5px 10px 5px;background-color:var( --e-global-color-primary );border-style:solid;border-width:0px 0px 3px 0px;border-color:var( --e-global-color-accent );}.elementor-7713 .elementor-element.elementor-element-32d462f{width:var( --container-widget-width, 100% );max-width:100%;--container-widget-width:100%;--container-widget-flex-grow:0;}.elementor-7713 .elementor-element.elementor-element-8317984{--display:flex;--flex-direction:row;--container-widget-width:initial;--container-widget-height:100%;--container-widget-flex-grow:1;--container-widget-align-self:stretch;--flex-wrap-mobile:wrap;--gap:0px 0px;--row-gap:0px;--column-gap:0px;border-style:none;--border-style:none;--padding-top:0px;--padding-bottom:0px;--padding-left:0px;--padding-right:0px;}.elementor-7713 .elementor-element.elementor-element-7c757b9{--display:flex;--flex-direction:column;--container-widget-width:calc( ( 1 - var( --container-widget-flex-grow ) ) * 100% );--container-widget-height:initial;--container-widget-flex-grow:0;--container-widget-align-self:initial;--flex-wrap-mobile:wrap;--justify-content:flex-start;--align-items:flex-start;--margin-top:0px;--margin-bottom:0px;--margin-left:0px;--margin-right:0px;--padding-top:0px;--padding-bottom:0px;--padding-left:0px;--padding-right:0px;}.elementor-widget-theme-post-featured-image .widget-image-caption{color:var( --e-global-color-text );font-family:var( --e-global-typography-text-font-family ), Sans-serif;font-size:var( --e-global-typography-text-font-size );font-weight:var( --e-global-typography-text-font-weight );}.elementor-7713 .elementor-element.elementor-element-3a8d5d8 img{height:220px;object-fit:cover;object-position:top center;border-style:solid;border-width:0px 1px 1px 0px;border-color:var( --e-global-color-primary );border-radius:0px 0px 0px 0px;}.elementor-7713 .elementor-element.elementor-element-3a8d5d8 > .elementor-widget-container{padding:0px 0px 0px 0px;}.elementor-7713 .elementor-element.elementor-element-61edee4{--display:flex;--flex-direction:column;--container-widget-width:100%;--container-widget-height:initial;--container-widget-flex-grow:0;--container-widget-align-self:initial;--flex-wrap-mobile:wrap;--gap:5px 5px;--row-gap:5px;--column-gap:5px;border-style:none;--border-style:none;--border-radius:0px 0px 0px 0px;--padding-top:0px;--padding-bottom:0px;--padding-left:0px;--padding-right:0px;}.elementor-7713 .elementor-element.elementor-element-5ddb920{--display:flex;--min-height:200px;--flex-direction:column;--container-widget-width:100%;--container-widget-height:initial;--container-widget-flex-grow:0;--container-widget-align-self:initial;--flex-wrap-mobile:wrap;--justify-content:space-between;--gap:0px 0px;--row-gap:0px;--column-gap:0px;border-style:solid;--border-style:solid;border-width:0px 0px 0px 0px;--border-top-width:0px;--border-right-width:0px;--border-bottom-width:0px;--border-left-width:0px;--margin-top:0px;--margin-bottom:0px;--margin-left:0px;--margin-right:0px;--padding-top:0px;--padding-bottom:0px;--padding-left:0px;--padding-right:0px;}.elementor-7713 .elementor-element.elementor-element-7e6aa48{--display:flex;--padding-top:0px;--padding-bottom:0px;--padding-left:0px;--padding-right:0px;}.elementor-widget-text-editor{font-family:var( --e-global-typography-text-font-family ), Sans-serif;font-size:var( --e-global-typography-text-font-size );font-weight:var( --e-global-typography-text-font-weight );color:var( --e-global-color-text );}.elementor-widget-text-editor.elementor-drop-cap-view-stacked .elementor-drop-cap{background-color:var( --e-global-color-primary );}.elementor-widget-text-editor.elementor-drop-cap-view-framed .elementor-drop-cap, .elementor-widget-text-editor.elementor-drop-cap-view-default .elementor-drop-cap{color:var( --e-global-color-primary );border-color:var( --e-global-color-primary );}.elementor-7713 .elementor-element.elementor-element-41c06ac{font-family:\"Open Sans\", Sans-serif;font-size:13px;font-weight:400;color:var( --e-global-color-text );}.elementor-7713 .elementor-element.elementor-element-41c06ac > .elementor-widget-container{padding:5px 0px 5px 10px;background-color:var( --e-global-color-1f5720f );}.elementor-widget-icon-list .elementor-icon-list-item:not(:last-child):after{border-color:var( --e-global-color-text );}.elementor-widget-icon-list .elementor-icon-list-icon i{color:var( --e-global-color-primary );}.elementor-widget-icon-list .elementor-icon-list-icon svg{fill:var( --e-global-color-primary );}.elementor-widget-icon-list .elementor-icon-list-item > .elementor-icon-list-text, .elementor-widget-icon-list .elementor-icon-list-item > a{font-family:var( --e-global-typography-text-font-family ), Sans-serif;font-size:var( --e-global-typography-text-font-size );font-weight:var( --e-global-typography-text-font-weight );}.elementor-widget-icon-list .elementor-icon-list-text{color:var( --e-global-color-secondary );}.elementor-7713 .elementor-element.elementor-element-59ff36c .elementor-icon-list-items:not(.elementor-inline-items) .elementor-icon-list-item:not(:last-child){padding-block-end:calc(10px\/2);}.elementor-7713 .elementor-element.elementor-element-59ff36c .elementor-icon-list-items:not(.elementor-inline-items) .elementor-icon-list-item:not(:first-child){margin-block-start:calc(10px\/2);}.elementor-7713 .elementor-element.elementor-element-59ff36c .elementor-icon-list-items.elementor-inline-items .elementor-icon-list-item{margin-inline:calc(10px\/2);}.elementor-7713 .elementor-element.elementor-element-59ff36c .elementor-icon-list-items.elementor-inline-items{margin-inline:calc(-10px\/2);}.elementor-7713 .elementor-element.elementor-element-59ff36c .elementor-icon-list-items.elementor-inline-items .elementor-icon-list-item:after{inset-inline-end:calc(-10px\/2);}.elementor-7713 .elementor-element.elementor-element-59ff36c .elementor-icon-list-icon i{color:var( --e-global-color-secondary );transition:color 0.3s;}.elementor-7713 .elementor-element.elementor-element-59ff36c .elementor-icon-list-icon svg{fill:var( --e-global-color-secondary );transition:fill 0.3s;}.elementor-7713 .elementor-element.elementor-element-59ff36c{--e-icon-list-icon-size:14px;--icon-vertical-offset:0px;}.elementor-7713 .elementor-element.elementor-element-59ff36c .elementor-icon-list-item > .elementor-icon-list-text, .elementor-7713 .elementor-element.elementor-element-59ff36c .elementor-icon-list-item > a{font-family:\"Open Sans\", Sans-serif;font-size:12px;font-weight:400;}.elementor-7713 .elementor-element.elementor-element-59ff36c .elementor-icon-list-text{color:var( --e-global-color-text );transition:color 0.3s;}.elementor-7713 .elementor-element.elementor-element-59ff36c > .elementor-widget-container{padding:10px 0px 5px 10px;}@media(min-width:768px){.elementor-7713 .elementor-element.elementor-element-7c757b9{--width:50%;}.elementor-7713 .elementor-element.elementor-element-61edee4{--width:100%;}}@media(max-width:1024px){.elementor-widget-theme-post-featured-image .widget-image-caption{font-size:var( --e-global-typography-text-font-size );}.elementor-widget-text-editor{font-size:var( --e-global-typography-text-font-size );}.elementor-widget-icon-list .elementor-icon-list-item > .elementor-icon-list-text, .elementor-widget-icon-list .elementor-icon-list-item > a{font-size:var( --e-global-typography-text-font-size );}}@media(max-width:767px){.elementor-widget-theme-post-featured-image .widget-image-caption{font-size:var( --e-global-typography-text-font-size );}.elementor-widget-text-editor{font-size:var( --e-global-typography-text-font-size );}.elementor-widget-icon-list .elementor-icon-list-item > .elementor-icon-list-text, .elementor-widget-icon-list .elementor-icon-list-item > a{font-size:var( --e-global-typography-text-font-size );}}<\/style>\t\t<div data-elementor-type=\"loop-item\" data-elementor-id=\"7713\" class=\"elementor elementor-7713 e-loop-item e-loop-item-7528 post-7528 post type-post status-publish format-standard has-post-thumbnail hentry category-ptgas\" data-elementor-post-type=\"elementor_library\" data-custom-edit-handle=\"1\">\n\t\t\t<div class=\"elementor-element elementor-element-9415811 e-con-full e-flex e-con e-parent\" data-id=\"9415811\" data-element_type=\"container\" data-e-type=\"container\">\n\t\t\t\t<div class=\"elementor-element elementor-element-32d462f elementor-widget__width-initial elementor-widget elementor-widget-theme-post-title elementor-page-title elementor-widget-heading\" data-id=\"32d462f\" data-element_type=\"widget\" data-e-type=\"widget\" data-widget_type=\"theme-post-title.default\">\n\t\t\t\t<div class=\"elementor-widget-container\">\n\t\t\t\t\t<h6 class=\"elementor-heading-title elementor-size-default\">Gonz\u00e1lez Gonz\u00e1lez, Carolina<\/h6>\t\t\t\t<\/div>\n\t\t\t\t<\/div>\n\t\t<div class=\"elementor-element elementor-element-8317984 e-flex e-con-boxed e-con e-child\" data-id=\"8317984\" data-element_type=\"container\" data-e-type=\"container\">\n\t\t\t\t\t<div class=\"e-con-inner\">\n\t\t<div class=\"elementor-element elementor-element-7c757b9 e-con-full e-flex e-con e-child\" data-id=\"7c757b9\" data-element_type=\"container\" data-e-type=\"container\">\n\t\t\t\t<div class=\"elementor-element elementor-element-3a8d5d8 elementor-widget elementor-widget-theme-post-featured-image elementor-widget-image\" data-id=\"3a8d5d8\" data-element_type=\"widget\" data-e-type=\"widget\" data-widget_type=\"theme-post-featured-image.default\">\n\t\t\t\t<div class=\"elementor-widget-container\">\n\t\t\t\t\t\t\t\t\t\t\t\t\t\t\t<img fetchpriority=\"high\" decoding=\"async\" width=\"800\" height=\"1004\" src=\"https:\/\/departamento.us.es\/lsi\/wp-content\/uploads\/2024\/04\/GONZALEZ-GONZALEZ-CAROLINA-816x1024.jpg\" class=\"attachment-large size-large wp-image-7533\" alt=\"Foto de CAROLINA GONZ\u00c1LEZ GONZ\u00c1LEZ\" srcset=\"https:\/\/departamento.us.es\/lsi\/wp-content\/uploads\/2024\/04\/GONZALEZ-GONZALEZ-CAROLINA-816x1024.jpg 816w, https:\/\/departamento.us.es\/lsi\/wp-content\/uploads\/2024\/04\/GONZALEZ-GONZALEZ-CAROLINA-239x300.jpg 239w, https:\/\/departamento.us.es\/lsi\/wp-content\/uploads\/2024\/04\/GONZALEZ-GONZALEZ-CAROLINA-768x964.jpg 768w, https:\/\/departamento.us.es\/lsi\/wp-content\/uploads\/2024\/04\/GONZALEZ-GONZALEZ-CAROLINA-1223x1536.jpg 1223w, https:\/\/departamento.us.es\/lsi\/wp-content\/uploads\/2024\/04\/GONZALEZ-GONZALEZ-CAROLINA-1631x2048.jpg 1631w, https:\/\/departamento.us.es\/lsi\/wp-content\/uploads\/2024\/04\/GONZALEZ-GONZALEZ-CAROLINA-scaled.jpg 2039w\" sizes=\"(max-width: 800px) 100vw, 800px\" \/>\t\t\t\t\t\t\t\t\t\t\t\t\t\t\t<\/div>\n\t\t\t\t<\/div>\n\t\t\t\t<\/div>\n\t\t<div class=\"elementor-element elementor-element-61edee4 e-con-full e-flex e-con e-child\" data-id=\"61edee4\" data-element_type=\"container\" data-e-type=\"container\">\n\t\t<div class=\"elementor-element elementor-element-5ddb920 e-con-full e-flex e-con e-child\" data-id=\"5ddb920\" data-element_type=\"container\" data-e-type=\"container\" data-settings=\"{&quot;background_background&quot;:&quot;classic&quot;}\">\n\t\t<div class=\"elementor-element elementor-element-7e6aa48 e-flex e-con-boxed e-con e-child\" data-id=\"7e6aa48\" data-element_type=\"container\" data-e-type=\"container\">\n\t\t\t\t\t<div class=\"e-con-inner\">\n\t\t\t\t<div class=\"elementor-element elementor-element-41c06ac elementor-widget elementor-widget-text-editor\" data-id=\"41c06ac\" data-element_type=\"widget\" data-e-type=\"widget\" data-widget_type=\"text-editor.default\">\n\t\t\t\t<div class=\"elementor-widget-container\">\n\t\t\t\t\t\t\t\t\tPersonal de Administraci\u00f3n y Servicios\t\t\t\t\t\t\t\t<\/div>\n\t\t\t\t<\/div>\n\t\t\t\t<div class=\"elementor-element elementor-element-59ff36c elementor-list-item-link-inline elementor-icon-list--layout-traditional elementor-widget elementor-widget-icon-list\" data-id=\"59ff36c\" data-element_type=\"widget\" data-e-type=\"widget\" data-widget_type=\"icon-list.default\">\n\t\t\t\t<div class=\"elementor-widget-container\">\n\t\t\t\t\t\t\t<ul class=\"elementor-icon-list-items\">\n\t\t\t\t\t\t\t<li class=\"elementor-icon-list-item\">\n\t\t\t\t\t\t\t\t\t\t\t<span class=\"elementor-icon-list-icon\">\n\t\t\t\t\t\t\t<i aria-hidden=\"true\" class=\"far fa-building\"><\/i>\t\t\t\t\t\t<\/span>\n\t\t\t\t\t\t\t\t\t\t<span class=\"elementor-icon-list-text\">F1.80<\/span>\n\t\t\t\t\t\t\t\t\t<\/li>\n\t\t\t\t\t\t\t\t<li class=\"elementor-icon-list-item\">\n\t\t\t\t\t\t\t\t\t\t\t<a href=\"mailto:%20cgonzalez1@us.es\">\n\n\t\t\t\t\t\t\t\t\t\t\t\t<span class=\"elementor-icon-list-icon\">\n\t\t\t\t\t\t\t<i aria-hidden=\"true\" class=\"fas fa-envelope\"><\/i>\t\t\t\t\t\t<\/span>\n\t\t\t\t\t\t\t\t\t\t<span class=\"elementor-icon-list-text\">cgonzalez1@us.es<\/span>\n\t\t\t\t\t\t\t\t\t\t\t<\/a>\n\t\t\t\t\t\t\t\t\t<\/li>\n\t\t\t\t\t\t\t\t<li class=\"elementor-icon-list-item\">\n\t\t\t\t\t\t\t\t\t\t\t<span class=\"elementor-icon-list-icon\">\n\t\t\t\t\t\t\t<i aria-hidden=\"true\" class=\"fas fa-phone-alt\"><\/i>\t\t\t\t\t\t<\/span>\n\t\t\t\t\t\t\t\t\t\t<span class=\"elementor-icon-list-text\">954555964<\/span>\n\t\t\t\t\t\t\t\t\t<\/li>\n\t\t\t\t\t\t<\/ul>\n\t\t\t\t\t\t<\/div>\n\t\t\t\t<\/div>\n\t\t\t\t\t<\/div>\n\t\t\t\t<\/div>\n\t\t\t\t<\/div>\n\t\t\t\t<\/div>\n\t\t\t\t\t<\/div>\n\t\t\t\t<\/div>\n\t\t\t\t<\/div>\n\t\t\t\t<\/div>\n\t\t\t\t<\/div>\n\t\t\n\t\t\t\t\t\t<\/div>\n\t\t\t\t<\/div>\n\t\t\t\t\t<\/div>\n\t\t\t\t<\/div>\n\t\t\t\t<\/div>\n\t\t","protected":false},"excerpt":{"rendered":"<p>Personal de Secretar\u00eda Correo de secretar\u00eda gestor-lsi@us.es<\/p>\n","protected":false},"author":12,"featured_media":0,"parent":5453,"menu_order":0,"comment_status":"closed","ping_status":"closed","template":"","meta":{"_acf_changed":false,"footnotes":""},"class_list":["post-5451","page","type-page","status-publish","hentry"],"acf":[],"yoast_head":"<!-- This site is optimized with the Yoast SEO plugin v24.0 - https:\/\/yoast.com\/wordpress\/plugins\/seo\/ -->\n<title>Secretar\u00eda - Departamento de Lenguajes y Sistemas Inform\u00e1ticos<\/title>\n<meta name=\"robots\" content=\"index, follow, max-snippet:-1, max-image-preview:large, max-video-preview:-1\" \/>\n<link rel=\"canonical\" href=\"https:\/\/departamento.us.es\/lsi\/departamento\/secretaria\/\" \/>\n<meta property=\"og:locale\" content=\"es_ES\" \/>\n<meta property=\"og:type\" content=\"article\" \/>\n<meta property=\"og:title\" content=\"Secretar\u00eda - Departamento de Lenguajes y Sistemas Inform\u00e1ticos\" \/>\n<meta property=\"og:description\" content=\"Personal de Secretar\u00eda Correo de secretar\u00eda gestor-lsi@us.es\" \/>\n<meta property=\"og:url\" content=\"https:\/\/departamento.us.es\/lsi\/departamento\/secretaria\/\" \/>\n<meta property=\"og:site_name\" content=\"Departamento de Lenguajes y Sistemas Inform\u00e1ticos\" \/>\n<meta property=\"article:modified_time\" content=\"2024-11-12T08:45:43+00:00\" \/>\n<meta name=\"twitter:card\" content=\"summary_large_image\" \/>\n<meta name=\"twitter:label1\" content=\"Tiempo de lectura\" \/>\n\t<meta name=\"twitter:data1\" content=\"1 minuto\" \/>\n<script type=\"application\/ld+json\" class=\"yoast-schema-graph\">{\"@context\":\"https:\/\/schema.org\",\"@graph\":[{\"@type\":\"WebPage\",\"@id\":\"https:\/\/departamento.us.es\/lsi\/departamento\/secretaria\/\",\"url\":\"https:\/\/departamento.us.es\/lsi\/departamento\/secretaria\/\",\"name\":\"Secretar\u00eda - Departamento de Lenguajes y Sistemas Inform\u00e1ticos\",\"isPartOf\":{\"@id\":\"https:\/\/departamento.us.es\/lsi\/#website\"},\"datePublished\":\"2024-04-01T07:06:59+00:00\",\"dateModified\":\"2024-11-12T08:45:43+00:00\",\"breadcrumb\":{\"@id\":\"https:\/\/departamento.us.es\/lsi\/departamento\/secretaria\/#breadcrumb\"},\"inLanguage\":\"es\",\"potentialAction\":[{\"@type\":\"ReadAction\",\"target\":[\"https:\/\/departamento.us.es\/lsi\/departamento\/secretaria\/\"]}]},{\"@type\":\"BreadcrumbList\",\"@id\":\"https:\/\/departamento.us.es\/lsi\/departamento\/secretaria\/#breadcrumb\",\"itemListElement\":[{\"@type\":\"ListItem\",\"position\":1,\"name\":\"Departamento\",\"item\":\"https:\/\/departamento.us.es\/lsi\/departamento\/\"},{\"@type\":\"ListItem\",\"position\":2,\"name\":\"Secretar\u00eda\"}]},{\"@type\":\"WebSite\",\"@id\":\"https:\/\/departamento.us.es\/lsi\/#website\",\"url\":\"https:\/\/departamento.us.es\/lsi\/\",\"name\":\"Departamento de Lenguajes y Sistemas Inform\u00e1ticos\",\"description\":\"Universidad de Sevilla\",\"publisher\":{\"@id\":\"https:\/\/departamento.us.es\/lsi\/#organization\"},\"potentialAction\":[{\"@type\":\"SearchAction\",\"target\":{\"@type\":\"EntryPoint\",\"urlTemplate\":\"https:\/\/departamento.us.es\/lsi\/?s={search_term_string}\"},\"query-input\":{\"@type\":\"PropertyValueSpecification\",\"valueRequired\":true,\"valueName\":\"search_term_string\"}}],\"inLanguage\":\"es\"},{\"@type\":\"Organization\",\"@id\":\"https:\/\/departamento.us.es\/lsi\/#organization\",\"name\":\"Departamento de Lenguajes y Sistemas Inform\u00e1ticos\",\"url\":\"https:\/\/departamento.us.es\/lsi\/\",\"logo\":{\"@type\":\"ImageObject\",\"inLanguage\":\"es\",\"@id\":\"https:\/\/departamento.us.es\/lsi\/#\/schema\/logo\/image\/\",\"url\":\"https:\/\/departamento.us.es\/lsi\/wp-content\/uploads\/2024\/04\/Logo-LSI-redimen.png\",\"contentUrl\":\"https:\/\/departamento.us.es\/lsi\/wp-content\/uploads\/2024\/04\/Logo-LSI-redimen.png\",\"width\":448,\"height\":322,\"caption\":\"Departamento de Lenguajes y Sistemas Inform\u00e1ticos\"},\"image\":{\"@id\":\"https:\/\/departamento.us.es\/lsi\/#\/schema\/logo\/image\/\"}}]}<\/script>\n<!-- \/ Yoast SEO plugin. -->","yoast_head_json":{"title":"Secretar\u00eda - Departamento de Lenguajes y Sistemas Inform\u00e1ticos","robots":{"index":"index","follow":"follow","max-snippet":"max-snippet:-1","max-image-preview":"max-image-preview:large","max-video-preview":"max-video-preview:-1"},"canonical":"https:\/\/departamento.us.es\/lsi\/departamento\/secretaria\/","og_locale":"es_ES","og_type":"article","og_title":"Secretar\u00eda - Departamento de Lenguajes y Sistemas Inform\u00e1ticos","og_description":"Personal de Secretar\u00eda Correo de secretar\u00eda gestor-lsi@us.es","og_url":"https:\/\/departamento.us.es\/lsi\/departamento\/secretaria\/","og_site_name":"Departamento de Lenguajes y Sistemas Inform\u00e1ticos","article_modified_time":"2024-11-12T08:45:43+00:00","twitter_card":"summary_large_image","twitter_misc":{"Tiempo de lectura":"1 minuto"},"schema":{"@context":"https:\/\/schema.org","@graph":[{"@type":"WebPage","@id":"https:\/\/departamento.us.es\/lsi\/departamento\/secretaria\/","url":"https:\/\/departamento.us.es\/lsi\/departamento\/secretaria\/","name":"Secretar\u00eda - Departamento de Lenguajes y Sistemas Inform\u00e1ticos","isPartOf":{"@id":"https:\/\/departamento.us.es\/lsi\/#website"},"datePublished":"2024-04-01T07:06:59+00:00","dateModified":"2024-11-12T08:45:43+00:00","breadcrumb":{"@id":"https:\/\/departamento.us.es\/lsi\/departamento\/secretaria\/#breadcrumb"},"inLanguage":"es","potentialAction":[{"@type":"ReadAction","target":["https:\/\/departamento.us.es\/lsi\/departamento\/secretaria\/"]}]},{"@type":"BreadcrumbList","@id":"https:\/\/departamento.us.es\/lsi\/departamento\/secretaria\/#breadcrumb","itemListElement":[{"@type":"ListItem","position":1,"name":"Departamento","item":"https:\/\/departamento.us.es\/lsi\/departamento\/"},{"@type":"ListItem","position":2,"name":"Secretar\u00eda"}]},{"@type":"WebSite","@id":"https:\/\/departamento.us.es\/lsi\/#website","url":"https:\/\/departamento.us.es\/lsi\/","name":"Departamento de Lenguajes y Sistemas Inform\u00e1ticos","description":"Universidad de Sevilla","publisher":{"@id":"https:\/\/departamento.us.es\/lsi\/#organization"},"potentialAction":[{"@type":"SearchAction","target":{"@type":"EntryPoint","urlTemplate":"https:\/\/departamento.us.es\/lsi\/?s={search_term_string}"},"query-input":{"@type":"PropertyValueSpecification","valueRequired":true,"valueName":"search_term_string"}}],"inLanguage":"es"},{"@type":"Organization","@id":"https:\/\/departamento.us.es\/lsi\/#organization","name":"Departamento de Lenguajes y Sistemas Inform\u00e1ticos","url":"https:\/\/departamento.us.es\/lsi\/","logo":{"@type":"ImageObject","inLanguage":"es","@id":"https:\/\/departamento.us.es\/lsi\/#\/schema\/logo\/image\/","url":"https:\/\/departamento.us.es\/lsi\/wp-content\/uploads\/2024\/04\/Logo-LSI-redimen.png","contentUrl":"https:\/\/departamento.us.es\/lsi\/wp-content\/uploads\/2024\/04\/Logo-LSI-redimen.png","width":448,"height":322,"caption":"Departamento de Lenguajes y Sistemas Inform\u00e1ticos"},"image":{"@id":"https:\/\/departamento.us.es\/lsi\/#\/schema\/logo\/image\/"}}]}},"_links":{"self":[{"href":"https:\/\/departamento.us.es\/lsi\/wp-json\/wp\/v2\/pages\/5451"}],"collection":[{"href":"https:\/\/departamento.us.es\/lsi\/wp-json\/wp\/v2\/pages"}],"about":[{"href":"https:\/\/departamento.us.es\/lsi\/wp-json\/wp\/v2\/types\/page"}],"author":[{"embeddable":true,"href":"https:\/\/departamento.us.es\/lsi\/wp-json\/wp\/v2\/users\/12"}],"replies":[{"embeddable":true,"href":"https:\/\/departamento.us.es\/lsi\/wp-json\/wp\/v2\/comments?post=5451"}],"version-history":[{"count":0,"href":"https:\/\/departamento.us.es\/lsi\/wp-json\/wp\/v2\/pages\/5451\/revisions"}],"up":[{"embeddable":true,"href":"https:\/\/departamento.us.es\/lsi\/wp-json\/wp\/v2\/pages\/5453"}],"wp:attachment":[{"href":"https:\/\/departamento.us.es\/lsi\/wp-json\/wp\/v2\/media?parent=5451"}],"curies":[{"name":"wp","href":"https:\/\/api.w.org\/{rel}","templated":true}]}}