{"id":7302,"date":"2024-04-16T14:49:44","date_gmt":"2024-04-16T14:49:44","guid":{"rendered":"https:\/\/departamento.us.es\/lsi\/?page_id=7302"},"modified":"2024-05-08T06:10:18","modified_gmt":"2024-05-08T06:10:18","slug":"planos-de-despachos","status":"publish","type":"page","link":"https:\/\/departamento.us.es\/lsi\/departamento\/planos-de-despachos\/","title":{"rendered":"Planos de Despachos"},"content":{"rendered":"\t\t<div data-elementor-type=\"wp-page\" data-elementor-id=\"7302\" class=\"elementor elementor-7302\" data-elementor-post-type=\"page\">\n\t\t\t\t<div class=\"elementor-element elementor-element-94f131c e-flex e-con-boxed e-con e-parent\" data-id=\"94f131c\" data-element_type=\"container\" data-e-type=\"container\">\n\t\t\t\t\t<div class=\"e-con-inner\">\n\t\t\t\t<div class=\"elementor-element elementor-element-a9c5e19 e-n-tabs-mobile elementor-widget elementor-widget-n-tabs\" data-id=\"a9c5e19\" data-element_type=\"widget\" data-e-type=\"widget\" data-settings=\"{&quot;horizontal_scroll&quot;:&quot;disable&quot;}\" data-widget_type=\"nested-tabs.default\">\n\t\t\t\t<div class=\"elementor-widget-container\">\n\t\t\t\t\t\t\t<div class=\"e-n-tabs\" data-widget-number=\"178019865\" aria-label=\"Pesta\u00f1as. Abre elementos con Intro o Espacio, ci\u00e9rralos con Escape y navega con las fechas.\">\n\t\t\t<div class=\"e-n-tabs-heading\" role=\"tablist\">\n\t\t\t\t\t<button id=\"e-n-tab-title-1780198651\" data-tab-title-id=\"e-n-tab-title-1780198651\" class=\"e-n-tab-title\" aria-selected=\"true\" data-tab-index=\"1\" role=\"tab\" tabindex=\"0\" aria-controls=\"e-n-tab-content-1780198651\" style=\"--n-tabs-title-order: 1;\">\n\t\t\t\t\t\t<span class=\"e-n-tab-title-text\">\n\t\t\t\tM\u00f3dulo F (Planta Alta)\t\t\t<\/span>\n\t\t<\/button>\n\t\t\t\t<button id=\"e-n-tab-title-1780198652\" data-tab-title-id=\"e-n-tab-title-1780198652\" class=\"e-n-tab-title\" aria-selected=\"false\" data-tab-index=\"2\" role=\"tab\" tabindex=\"-1\" aria-controls=\"e-n-tab-content-1780198652\" style=\"--n-tabs-title-order: 2;\">\n\t\t\t\t\t\t<span class=\"e-n-tab-title-text\">\n\t\t\t\tM\u00f3dulo E y F (Planta Baja)\t\t\t<\/span>\n\t\t<\/button>\n\t\t\t\t<button id=\"e-n-tab-title-1780198653\" data-tab-title-id=\"e-n-tab-title-1780198653\" class=\"e-n-tab-title\" aria-selected=\"false\" data-tab-index=\"3\" role=\"tab\" tabindex=\"-1\" aria-controls=\"e-n-tab-content-1780198653\" style=\"--n-tabs-title-order: 3;\">\n\t\t\t\t\t\t<span class=\"e-n-tab-title-text\">\n\t\t\t\tM\u00f3dulo C2 y M\u00f3dulo I (Planta Baja)\t\t\t<\/span>\n\t\t<\/button>\n\t\t\t\t\t<\/div>\n\t\t\t<div class=\"e-n-tabs-content\">\n\t\t\t\t<div id=\"e-n-tab-content-1780198651\" role=\"tabpanel\" aria-labelledby=\"e-n-tab-title-1780198651\" data-tab-index=\"1\" style=\"--n-tabs-title-order: 1;\" class=\"e-active elementor-element elementor-element-d10c35d e-con-full e-flex e-con e-child\" data-id=\"d10c35d\" data-element_type=\"container\" data-e-type=\"container\">\n\t\t\t\t<div class=\"elementor-element elementor-element-3bea1e7 elementor-widget elementor-widget-image\" data-id=\"3bea1e7\" data-element_type=\"widget\" data-e-type=\"widget\" data-widget_type=\"image.default\">\n\t\t\t\t<div class=\"elementor-widget-container\">\n\t\t\t\t\t\t\t\t\t\t\t\t\t\t\t\t<a href=\"https:\/\/departamento.us.es\/lsi\/wp-content\/uploads\/2024\/04\/Planos-despachos-F-Alta-junio24.png\" data-elementor-open-lightbox=\"yes\" data-elementor-lightbox-title=\"Planos-despachos-F-Alta-junio24\" data-e-action-hash=\"#elementor-action%3Aaction%3Dlightbox%26settings%3DeyJpZCI6NzMxMywidXJsIjoiaHR0cHM6XC9cL2RlcGFydGFtZW50by51cy5lc1wvbHNpXC93cC1jb250ZW50XC91cGxvYWRzXC8yMDI0XC8wNFwvUGxhbm9zLWRlc3BhY2hvcy1GLUFsdGEtanVuaW8yNC5wbmcifQ%3D%3D\">\n\t\t\t\t\t\t\t<img fetchpriority=\"high\" decoding=\"async\" width=\"709\" height=\"1024\" src=\"https:\/\/departamento.us.es\/lsi\/wp-content\/uploads\/2024\/04\/Planos-despachos-F-Alta-junio24-709x1024.png\" class=\"attachment-large size-large wp-image-7313\" alt=\"Plano de los despachos de la planta alta del m\u00f3dulo F\" srcset=\"https:\/\/departamento.us.es\/lsi\/wp-content\/uploads\/2024\/04\/Planos-despachos-F-Alta-junio24-709x1024.png 709w, https:\/\/departamento.us.es\/lsi\/wp-content\/uploads\/2024\/04\/Planos-despachos-F-Alta-junio24-208x300.png 208w, https:\/\/departamento.us.es\/lsi\/wp-content\/uploads\/2024\/04\/Planos-despachos-F-Alta-junio24-768x1109.png 768w, https:\/\/departamento.us.es\/lsi\/wp-content\/uploads\/2024\/04\/Planos-despachos-F-Alta-junio24.png 831w\" sizes=\"(max-width: 709px) 100vw, 709px\" \/>\t\t\t\t\t\t\t\t<\/a>\n\t\t\t\t\t\t\t\t\t\t\t\t\t\t\t<\/div>\n\t\t\t\t<\/div>\n\t\t\t\t<\/div>\n\t\t<div id=\"e-n-tab-content-1780198652\" role=\"tabpanel\" aria-labelledby=\"e-n-tab-title-1780198652\" data-tab-index=\"2\" style=\"--n-tabs-title-order: 2;\" class=\" elementor-element elementor-element-098fcae e-con-full e-flex e-con e-child\" data-id=\"098fcae\" data-element_type=\"container\" data-e-type=\"container\">\n\t\t\t\t<div class=\"elementor-element elementor-element-a4eaafb elementor-widget elementor-widget-image\" data-id=\"a4eaafb\" data-element_type=\"widget\" data-e-type=\"widget\" data-widget_type=\"image.default\">\n\t\t\t\t<div class=\"elementor-widget-container\">\n\t\t\t\t\t\t\t\t\t\t\t\t\t\t\t\t<a href=\"https:\/\/departamento.us.es\/lsi\/wp-content\/uploads\/2024\/04\/Planos-despachos-F-Baja-Junio24.png\" data-elementor-open-lightbox=\"yes\" data-elementor-lightbox-title=\"Planos-despachos-F-Baja-Junio24\" data-e-action-hash=\"#elementor-action%3Aaction%3Dlightbox%26settings%3DeyJpZCI6NzMxNCwidXJsIjoiaHR0cHM6XC9cL2RlcGFydGFtZW50by51cy5lc1wvbHNpXC93cC1jb250ZW50XC91cGxvYWRzXC8yMDI0XC8wNFwvUGxhbm9zLWRlc3BhY2hvcy1GLUJhamEtSnVuaW8yNC5wbmcifQ%3D%3D\">\n\t\t\t\t\t\t\t<img decoding=\"async\" width=\"709\" height=\"1024\" src=\"https:\/\/departamento.us.es\/lsi\/wp-content\/uploads\/2024\/04\/Planos-despachos-F-Baja-Junio24-709x1024.png\" class=\"attachment-large size-large wp-image-7314\" alt=\"Plano de los despachos de la planta baja del m\u00f3dulo F\" srcset=\"https:\/\/departamento.us.es\/lsi\/wp-content\/uploads\/2024\/04\/Planos-despachos-F-Baja-Junio24-709x1024.png 709w, https:\/\/departamento.us.es\/lsi\/wp-content\/uploads\/2024\/04\/Planos-despachos-F-Baja-Junio24-208x300.png 208w, https:\/\/departamento.us.es\/lsi\/wp-content\/uploads\/2024\/04\/Planos-despachos-F-Baja-Junio24-768x1109.png 768w, https:\/\/departamento.us.es\/lsi\/wp-content\/uploads\/2024\/04\/Planos-despachos-F-Baja-Junio24.png 831w\" sizes=\"(max-width: 709px) 100vw, 709px\" \/>\t\t\t\t\t\t\t\t<\/a>\n\t\t\t\t\t\t\t\t\t\t\t\t\t\t\t<\/div>\n\t\t\t\t<\/div>\n\t\t\t\t<\/div>\n\t\t<div id=\"e-n-tab-content-1780198653\" role=\"tabpanel\" aria-labelledby=\"e-n-tab-title-1780198653\" data-tab-index=\"3\" style=\"--n-tabs-title-order: 3;\" class=\" elementor-element elementor-element-07642db e-con-full e-flex e-con e-child\" data-id=\"07642db\" data-element_type=\"container\" data-e-type=\"container\">\n\t\t\t\t<div class=\"elementor-element elementor-element-6cdb2bf elementor-widget elementor-widget-image\" data-id=\"6cdb2bf\" data-element_type=\"widget\" data-e-type=\"widget\" data-widget_type=\"image.default\">\n\t\t\t\t<div class=\"elementor-widget-container\">\n\t\t\t\t\t\t\t\t\t\t\t\t\t\t\t\t<a href=\"https:\/\/departamento.us.es\/lsi\/wp-content\/uploads\/2024\/04\/Planos-despachos-I-Baja-Junio24.png\" data-elementor-open-lightbox=\"yes\" data-elementor-lightbox-title=\"Planos-despachos-I-Baja-Junio24\" data-e-action-hash=\"#elementor-action%3Aaction%3Dlightbox%26settings%3DeyJpZCI6NzMxNSwidXJsIjoiaHR0cHM6XC9cL2RlcGFydGFtZW50by51cy5lc1wvbHNpXC93cC1jb250ZW50XC91cGxvYWRzXC8yMDI0XC8wNFwvUGxhbm9zLWRlc3BhY2hvcy1JLUJhamEtSnVuaW8yNC5wbmcifQ%3D%3D\">\n\t\t\t\t\t\t\t<img decoding=\"async\" width=\"709\" height=\"1024\" src=\"https:\/\/departamento.us.es\/lsi\/wp-content\/uploads\/2024\/04\/Planos-despachos-I-Baja-Junio24-709x1024.png\" class=\"attachment-large size-large wp-image-7315\" alt=\"Plano de los despachos de la planta baja del m\u00f3dulo I\" srcset=\"https:\/\/departamento.us.es\/lsi\/wp-content\/uploads\/2024\/04\/Planos-despachos-I-Baja-Junio24-709x1024.png 709w, https:\/\/departamento.us.es\/lsi\/wp-content\/uploads\/2024\/04\/Planos-despachos-I-Baja-Junio24-208x300.png 208w, https:\/\/departamento.us.es\/lsi\/wp-content\/uploads\/2024\/04\/Planos-despachos-I-Baja-Junio24-768x1109.png 768w, https:\/\/departamento.us.es\/lsi\/wp-content\/uploads\/2024\/04\/Planos-despachos-I-Baja-Junio24.png 831w\" sizes=\"(max-width: 709px) 100vw, 709px\" \/>\t\t\t\t\t\t\t\t<\/a>\n\t\t\t\t\t\t\t\t\t\t\t\t\t\t\t<\/div>\n\t\t\t\t<\/div>\n\t\t\t\t<\/div>\n\t\t\t\t\t<\/div>\n\t\t<\/div>\n\t\t\t\t\t\t<\/div>\n\t\t\t\t<\/div>\n\t\t\t\t\t<\/div>\n\t\t\t\t<\/div>\n\t\t\t\t<\/div>\n\t\t","protected":false},"excerpt":{"rendered":"<p>M\u00f3dulo F (Planta Alta) M\u00f3dulo E y F (Planta Baja) M\u00f3dulo C2 y M\u00f3dulo I (Planta Baja)<\/p>\n","protected":false},"author":12,"featured_media":0,"parent":5453,"menu_order":0,"comment_status":"closed","ping_status":"closed","template":"","meta":{"_acf_changed":false,"footnotes":""},"class_list":["post-7302","page","type-page","status-publish","hentry"],"acf":[],"yoast_head":"<!-- This site is optimized with the Yoast SEO plugin v24.0 - https:\/\/yoast.com\/wordpress\/plugins\/seo\/ -->\n<title>Planos de Despachos - Departamento de Lenguajes y Sistemas Inform\u00e1ticos<\/title>\n<meta name=\"robots\" content=\"index, follow, max-snippet:-1, max-image-preview:large, max-video-preview:-1\" \/>\n<link rel=\"canonical\" href=\"https:\/\/departamento.us.es\/lsi\/departamento\/planos-de-despachos\/\" \/>\n<meta property=\"og:locale\" content=\"es_ES\" \/>\n<meta property=\"og:type\" content=\"article\" \/>\n<meta property=\"og:title\" content=\"Planos de Despachos - Departamento de Lenguajes y Sistemas Inform\u00e1ticos\" \/>\n<meta property=\"og:description\" content=\"M\u00f3dulo F (Planta Alta) M\u00f3dulo E y F (Planta Baja) M\u00f3dulo C2 y M\u00f3dulo I (Planta Baja)\" \/>\n<meta property=\"og:url\" content=\"https:\/\/departamento.us.es\/lsi\/departamento\/planos-de-despachos\/\" \/>\n<meta property=\"og:site_name\" content=\"Departamento de Lenguajes y Sistemas Inform\u00e1ticos\" \/>\n<meta property=\"article:modified_time\" content=\"2024-05-08T06:10:18+00:00\" \/>\n<meta property=\"og:image\" content=\"https:\/\/departamento.us.es\/lsi\/wp-content\/uploads\/2024\/04\/Planos-despachos-F-Alta-709x1024.png\" \/>\n<meta name=\"twitter:card\" content=\"summary_large_image\" \/>\n<meta name=\"twitter:label1\" content=\"Tiempo de lectura\" \/>\n\t<meta name=\"twitter:data1\" content=\"2 minutos\" \/>\n<script type=\"application\/ld+json\" class=\"yoast-schema-graph\">{\"@context\":\"https:\/\/schema.org\",\"@graph\":[{\"@type\":\"WebPage\",\"@id\":\"https:\/\/departamento.us.es\/lsi\/departamento\/planos-de-despachos\/\",\"url\":\"https:\/\/departamento.us.es\/lsi\/departamento\/planos-de-despachos\/\",\"name\":\"Planos de Despachos - Departamento de Lenguajes y Sistemas Inform\u00e1ticos\",\"isPartOf\":{\"@id\":\"https:\/\/departamento.us.es\/lsi\/#website\"},\"primaryImageOfPage\":{\"@id\":\"https:\/\/departamento.us.es\/lsi\/departamento\/planos-de-despachos\/#primaryimage\"},\"image\":{\"@id\":\"https:\/\/departamento.us.es\/lsi\/departamento\/planos-de-despachos\/#primaryimage\"},\"thumbnailUrl\":\"https:\/\/departamento.us.es\/lsi\/wp-content\/uploads\/2024\/04\/Planos-despachos-F-Alta-junio24-709x1024.png\",\"datePublished\":\"2024-04-16T14:49:44+00:00\",\"dateModified\":\"2024-05-08T06:10:18+00:00\",\"breadcrumb\":{\"@id\":\"https:\/\/departamento.us.es\/lsi\/departamento\/planos-de-despachos\/#breadcrumb\"},\"inLanguage\":\"es\",\"potentialAction\":[{\"@type\":\"ReadAction\",\"target\":[\"https:\/\/departamento.us.es\/lsi\/departamento\/planos-de-despachos\/\"]}]},{\"@type\":\"ImageObject\",\"inLanguage\":\"es\",\"@id\":\"https:\/\/departamento.us.es\/lsi\/departamento\/planos-de-despachos\/#primaryimage\",\"url\":\"https:\/\/departamento.us.es\/lsi\/wp-content\/uploads\/2024\/04\/Planos-despachos-F-Alta-junio24.png\",\"contentUrl\":\"https:\/\/departamento.us.es\/lsi\/wp-content\/uploads\/2024\/04\/Planos-despachos-F-Alta-junio24.png\",\"width\":831,\"height\":1200,\"caption\":\"Plano de los despachos de la planta alta del m\u00f3dulo F\"},{\"@type\":\"BreadcrumbList\",\"@id\":\"https:\/\/departamento.us.es\/lsi\/departamento\/planos-de-despachos\/#breadcrumb\",\"itemListElement\":[{\"@type\":\"ListItem\",\"position\":1,\"name\":\"Departamento\",\"item\":\"https:\/\/departamento.us.es\/lsi\/departamento\/\"},{\"@type\":\"ListItem\",\"position\":2,\"name\":\"Planos de Despachos\"}]},{\"@type\":\"WebSite\",\"@id\":\"https:\/\/departamento.us.es\/lsi\/#website\",\"url\":\"https:\/\/departamento.us.es\/lsi\/\",\"name\":\"Departamento de Lenguajes y Sistemas Inform\u00e1ticos\",\"description\":\"Universidad de Sevilla\",\"publisher\":{\"@id\":\"https:\/\/departamento.us.es\/lsi\/#organization\"},\"potentialAction\":[{\"@type\":\"SearchAction\",\"target\":{\"@type\":\"EntryPoint\",\"urlTemplate\":\"https:\/\/departamento.us.es\/lsi\/?s={search_term_string}\"},\"query-input\":{\"@type\":\"PropertyValueSpecification\",\"valueRequired\":true,\"valueName\":\"search_term_string\"}}],\"inLanguage\":\"es\"},{\"@type\":\"Organization\",\"@id\":\"https:\/\/departamento.us.es\/lsi\/#organization\",\"name\":\"Departamento de Lenguajes y Sistemas Inform\u00e1ticos\",\"url\":\"https:\/\/departamento.us.es\/lsi\/\",\"logo\":{\"@type\":\"ImageObject\",\"inLanguage\":\"es\",\"@id\":\"https:\/\/departamento.us.es\/lsi\/#\/schema\/logo\/image\/\",\"url\":\"https:\/\/departamento.us.es\/lsi\/wp-content\/uploads\/2024\/04\/Logo-LSI-redimen.png\",\"contentUrl\":\"https:\/\/departamento.us.es\/lsi\/wp-content\/uploads\/2024\/04\/Logo-LSI-redimen.png\",\"width\":448,\"height\":322,\"caption\":\"Departamento de Lenguajes y Sistemas Inform\u00e1ticos\"},\"image\":{\"@id\":\"https:\/\/departamento.us.es\/lsi\/#\/schema\/logo\/image\/\"}}]}<\/script>\n<!-- \/ Yoast SEO plugin. -->","yoast_head_json":{"title":"Planos de Despachos - Departamento de Lenguajes y Sistemas Inform\u00e1ticos","robots":{"index":"index","follow":"follow","max-snippet":"max-snippet:-1","max-image-preview":"max-image-preview:large","max-video-preview":"max-video-preview:-1"},"canonical":"https:\/\/departamento.us.es\/lsi\/departamento\/planos-de-despachos\/","og_locale":"es_ES","og_type":"article","og_title":"Planos de Despachos - Departamento de Lenguajes y Sistemas Inform\u00e1ticos","og_description":"M\u00f3dulo F (Planta Alta) M\u00f3dulo E y F (Planta Baja) M\u00f3dulo C2 y M\u00f3dulo I (Planta Baja)","og_url":"https:\/\/departamento.us.es\/lsi\/departamento\/planos-de-despachos\/","og_site_name":"Departamento de Lenguajes y Sistemas Inform\u00e1ticos","article_modified_time":"2024-05-08T06:10:18+00:00","og_image":[{"url":"https:\/\/departamento.us.es\/lsi\/wp-content\/uploads\/2024\/04\/Planos-despachos-F-Alta-709x1024.png","type":"","width":"","height":""}],"twitter_card":"summary_large_image","twitter_misc":{"Tiempo de lectura":"2 minutos"},"schema":{"@context":"https:\/\/schema.org","@graph":[{"@type":"WebPage","@id":"https:\/\/departamento.us.es\/lsi\/departamento\/planos-de-despachos\/","url":"https:\/\/departamento.us.es\/lsi\/departamento\/planos-de-despachos\/","name":"Planos de Despachos - Departamento de Lenguajes y Sistemas Inform\u00e1ticos","isPartOf":{"@id":"https:\/\/departamento.us.es\/lsi\/#website"},"primaryImageOfPage":{"@id":"https:\/\/departamento.us.es\/lsi\/departamento\/planos-de-despachos\/#primaryimage"},"image":{"@id":"https:\/\/departamento.us.es\/lsi\/departamento\/planos-de-despachos\/#primaryimage"},"thumbnailUrl":"https:\/\/departamento.us.es\/lsi\/wp-content\/uploads\/2024\/04\/Planos-despachos-F-Alta-junio24-709x1024.png","datePublished":"2024-04-16T14:49:44+00:00","dateModified":"2024-05-08T06:10:18+00:00","breadcrumb":{"@id":"https:\/\/departamento.us.es\/lsi\/departamento\/planos-de-despachos\/#breadcrumb"},"inLanguage":"es","potentialAction":[{"@type":"ReadAction","target":["https:\/\/departamento.us.es\/lsi\/departamento\/planos-de-despachos\/"]}]},{"@type":"ImageObject","inLanguage":"es","@id":"https:\/\/departamento.us.es\/lsi\/departamento\/planos-de-despachos\/#primaryimage","url":"https:\/\/departamento.us.es\/lsi\/wp-content\/uploads\/2024\/04\/Planos-despachos-F-Alta-junio24.png","contentUrl":"https:\/\/departamento.us.es\/lsi\/wp-content\/uploads\/2024\/04\/Planos-despachos-F-Alta-junio24.png","width":831,"height":1200,"caption":"Plano de los despachos de la planta alta del m\u00f3dulo F"},{"@type":"BreadcrumbList","@id":"https:\/\/departamento.us.es\/lsi\/departamento\/planos-de-despachos\/#breadcrumb","itemListElement":[{"@type":"ListItem","position":1,"name":"Departamento","item":"https:\/\/departamento.us.es\/lsi\/departamento\/"},{"@type":"ListItem","position":2,"name":"Planos de Despachos"}]},{"@type":"WebSite","@id":"https:\/\/departamento.us.es\/lsi\/#website","url":"https:\/\/departamento.us.es\/lsi\/","name":"Departamento de Lenguajes y Sistemas Inform\u00e1ticos","description":"Universidad de Sevilla","publisher":{"@id":"https:\/\/departamento.us.es\/lsi\/#organization"},"potentialAction":[{"@type":"SearchAction","target":{"@type":"EntryPoint","urlTemplate":"https:\/\/departamento.us.es\/lsi\/?s={search_term_string}"},"query-input":{"@type":"PropertyValueSpecification","valueRequired":true,"valueName":"search_term_string"}}],"inLanguage":"es"},{"@type":"Organization","@id":"https:\/\/departamento.us.es\/lsi\/#organization","name":"Departamento de Lenguajes y Sistemas Inform\u00e1ticos","url":"https:\/\/departamento.us.es\/lsi\/","logo":{"@type":"ImageObject","inLanguage":"es","@id":"https:\/\/departamento.us.es\/lsi\/#\/schema\/logo\/image\/","url":"https:\/\/departamento.us.es\/lsi\/wp-content\/uploads\/2024\/04\/Logo-LSI-redimen.png","contentUrl":"https:\/\/departamento.us.es\/lsi\/wp-content\/uploads\/2024\/04\/Logo-LSI-redimen.png","width":448,"height":322,"caption":"Departamento de Lenguajes y Sistemas Inform\u00e1ticos"},"image":{"@id":"https:\/\/departamento.us.es\/lsi\/#\/schema\/logo\/image\/"}}]}},"_links":{"self":[{"href":"https:\/\/departamento.us.es\/lsi\/wp-json\/wp\/v2\/pages\/7302"}],"collection":[{"href":"https:\/\/departamento.us.es\/lsi\/wp-json\/wp\/v2\/pages"}],"about":[{"href":"https:\/\/departamento.us.es\/lsi\/wp-json\/wp\/v2\/types\/page"}],"author":[{"embeddable":true,"href":"https:\/\/departamento.us.es\/lsi\/wp-json\/wp\/v2\/users\/12"}],"replies":[{"embeddable":true,"href":"https:\/\/departamento.us.es\/lsi\/wp-json\/wp\/v2\/comments?post=7302"}],"version-history":[{"count":0,"href":"https:\/\/departamento.us.es\/lsi\/wp-json\/wp\/v2\/pages\/7302\/revisions"}],"up":[{"embeddable":true,"href":"https:\/\/departamento.us.es\/lsi\/wp-json\/wp\/v2\/pages\/5453"}],"wp:attachment":[{"href":"https:\/\/departamento.us.es\/lsi\/wp-json\/wp\/v2\/media?parent=7302"}],"curies":[{"name":"wp","href":"https:\/\/api.w.org\/{rel}","templated":true}]}}