{"id":8619,"date":"2024-05-08T14:46:15","date_gmt":"2024-05-08T14:46:15","guid":{"rendered":"https:\/\/departamento.us.es\/lsi\/docencia\/master-universitario-en-documentos-y-libros-archivos-y-bibliotecas-copy\/"},"modified":"2024-06-10T08:38:09","modified_gmt":"2024-06-10T08:38:09","slug":"master-universitario-en-escritura-creativa","status":"publish","type":"page","link":"https:\/\/departamento.us.es\/lsi\/docencia\/master-universitario-en-escritura-creativa\/","title":{"rendered":"M\u00e1ster Universitario en Escritura Creativa"},"content":{"rendered":"\t\t<div data-elementor-type=\"wp-page\" data-elementor-id=\"8619\" class=\"elementor elementor-8619\" data-elementor-post-type=\"page\">\n\t\t\t\t<div class=\"elementor-element elementor-element-abf98c8 e-flex e-con-boxed e-con e-parent\" data-id=\"abf98c8\" data-element_type=\"container\" data-e-type=\"container\">\n\t\t\t\t\t<div class=\"e-con-inner\">\n\t\t<div class=\"elementor-element elementor-element-5b5d59e e-flex e-con-boxed e-con e-child\" data-id=\"5b5d59e\" data-element_type=\"container\" data-e-type=\"container\">\n\t\t\t\t\t<div class=\"e-con-inner\">\n\t\t\t\t<div class=\"elementor-element elementor-element-e9666b8 elementor-widget elementor-widget-heading\" data-id=\"e9666b8\" data-element_type=\"widget\" data-e-type=\"widget\" data-widget_type=\"heading.default\">\n\t\t\t\t<div class=\"elementor-widget-container\">\n\t\t\t\t\t<h4 class=\"elementor-heading-title elementor-size-default\">Asignaturas del M\u00e1ster Universitario\n<\/h4>\t\t\t\t<\/div>\n\t\t\t\t<\/div>\n\t\t\t\t<div class=\"elementor-element elementor-element-a4218d6 elementor-widget elementor-widget-n-accordion\" data-id=\"a4218d6\" data-element_type=\"widget\" data-e-type=\"widget\" data-settings=\"{&quot;default_state&quot;:&quot;all_collapsed&quot;,&quot;max_items_expended&quot;:&quot;one&quot;,&quot;n_accordion_animation_duration&quot;:{&quot;unit&quot;:&quot;ms&quot;,&quot;size&quot;:400,&quot;sizes&quot;:[]}}\" data-widget_type=\"nested-accordion.default\">\n\t\t\t\t<div class=\"elementor-widget-container\">\n\t\t\t\t\t\t\t<div class=\"e-n-accordion\" aria-label=\"Accordion. Open links with Enter or Space, close with Escape, and navigate with Arrow Keys\">\n\t\t\t\t\t\t<details id=\"e-n-accordion-item-1720\" class=\"e-n-accordion-item\" >\n\t\t\t\t<summary class=\"e-n-accordion-item-title\" data-accordion-index=\"1\" tabindex=\"0\" aria-expanded=\"false\" aria-controls=\"e-n-accordion-item-1720\" >\n\t\t\t\t\t<span class='e-n-accordion-item-title-header'><div class=\"e-n-accordion-item-title-text\"> Literatura Cibern\u00e9tica <\/div><\/span>\n\t\t\t\t\t\t\t<span class='e-n-accordion-item-title-icon'>\n\t\t\t<span class='e-opened' ><i aria-hidden=\"true\" class=\"fas fa-caret-down\"><\/i><\/span>\n\t\t\t<span class='e-closed'><i aria-hidden=\"true\" class=\"fas fa-caret-right\"><\/i><\/span>\n\t\t<\/span>\n\n\t\t\t\t\t\t<\/summary>\n\t\t\t\t<div role=\"region\" aria-labelledby=\"e-n-accordion-item-1720\" class=\"elementor-element elementor-element-ca6a09f e-con-full e-flex e-con e-child\" data-id=\"ca6a09f\" data-element_type=\"container\" data-e-type=\"container\">\n\t\t<div role=\"region\" aria-labelledby=\"e-n-accordion-item-1720\" class=\"elementor-element elementor-element-03945bf e-flex e-con-boxed e-con e-child\" data-id=\"03945bf\" data-element_type=\"container\" data-e-type=\"container\">\n\t\t\t\t\t<div class=\"e-con-inner\">\n\t\t\t\t<div class=\"elementor-element elementor-element-7bf2331 elementor-widget elementor-widget-heading\" data-id=\"7bf2331\" data-element_type=\"widget\" data-e-type=\"widget\" data-widget_type=\"heading.default\">\n\t\t\t\t<div class=\"elementor-widget-container\">\n\t\t\t\t\t<h6 class=\"elementor-heading-title elementor-size-default\">P\u00e1gina de la asignatura<\/h6>\t\t\t\t<\/div>\n\t\t\t\t<\/div>\n\t\t<div role=\"region\" aria-labelledby=\"e-n-accordion-item-1720\" class=\"elementor-element elementor-element-16069d4 e-flex e-con-boxed e-con e-child\" data-id=\"16069d4\" data-element_type=\"container\" data-e-type=\"container\">\n\t\t\t\t\t<div class=\"e-con-inner\">\n\t\t\t\t<div class=\"elementor-element elementor-element-61f7bb9 elementor-list-item-link-inline elementor-icon-list--layout-traditional elementor-widget elementor-widget-icon-list\" data-id=\"61f7bb9\" data-element_type=\"widget\" data-e-type=\"widget\" data-widget_type=\"icon-list.default\">\n\t\t\t\t<div class=\"elementor-widget-container\">\n\t\t\t\t\t\t\t<ul class=\"elementor-icon-list-items\">\n\t\t\t\t\t\t\t<li class=\"elementor-icon-list-item\">\n\t\t\t\t\t\t\t\t\t\t\t<a href=\"https:\/\/www.us.es\/estudiar\/que-estudiar\/oferta-de-masteres\/master-universitario-en-escritura-creativa\/50710010\" target=\"_blank\">\n\n\t\t\t\t\t\t\t\t\t\t\t\t<span class=\"elementor-icon-list-icon\">\n\t\t\t\t\t\t\t<i aria-hidden=\"true\" class=\"fas fa-link\"><\/i>\t\t\t\t\t\t<\/span>\n\t\t\t\t\t\t\t\t\t\t<span class=\"elementor-icon-list-text\">Datos de la asignatura<\/span>\n\t\t\t\t\t\t\t\t\t\t\t<\/a>\n\t\t\t\t\t\t\t\t\t<\/li>\n\t\t\t\t\t\t<\/ul>\n\t\t\t\t\t\t<\/div>\n\t\t\t\t<\/div>\n\t\t\t\t\t<\/div>\n\t\t\t\t<\/div>\n\t\t\t\t<div class=\"elementor-element elementor-element-fd2515b elementor-widget elementor-widget-heading\" data-id=\"fd2515b\" data-element_type=\"widget\" data-e-type=\"widget\" data-widget_type=\"heading.default\">\n\t\t\t\t<div class=\"elementor-widget-container\">\n\t\t\t\t\t<h6 class=\"elementor-heading-title elementor-size-default\">Profesorado<\/h6>\t\t\t\t<\/div>\n\t\t\t\t<\/div>\n\t\t<div role=\"region\" aria-labelledby=\"e-n-accordion-item-1720\" class=\"elementor-element elementor-element-1e7af7e e-flex e-con-boxed e-con e-child\" data-id=\"1e7af7e\" data-element_type=\"container\" data-e-type=\"container\">\n\t\t\t\t\t<div class=\"e-con-inner\">\n\t\t\t\t<div class=\"elementor-element elementor-element-097e882 elementor-list-item-link-inline elementor-widget__width-initial elementor-icon-list--layout-traditional elementor-widget elementor-widget-icon-list\" data-id=\"097e882\" data-element_type=\"widget\" data-e-type=\"widget\" data-widget_type=\"icon-list.default\">\n\t\t\t\t<div class=\"elementor-widget-container\">\n\t\t\t\t\t\t\t<ul class=\"elementor-icon-list-items\">\n\t\t\t\t\t\t\t<li class=\"elementor-icon-list-item\">\n\t\t\t\t\t\t\t\t\t\t\t<a href=\"https:\/\/departamento.us.es\/lsi\/profesor\/borrego-nunez-diana\/\">\n\n\t\t\t\t\t\t\t\t\t\t\t\t<span class=\"elementor-icon-list-icon\">\n\t\t\t\t\t\t\t<i aria-hidden=\"true\" class=\"fas fa-user\"><\/i>\t\t\t\t\t\t<\/span>\n\t\t\t\t\t\t\t\t\t\t<span class=\"elementor-icon-list-text\">Borrego N\u00fa\u00f1ez, Diana<\/span>\n\t\t\t\t\t\t\t\t\t\t\t<\/a>\n\t\t\t\t\t\t\t\t\t<\/li>\n\t\t\t\t\t\t\t\t<li class=\"elementor-icon-list-item\">\n\t\t\t\t\t\t\t\t\t\t\t<span class=\"elementor-icon-list-icon\">\n\t\t\t\t\t\t\t<i aria-hidden=\"true\" class=\"fas fa-user\"><\/i>\t\t\t\t\t\t<\/span>\n\t\t\t\t\t\t\t\t\t\t<span class=\"elementor-icon-list-text\">Cid, Rafael<\/span>\n\t\t\t\t\t\t\t\t\t<\/li>\n\t\t\t\t\t\t\t\t<li class=\"elementor-icon-list-item\">\n\t\t\t\t\t\t\t\t\t\t\t<span class=\"elementor-icon-list-icon\">\n\t\t\t\t\t\t\t<i aria-hidden=\"true\" class=\"fas fa-user\"><\/i>\t\t\t\t\t\t<\/span>\n\t\t\t\t\t\t\t\t\t\t<span class=\"elementor-icon-list-text\">Nepomuceno Chamorro, Juan Antonio (Coordinador)<\/span>\n\t\t\t\t\t\t\t\t\t<\/li>\n\t\t\t\t\t\t<\/ul>\n\t\t\t\t\t\t<\/div>\n\t\t\t\t<\/div>\n\t\t\t\t\t<\/div>\n\t\t\t\t<\/div>\n\t\t\t\t\t<\/div>\n\t\t\t\t<\/div>\n\t\t\t\t<\/div>\n\t\t\t\t\t<\/details>\n\t\t\t\t\t<\/div>\n\t\t\t\t\t\t<\/div>\n\t\t\t\t<\/div>\n\t\t\t\t\t<\/div>\n\t\t\t\t<\/div>\n\t\t\t\t\t<\/div>\n\t\t\t\t<\/div>\n\t\t\t\t<\/div>\n\t\t","protected":false},"excerpt":{"rendered":"<p>Asignaturas del M\u00e1ster Universitario Literatura Cibern\u00e9tica P\u00e1gina de la asignatura Datos de la asignatura Profesorado Borrego N\u00fa\u00f1ez, Diana Cid, Rafael Nepomuceno Chamorro, Juan Antonio (Coordinador) P\u00e1gina de la asignatura Datos de la asignatura Profesorado Borrego N\u00fa\u00f1ez, Diana Cid, Rafael Nepomuceno Chamorro, Juan Antonio (Coordinador)<\/p>\n","protected":false},"author":12,"featured_media":0,"parent":3837,"menu_order":0,"comment_status":"closed","ping_status":"closed","template":"","meta":{"_acf_changed":false,"footnotes":""},"class_list":["post-8619","page","type-page","status-publish","hentry"],"acf":[],"yoast_head":"<!-- This site is optimized with the Yoast SEO plugin v24.0 - https:\/\/yoast.com\/wordpress\/plugins\/seo\/ -->\n<title>M\u00e1ster Universitario en Escritura Creativa - Departamento de Lenguajes y Sistemas Inform\u00e1ticos<\/title>\n<meta name=\"robots\" content=\"index, follow, max-snippet:-1, max-image-preview:large, max-video-preview:-1\" \/>\n<link rel=\"canonical\" href=\"https:\/\/departamento.us.es\/lsi\/docencia\/master-universitario-en-escritura-creativa\/\" \/>\n<meta property=\"og:locale\" content=\"es_ES\" \/>\n<meta property=\"og:type\" content=\"article\" \/>\n<meta property=\"og:title\" content=\"M\u00e1ster Universitario en Escritura Creativa - Departamento de Lenguajes y Sistemas Inform\u00e1ticos\" \/>\n<meta property=\"og:description\" content=\"Asignaturas del M\u00e1ster Universitario Literatura Cibern\u00e9tica P\u00e1gina de la asignatura Datos de la asignatura Profesorado Borrego N\u00fa\u00f1ez, Diana Cid, Rafael Nepomuceno Chamorro, Juan Antonio (Coordinador) P\u00e1gina de la asignatura Datos de la asignatura Profesorado Borrego N\u00fa\u00f1ez, Diana Cid, Rafael Nepomuceno Chamorro, Juan Antonio (Coordinador)\" \/>\n<meta property=\"og:url\" content=\"https:\/\/departamento.us.es\/lsi\/docencia\/master-universitario-en-escritura-creativa\/\" \/>\n<meta property=\"og:site_name\" content=\"Departamento de Lenguajes y Sistemas Inform\u00e1ticos\" \/>\n<meta property=\"article:modified_time\" content=\"2024-06-10T08:38:09+00:00\" \/>\n<meta name=\"twitter:card\" content=\"summary_large_image\" \/>\n<meta name=\"twitter:label1\" content=\"Tiempo de lectura\" \/>\n\t<meta name=\"twitter:data1\" content=\"1 minuto\" \/>\n<script type=\"application\/ld+json\" class=\"yoast-schema-graph\">{\"@context\":\"https:\/\/schema.org\",\"@graph\":[{\"@type\":\"WebPage\",\"@id\":\"https:\/\/departamento.us.es\/lsi\/docencia\/master-universitario-en-escritura-creativa\/\",\"url\":\"https:\/\/departamento.us.es\/lsi\/docencia\/master-universitario-en-escritura-creativa\/\",\"name\":\"M\u00e1ster Universitario en Escritura Creativa - Departamento de Lenguajes y Sistemas Inform\u00e1ticos\",\"isPartOf\":{\"@id\":\"https:\/\/departamento.us.es\/lsi\/#website\"},\"datePublished\":\"2024-05-08T14:46:15+00:00\",\"dateModified\":\"2024-06-10T08:38:09+00:00\",\"breadcrumb\":{\"@id\":\"https:\/\/departamento.us.es\/lsi\/docencia\/master-universitario-en-escritura-creativa\/#breadcrumb\"},\"inLanguage\":\"es\",\"potentialAction\":[{\"@type\":\"ReadAction\",\"target\":[\"https:\/\/departamento.us.es\/lsi\/docencia\/master-universitario-en-escritura-creativa\/\"]}]},{\"@type\":\"BreadcrumbList\",\"@id\":\"https:\/\/departamento.us.es\/lsi\/docencia\/master-universitario-en-escritura-creativa\/#breadcrumb\",\"itemListElement\":[{\"@type\":\"ListItem\",\"position\":1,\"name\":\"Docencia\",\"item\":\"https:\/\/departamento.us.es\/lsi\/docencia\/\"},{\"@type\":\"ListItem\",\"position\":2,\"name\":\"M\u00e1ster Universitario en Escritura Creativa\"}]},{\"@type\":\"WebSite\",\"@id\":\"https:\/\/departamento.us.es\/lsi\/#website\",\"url\":\"https:\/\/departamento.us.es\/lsi\/\",\"name\":\"Departamento de Lenguajes y Sistemas Inform\u00e1ticos\",\"description\":\"Universidad de Sevilla\",\"publisher\":{\"@id\":\"https:\/\/departamento.us.es\/lsi\/#organization\"},\"potentialAction\":[{\"@type\":\"SearchAction\",\"target\":{\"@type\":\"EntryPoint\",\"urlTemplate\":\"https:\/\/departamento.us.es\/lsi\/?s={search_term_string}\"},\"query-input\":{\"@type\":\"PropertyValueSpecification\",\"valueRequired\":true,\"valueName\":\"search_term_string\"}}],\"inLanguage\":\"es\"},{\"@type\":\"Organization\",\"@id\":\"https:\/\/departamento.us.es\/lsi\/#organization\",\"name\":\"Departamento de Lenguajes y Sistemas Inform\u00e1ticos\",\"url\":\"https:\/\/departamento.us.es\/lsi\/\",\"logo\":{\"@type\":\"ImageObject\",\"inLanguage\":\"es\",\"@id\":\"https:\/\/departamento.us.es\/lsi\/#\/schema\/logo\/image\/\",\"url\":\"https:\/\/departamento.us.es\/lsi\/wp-content\/uploads\/2024\/04\/Logo-LSI-redimen.png\",\"contentUrl\":\"https:\/\/departamento.us.es\/lsi\/wp-content\/uploads\/2024\/04\/Logo-LSI-redimen.png\",\"width\":448,\"height\":322,\"caption\":\"Departamento de Lenguajes y Sistemas Inform\u00e1ticos\"},\"image\":{\"@id\":\"https:\/\/departamento.us.es\/lsi\/#\/schema\/logo\/image\/\"}}]}<\/script>\n<!-- \/ Yoast SEO plugin. -->","yoast_head_json":{"title":"M\u00e1ster Universitario en Escritura Creativa - Departamento de Lenguajes y Sistemas Inform\u00e1ticos","robots":{"index":"index","follow":"follow","max-snippet":"max-snippet:-1","max-image-preview":"max-image-preview:large","max-video-preview":"max-video-preview:-1"},"canonical":"https:\/\/departamento.us.es\/lsi\/docencia\/master-universitario-en-escritura-creativa\/","og_locale":"es_ES","og_type":"article","og_title":"M\u00e1ster Universitario en Escritura Creativa - Departamento de Lenguajes y Sistemas Inform\u00e1ticos","og_description":"Asignaturas del M\u00e1ster Universitario Literatura Cibern\u00e9tica P\u00e1gina de la asignatura Datos de la asignatura Profesorado Borrego N\u00fa\u00f1ez, Diana Cid, Rafael Nepomuceno Chamorro, Juan Antonio (Coordinador) P\u00e1gina de la asignatura Datos de la asignatura Profesorado Borrego N\u00fa\u00f1ez, Diana Cid, Rafael Nepomuceno Chamorro, Juan Antonio (Coordinador)","og_url":"https:\/\/departamento.us.es\/lsi\/docencia\/master-universitario-en-escritura-creativa\/","og_site_name":"Departamento de Lenguajes y Sistemas Inform\u00e1ticos","article_modified_time":"2024-06-10T08:38:09+00:00","twitter_card":"summary_large_image","twitter_misc":{"Tiempo de lectura":"1 minuto"},"schema":{"@context":"https:\/\/schema.org","@graph":[{"@type":"WebPage","@id":"https:\/\/departamento.us.es\/lsi\/docencia\/master-universitario-en-escritura-creativa\/","url":"https:\/\/departamento.us.es\/lsi\/docencia\/master-universitario-en-escritura-creativa\/","name":"M\u00e1ster Universitario en Escritura Creativa - Departamento de Lenguajes y Sistemas Inform\u00e1ticos","isPartOf":{"@id":"https:\/\/departamento.us.es\/lsi\/#website"},"datePublished":"2024-05-08T14:46:15+00:00","dateModified":"2024-06-10T08:38:09+00:00","breadcrumb":{"@id":"https:\/\/departamento.us.es\/lsi\/docencia\/master-universitario-en-escritura-creativa\/#breadcrumb"},"inLanguage":"es","potentialAction":[{"@type":"ReadAction","target":["https:\/\/departamento.us.es\/lsi\/docencia\/master-universitario-en-escritura-creativa\/"]}]},{"@type":"BreadcrumbList","@id":"https:\/\/departamento.us.es\/lsi\/docencia\/master-universitario-en-escritura-creativa\/#breadcrumb","itemListElement":[{"@type":"ListItem","position":1,"name":"Docencia","item":"https:\/\/departamento.us.es\/lsi\/docencia\/"},{"@type":"ListItem","position":2,"name":"M\u00e1ster Universitario en Escritura Creativa"}]},{"@type":"WebSite","@id":"https:\/\/departamento.us.es\/lsi\/#website","url":"https:\/\/departamento.us.es\/lsi\/","name":"Departamento de Lenguajes y Sistemas Inform\u00e1ticos","description":"Universidad de Sevilla","publisher":{"@id":"https:\/\/departamento.us.es\/lsi\/#organization"},"potentialAction":[{"@type":"SearchAction","target":{"@type":"EntryPoint","urlTemplate":"https:\/\/departamento.us.es\/lsi\/?s={search_term_string}"},"query-input":{"@type":"PropertyValueSpecification","valueRequired":true,"valueName":"search_term_string"}}],"inLanguage":"es"},{"@type":"Organization","@id":"https:\/\/departamento.us.es\/lsi\/#organization","name":"Departamento de Lenguajes y Sistemas Inform\u00e1ticos","url":"https:\/\/departamento.us.es\/lsi\/","logo":{"@type":"ImageObject","inLanguage":"es","@id":"https:\/\/departamento.us.es\/lsi\/#\/schema\/logo\/image\/","url":"https:\/\/departamento.us.es\/lsi\/wp-content\/uploads\/2024\/04\/Logo-LSI-redimen.png","contentUrl":"https:\/\/departamento.us.es\/lsi\/wp-content\/uploads\/2024\/04\/Logo-LSI-redimen.png","width":448,"height":322,"caption":"Departamento de Lenguajes y Sistemas Inform\u00e1ticos"},"image":{"@id":"https:\/\/departamento.us.es\/lsi\/#\/schema\/logo\/image\/"}}]}},"_links":{"self":[{"href":"https:\/\/departamento.us.es\/lsi\/wp-json\/wp\/v2\/pages\/8619"}],"collection":[{"href":"https:\/\/departamento.us.es\/lsi\/wp-json\/wp\/v2\/pages"}],"about":[{"href":"https:\/\/departamento.us.es\/lsi\/wp-json\/wp\/v2\/types\/page"}],"author":[{"embeddable":true,"href":"https:\/\/departamento.us.es\/lsi\/wp-json\/wp\/v2\/users\/12"}],"replies":[{"embeddable":true,"href":"https:\/\/departamento.us.es\/lsi\/wp-json\/wp\/v2\/comments?post=8619"}],"version-history":[{"count":0,"href":"https:\/\/departamento.us.es\/lsi\/wp-json\/wp\/v2\/pages\/8619\/revisions"}],"up":[{"embeddable":true,"href":"https:\/\/departamento.us.es\/lsi\/wp-json\/wp\/v2\/pages\/3837"}],"wp:attachment":[{"href":"https:\/\/departamento.us.es\/lsi\/wp-json\/wp\/v2\/media?parent=8619"}],"curies":[{"name":"wp","href":"https:\/\/api.w.org\/{rel}","templated":true}]}}