{"id":9050,"date":"2024-06-10T06:47:04","date_gmt":"2024-06-10T06:47:04","guid":{"rendered":"https:\/\/departamento.us.es\/lsi\/?page_id=9050"},"modified":"2024-06-10T07:16:06","modified_gmt":"2024-06-10T07:16:06","slug":"equipamiento","status":"publish","type":"page","link":"https:\/\/departamento.us.es\/lsi\/departamento\/equipamiento\/","title":{"rendered":"Equipamiento"},"content":{"rendered":"\t\t<div data-elementor-type=\"wp-page\" data-elementor-id=\"9050\" class=\"elementor elementor-9050\" data-elementor-post-type=\"page\">\n\t\t\t\t<div class=\"elementor-element elementor-element-c09e4e5 e-flex e-con-boxed e-con e-parent\" data-id=\"c09e4e5\" data-element_type=\"container\" data-e-type=\"container\">\n\t\t\t\t\t<div class=\"e-con-inner\">\n\t\t<div class=\"elementor-element elementor-element-dfcde4e e-flex e-con-boxed e-con e-child\" data-id=\"dfcde4e\" data-element_type=\"container\" data-e-type=\"container\">\n\t\t\t\t\t<div class=\"e-con-inner\">\n\t\t<div class=\"elementor-element elementor-element-1769d4a e-flex e-con-boxed e-con e-child\" data-id=\"1769d4a\" data-element_type=\"container\" data-e-type=\"container\" data-settings=\"{&quot;background_background&quot;:&quot;classic&quot;}\">\n\t\t\t\t\t<div class=\"e-con-inner\">\n\t\t\t\t<div class=\"elementor-element elementor-element-ec31918 elementor-widget elementor-widget-heading\" data-id=\"ec31918\" data-element_type=\"widget\" data-e-type=\"widget\" data-widget_type=\"heading.default\">\n\t\t\t\t<div class=\"elementor-widget-container\">\n\t\t\t\t\t<h4 class=\"elementor-heading-title elementor-size-default\">Seminarios (3)<\/h4>\t\t\t\t<\/div>\n\t\t\t\t<\/div>\n\t\t\t\t\t<\/div>\n\t\t\t\t<\/div>\n\t\t<div class=\"elementor-element elementor-element-658d033 e-flex e-con-boxed e-con e-child\" data-id=\"658d033\" data-element_type=\"container\" data-e-type=\"container\">\n\t\t\t\t\t<div class=\"e-con-inner\">\n\t\t\t\t<div class=\"elementor-element elementor-element-942e158 elementor-widget elementor-widget-text-editor\" data-id=\"942e158\" data-element_type=\"widget\" data-e-type=\"widget\" data-widget_type=\"text-editor.default\">\n\t\t\t\t<div class=\"elementor-widget-container\">\n\t\t\t\t\t\t\t\t\t<p><strong>F0.84<\/strong>:<\/p><p>Uso: Lectura de Proyectos, presentaciones, reuniones, Videoconferencias etc.<\/p><p>Capacidad:\u00a030.<\/p><p>Medios: Video Proyecto , Pizarra Electr\u00f3nica y croma. Smart Tv y c\u00e1mara\u00a0<\/p>\t\t\t\t\t\t\t\t<\/div>\n\t\t\t\t<\/div>\n\t\t\t\t<div class=\"elementor-element elementor-element-c844aec elementor-widget elementor-widget-image\" data-id=\"c844aec\" data-element_type=\"widget\" data-e-type=\"widget\" data-widget_type=\"image.default\">\n\t\t\t\t<div class=\"elementor-widget-container\">\n\t\t\t\t\t\t\t\t\t\t\t\t\t\t\t<img fetchpriority=\"high\" decoding=\"async\" width=\"800\" height=\"368\" src=\"https:\/\/departamento.us.es\/lsi\/wp-content\/uploads\/2024\/06\/seminariof084-1024x471.jpg\" class=\"attachment-large size-large wp-image-9056\" alt=\"\" srcset=\"https:\/\/departamento.us.es\/lsi\/wp-content\/uploads\/2024\/06\/seminariof084-1024x471.jpg 1024w, https:\/\/departamento.us.es\/lsi\/wp-content\/uploads\/2024\/06\/seminariof084-300x138.jpg 300w, https:\/\/departamento.us.es\/lsi\/wp-content\/uploads\/2024\/06\/seminariof084-768x354.jpg 768w, https:\/\/departamento.us.es\/lsi\/wp-content\/uploads\/2024\/06\/seminariof084.jpg 1299w\" sizes=\"(max-width: 800px) 100vw, 800px\" \/>\t\t\t\t\t\t\t\t\t\t\t\t\t\t\t<\/div>\n\t\t\t\t<\/div>\n\t\t\t\t\t<\/div>\n\t\t\t\t<\/div>\n\t\t<div class=\"elementor-element elementor-element-e1bcc37 e-flex e-con-boxed e-con e-child\" data-id=\"e1bcc37\" data-element_type=\"container\" data-e-type=\"container\">\n\t\t\t\t\t<div class=\"e-con-inner\">\n\t\t\t\t<div class=\"elementor-element elementor-element-df26e8d elementor-widget elementor-widget-text-editor\" data-id=\"df26e8d\" data-element_type=\"widget\" data-e-type=\"widget\" data-widget_type=\"text-editor.default\">\n\t\t\t\t<div class=\"elementor-widget-container\">\n\t\t\t\t\t\t\t\t\t<p><strong>F1.84<\/strong>:<\/p><p>Uso: Lectura de Proyectos, presentaciones, reuniones, etc.<\/p><p>Capacidad:\u00a030.<\/p><p>Medios: Video Proyector y Pizarra Electr\u00f3nica.<\/p>\t\t\t\t\t\t\t\t<\/div>\n\t\t\t\t<\/div>\n\t\t\t\t\t<\/div>\n\t\t\t\t<\/div>\n\t\t<div class=\"elementor-element elementor-element-f8ca208 e-flex e-con-boxed e-con e-child\" data-id=\"f8ca208\" data-element_type=\"container\" data-e-type=\"container\">\n\t\t\t\t\t<div class=\"e-con-inner\">\n\t\t\t\t<div class=\"elementor-element elementor-element-fc9bc80 elementor-widget elementor-widget-text-editor\" data-id=\"fc9bc80\" data-element_type=\"widget\" data-e-type=\"widget\" data-widget_type=\"text-editor.default\">\n\t\t\t\t<div class=\"elementor-widget-container\">\n\t\t\t\t\t\t\t\t\t<p><strong>F1.87<\/strong>:<\/p><p>Uso: Lectura de Proyectos, presentaciones, reuniones, Videoconferencias, etc.<\/p><p>Capacidad:\u00a0\u00a012.<\/p><p>Medios: Video Proyector y Smart TV y c\u00e1mara.<\/p>\t\t\t\t\t\t\t\t<\/div>\n\t\t\t\t<\/div>\n\t\t\t\t<div class=\"elementor-element elementor-element-4cb2f66 elementor-widget elementor-widget-image\" data-id=\"4cb2f66\" data-element_type=\"widget\" data-e-type=\"widget\" data-widget_type=\"image.default\">\n\t\t\t\t<div class=\"elementor-widget-container\">\n\t\t\t\t\t\t\t\t\t\t\t\t\t\t\t<img decoding=\"async\" width=\"567\" height=\"425\" src=\"https:\/\/departamento.us.es\/lsi\/wp-content\/uploads\/2024\/06\/seminariof187.jpg\" class=\"attachment-large size-large wp-image-9063\" alt=\"\" srcset=\"https:\/\/departamento.us.es\/lsi\/wp-content\/uploads\/2024\/06\/seminariof187.jpg 567w, https:\/\/departamento.us.es\/lsi\/wp-content\/uploads\/2024\/06\/seminariof187-300x225.jpg 300w\" sizes=\"(max-width: 567px) 100vw, 567px\" \/>\t\t\t\t\t\t\t\t\t\t\t\t\t\t\t<\/div>\n\t\t\t\t<\/div>\n\t\t\t\t\t<\/div>\n\t\t\t\t<\/div>\n\t\t\t\t\t<\/div>\n\t\t\t\t<\/div>\n\t\t<div class=\"elementor-element elementor-element-84ecf3a e-flex e-con-boxed e-con e-child\" data-id=\"84ecf3a\" data-element_type=\"container\" data-e-type=\"container\">\n\t\t\t\t\t<div class=\"e-con-inner\">\n\t\t<div class=\"elementor-element elementor-element-16f7c27 e-flex e-con-boxed e-con e-child\" data-id=\"16f7c27\" data-element_type=\"container\" data-e-type=\"container\" data-settings=\"{&quot;background_background&quot;:&quot;classic&quot;}\">\n\t\t\t\t\t<div class=\"e-con-inner\">\n\t\t\t\t<div class=\"elementor-element elementor-element-91feda0 elementor-widget elementor-widget-heading\" data-id=\"91feda0\" data-element_type=\"widget\" data-e-type=\"widget\" data-widget_type=\"heading.default\">\n\t\t\t\t<div class=\"elementor-widget-container\">\n\t\t\t\t\t<h4 class=\"elementor-heading-title elementor-size-default\">Aulas de inform\u00e1tica (5)<\/h4>\t\t\t\t<\/div>\n\t\t\t\t<\/div>\n\t\t\t\t\t<\/div>\n\t\t\t\t<\/div>\n\t\t<div class=\"elementor-element elementor-element-d12dc8a e-flex e-con-boxed e-con e-child\" data-id=\"d12dc8a\" data-element_type=\"container\" data-e-type=\"container\">\n\t\t\t\t\t<div class=\"e-con-inner\">\n\t\t\t\t<div class=\"elementor-element elementor-element-af2d47d elementor-widget elementor-widget-text-editor\" data-id=\"af2d47d\" data-element_type=\"widget\" data-e-type=\"widget\" data-widget_type=\"text-editor.default\">\n\t\t\t\t<div class=\"elementor-widget-container\">\n\t\t\t\t\t\t\t\t\t<p>En la actualidad, el departamento de Lenguajes y Sistemas Inform\u00e1ticos dispone de cinco aulas de inform\u00e1tica para pr\u00e1cticas de docencia reglada, cursos y seminarios.<\/p><p>Caracter\u00edticas:<\/p><table width=\"576\"><tbody><tr><td style=\"background-color: #b8d5f5;\" width=\"44\"><p>Aula<\/p><\/td><td style=\"background-color: #b8d5f5;\" width=\"72\"><p>N\u00baEquipos<\/p><\/td><td style=\"background-color: #b8d5f5;\" width=\"125\"><p>Procesador<\/p><\/td><td style=\"background-color: #b8d5f5;\" width=\"115\"><p>Memoria<\/p><\/td><td style=\"background-color: #b8d5f5;\" width=\"79\"><p>HD<\/p><\/td><td style=\"background-color: #b8d5f5;\" width=\"141\"><p>Monitor<\/p><\/td><\/tr><tr><td width=\"44\"><p>F0.31<\/p><\/td><td width=\"72\"><p>25<\/p><\/td><td width=\"125\"><p>I7 11700 LGA 1200<\/p><\/td><td width=\"115\"><p>32GB DDR4 2600<\/p><\/td><td width=\"79\"><p>NVMe2 1TB<\/p><\/td><td width=\"141\"><p>Schneider 24&#8243; Full HD<\/p><\/td><\/tr><tr><td width=\"44\"><p>F1.30<\/p><\/td><td width=\"72\"><p>25<\/p><\/td><td width=\"125\"><p>I7 9700 4.7Ghz<\/p><\/td><td width=\"115\"><p>16GB DDR4 2400<\/p><\/td><td width=\"79\"><p>SSD 1TB<\/p><\/td><td width=\"141\"><p>Philips 22&#8243;<\/p><\/td><\/tr><tr><td width=\"44\"><p>F1.32<\/p><\/td><td width=\"72\"><p>25<\/p><\/td><td width=\"125\"><p>I7 9700 4.7Ghz<\/p><\/td><td width=\"115\"><p>16GB DDR4 2400<\/p><\/td><td width=\"79\"><p>SSD 1TB<\/p><\/td><td width=\"141\"><p>Philips 22&#8243;<\/p><\/td><\/tr><tr><td width=\"44\"><p>F1.31<\/p><\/td><td width=\"72\"><p>26<\/p><\/td><td width=\"125\"><p>I7 12700 LGA 1700<\/p><\/td><td width=\"115\"><p>32GB DDR4 3200<\/p><\/td><td width=\"79\"><p>NVMe2 1TB<\/p><\/td><td width=\"141\"><p>Philips 27&#8243; Full HD<\/p><\/td><\/tr><tr><td width=\"44\"><p>F1.33<\/p><\/td><td width=\"72\"><p>26<\/p><\/td><td width=\"125\"><p>I7 12700 LGA 1700<\/p><\/td><td width=\"115\"><p>32GB DDR4 3200<\/p><\/td><td width=\"79\"><p>NVMe2 1TB<\/p><\/td><td width=\"141\"><p>Philips 27&#8243; Full HD<\/p><\/td><\/tr><\/tbody><\/table>\t\t\t\t\t\t\t\t<\/div>\n\t\t\t\t<\/div>\n\t\t\t\t<div class=\"elementor-element elementor-element-ac42af3 elementor-widget elementor-widget-image\" data-id=\"ac42af3\" data-element_type=\"widget\" data-e-type=\"widget\" data-widget_type=\"image.default\">\n\t\t\t\t<div class=\"elementor-widget-container\">\n\t\t\t\t\t\t\t\t\t\t\t\t\t\t\t<img decoding=\"async\" width=\"800\" height=\"368\" src=\"https:\/\/departamento.us.es\/lsi\/wp-content\/uploads\/2024\/06\/aula-informatica-1024x471.jpg\" class=\"attachment-large size-large wp-image-9079\" alt=\"\" srcset=\"https:\/\/departamento.us.es\/lsi\/wp-content\/uploads\/2024\/06\/aula-informatica-1024x471.jpg 1024w, https:\/\/departamento.us.es\/lsi\/wp-content\/uploads\/2024\/06\/aula-informatica-300x138.jpg 300w, https:\/\/departamento.us.es\/lsi\/wp-content\/uploads\/2024\/06\/aula-informatica-768x354.jpg 768w, https:\/\/departamento.us.es\/lsi\/wp-content\/uploads\/2024\/06\/aula-informatica.jpg 1299w\" sizes=\"(max-width: 800px) 100vw, 800px\" \/>\t\t\t\t\t\t\t\t\t\t\t\t\t\t\t<\/div>\n\t\t\t\t<\/div>\n\t\t\t\t\t<\/div>\n\t\t\t\t<\/div>\n\t\t\t\t\t<\/div>\n\t\t\t\t<\/div>\n\t\t\t\t\t<\/div>\n\t\t\t\t<\/div>\n\t\t\t\t<\/div>\n\t\t","protected":false},"excerpt":{"rendered":"<p>Seminarios (3) F0.84: Uso: Lectura de Proyectos, presentaciones, reuniones, Videoconferencias etc. Capacidad:\u00a030. Medios: Video Proyecto , Pizarra Electr\u00f3nica y croma. Smart Tv y c\u00e1mara\u00a0 F1.84: Uso: Lectura de Proyectos, presentaciones, reuniones, etc. Capacidad:\u00a030. Medios: Video Proyector y Pizarra Electr\u00f3nica. F1.87: Uso: Lectura de Proyectos, presentaciones, reuniones, Videoconferencias, etc. Capacidad:\u00a0\u00a012. Medios: Video Proyector y Smart TV [&hellip;]<\/p>\n","protected":false},"author":12,"featured_media":0,"parent":5453,"menu_order":0,"comment_status":"closed","ping_status":"closed","template":"","meta":{"_acf_changed":false,"footnotes":""},"class_list":["post-9050","page","type-page","status-publish","hentry"],"acf":[],"yoast_head":"<!-- This site is optimized with the Yoast SEO plugin v24.0 - https:\/\/yoast.com\/wordpress\/plugins\/seo\/ -->\n<title>Equipamiento - Departamento de Lenguajes y Sistemas Inform\u00e1ticos<\/title>\n<meta name=\"robots\" content=\"index, follow, max-snippet:-1, max-image-preview:large, max-video-preview:-1\" \/>\n<link rel=\"canonical\" href=\"https:\/\/departamento.us.es\/lsi\/departamento\/equipamiento\/\" \/>\n<meta property=\"og:locale\" content=\"es_ES\" \/>\n<meta property=\"og:type\" content=\"article\" \/>\n<meta property=\"og:title\" content=\"Equipamiento - Departamento de Lenguajes y Sistemas Inform\u00e1ticos\" \/>\n<meta property=\"og:description\" content=\"Seminarios (3) F0.84: Uso: Lectura de Proyectos, presentaciones, reuniones, Videoconferencias etc. Capacidad:\u00a030. Medios: Video Proyecto , Pizarra Electr\u00f3nica y croma. Smart Tv y c\u00e1mara\u00a0 F1.84: Uso: Lectura de Proyectos, presentaciones, reuniones, etc. Capacidad:\u00a030. Medios: Video Proyector y Pizarra Electr\u00f3nica. F1.87: Uso: Lectura de Proyectos, presentaciones, reuniones, Videoconferencias, etc. Capacidad:\u00a0\u00a012. Medios: Video Proyector y Smart TV [&hellip;]\" \/>\n<meta property=\"og:url\" content=\"https:\/\/departamento.us.es\/lsi\/departamento\/equipamiento\/\" \/>\n<meta property=\"og:site_name\" content=\"Departamento de Lenguajes y Sistemas Inform\u00e1ticos\" \/>\n<meta property=\"article:modified_time\" content=\"2024-06-10T07:16:06+00:00\" \/>\n<meta property=\"og:image\" content=\"https:\/\/departamento.us.es\/lsi\/wp-content\/uploads\/2024\/06\/seminariof084-1024x471.jpg\" \/>\n<meta name=\"twitter:card\" content=\"summary_large_image\" \/>\n<meta name=\"twitter:label1\" content=\"Tiempo de lectura\" \/>\n\t<meta name=\"twitter:data1\" content=\"2 minutos\" \/>\n<script type=\"application\/ld+json\" class=\"yoast-schema-graph\">{\"@context\":\"https:\/\/schema.org\",\"@graph\":[{\"@type\":\"WebPage\",\"@id\":\"https:\/\/departamento.us.es\/lsi\/departamento\/equipamiento\/\",\"url\":\"https:\/\/departamento.us.es\/lsi\/departamento\/equipamiento\/\",\"name\":\"Equipamiento - Departamento de Lenguajes y Sistemas Inform\u00e1ticos\",\"isPartOf\":{\"@id\":\"https:\/\/departamento.us.es\/lsi\/#website\"},\"primaryImageOfPage\":{\"@id\":\"https:\/\/departamento.us.es\/lsi\/departamento\/equipamiento\/#primaryimage\"},\"image\":{\"@id\":\"https:\/\/departamento.us.es\/lsi\/departamento\/equipamiento\/#primaryimage\"},\"thumbnailUrl\":\"https:\/\/departamento.us.es\/lsi\/wp-content\/uploads\/2024\/06\/seminariof084-1024x471.jpg\",\"datePublished\":\"2024-06-10T06:47:04+00:00\",\"dateModified\":\"2024-06-10T07:16:06+00:00\",\"breadcrumb\":{\"@id\":\"https:\/\/departamento.us.es\/lsi\/departamento\/equipamiento\/#breadcrumb\"},\"inLanguage\":\"es\",\"potentialAction\":[{\"@type\":\"ReadAction\",\"target\":[\"https:\/\/departamento.us.es\/lsi\/departamento\/equipamiento\/\"]}]},{\"@type\":\"ImageObject\",\"inLanguage\":\"es\",\"@id\":\"https:\/\/departamento.us.es\/lsi\/departamento\/equipamiento\/#primaryimage\",\"url\":\"https:\/\/departamento.us.es\/lsi\/wp-content\/uploads\/2024\/06\/seminariof084.jpg\",\"contentUrl\":\"https:\/\/departamento.us.es\/lsi\/wp-content\/uploads\/2024\/06\/seminariof084.jpg\",\"width\":1299,\"height\":598},{\"@type\":\"BreadcrumbList\",\"@id\":\"https:\/\/departamento.us.es\/lsi\/departamento\/equipamiento\/#breadcrumb\",\"itemListElement\":[{\"@type\":\"ListItem\",\"position\":1,\"name\":\"Departamento\",\"item\":\"https:\/\/departamento.us.es\/lsi\/departamento\/\"},{\"@type\":\"ListItem\",\"position\":2,\"name\":\"Equipamiento\"}]},{\"@type\":\"WebSite\",\"@id\":\"https:\/\/departamento.us.es\/lsi\/#website\",\"url\":\"https:\/\/departamento.us.es\/lsi\/\",\"name\":\"Departamento de Lenguajes y Sistemas Inform\u00e1ticos\",\"description\":\"Universidad de Sevilla\",\"publisher\":{\"@id\":\"https:\/\/departamento.us.es\/lsi\/#organization\"},\"potentialAction\":[{\"@type\":\"SearchAction\",\"target\":{\"@type\":\"EntryPoint\",\"urlTemplate\":\"https:\/\/departamento.us.es\/lsi\/?s={search_term_string}\"},\"query-input\":{\"@type\":\"PropertyValueSpecification\",\"valueRequired\":true,\"valueName\":\"search_term_string\"}}],\"inLanguage\":\"es\"},{\"@type\":\"Organization\",\"@id\":\"https:\/\/departamento.us.es\/lsi\/#organization\",\"name\":\"Departamento de Lenguajes y Sistemas Inform\u00e1ticos\",\"url\":\"https:\/\/departamento.us.es\/lsi\/\",\"logo\":{\"@type\":\"ImageObject\",\"inLanguage\":\"es\",\"@id\":\"https:\/\/departamento.us.es\/lsi\/#\/schema\/logo\/image\/\",\"url\":\"https:\/\/departamento.us.es\/lsi\/wp-content\/uploads\/2024\/04\/Logo-LSI-redimen.png\",\"contentUrl\":\"https:\/\/departamento.us.es\/lsi\/wp-content\/uploads\/2024\/04\/Logo-LSI-redimen.png\",\"width\":448,\"height\":322,\"caption\":\"Departamento de Lenguajes y Sistemas Inform\u00e1ticos\"},\"image\":{\"@id\":\"https:\/\/departamento.us.es\/lsi\/#\/schema\/logo\/image\/\"}}]}<\/script>\n<!-- \/ Yoast SEO plugin. -->","yoast_head_json":{"title":"Equipamiento - Departamento de Lenguajes y Sistemas Inform\u00e1ticos","robots":{"index":"index","follow":"follow","max-snippet":"max-snippet:-1","max-image-preview":"max-image-preview:large","max-video-preview":"max-video-preview:-1"},"canonical":"https:\/\/departamento.us.es\/lsi\/departamento\/equipamiento\/","og_locale":"es_ES","og_type":"article","og_title":"Equipamiento - Departamento de Lenguajes y Sistemas Inform\u00e1ticos","og_description":"Seminarios (3) F0.84: Uso: Lectura de Proyectos, presentaciones, reuniones, Videoconferencias etc. Capacidad:\u00a030. Medios: Video Proyecto , Pizarra Electr\u00f3nica y croma. Smart Tv y c\u00e1mara\u00a0 F1.84: Uso: Lectura de Proyectos, presentaciones, reuniones, etc. Capacidad:\u00a030. Medios: Video Proyector y Pizarra Electr\u00f3nica. F1.87: Uso: Lectura de Proyectos, presentaciones, reuniones, Videoconferencias, etc. Capacidad:\u00a0\u00a012. Medios: Video Proyector y Smart TV [&hellip;]","og_url":"https:\/\/departamento.us.es\/lsi\/departamento\/equipamiento\/","og_site_name":"Departamento de Lenguajes y Sistemas Inform\u00e1ticos","article_modified_time":"2024-06-10T07:16:06+00:00","og_image":[{"url":"https:\/\/departamento.us.es\/lsi\/wp-content\/uploads\/2024\/06\/seminariof084-1024x471.jpg","type":"","width":"","height":""}],"twitter_card":"summary_large_image","twitter_misc":{"Tiempo de lectura":"2 minutos"},"schema":{"@context":"https:\/\/schema.org","@graph":[{"@type":"WebPage","@id":"https:\/\/departamento.us.es\/lsi\/departamento\/equipamiento\/","url":"https:\/\/departamento.us.es\/lsi\/departamento\/equipamiento\/","name":"Equipamiento - Departamento de Lenguajes y Sistemas Inform\u00e1ticos","isPartOf":{"@id":"https:\/\/departamento.us.es\/lsi\/#website"},"primaryImageOfPage":{"@id":"https:\/\/departamento.us.es\/lsi\/departamento\/equipamiento\/#primaryimage"},"image":{"@id":"https:\/\/departamento.us.es\/lsi\/departamento\/equipamiento\/#primaryimage"},"thumbnailUrl":"https:\/\/departamento.us.es\/lsi\/wp-content\/uploads\/2024\/06\/seminariof084-1024x471.jpg","datePublished":"2024-06-10T06:47:04+00:00","dateModified":"2024-06-10T07:16:06+00:00","breadcrumb":{"@id":"https:\/\/departamento.us.es\/lsi\/departamento\/equipamiento\/#breadcrumb"},"inLanguage":"es","potentialAction":[{"@type":"ReadAction","target":["https:\/\/departamento.us.es\/lsi\/departamento\/equipamiento\/"]}]},{"@type":"ImageObject","inLanguage":"es","@id":"https:\/\/departamento.us.es\/lsi\/departamento\/equipamiento\/#primaryimage","url":"https:\/\/departamento.us.es\/lsi\/wp-content\/uploads\/2024\/06\/seminariof084.jpg","contentUrl":"https:\/\/departamento.us.es\/lsi\/wp-content\/uploads\/2024\/06\/seminariof084.jpg","width":1299,"height":598},{"@type":"BreadcrumbList","@id":"https:\/\/departamento.us.es\/lsi\/departamento\/equipamiento\/#breadcrumb","itemListElement":[{"@type":"ListItem","position":1,"name":"Departamento","item":"https:\/\/departamento.us.es\/lsi\/departamento\/"},{"@type":"ListItem","position":2,"name":"Equipamiento"}]},{"@type":"WebSite","@id":"https:\/\/departamento.us.es\/lsi\/#website","url":"https:\/\/departamento.us.es\/lsi\/","name":"Departamento de Lenguajes y Sistemas Inform\u00e1ticos","description":"Universidad de Sevilla","publisher":{"@id":"https:\/\/departamento.us.es\/lsi\/#organization"},"potentialAction":[{"@type":"SearchAction","target":{"@type":"EntryPoint","urlTemplate":"https:\/\/departamento.us.es\/lsi\/?s={search_term_string}"},"query-input":{"@type":"PropertyValueSpecification","valueRequired":true,"valueName":"search_term_string"}}],"inLanguage":"es"},{"@type":"Organization","@id":"https:\/\/departamento.us.es\/lsi\/#organization","name":"Departamento de Lenguajes y Sistemas Inform\u00e1ticos","url":"https:\/\/departamento.us.es\/lsi\/","logo":{"@type":"ImageObject","inLanguage":"es","@id":"https:\/\/departamento.us.es\/lsi\/#\/schema\/logo\/image\/","url":"https:\/\/departamento.us.es\/lsi\/wp-content\/uploads\/2024\/04\/Logo-LSI-redimen.png","contentUrl":"https:\/\/departamento.us.es\/lsi\/wp-content\/uploads\/2024\/04\/Logo-LSI-redimen.png","width":448,"height":322,"caption":"Departamento de Lenguajes y Sistemas Inform\u00e1ticos"},"image":{"@id":"https:\/\/departamento.us.es\/lsi\/#\/schema\/logo\/image\/"}}]}},"_links":{"self":[{"href":"https:\/\/departamento.us.es\/lsi\/wp-json\/wp\/v2\/pages\/9050"}],"collection":[{"href":"https:\/\/departamento.us.es\/lsi\/wp-json\/wp\/v2\/pages"}],"about":[{"href":"https:\/\/departamento.us.es\/lsi\/wp-json\/wp\/v2\/types\/page"}],"author":[{"embeddable":true,"href":"https:\/\/departamento.us.es\/lsi\/wp-json\/wp\/v2\/users\/12"}],"replies":[{"embeddable":true,"href":"https:\/\/departamento.us.es\/lsi\/wp-json\/wp\/v2\/comments?post=9050"}],"version-history":[{"count":0,"href":"https:\/\/departamento.us.es\/lsi\/wp-json\/wp\/v2\/pages\/9050\/revisions"}],"up":[{"embeddable":true,"href":"https:\/\/departamento.us.es\/lsi\/wp-json\/wp\/v2\/pages\/5453"}],"wp:attachment":[{"href":"https:\/\/departamento.us.es\/lsi\/wp-json\/wp\/v2\/media?parent=9050"}],"curies":[{"name":"wp","href":"https:\/\/api.w.org\/{rel}","templated":true}]}}