{"id":100,"date":"2024-12-03T12:17:16","date_gmt":"2024-12-03T11:17:16","guid":{"rendered":"https:\/\/grupo.us.es\/medievalcth\/?page_id=100"},"modified":"2025-02-06T12:43:55","modified_gmt":"2025-02-06T11:43:55","slug":"historico-de-proyectos-de-investigacion","status":"publish","type":"page","link":"https:\/\/departamento.us.es\/medievalcth\/?page_id=100","title":{"rendered":"Hist\u00f3rico de Proyectos de Investigaci\u00f3n"},"content":{"rendered":"\n<ul class=\"wp-block-list\"><li><a rel=\"noreferrer noopener\" href=\"https:\/\/investigacion.us.es\/sisius\/sis_proyecto.php?idproy=21488\" target=\"_blank\">Escritura y Ciudad en la Corona de Castilla (Siglos XIII-XVII) (HAR2012-32298)<\/a><\/li><li><a rel=\"noreferrer noopener\" href=\"https:\/\/investigacion.us.es\/sisius\/sis_proyecto.php?idproy=13204\" target=\"_blank\">Notariado y Documentaci\u00f3n Notarial en Andaluc\u00eda (P07-HUM-02554)<\/a><\/li><li><a rel=\"noreferrer noopener\" href=\"https:\/\/investigacion.us.es\/sisius\/sis_proyecto.php?idproy=10694\" target=\"_blank\">Las rutas terrestres del correo indiano en el s. XVIII (HUM 206-10708)<\/a><\/li><li><a rel=\"noreferrer noopener\" href=\"https:\/\/investigacion.us.es\/sisius\/sis_proyecto.php?idproy=24313\" target=\"_blank\">Iglesia y Escritura en Castilla ss.XII-XVII (HAR 2013-41378 P)<\/a><\/li><li><a rel=\"noreferrer noopener\" href=\"https:\/\/investigacion.us.es\/sisius\/sis_proyecto.php?idproy=14192\" target=\"_blank\">La cultura escrita del Reino de Castilla en el contexto europeo ss. XIII-XVI (HAR 2008-04115)<\/a><\/li><li><a rel=\"noreferrer noopener\" href=\"https:\/\/investigacion.us.es\/sisius\/sis_proyecto.php?idproy=1950\" target=\"_blank\">La cultura escrita en el Reino de Castilla: Libros y documentos (ss.XIII-XVI) (BHA 2003-02766)<\/a><\/li><li><a rel=\"noreferrer noopener\" href=\"https:\/\/investigacion.us.es\/sisius\/sis_proyecto.php?idproy=2406\" target=\"_blank\">La cultura libraria en la alta edad media hispana a trav\u00e9s de los fragmentos en escritura visig\u00f3tica. Propuesta de an\u00e1lisis y catalogaci\u00f3n (PB 98-1135)<\/a><\/li><li><a rel=\"noreferrer noopener\" href=\"https:\/\/investigacion.us.es\/sisius\/sis_proyecto.php?idproy=16138\" target=\"_blank\">El sello real de las Indias: La imagen representativa del monarca en el gobierno de Am\u00e9rica (PO9-HUM-5174) 2009-2014<\/a><\/li><li><a rel=\"noreferrer noopener\" href=\"https:\/\/grupo.us.es\/hcicea\/\" target=\"_blank\">HICOES: Cultura jurisdiccional y orden constitucional en Espa\u00f1a y Am\u00e9rica (siglos XVIII-XIX) (SEJ2004-06696-C02-01\/JURI) 2004-2007<\/a><\/li><li><a rel=\"noreferrer noopener\" href=\"https:\/\/grupo.us.es\/hcicea\/\" target=\"_blank\">HICOES: Cultura jurisdiccional y orden constitucional en Espa\u00f1a y Am\u00e9rica (s. XVIII-XIX) (SEJ2007-66448-C02-01) 2007-2010.<\/a><\/li><li><a rel=\"noreferrer noopener\" href=\"https:\/\/grupo.us.es\/hcicea\/\" target=\"_blank\">HICOES: Cultura jurisdiccional y orden constitucional en Espa\u00f1a y Am\u00e9rica: Jurisdiccionalismo tradicional, Instituciones constitucionales, Derechos de pueblos y Cultura constitucional en Espa\u00f1a y Am\u00e9rica (DER2010-21728-C02-01) 2010-2013.<\/a><\/li><li><a rel=\"noreferrer noopener\" href=\"https:\/\/www.uma.es\/ciencias-historicas\/info\/80516\/epigrafia-funeraria-y-libros-de-viajes\/?set_language=en\" target=\"_blank\">Epigraf\u00eda funeraria y libros de viaje. Puesta en valor y difusi\u00f3n del patrimonio documental y epigr\u00e1fico del cementerio ingl\u00e9s de la ciudad de M\u00e1laga. (CEB09-0032) 2014-2016.<\/a><\/li><li><a rel=\"noreferrer noopener\" href=\"https:\/\/grupo.us.es\/iecas\/\" target=\"_blank\">Iglesia y Escritura en el Occidente Peninsular (Castilla y Portugal). Siglos XII-XVII (HAR2017-85025-P)<\/a><\/li><li><a rel=\"noreferrer noopener\" href=\"https:\/\/investigacion.us.es\/sisius\/sis_proyecto.php?idproy=28439\" target=\"_blank\">Los Nombres de la Libertad: Comunidad Pol\u00edtica y Autonom\u00eda a Fines de la Edad Media (HAR2017-89256-P).<\/a><\/li><li><em><a rel=\"noreferrer noopener\" href=\"https:\/\/distancia.hypotheses.org\/\" target=\"_blank\">VENCER LA DISTANCIA: Actores y pr\u00e1cticas del gobierno de los imperios espa\u00f1ol y portugu\u00e9s (s.XV-XIX). Proyecto Labex: Universit\u00e9 Toulouse 2 Jean Jaur\u00e8s (UMR5136 FRAMESPA). CASA DE VEL\u00c1ZQUEZ (REF.: Distancia\/op\u00e9ration6 LabexSMS\/\u00a0ANR-11-IDEX-0002-02)<\/a><\/em><\/li><li><a rel=\"noreferrer noopener\" href=\"https:\/\/alojamientos.us.es\/escrynot\/\" target=\"_blank\">Escritura, Notariado y Espacio Urbano en la Corona de Castilla y Portugal (Siglos XII-XVII) (HAR2015-63676-P)<\/a><\/li><li><a rel=\"noreferrer noopener\" href=\"https:\/\/grupo.us.es\/notfor\/\" target=\"_blank\">Notariado y construcci\u00f3n social de la realidad. Hacia una codificaci\u00f3n del documento notarial (siglos XII-XVII) (PGC2018-093495-B-I00)<\/a><\/li><li><a rel=\"noreferrer noopener\" href=\"https:\/\/migravit.com\/\" target=\"_blank\">La muerte del pr\u00edncipe en Francia y en los reinos hisp\u00e1nicos (ss. XI-XV). (HAR2016-74846-P)<\/a>.<\/li><li><a rel=\"noreferrer noopener\" href=\"https:\/\/investigacion.us.es\/sisius\/sis_proyecto.php?idproy=25766\" target=\"_blank\">HICOES: Tradici\u00f3n y Constituci\u00f3n: Problemas Constituyentes de la Espa\u00f1a Contempor\u00e1nea (DER2014-56291-C3-2-P)<\/a><\/li><li><a rel=\"noreferrer noopener\" href=\"https:\/\/www.arcacomunis.uma.es\/\" target=\"_blank\">Arca Comunis: Red de proyectos de investigaci\u00f3n sobre Historia de la Hacienda y la Fiscalidad hispana (siglos XIII-XVIII) y sus relaciones con otros modelos europeos.<\/a><\/li><li><em><a rel=\"noreferrer noopener\" aria-label=\"Notariado, econom\u00eda y su huella documental en Andaluc\u00eda (siglos XIV-XVIII) (P20-00654)  (abre en una nueva pesta\u00f1a)\" href=\"https:\/\/investigacion.us.es\/sisius\/sis_proyecto.php?idproy=33783\" target=\"_blank\">Notariado, econom\u00eda y su huella documental en Andaluc\u00eda (siglos XIV-XVIII)<\/a><\/em><a rel=\"noreferrer noopener\" aria-label=\"Notariado, econom\u00eda y su huella documental en Andaluc\u00eda (siglos XIV-XVIII) (P20-00654)  (abre en una nueva pesta\u00f1a)\" href=\"https:\/\/investigacion.us.es\/sisius\/sis_proyecto.php?idproy=33783\" target=\"_blank\"> (P20-00654) <\/a><\/li><li><a rel=\"noreferrer noopener\" aria-label=\"Negocios reservados y documentos secretos:  \nel sigilo en el gobierno de la Monarqu\u00eda (Andaluc\u00eda y Am\u00e9rica, ss. XVI-XVIII) (abre en una nueva pesta\u00f1a)\" href=\"https:\/\/investigacion.us.es\/sisius\/sis_proyecto.php?idproy=33736\" target=\"_blank\">Negocios reservados y documentos secretos: el sigilo en el gobierno de la Monarqu\u00eda (Andaluc\u00eda y Am\u00e9rica, ss. XVI-XVIII)<\/a> (<a rel=\"noreferrer noopener\" href=\"https:\/\/investigacion.us.es\/sisius\/sis_proyecto.php?idproy=33736\" target=\"_blank\">P20_00634<\/a>) <\/li><li><a rel=\"noreferrer noopener\" aria-label=\"Entre Andaluc\u00eda y Am\u00e9rica: actores y pr\u00e1cticas documentales de gobierno, representaci\u00f3n y memoria (abre en una nueva pesta\u00f1a)\" href=\"https:\/\/investigacion.us.es\/sisius\/sis_proyecto.php?idproy=32980\" target=\"_blank\">Entre Andaluc\u00eda y Am\u00e9rica: actores y pr\u00e1cticas documentales de gobierno, representaci\u00f3n y memoria<\/a> (<a rel=\"noreferrer noopener\" href=\"https:\/\/investigacion.us.es\/sisius\/sis_proyecto.php?idproy=32980\" target=\"_blank\">US-1380617<\/a>) <\/li><\/ul>\n","protected":false},"excerpt":{"rendered":"<p>Escritura y Ciudad en la Corona de Castilla (Siglos XIII-XVII) (HAR2012-32298) Notariado y Documentaci\u00f3n Notarial en Andaluc\u00eda (P07-HUM-02554) Las rutas terrestres del correo indiano en el s. XVIII (HUM 206-10708) Iglesia y Escritura en Castilla ss.XII-XVII (HAR 2013-41378 P) La cultura escrita del Reino de Castilla en el contexto europeo ss. XIII-XVI (HAR 2008-04115) La [&hellip;]<\/p>\n","protected":false},"author":2,"featured_media":0,"parent":0,"menu_order":0,"comment_status":"closed","ping_status":"closed","template":"","meta":{"footnotes":""},"class_list":["post-100","page","type-page","status-publish","hentry"],"_links":{"self":[{"href":"https:\/\/departamento.us.es\/medievalcth\/index.php?rest_route=\/wp\/v2\/pages\/100","targetHints":{"allow":["GET"]}}],"collection":[{"href":"https:\/\/departamento.us.es\/medievalcth\/index.php?rest_route=\/wp\/v2\/pages"}],"about":[{"href":"https:\/\/departamento.us.es\/medievalcth\/index.php?rest_route=\/wp\/v2\/types\/page"}],"author":[{"embeddable":true,"href":"https:\/\/departamento.us.es\/medievalcth\/index.php?rest_route=\/wp\/v2\/users\/2"}],"replies":[{"embeddable":true,"href":"https:\/\/departamento.us.es\/medievalcth\/index.php?rest_route=%2Fwp%2Fv2%2Fcomments&post=100"}],"version-history":[{"count":6,"href":"https:\/\/departamento.us.es\/medievalcth\/index.php?rest_route=\/wp\/v2\/pages\/100\/revisions"}],"predecessor-version":[{"id":351,"href":"https:\/\/departamento.us.es\/medievalcth\/index.php?rest_route=\/wp\/v2\/pages\/100\/revisions\/351"}],"wp:attachment":[{"href":"https:\/\/departamento.us.es\/medievalcth\/index.php?rest_route=%2Fwp%2Fv2%2Fmedia&parent=100"}],"curies":[{"name":"wp","href":"https:\/\/api.w.org\/{rel}","templated":true}]}}