{"id":103,"date":"2024-12-03T12:24:45","date_gmt":"2024-12-03T11:24:45","guid":{"rendered":"https:\/\/grupo.us.es\/medievalcth\/?page_id=103"},"modified":"2025-02-10T08:22:36","modified_gmt":"2025-02-10T07:22:36","slug":"lineas-de-investigacion","status":"publish","type":"page","link":"https:\/\/departamento.us.es\/medievalcth\/?page_id=103","title":{"rendered":"L\u00edneas de Investigaci\u00f3n"},"content":{"rendered":"\n<p><a rel=\"noreferrer noopener\" href=\"https:\/\/investigacion.us.es\/sisius\/sis_showpub.php?idpers=18130\" target=\"_blank\">Belmonte Fern\u00e1ndez, Diego<\/a><\/p>\n\n\n\n<ul class=\"wp-block-list\"><li>Paleograf\u00eda, Diplom\u00e1tica y Codicolog\u00eda Medievales.<\/li><li>C\u00f3dices diplom\u00e1ticos medievales.<\/li><li>Documentaci\u00f3n de canciller\u00edas episcopales y capitulares de instituciones eclesi\u00e1sticas.<\/li><li>Notariado apost\u00f3lico.<\/li><\/ul>\n\n\n\n<p><a href=\"https:\/\/investigacion.us.es\/sisius\/sis_showpub.php?idpers=16439\" target=\"_blank\" rel=\"noreferrer noopener\" aria-label=\"Ben\u00edtez Guerrero, Carmen (abre en una nueva pesta\u00f1a)\">Ben\u00edtez Guerrero, Carmen<\/a>.<\/p>\n\n\n\n<ul class=\"wp-block-list\"><li>Historiograf\u00eda medieval.<\/li><li>Discursos del poder y comunicaci\u00f3n pol\u00edtica.<\/li><li>Cultura escrita e historia textual.<\/li><li>Usos del pasado.<\/li><\/ul>\n\n\n\n<p><a href=\"https:\/\/investigacion.us.es\/sisius\/sis_showpub.php?idpers=1513\">Carmona Ruiz, Mar\u00eda Antonia<\/a><\/p>\n\n\n\n<ul class=\"wp-block-list\"><li>La Corona de Castilla en la Baja Edad Media (s XIII-XV)<\/li><li>Historia agraria<\/li><li>Normativa concejil<\/li><li>Regimen se\u00f1orial en Andaluc\u00eda<\/li><\/ul>\n\n\n\n<p><a rel=\"noreferrer noopener\" href=\"https:\/\/investigacion.us.es\/sisius\/sis_showpub.php?idpers=17000\" target=\"_blank\">Dom\u00ednguez Guerrero, M\u00aa Luisa<\/a><\/p>\n\n\n\n<ul class=\"wp-block-list\"><li>La instituci\u00f3n notarial en Castilla durante la \u00e9poca Moderna, especialmente en las \u00e1reas rurales de Sevilla.<\/li><li>La implantaci\u00f3n y desarrollo del notariado en los territorios americanos tras la conquista.<\/li><li>La instituci\u00f3n concejil en Am\u00e9rica y sus v\u00ednculos documentales con Castilla.<\/li><li>Documentaci\u00f3n judicial en \u00e9poca Moderna.<\/li><\/ul>\n\n\n\n<p><a href=\"https:\/\/investigacion.us.es\/sisius\/sis_showpub.php?idpers=26543\" target=\"_blank\" rel=\"noreferrer noopener\" aria-label=\"Fern\u00e1ndez Cobano, Abraham. (abre en una nueva pesta\u00f1a)\">Fern\u00e1ndez Cobano, Abraham.<\/a><\/p>\n\n\n\n<ul class=\"wp-block-list\"><li>Notariado apost\u00f3lico en el tr\u00e1nsito a la Modernidad<\/li><li>Notariado eclesi\u00e1stico entre Castilla y Portugal<\/li><li>Paleograf\u00eda y Diplom\u00e1tica<\/li><li>Documentaci\u00f3n episcopal&nbsp;y capitular de la Catedral de Sevilla<\/li><\/ul>\n\n\n\n<p><a href=\"https:\/\/investigacion.us.es\/sisius\/sis_showpub.php?idpers=25064\" target=\"_blank\" rel=\"noreferrer noopener\" aria-label=\"Fern\u00e1ndez-Viagas Escudero, Pl\u00e1cido (abre en una nueva pesta\u00f1a)\">Fern\u00e1ndez-Viagas Escudero, Pl\u00e1cido<\/a>.<\/p>\n\n\n\n<ul class=\"wp-block-list\"><li>Adulterio y otros delitos afines en la Edad Media.<\/li><li>Derecho y pol\u00edtica en los textos de Alfonso X.<\/li><li>Fueros y ordenanzas medievales. <\/li><li>Fantas\u00eda medieval: c\u00f3mics, pel\u00edculas y videojuesgos. <\/li><\/ul>\n\n\n\n<p><a rel=\"noreferrer noopener\" href=\"https:\/\/investigacion.us.es\/sisius\/sis_showpub.php?idpers=16079\" target=\"_blank\">Garc\u00eda D\u00edaz, Jes\u00fas<\/a><\/p>\n\n\n\n<ul class=\"wp-block-list\"><li>Normativa comercial y codificaci\u00f3n jur\u00eddica del mercado (Siglos XIII-XVI) <\/li><li>Cortes de Castilla e instituciones en la Edad Media <\/li><li>Obra legislativa de Alfonso X \u00abel Sabio\u00bb <\/li><li>Mundo rural y vida campesina en Andaluc\u00eda (Siglos XIII-XVI) <\/li><\/ul>\n\n\n\n<p><a rel=\"noreferrer noopener\" href=\"https:\/\/investigacion.us.es\/sisius\/sis_showpub.php?idpers=1516\" target=\"_blank\">Garc\u00eda Fern\u00e1ndez, Manuel<\/a><\/p>\n\n\n\n<ul class=\"wp-block-list\"><li>Andaluc\u00eda cristiana del Valle del Guadalquivir (siglos XIII-XV)<\/li><li>El reino de Castilla en tiempos de Alfonso XI y Pedro I (1312-1369). Relaciones internacionales din\u00e1sticas y diplom\u00e1ticas con Portugal y la Corona de Aragon.<\/li><li>La Banda Morisca, El Estrecho de Gibraltar, el Mar de Albor\u00e1n y la Frontera de Granada (siglos XIII-XVI).<\/li><li>Fiscalidad regia y municipal en las sociedades de frontera al sur del Tajo.<\/li><li>Mateo Alem\u00e1n y su proyecci\u00f3n religiosa en la Sevilla del siglo XVI.<\/li><\/ul>\n\n\n\n<p><a rel=\"noreferrer noopener\" href=\"https:\/\/investigacion.us.es\/sisius\/sis_showpub.php?idpers=1263\" target=\"_blank\">G\u00f3mez G\u00f3mez, Margarita<\/a><\/p>\n\n\n\n<ul class=\"wp-block-list\"><li>Diplom\u00e1tica real en Castilla e Indias durante el Antiguo R\u00e9gimen.<\/li><li>El sello y registro en Castilla e Indias: tipos, uso, valor y tenencia.<\/li><li>Actores del documento: secretarios, escribanos, archiveros y otros oficiales de la pluma en el gobierno de la monarqu\u00eda<\/li><li>Historia de los archivos: la gesti\u00f3n, organizaci\u00f3n, conservaci\u00f3n&nbsp;y uso de los documentos en Espa\u00f1a y Am\u00e9rica<\/li><\/ul>\n\n\n\n<p><a rel=\"noreferrer noopener\" aria-label=\"Jim\u00e9nez Ca\u00f1as, Jos\u00e9 Luis (abre en una nueva pesta\u00f1a)\" href=\"https:\/\/investigacion.us.es\/sisius\/sis_showpub.php?idpers=35225\" target=\"_blank\">Jim\u00e9nez Ca\u00f1as, Jos\u00e9 Luis<\/a>.<\/p>\n\n\n\n<ul class=\"wp-block-list\"><li> Historia de los animales en la Edad Media.<\/li><li> Historia de la vida cotidiana en la Sevilla tardomedieval. <\/li><\/ul>\n\n\n\n<p><a rel=\"noreferrer noopener\" href=\"https:\/\/investigacion.us.es\/sisius\/sis_showpub.php?idpers=1526\" target=\"_blank\">Montes Romero-Camacho, Isabel<\/a><\/p>\n\n\n\n<ul class=\"wp-block-list\"><li>Guerra de Granada y Frontera<\/li><li>Historia de la Iglesia<\/li><li>Reconquista, repoblaci\u00f3n y restauraci\u00f3n eclesi\u00e1stica<\/li><li>Historia agraria<\/li><li>Minor\u00edas \u00e9tnico-religiosas<\/li><li>Econom\u00eda urbana<\/li><li>Historia del poder<\/li><li>Fuentes e Historiograf\u00eda<\/li><\/ul>\n\n\n\n<p><a rel=\"noreferrer noopener\" href=\"https:\/\/investigacion.us.es\/sisius\/sis_showpub.php?idpers=1528\" target=\"_blank\">Ostos Salcedo, Pilar<\/a><\/p>\n\n\n\n<ul class=\"wp-block-list\"><li>Diplom\u00e1tica notarial<\/li><li>Diplom\u00e1tica se\u00f1orial<\/li><li>Diplom\u00e1tica real<\/li><li>Codicolog\u00eda.<\/li><\/ul>\n\n\n\n<p><a href=\"https:\/\/investigacion.us.es\/sisius\/grupo\/HUM131\" target=\"_blank\" rel=\"noreferrer noopener\" aria-label=\"Ruano Benito, Jaime (abre en una nueva pesta\u00f1a)\">Ruano Benito, Jaime<\/a>.<\/p>\n\n\n\n<ul class=\"wp-block-list\"><li>Diplom\u00e1tica Episcopal y Capitular.<\/li><li>Historia de los arzobispos y del cabildo de Toledo en el Medievo.<\/li><li>Historia de la escritura en la Sevilla bajomedieval. <\/li><li>Diplom\u00e1tica Comparada euromediterr\u00e1nea. <\/li><\/ul>\n\n\n\n<ul class=\"wp-block-list\"><li><\/li><\/ul>\n\n\n\n<p> <\/p>\n","protected":false},"excerpt":{"rendered":"<p>Belmonte Fern\u00e1ndez, Diego Paleograf\u00eda, Diplom\u00e1tica y Codicolog\u00eda Medievales. C\u00f3dices diplom\u00e1ticos medievales. Documentaci\u00f3n de canciller\u00edas episcopales y capitulares de instituciones eclesi\u00e1sticas. Notariado apost\u00f3lico. Ben\u00edtez Guerrero, Carmen. Historiograf\u00eda medieval. Discursos del poder y comunicaci\u00f3n pol\u00edtica. Cultura escrita e historia textual. Usos del pasado. Carmona Ruiz, Mar\u00eda Antonia La Corona de Castilla en la Baja Edad Media (s [&hellip;]<\/p>\n","protected":false},"author":2,"featured_media":0,"parent":0,"menu_order":0,"comment_status":"closed","ping_status":"closed","template":"","meta":{"footnotes":""},"class_list":["post-103","page","type-page","status-publish","hentry"],"_links":{"self":[{"href":"https:\/\/departamento.us.es\/medievalcth\/index.php?rest_route=\/wp\/v2\/pages\/103","targetHints":{"allow":["GET"]}}],"collection":[{"href":"https:\/\/departamento.us.es\/medievalcth\/index.php?rest_route=\/wp\/v2\/pages"}],"about":[{"href":"https:\/\/departamento.us.es\/medievalcth\/index.php?rest_route=\/wp\/v2\/types\/page"}],"author":[{"embeddable":true,"href":"https:\/\/departamento.us.es\/medievalcth\/index.php?rest_route=\/wp\/v2\/users\/2"}],"replies":[{"embeddable":true,"href":"https:\/\/departamento.us.es\/medievalcth\/index.php?rest_route=%2Fwp%2Fv2%2Fcomments&post=103"}],"version-history":[{"count":19,"href":"https:\/\/departamento.us.es\/medievalcth\/index.php?rest_route=\/wp\/v2\/pages\/103\/revisions"}],"predecessor-version":[{"id":356,"href":"https:\/\/departamento.us.es\/medievalcth\/index.php?rest_route=\/wp\/v2\/pages\/103\/revisions\/356"}],"wp:attachment":[{"href":"https:\/\/departamento.us.es\/medievalcth\/index.php?rest_route=%2Fwp%2Fv2%2Fmedia&parent=103"}],"curies":[{"name":"wp","href":"https:\/\/api.w.org\/{rel}","templated":true}]}}