{"id":106,"date":"2024-12-03T12:26:19","date_gmt":"2024-12-03T11:26:19","guid":{"rendered":"https:\/\/grupo.us.es\/medievalcth\/?page_id=106"},"modified":"2024-12-05T11:32:41","modified_gmt":"2024-12-05T10:32:41","slug":"tesis-doctorales","status":"publish","type":"page","link":"https:\/\/departamento.us.es\/medievalcth\/?page_id=106","title":{"rendered":"Tesis Doctorales"},"content":{"rendered":"\n<p>ALUMNO:<strong> C\u00c9SAR QUIJANO MART\u00cdNEZ<\/strong><\/p>\n\n\n\n<p>T\u00cdTULO DE LA TESIS: \u201cLA IMPLANTACI\u00d3N\nDEL NOTARIADO P\u00daBLICO EN LA CORONA DE CASTILLA (1250-1350): CRONOLOG\u00cdA,\nJURISDICCI\u00d3N Y NOTARIADO\u201d<\/p>\n\n\n\n<p>DIRECTORES DE LA TESIS: PILAR OSTOS SALCEDO Y MIGUEL CALLEJA PUERTA (UNIVERSIDAD DE OVIEDO)<\/p>\n\n\n\n<p>FECHA DE LECTURA: 29 DE NOVIEMBRE DE 2024<\/p>\n\n\n\n<p>ALUMNA: <strong>CARMEN GUERRERO CONGREGADO<\/strong><\/p>\n\n\n\n<p>T\u00cdTULO DE LA TESIS: NOTARIADO P\u00daBLICO\nDE C\u00d3RDOBA. SUS OR\u00cdGENES (1242-1300).<\/p>\n\n\n\n<p>DIRECTORA DE LA TESIS: PILAR OSTOS\nSALCEDO<\/p>\n\n\n\n<p>FECHA DE LECTURA: 29 DE JUNIO DE 2023<\/p>\n\n\n\n<p>ALUMNO: <strong>SEBASTI\u00c1N GUERRERO G\u00d3MEZ-PIMPOLLO<\/strong><\/p>\n\n\n\n<p>T\u00cdTULO DE LA TESIS: CRIST\u00d3BAL DE LA\nBECERRA, ESCRIBANO P\u00daBLICO DE SEVILLA (1534-1561).<\/p>\n\n\n\n<p>DIRECTORA DE LA TESIS: PILAR OSTOS\nSALCEDO<\/p>\n\n\n\n<p>FECHA DE LECTURA:&nbsp; 19 DE MAYO&nbsp;\nDE 2023<\/p>\n\n\n\n<p>ALUMNA: <strong>M\u00aa DEL ROC\u00cdO POSTIGO RUIZ<\/strong><\/p>\n\n\n\n<p>T\u00cdTULO DE LA TESIS: NOTARIADO P\u00daBLICO\nY DOCUMENTACI\u00d3N NOTARIAL DE SEVILLA (1400-1440).<\/p>\n\n\n\n<p>DIRECTORA DE LA TESIS: PILAR OSTOS\nSALCEDO<\/p>\n\n\n\n<p>FECHA DE LECTURA: 14 DE ABRIL DE 2023<\/p>\n\n\n\n<p>ALUMNO: <strong>SANTIAGO MANUEL RODR\u00cdGUEZ MALDONADO<\/strong><\/p>\n\n\n\n<p>T\u00cdTULO DE LA TESIS: ESCRIBAN\u00cdA Y\nDOCUMENTACI\u00d3N CONCEJIL DE LA ISLA DE TENERIFE (1497-1540).<\/p>\n\n\n\n<p>DIRECTORAS DE LA TESIS: PILAR OSTOS\nSALCEDO Y ANA DEL CARMEN VI\u00d1A BRITO (UNIVERSIDAD DE LA LAGUNA)<\/p>\n\n\n\n<p>FECHA DE LECTURA: 3 DE MARZO DE 2023<\/p>\n\n\n\n<p>ALUMNA: <strong>DAMIANA PITZALIS<\/strong><\/p>\n\n\n\n<p>T\u00cdTULO DE LA TESIS: TRIANA ENTRE LOS\nSIGLOS XI Y XIII: DE ALQUER\u00cdA A ARRABAL.<\/p>\n\n\n\n<p>DIRECTORA DE LA TESIS: MAGDALENA\nVALOR PIECHOTTA<\/p>\n\n\n\n<p>FECHA DE LECTURA: 10 DE NOVIEMBRE DE\n2022<\/p>\n\n\n\n<p>ALUMNO: <strong>FRANCISCO SILES GUERRERO<\/strong><\/p>\n\n\n\n<p>T\u00cdTULO DE LA TESIS: LA SERRAN\u00cdA DE\nVILLALUENGA. HISTORIA, POBLAMIENTO Y FRONTERA EN EL OCCIDENTE DEL REINO DE\nGRANADA (SIGLOS XIII-XVI)<\/p>\n\n\n\n<p>DIRECTORES DE LA TESIS: MANUEL GARC\u00cdA\nFERN\u00c1NDEZ Y VIRGILIO MART\u00cdNEZ ENAMORADO (UNIVERSIDAD DE M\u00c1LAGA)<\/p>\n\n\n\n<p>FECHA DE LECTURA: 22 DE JUNIO DE 2022<\/p>\n\n\n\n<p>ALUMNA: <strong>IRENE MANZORRO GUERRERO<\/strong><\/p>\n\n\n\n<p>T\u00cdTULO DE LA TESIS: \u201cLA ESCRIBAN\u00cdA DE\nC\u00c1MARA DE GOBERNACI\u00d3N DEL CONSEJO DE INDIAS. PR\u00c1CTICAS Y COMPETENCIAS\nDOCUMENTALES DE JUAN DE LEDESMA (1571-1595)\u201d<\/p>\n\n\n\n<p>DIRECTORA DE LA TESIS: MARGARITA\nG\u00d3MEZ G\u00d3MEZ<\/p>\n\n\n\n<p>FECHA DE LECTURA: 14 DE JUNIO DE 2022<\/p>\n\n\n\n<p>ALUMNO:<strong> FEDERICO ORTEGA FLORES<\/strong><\/p>\n\n\n\n<p>T\u00cdTULO DE LA TESIS: \u201cSANTA CLARA DE\nMOGUER Y SUS DOCUMENTOS (1550-1600)\u201d<\/p>\n\n\n\n<p>DIRECTORA DE LA TESIS: DRA. PILAR\nOSTOS SALCEDO<\/p>\n\n\n\n<p>FECHA DE LECTURA: 27 DE MAYO DE 2022<\/p>\n\n\n\n<p>ALUMNA: <strong>AMPARO RODR\u00cdGUEZ BAB\u00cdO<\/strong><\/p>\n\n\n\n<p>T\u00cdTULO DE LA TESIS: \u201cLA BIBLIOTECA\nDEL ANTIGUO SEMINARIO CONCILIAR DE SEVILLA: ESTUDIO Y CATALOGACI\u00d3N DEL FONDO\nANTIGUO (SS. XV-XVI)\u201d<\/p>\n\n\n\n<p>DIRECTORES DE LA TESIS: DRA. CARMEN \u00c1LVAREZ M\u00c1RQUEZ Y DR. PABLO ALBERTO MESTRE NAVAS (UNIVERSIDAD COMPLUTENSE DE MADRID)<\/p>\n\n\n\n<p>FECHA DE LECTURA: 1 DE ABRIL DE 2022<\/p>\n\n\n\n<p>ALUMNO: <strong>PL\u00c1CIDO FERN\u00c1NDEZ-VIAGAS ESCUDERO<\/strong><\/p>\n\n\n\n<p>T\u00cdTULO DE LA TESIS: \u201cEL ADULTERIO Y\nOTRAS TRANSGRESIONES SEXUALES EN LA EDAD MEDIA. DESDE LOS PRIMEROS FUEROS\nCASTELLANOS Y LEONESES A LAS PARTIDAS DE ALFONSO X EL SABIO\u201d<\/p>\n\n\n\n<p>DIRECTOR DE LA TESIS: DR. HIP\u00d3LITO\nRAFAEL OLIVA HERRER<\/p>\n\n\n\n<p>FECHA DE LECTURA: 26 DE FEBRERO DE\n2021<\/p>\n\n\n\n<p>ALUMNO: <strong>JAVIER ENRIQUE JIM\u00c9NEZ L\u00d3PEZ DE EGUILETA<\/strong><\/p>\n\n\n\n<p>T\u00cdTULO DE LA TESIS: \u201cEL NOTARIADO EN\nSANL\u00daCAR DE BARRAMEDA DURANTE LA BAJA EDAD MEDIA\u201d<\/p>\n\n\n\n<p>DIRECTORAS DE LA TESIS: DRA. CARMEN\nDEL CAMINO MART\u00cdNEZ Y M\u00aa DOLORES ROJAS VACA (UNIVERSIDAD DE C\u00c1DIZ)<\/p>\n\n\n\n<p>FECHA DE LECTURA: 16 DE JULIO DE 2020<\/p>\n\n\n\n<p>ALUMNA: <strong>PILAR ACOSTA IB\u00c1\u00d1EZ<\/strong><\/p>\n\n\n\n<p>T\u00cdTULO DE LA TESIS: \u201cCARACTERIZACI\u00d3N\nDEL PATRIMONIO DOCUMENTAL DE ANDALUC\u00cdA. HACIA UN MODELO INTEGRAL&nbsp; DE GESTI\u00d3N PARA SU SALVAGUARDA\u201d<\/p>\n\n\n\n<p>DIRECTORES DE LA TESIS: DRA.\nMARGARITA G\u00d3MEZ G\u00d3MEZ Y DR. FRANCISCO FERN\u00c1NDEZ L\u00d3PEZ<\/p>\n\n\n\n<p>FECHA DE LECTURA: 19 DE JUNIO DE 2020<\/p>\n\n\n\n<p>ALUMNO: <strong>ADRI\u00c1N ARES LEGASPI<\/strong><\/p>\n\n\n\n<p>T\u00cdTULO DE LA TESIS: \u201cLA ESCRITURA EN\nSANTIAGO DE COMPOSTELA EN EL TR\u00c1NSITO DE LA EDAD MEDIA A LA EDAD MODERNA\u201d<\/p>\n\n\n\n<p>DIRECTORAS DE LA TESIS: DRA. CARMEN\nDEL CAMINO MART\u00cdNEZ Y DRA. ANA ISABEL SU\u00c1REZ GONZ\u00c1LEZ (UNIVERSIDAD DE SANTIAGO\nDE COMPOSTELA)<\/p>\n\n\n\n<p>FECHA DE LECTURA:&nbsp; 15 DE ABRIL DE 2020<\/p>\n\n\n\n<p>ALUMNO: <strong>MANUEL \u00c1NGEL MART\u00cdN VERA<\/strong><\/p>\n\n\n\n<p>T\u00cdTULO DE LA TESIS: \u201cLOS OR\u00cdGENES DEL\nEJ\u00c9RCITO MODERNO EN EL REINO DE CASTILLA, SIGLOS XIV-XV\u201d<\/p>\n\n\n\n<p>DIRECTOR DE LA TESIS: DR. MANUEL\nGARC\u00cdA FERN\u00c1NDEZ<\/p>\n\n\n\n<p>FECHA DE LECTURA: 13 DE DICIEMBRE DE\n2019<\/p>\n\n\n\n<p>ALUMNO: <strong>JULIO ALBERTO RAM\u00cdREZ BARRIOS<\/strong><\/p>\n\n\n\n<p>T\u00cdTULO DE LA TESIS: \u201cGOBERNAR EN LA DISTANCIA:\nEL VALOR DEL DOCUMENTO Y EL SELLO REAL EN EL DISTRITO DE LA AUDIENCIA Y\nCHANCILLER\u00cdA DE LIMA (SS. XVI-XVII)\u201d<\/p>\n\n\n\n<p>DIRECTORA DE LA TESIS: DRA. MARGARITA\nG\u00d3MEZ G\u00d3MEZ<\/p>\n\n\n\n<p>FECHA DE LECTURA: 13 DE DICIEMBRE DE\n2019<\/p>\n\n\n\n<p>ALUMNO: <strong>FERNANDO SANTOS DE LA HERA<\/strong><\/p>\n\n\n\n<p>T\u00cdTULO DE LA TESIS: \u201cEL LIBRO EN LA\nCATEDRAL DE SEVILLA (SIGLO XVII)\u201d<\/p>\n\n\n\n<p>DIRECTORAS DE LA TESIS: DRAS. CARMEN \u00c1LVAREZ M\u00c1RQUEZ Y CARMEN DEL CAMINO MART\u00cdNEZ<\/p>\n\n\n\n<p>FECHA DE LECTURA: 6 DE SEPTIEMBRE DE\n2019<\/p>\n","protected":false},"excerpt":{"rendered":"<p>ALUMNO: C\u00c9SAR QUIJANO MART\u00cdNEZ T\u00cdTULO DE LA TESIS: \u201cLA IMPLANTACI\u00d3N DEL NOTARIADO P\u00daBLICO EN LA CORONA DE CASTILLA (1250-1350): CRONOLOG\u00cdA, JURISDICCI\u00d3N Y NOTARIADO\u201d DIRECTORES DE LA TESIS: PILAR OSTOS SALCEDO Y MIGUEL CALLEJA PUERTA (UNIVERSIDAD DE OVIEDO) FECHA DE LECTURA: 29 DE NOVIEMBRE DE 2024 ALUMNA: CARMEN GUERRERO CONGREGADO T\u00cdTULO DE LA TESIS: NOTARIADO P\u00daBLICO [&hellip;]<\/p>\n","protected":false},"author":2,"featured_media":0,"parent":0,"menu_order":0,"comment_status":"closed","ping_status":"closed","template":"","meta":{"footnotes":""},"class_list":["post-106","page","type-page","status-publish","hentry"],"_links":{"self":[{"href":"https:\/\/departamento.us.es\/medievalcth\/index.php?rest_route=\/wp\/v2\/pages\/106","targetHints":{"allow":["GET"]}}],"collection":[{"href":"https:\/\/departamento.us.es\/medievalcth\/index.php?rest_route=\/wp\/v2\/pages"}],"about":[{"href":"https:\/\/departamento.us.es\/medievalcth\/index.php?rest_route=\/wp\/v2\/types\/page"}],"author":[{"embeddable":true,"href":"https:\/\/departamento.us.es\/medievalcth\/index.php?rest_route=\/wp\/v2\/users\/2"}],"replies":[{"embeddable":true,"href":"https:\/\/departamento.us.es\/medievalcth\/index.php?rest_route=%2Fwp%2Fv2%2Fcomments&post=106"}],"version-history":[{"count":19,"href":"https:\/\/departamento.us.es\/medievalcth\/index.php?rest_route=\/wp\/v2\/pages\/106\/revisions"}],"predecessor-version":[{"id":212,"href":"https:\/\/departamento.us.es\/medievalcth\/index.php?rest_route=\/wp\/v2\/pages\/106\/revisions\/212"}],"wp:attachment":[{"href":"https:\/\/departamento.us.es\/medievalcth\/index.php?rest_route=%2Fwp%2Fv2%2Fmedia&parent=106"}],"curies":[{"name":"wp","href":"https:\/\/api.w.org\/{rel}","templated":true}]}}