{"id":126,"date":"2024-12-03T13:18:55","date_gmt":"2024-12-03T12:18:55","guid":{"rendered":"https:\/\/grupo.us.es\/medievalcth\/?page_id=126"},"modified":"2024-12-03T13:18:55","modified_gmt":"2024-12-03T12:18:55","slug":"universidad-de-sevilla","status":"publish","type":"page","link":"https:\/\/departamento.us.es\/medievalcth\/?page_id=126","title":{"rendered":"Universidad de Sevilla"},"content":{"rendered":"\n<h3 class=\"wp-block-heading\">Universidad de Sevilla<\/h3>\n\n\n\n<ul class=\"wp-block-list\"><li><a href=\"https:\/\/www.us.es\/\" target=\"_blank\" rel=\"noreferrer noopener\">Universidad de Sevilla<\/a><\/li><li><a href=\"https:\/\/geografiaehistoria.us.es\/\" target=\"_blank\" rel=\"noreferrer noopener\">Facultad de Geograf\u00eda e Historia<\/a><\/li><li><a href=\"..\/dpreyarq\/web\/\" target=\"_blank\" rel=\"noreferrer noopener\">Dpto. Prehistoria y Arqueolog\u00eda<\/a><\/li><li><a href=\"..\/dhantigua\/\" target=\"_blank\" rel=\"noreferrer noopener\">Dpto. Historia Antigua<\/a><\/li><li><a href=\"..\/hmoderna\/public\/index.php\" target=\"_blank\" rel=\"noreferrer noopener\">Dpto. Historia Moderna<\/a><\/li><li><a href=\"..\/hcontemporanea\/\" target=\"_blank\" rel=\"noreferrer noopener\">Dpto. Historia Contempor\u00e1nea<\/a><\/li><li><a href=\"https:\/\/tv.us.es\/\" target=\"_blank\" rel=\"noreferrer noopener\">Televisi\u00f3n Universidad Sevilla<\/a><\/li><li><a href=\"https:\/\/fama.us.es\/\" target=\"_blank\" rel=\"noreferrer noopener\">Cat\u00e1logo FAMA<\/a><\/li><li><a href=\"https:\/\/fondosdigitales.us.es\/tesis\/\" target=\"_blank\" rel=\"noreferrer noopener\">Tesis doctorales US<\/a><\/li><li><a href=\"https:\/\/fondosdigitales.us.es\/fondos\/busqueda_avanzada\/\" target=\"_blank\" rel=\"noreferrer noopener\">Fondo Antiguo US<\/a><\/li><li><a href=\"https:\/\/bib.us.es\/busca_y_encuentra\/digitales\" target=\"_blank\" rel=\"noreferrer noopener\">Fondos digitales US<\/a><\/li><li><a href=\"https:\/\/bib.us.es\/busca_y_encuentra\/recursos_e\" target=\"_blank\" rel=\"noreferrer noopener\">Recursos e<\/a><\/li><li><a href=\"https:\/\/investigacion.us.es\/sisius\" target=\"_blank\" rel=\"noreferrer noopener\">Sisius<\/a><\/li><li><a href=\"https:\/\/idus.us.es\/xmlui\/\" target=\"_blank\" rel=\"noreferrer noopener\">IdUS<\/a><\/li><\/ul>\n","protected":false},"excerpt":{"rendered":"<p>Universidad de Sevilla Universidad de Sevilla Facultad de Geograf\u00eda e Historia Dpto. Prehistoria y Arqueolog\u00eda Dpto. Historia Antigua Dpto. Historia Moderna Dpto. Historia Contempor\u00e1nea Televisi\u00f3n Universidad Sevilla Cat\u00e1logo FAMA Tesis doctorales US Fondo Antiguo US Fondos digitales US Recursos e Sisius IdUS<\/p>\n","protected":false},"author":2,"featured_media":0,"parent":0,"menu_order":0,"comment_status":"closed","ping_status":"closed","template":"","meta":{"footnotes":""},"class_list":["post-126","page","type-page","status-publish","hentry"],"_links":{"self":[{"href":"https:\/\/departamento.us.es\/medievalcth\/index.php?rest_route=\/wp\/v2\/pages\/126","targetHints":{"allow":["GET"]}}],"collection":[{"href":"https:\/\/departamento.us.es\/medievalcth\/index.php?rest_route=\/wp\/v2\/pages"}],"about":[{"href":"https:\/\/departamento.us.es\/medievalcth\/index.php?rest_route=\/wp\/v2\/types\/page"}],"author":[{"embeddable":true,"href":"https:\/\/departamento.us.es\/medievalcth\/index.php?rest_route=\/wp\/v2\/users\/2"}],"replies":[{"embeddable":true,"href":"https:\/\/departamento.us.es\/medievalcth\/index.php?rest_route=%2Fwp%2Fv2%2Fcomments&post=126"}],"version-history":[{"count":1,"href":"https:\/\/departamento.us.es\/medievalcth\/index.php?rest_route=\/wp\/v2\/pages\/126\/revisions"}],"predecessor-version":[{"id":127,"href":"https:\/\/departamento.us.es\/medievalcth\/index.php?rest_route=\/wp\/v2\/pages\/126\/revisions\/127"}],"wp:attachment":[{"href":"https:\/\/departamento.us.es\/medievalcth\/index.php?rest_route=%2Fwp%2Fv2%2Fmedia&parent=126"}],"curies":[{"name":"wp","href":"https:\/\/api.w.org\/{rel}","templated":true}]}}