{"id":129,"date":"2024-12-03T13:20:21","date_gmt":"2024-12-03T12:20:21","guid":{"rendered":"https:\/\/grupo.us.es\/medievalcth\/?page_id=129"},"modified":"2024-12-03T13:20:21","modified_gmt":"2024-12-03T12:20:21","slug":"bases-de-datos-y-repositorios","status":"publish","type":"page","link":"https:\/\/departamento.us.es\/medievalcth\/?page_id=129","title":{"rendered":"Bases de datos y repositorios"},"content":{"rendered":"\n<ul class=\"wp-block-list\"><li><a href=\"https:\/\/bibliotecadigital.rah.es\/dgbrah\/es\/consulta\/busqueda.cmd\" target=\"_blank\" rel=\"noreferrer noopener\">Academia de Historia &#8211; Biblioteca digital<\/a><\/li><li><a href=\"https:\/\/www.academia.edu\/\" target=\"_blank\" rel=\"noreferrer noopener\">Academia Edu<\/a><\/li><li><a href=\"https:\/\/www.siem-estella.es\/es\/actas\" target=\"_blank\" rel=\"noreferrer noopener\">Actas Semana Internacional de Estudios Medievales &#8211; Estella<\/a><\/li><li><a href=\"https:\/\/ucor1301.cli.lbd.org.es\/busqueda\/resultados.htm\" target=\"_blank\" rel=\"noreferrer noopener\">Aracne<\/a><\/li><li><a href=\"https:\/\/archive.org\/index.php\" target=\"_blank\" rel=\"noreferrer noopener\">Archive<\/a><\/li><li><a href=\"https:\/\/www.ucm.es\/bdiconografiamedieval\/\" target=\"_blank\" rel=\"noreferrer noopener\">Base de datos digital de iconograf\u00eda medieval<\/a><\/li><li><a href=\"https:\/\/www.bne.es\/es\/Catalogos\/BibliotecaDigitalHispanica\/Inicio\/\" target=\"_blank\" rel=\"noreferrer noopener\">Biblioteca Digital Hisp\u00e1nica<\/a><\/li><li><a href=\"https:\/\/www.cervantesvirtual.com\/controladores\/busqueda_avanzada_form.php\" target=\"_blank\" rel=\"noreferrer noopener\">Biblioteca Miguel de Cervantes<\/a><\/li><li><a href=\"https:\/\/catalogo.bne.es\/uhtbin\/cgisirsi\/?ps=p4bhFjWoyR\/BNMADRID\/203720623\/38\/798\/X\/BLASTOFF\" target=\"_blank\" rel=\"noreferrer noopener\">Biblioteca Nacional de Espa\u00f1a<\/a><\/li><li><a href=\"https:\/\/www.saavedrafajardo.org\/\" target=\"_blank\" rel=\"noreferrer noopener\">Biblioteca Saavedra Fajardo de Pensamiento Pol\u00edtico Hisp\u00e1nico<\/a><\/li><li><a href=\"https:\/\/brill.com\/?lang=en\" target=\"_blank\" rel=\"noreferrer noopener\">BRILL<\/a><\/li><li><a href=\"https:\/\/www.juntadeandalucia.es\/cultura\/bibliotecas\/CatalogoColectivoAndalucia\/abnetcl.cgi\/O22161\/ID6225eb7b?ACC=101\" target=\"_blank\" rel=\"noreferrer noopener\">CASBA<\/a><\/li><li><a href=\"https:\/\/www.cbua.es\/\" target=\"_blank\" rel=\"noreferrer noopener\">CBUA<\/a><\/li><li><a href=\"https:\/\/indices.csic.es\/\" target=\"_blank\" rel=\"noreferrer noopener\">CSIC Indices<\/a><\/li><li><a href=\"https:\/\/dialnet.unirioja.es\/\" target=\"_blank\" rel=\"noreferrer noopener\">Dialnet<\/a><\/li><li><a href=\"https:\/\/digibug.ugr.es\/\" target=\"_blank\" rel=\"noreferrer noopener\">Digibug<\/a><\/li><li><a href=\"https:\/\/digital.csic.es\/\" target=\"_blank\" rel=\"noreferrer noopener\">Digital CSIC<\/a><\/li><li><a href=\"https:\/\/doaj.org\/\" target=\"_blank\" rel=\"noreferrer noopener\">Directory of Open Access Journals<\/a><\/li><li><a href=\"https:\/\/www.ebsco.com\/\" target=\"_blank\" rel=\"noreferrer noopener\">EBSCO<\/a><\/li><li><a href=\"https:\/\/mjl.clarivate.com\/cgi-bin\/jrnlst\/jlresults.cgi?PC=EX\" target=\"_blank\" rel=\"noreferrer noopener\">Emerging Sources Citation Index<\/a><\/li><li><a href=\"https:\/\/www.esf.org\/\" target=\"_blank\" rel=\"noreferrer noopener\">European Science Foundation<\/a><\/li><li><a href=\"https:\/\/scholar.google.es\/\" target=\"_blank\" rel=\"noreferrer noopener\">Google Acad\u00e9mico<\/a><\/li><li><a href=\"https:\/\/hispana.mcu.es\/es\/estaticos\/contenido.cmd?pagina=estaticos\/presentacion\" target=\"_blank\" rel=\"noreferrer noopener\">Hispana<\/a><\/li><li><a href=\"https:\/\/www.waldemoheno.net\/hispanomedievalismo\/revistasrecs.htm\" target=\"_blank\" rel=\"noreferrer noopener\">Hispanomedievalismo<\/a><\/li><li><a href=\"https:\/\/idus.us.es\/xmlui\/\" target=\"_blank\" rel=\"noreferrer noopener\">IdUS<\/a><\/li><li><a href=\"https:\/\/revistes.ub.edu\/index.php\/IHE\/index\" target=\"_blank\" rel=\"noreferrer noopener\">\u00cdndice Hist\u00f3rico Espa\u00f1ol<\/a><\/li><li><a href=\"https:\/\/www.mcu.es\/webISBN\/tituloSimpleFilter.do?cache=init&amp;prev_layout=busquedaisbn&amp;layout=busquedaisbn&amp;language=es\" target=\"_blank\" rel=\"noreferrer noopener\">ISBN<\/a><\/li><li><a href=\"https:\/\/www.jstor.org\/\" target=\"_blank\" rel=\"noreferrer noopener\">JSTOR<\/a><\/li><li><a href=\"https:\/\/www.latindex.org\/latindex\/inicio\" target=\"_blank\" rel=\"noreferrer noopener\">Latindex<\/a><\/li><li><a href=\"https:\/\/www.librosartemedieval.net\/etiqueta-producto\/revista-de-arte-medieval\/\" target=\"_blank\" rel=\"noreferrer noopener\">Publicaciones sobre Arte Medieval<\/a><\/li><li><a href=\"https:\/\/www.rebiun.org\/\" target=\"_blank\" rel=\"noreferrer noopener\">Rebiun<\/a><\/li><li><a href=\"https:\/\/buscador.recolecta.fecyt.es\/\" target=\"_blank\" rel=\"noreferrer noopener\">Recolecta<\/a><\/li><li><a href=\"https:\/\/www.redib.org\/\" target=\"_blank\" rel=\"noreferrer noopener\">Redib<\/a><\/li><li><a href=\"https:\/\/opac.regesta-imperii.de\/lang_en\/\" target=\"_blank\" rel=\"noreferrer noopener\">Regesta Imperii<\/a><\/li><li><a href=\"https:\/\/www.educacion.gob.es\/teseo\/irGestionarConsulta.do\" target=\"_blank\" rel=\"noreferrer noopener\">Teseo<\/a><\/li><li><a href=\"https:\/\/contenidosdigitales.uned.es\/fezUNED\/\" target=\"_blank\" rel=\"noreferrer noopener\">UNED Contenidos Digitales<\/a><\/li><\/ul>\n\n\n\n<p><\/p>\n","protected":false},"excerpt":{"rendered":"<p>Academia de Historia &#8211; Biblioteca digital Academia Edu Actas Semana Internacional de Estudios Medievales &#8211; Estella Aracne Archive Base de datos digital de iconograf\u00eda medieval Biblioteca Digital Hisp\u00e1nica Biblioteca Miguel de Cervantes Biblioteca Nacional de Espa\u00f1a Biblioteca Saavedra Fajardo de Pensamiento Pol\u00edtico Hisp\u00e1nico BRILL CASBA CBUA CSIC Indices Dialnet Digibug Digital CSIC Directory of Open [&hellip;]<\/p>\n","protected":false},"author":2,"featured_media":0,"parent":0,"menu_order":0,"comment_status":"closed","ping_status":"closed","template":"","meta":{"footnotes":""},"class_list":["post-129","page","type-page","status-publish","hentry"],"_links":{"self":[{"href":"https:\/\/departamento.us.es\/medievalcth\/index.php?rest_route=\/wp\/v2\/pages\/129","targetHints":{"allow":["GET"]}}],"collection":[{"href":"https:\/\/departamento.us.es\/medievalcth\/index.php?rest_route=\/wp\/v2\/pages"}],"about":[{"href":"https:\/\/departamento.us.es\/medievalcth\/index.php?rest_route=\/wp\/v2\/types\/page"}],"author":[{"embeddable":true,"href":"https:\/\/departamento.us.es\/medievalcth\/index.php?rest_route=\/wp\/v2\/users\/2"}],"replies":[{"embeddable":true,"href":"https:\/\/departamento.us.es\/medievalcth\/index.php?rest_route=%2Fwp%2Fv2%2Fcomments&post=129"}],"version-history":[{"count":1,"href":"https:\/\/departamento.us.es\/medievalcth\/index.php?rest_route=\/wp\/v2\/pages\/129\/revisions"}],"predecessor-version":[{"id":130,"href":"https:\/\/departamento.us.es\/medievalcth\/index.php?rest_route=\/wp\/v2\/pages\/129\/revisions\/130"}],"wp:attachment":[{"href":"https:\/\/departamento.us.es\/medievalcth\/index.php?rest_route=%2Fwp%2Fv2%2Fmedia&parent=129"}],"curies":[{"name":"wp","href":"https:\/\/api.w.org\/{rel}","templated":true}]}}