{"id":141,"date":"2024-12-03T13:27:50","date_gmt":"2024-12-03T12:27:50","guid":{"rendered":"https:\/\/grupo.us.es\/medievalcth\/?page_id=141"},"modified":"2024-12-04T13:14:23","modified_gmt":"2024-12-04T12:14:23","slug":"internacionales","status":"publish","type":"page","link":"https:\/\/departamento.us.es\/medievalcth\/?page_id=141","title":{"rendered":"Instituciones Internacionales"},"content":{"rendered":"\n<h3 class=\"wp-block-heading\">INSTITUCIONES INTERNACIONALES<\/h3>\n\n\n\n<ul class=\"wp-block-list\"><li><a href=\"https:\/\/www.accademiajr.it\/\" target=\"_blank\" rel=\"noreferrer noopener\">Accademia Jaufre&#8217; Rudel di Studi Medievali<\/a>&nbsp;\u00b7 Italia<\/li><li><a href=\"https:\/\/humweb.ucsc.edu\/aarhms\/\" target=\"_blank\" rel=\"noreferrer noopener\">American Academy of Research Historians of Medieval Spain<\/a>\u00b7 USA<\/li><li><a href=\"https:\/\/www.palaeographia.org\/apices\/apices.htm?p=apilist.htm\" target=\"_blank\" rel=\"noreferrer noopener\">Apices \u00b7 Association Pal\u00e9ographique International&nbsp;\u00b7 France<\/a><\/li><li><a href=\"https:\/\/www.asu.edu\/clas\/acmrs\/\" target=\"_blank\" rel=\"noreferrer noopener\">Arizona Center for Medieval and Renaissance Studies<\/a>&nbsp;\u00b7 USA<\/li><li><a href=\"https:\/\/english.arnamagnaeansk.ku.dk\/\" target=\"_blank\" rel=\"noreferrer noopener\">Arnamagn\u00e6an Institute<\/a>&nbsp;\u00b7 Copenhague, Dinamarca<\/li><li><a href=\"https:\/\/www.arnastofnun.is\/page\/arnastofnun_frontpage_en\" target=\"_blank\" rel=\"noreferrer noopener\">\u00c1rni Magn\u00fasson Institute for Icelandic Studies<\/a>&nbsp;\u00b7 Islandia<\/li><li><a href=\"https:\/\/aihmilitar.wixsite.com\/site\" target=\"_blank\" rel=\"noreferrer noopener\">Asociaci\u00f3n Ib\u00e9rica de Historia Militar<\/a><\/li><li><a href=\"https:\/\/www.azecme.org\/\" target=\"_blank\" rel=\"noreferrer noopener\">Asociaci\u00f3n Zacatecana de Estudios Cl\u00e1sicos y Medievales<\/a>&nbsp;\u00b7 M\u00e9xico<\/li><li><a href=\"https:\/\/www.abrem.org.br\/\" target=\"_blank\" rel=\"noreferrer noopener\">Associa\u00e7\u00e3o Brasileira de Estudos Medievais<\/a>&nbsp;\u00b7 Brasil<\/li><li><a href=\"https:\/\/www.marcbloch.fr\/\" target=\"_blank\" rel=\"noreferrer noopener\">Association March Bloch<\/a>&nbsp;\u00b7 France<\/li><li><a href=\"https:\/\/mapage.noos.fr\/amaes\/\" target=\"_blank\" rel=\"noreferrer noopener\">Association des M\u00e9di\u00e9vistes Anglicistes de l&#8217;Enseignement Sup\u00e9rieur&nbsp;<\/a>\u00b7 Francia<\/li><li><a href=\"https:\/\/www.anzamems.arts.uwa.edu.au\/\" target=\"_blank\" rel=\"noreferrer noopener\">Australian and New Zealand Association for Medieval and Early Modern Studies&nbsp;<\/a>\u00b7 Australia<\/li><li><a href=\"https:\/\/www.bmz.unibe.ch\/html\/index.htm\" target=\"_blank\" rel=\"noreferrer noopener\">Berner Mittelalter-Zentrum&nbsp;<\/a>\u00b7 Suiza<\/li><li><a href=\"https:\/\/www.brackweder-ak.de\/\" target=\"_blank\" rel=\"noreferrer noopener\">Brackweder Arbeitskreis f\u00fcr Mittelalterforschung&nbsp;<\/a>\u00b7 Alemania<\/li><li><a href=\"https:\/\/www.canterburytalesproject.org\/\" target=\"_blank\" rel=\"noreferrer noopener\">Canterbury Tales Project&nbsp;<\/a>\u00b7 UK<\/li><li><a href=\"https:\/\/www.carmen-medieval.net\/\" target=\"_blank\" rel=\"noreferrer noopener\">Carmen &#8211; The Worldwide Medieval Network<\/a><\/li><li><a href=\"https:\/\/www.unc.edu\/student\/orgs\/cams\/\" target=\"_blank\" rel=\"noreferrer noopener\">Carolina Association for Medieval Studies, The<\/a>&nbsp;\u00b7 USA<\/li><li><a href=\"https:\/\/www.cetmed.umontreal.ca\/\" target=\"_blank\" rel=\"noreferrer noopener\">Centre d&#8217;\u00c9tudes M\u00e9di\u00e9vales &#8211; Montr\u00e9al&nbsp;<\/a>\u00b7 Canad\u00e1<\/li><li><a href=\"https:\/\/www.uhb.fr\/alc\/medieval\/\" target=\"_blank\" rel=\"noreferrer noopener\">Centre d&#8217;Etudes des Textes M\u00e9di\u00e9vaux<\/a>&nbsp;\u00b7 Francia<\/li><li><a href=\"https:\/\/www.mshs.univ-poitiers.fr\/cescm\/\" target=\"_blank\" rel=\"noreferrer noopener\">Centre d&#8217;Etudes Sup\u00e9rieurs de Civilisation M\u00e9di\u00e9vales<\/a>&nbsp;\u00b7 Francia<\/li><li><a href=\"https:\/\/www.cetmed.umontreal.ca\/\" target=\"_blank\" rel=\"noreferrer noopener\">Centre d&#8217;\u00c9tudes M\u00e9di\u00e9vales &#8211; Montr\u00e9al&nbsp;<\/a>\u00b7 Canad\u00e1<\/li><li><a href=\"https:\/\/www.ugm.cl\/CEM\/\" target=\"_blank\" rel=\"noreferrer noopener\">Centro de Estudios Medievales&nbsp;<\/a>\u00b7 Universidad Gabriel Mistral \u00b7 Chile<\/li><li><a href=\"https:\/\/www.sdu.dk\/en\/Om_SDU\/Institutter_centre\/C_cml\" target=\"_blank\" rel=\"noreferrer noopener\">Centre for Medieval Literature<\/a>&nbsp;\u00b7 Dinamarca<\/li><li><a href=\"https:\/\/www.ru.nl\/filosofie\/center\/\" target=\"_blank\" rel=\"noreferrer noopener\">Center for Medieval and Renaissance Natural Philosophy&nbsp;<\/a>\u00b7 Holanda<\/li><li><a href=\"https:\/\/www.bris.ac.uk\/Depts\/Medieval\/\" target=\"_blank\" rel=\"noreferrer noopener\">Centre for Medieval Studies<\/a>&nbsp;\u00b7 Bristol, UK<\/li><li><a href=\"https:\/\/www.chass.utoronto.ca\/medieval\/\" target=\"_blank\" rel=\"noreferrer noopener\">Centre for Medieval Studies<\/a>&nbsp;\u00b7 Toronto, Canad\u00e1<\/li><li><a href=\"https:\/\/www.york.ac.uk\/inst\/cms\/\" target=\"_blank\" rel=\"noreferrer noopener\">Centre for Medieval Studies<\/a>&nbsp;\u00b7 York, UK<\/li><li><a href=\"https:\/\/www.uib.no\/cms\/en\" target=\"_blank\" rel=\"noreferrer noopener\">Centre for Medieval Studies<\/a>&nbsp;\u00b7 Bergen, Noruega<\/li><li><a href=\"https:\/\/centres.exeter.ac.uk\/medievalstudies\/index.shtml\" target=\"_blank\" rel=\"noreferrer noopener\">Centre for Medieval Studies<\/a>&nbsp;\u00b7 Exeter, UK<\/li><li><a href=\"https:\/\/www.fordham.edu\/mvst\/\" target=\"_blank\" rel=\"noreferrer noopener\">Centre for Medieval Studies<\/a>&nbsp;\u00b7 New York, USA<\/li><li><a href=\"https:\/\/www.slu.edu\/colleges\/AS\/cmrs\/\" target=\"_blank\" rel=\"noreferrer noopener\">Centre for Medieval &amp; Renaissance Studies<\/a>&nbsp;\u00b7 Saint Louis<\/li><li><a href=\"https:\/\/www.sdu.dk\/om_sdu\/institutter_centre\/c_middelalder.aspx?sc_lang=en\" target=\"_blank\" rel=\"noreferrer noopener\">Center for Middelalderstudier<\/a>&nbsp;\u00b7 University of Southern Denmark, Dinamarca<\/li><li><a href=\"https:\/\/www.abdn.ac.uk\/cfss\/\" target=\"_blank\" rel=\"noreferrer noopener\">Centre for Scandinavian Studies<\/a>&nbsp;\u00b7 University of Aberdeen, UK<\/li><li><a href=\"https:\/\/viking.nottingham.ac.uk\/\" target=\"_blank\" rel=\"noreferrer noopener\">Centre for the Study of the Viking Age<\/a>&nbsp;\u00b7 UK<\/li><li><a href=\"https:\/\/www.upit.ro\/index.php?i=2036\" target=\"_blank\" rel=\"noreferrer noopener\">Centrul de Studii Medievale si Premoderne<\/a>&nbsp;\u00b7 Ruman\u00eda<\/li><li><a href=\"https:\/\/www.estudiosarabes.uchile.cl\/\" target=\"_blank\" rel=\"noreferrer noopener\">Centro de Estudios \u00c1rabes<\/a>&nbsp;\u00b7 Chile<\/li><li><a href=\"https:\/\/investigadores.uncoma.edu.ar\/cecym\/\" target=\"_blank\" rel=\"noreferrer noopener\">Centro de Estudios Cl\u00e1sicos y Medievales<\/a>&nbsp;\u00b7 Argentina<\/li><li><a href=\"https:\/\/cefim.wordpress.com\/\" target=\"_blank\" rel=\"noreferrer noopener\">Centro de Estudios Filos\u00f3ficos Medievales &#8211; Universidad Nacional de Cuyo&nbsp;<\/a>\u00b7 Argentina<\/li><li><a href=\"https:\/\/www.hildegarde.org\/\" target=\"_blank\" rel=\"noreferrer noopener\">Centro de Estudios Hildegardianos<\/a>&nbsp;\u00b7 Argentina<\/li><li><a href=\"https:\/\/paje.fe.usp.br\/~cemoroc\/\" target=\"_blank\" rel=\"noreferrer noopener\">Centro de Estudos Medievais &#8211; Oriente &amp; Ocidente (USP)<\/a>&nbsp;\u00b7 Brasil<\/li><li><a href=\"https:\/\/www.dssg.unifi.it\/_pim\/cescc\" target=\"_blank\" rel=\"noreferrer noopener\">Centro di Studi sulla Civilt\u00e0 Comunale<\/a>&nbsp;\u00b7 Italia<\/li><li><a href=\"https:\/\/www.filosofia.lettere.unipd.it\/storf\/centro.html\" target=\"_blank\" rel=\"noreferrer noopener\">Centro interdipartimentale per ricerche di Filosofia medievale \u00abCarlo Giacon\u00bb&nbsp;<\/a>\u00b7 Italia<\/li><li><a href=\"https:\/\/www.storiadellacitta.it\/\" target=\"_blank\" rel=\"noreferrer noopener\">Centro Internazionale di Studi per la Storia della Citt\u00e0&nbsp;<\/a>\u00b7 Italia<\/li><li><a href=\"https:\/\/www.sendme.cz\/trestik\/\" target=\"_blank\" rel=\"noreferrer noopener\">Centrum Medievistick\u00fdch Studi\u00ed \u00b7 Praga&nbsp;<\/a><a href=\"https:\/\/www.textualscholarship.org\/ests\/\" target=\"_blank\" rel=\"noreferrer noopener\">European Society for Textual Scholarship<\/a>&nbsp;\u00b7 Rep. Checa<\/li><li><a href=\"mailto:marcosc@unicap.br\" target=\"_blank\" rel=\"noreferrer noopener\">Comiss\u00e3o Brasileira de Filosofia Medieval&nbsp;<\/a>\u00b7 Brasil<\/li><li><a href=\"https:\/\/cidipl.org\/\" target=\"_blank\" rel=\"noreferrer noopener\">Comisi\u00f3n Internacional de Diplom\u00e1tica<\/a><\/li><li><a href=\"https:\/\/www.palaeographia.org\/cipl\/cipl.htm\" target=\"_blank\" rel=\"noreferrer noopener\">Comit\u00e9 Internacional de Paleograf\u00eda Latina<\/a><\/li><li><a href=\"https:\/\/www.princeton.edu\/~ezb\/dvma\/\" target=\"_blank\" rel=\"noreferrer noopener\">Delaware Valley Medieval Association<\/a>&nbsp;\u00b7 USA<\/li><li><a href=\"https:\/\/www.deremilitari.org\/\" target=\"_blank\" rel=\"noreferrer noopener\">De Re Militari: The Society for Medieval Military History<\/a><\/li><li><a href=\"https:\/\/jewishhistory.huji.ac.il\/Centers\/hispania_judaica.htm\" target=\"_blank\" rel=\"noreferrer noopener\">Dinur Centre for Research in Jewish History<\/a>&nbsp;\u00b7 Hebrew University of Jerusalem, Israel<\/li><li><a href=\"https:\/\/www.eurojewishstudies.org\/\" target=\"_blank\" rel=\"noreferrer noopener\">European Association for Jewish Studies<\/a>&nbsp;\u00b7 Oxford, United Kingdom<\/li><li><a href=\"https:\/\/web.letras.up.pt\/fidem\/\" target=\"_blank\" rel=\"noreferrer noopener\">F\u00e9d\u00e9ration Internationale des Instituts d\u2019\u00c9tudes M\u00e9di\u00e9vales<\/a>&nbsp;\u00b7 Portugal<\/li><li><a href=\"https:\/\/www.cisam.org\/produzione\/index.htm\" target=\"_blank\" rel=\"noreferrer noopener\">Fondazione Centro Italiano di Studi sull&#8217;Alto Medioevo Spoleto&nbsp;<\/a>\u00b7 Italia<\/li><li><a href=\"https:\/\/fmg.ac\/\" target=\"_blank\" rel=\"noreferrer noopener\">Foundation for Medieval Genealogy<\/a>&nbsp;\u00b7 UK<\/li><li><a href=\"https:\/\/www.medievalismo.org\/sociedades\/fundacion.htm\" target=\"_blank\" rel=\"noreferrer noopener\">Fundaci\u00f3n para la Historia de Espa\u00f1a<\/a>&nbsp;\u00b7 Argentina<\/li><li><a href=\"https:\/\/historiamedieval.page.tl\/\" target=\"_blank\" rel=\"noreferrer noopener\">Grupo de Estudios Medievales de la Universidad Nacional del Sur<\/a>&nbsp;\u00b7Argentina<\/li><li><a href=\"https:\/\/www.grupodeestudosmedievais.cjb.net\/\" target=\"_blank\" rel=\"noreferrer noopener\">Grupo de Trabalho de Estudos Medievais<\/a>&nbsp;\u00b7 Brasil<\/li><li><a href=\"https:\/\/www.haskins.cornell.edu\/\" target=\"_blank\" rel=\"noreferrer noopener\">Haskins Society, The<\/a>&nbsp;\u00b7 USA<\/li><li><a href=\"https:\/\/www.hispanicseminary.org\/intlang.htm\" target=\"_blank\" rel=\"noreferrer noopener\">Hispanic Seminary of Medieval Studies<\/a>&nbsp;\u00b7 USA<\/li><li><a href=\"https:\/\/www.illinoismedieval.org\/\" target=\"_blank\" rel=\"noreferrer noopener\">Illinois Medieval Association<\/a>&nbsp;\u00b7USA<\/li><li><a href=\"https:\/\/ahc.leeds.ac.uk\/medieval-research-degrees\/doc\/facilities-5\" target=\"_blank\" rel=\"noreferrer noopener\">Institute for Medieval Studies<\/a><\/li><li><a href=\"https:\/\/www.uhb.fr\/alc\/ias\/\" target=\"_blank\" rel=\"noreferrer noopener\">International Arturian Society, The<\/a><\/li><li><a href=\"https:\/\/www.medievalart.org\/\" target=\"_blank\" rel=\"noreferrer noopener\">International Center of Medieval Art&nbsp;<\/a>\u00b7USA<\/li><li><a href=\"https:\/\/www.sermon-studies.de\/\" target=\"_blank\" rel=\"noreferrer noopener\">International Medieval Sermon Studies Society&nbsp;<\/a>\u00b7 Alemania<\/li><li><a href=\"https:\/\/www.irht.cnrs.fr\/\" target=\"_blank\" rel=\"noreferrer noopener\">Institut de Recherche et d&#8217;Histoire des Textes&nbsp;<\/a>\u00b7 Francia<\/li><li><a href=\"https:\/\/www.uni-muenster.de\/Fruehmittelalter\/MA-Lehre\/\" target=\"_blank\" rel=\"noreferrer noopener\">Institut f\u00fcr Fr\u00fchmittelalterforschung&nbsp;<\/a>\u00b7 Alemania<\/li><li><a href=\"https:\/\/www.imareal.oeaw.ac.at\/\" target=\"_blank\" rel=\"noreferrer noopener\">Institut f\u00fcr Realienkunde des Mittelalters und der fr\u00fchen Neuzeit<\/a>&nbsp;\u00b7 Austria<\/li><li><a href=\"https:\/\/www.leeds.ac.uk\/imi\/\" target=\"_blank\" rel=\"noreferrer noopener\">Institute for Medieval Studies &#8211; Leeds<\/a>&nbsp;\u00b7 UK<\/li><li><a href=\"https:\/\/www2.fcsh.unl.pt\/iem\/\" target=\"_blank\" rel=\"noreferrer noopener\">Instituto de Estudos Medievais<\/a>&nbsp;&#8211; Universidade Nova de Lisboa \u00b7 Portugal<\/li><li><a href=\"https:\/\/www2.uca.edu.ar\/esp\/sec-ffilosofia\/esp\/page.php?subsec=institutos&amp;page=hist-esp\/hist-espana&amp;data=presentacion\" target=\"_blank\" rel=\"noreferrer noopener\">Instituto de Historia de Espa\u00f1a<\/a>&nbsp;\u00b7 Argentina [<a href=\"https:\/\/www.medievalismo.org\/sociedades\/dossier.doc\">info<\/a>]<\/li><li><a href=\"https:\/\/www.isime.it\/\" target=\"_blank\" rel=\"noreferrer noopener\">Istituto Storico Italiano per il Medievo<\/a>&nbsp;\u00b7 Italia<\/li><li><a href=\"https:\/\/www.konstanzer-arbeitskreis.de\/\" target=\"_blank\" rel=\"noreferrer noopener\">Konstanzer Arbeitskreises f\u00fcr mittelalterliche Geschichte<\/a>&nbsp;\u00b7 Alemania<\/li><li><a href=\"https:\/\/www.mmsh.univ-aix.fr\/lamm\/index.htm\" target=\"_blank\" rel=\"noreferrer noopener\">Laboratoire d&#8217;Arch\u00e9ologie M\u00e9di\u00e9vale M\u00e9diterran\u00e9enne&nbsp;<\/a>\u00b7 Francia<\/li><li><a href=\"https:\/\/lamop.univ-paris1.fr\/\" target=\"_blank\" rel=\"noreferrer noopener\">Laboratorie de M\u00e9di\u00e9vistique Occidentale de Paris<\/a>&nbsp;\u00b7 Francia<\/li><li><a href=\"https:\/\/leme.vitis.uspnet.usp.br\/\" target=\"_blank\" rel=\"noreferrer noopener\">Labor\u00e1torio de Estudos Medievais (LEME)<\/a>&nbsp;&#8211; S\u00e3o Paulo &#8211; SP\/Brasil&nbsp;<\/li><li><a href=\"https:\/\/lepem.org\/\" target=\"_blank\" rel=\"noreferrer noopener\">Laborat\u00f3rio de Ensino e Pesquisa em Medieval\u00edstica<\/a>&nbsp; &#8211; Rio de Janeiro &#8211; Brasil<\/li><li><a href=\"https:\/\/www.marginalia.co.uk\/\" target=\"_blank\" rel=\"noreferrer noopener\">Marginalia \u00b7 Medieval Reading Group at Cambridge<\/a>&nbsp;\u00b7 UK<\/li><li><a href=\"https:\/\/www.unifr.ch\/iem\/\" target=\"_blank\" rel=\"noreferrer noopener\">Medi\u00e4vistisches Institut &#8211; Freiburg<\/a>&nbsp;\u00b7 Suiza<\/li><li><a href=\"https:\/\/www.mediaevistenverband.de\/\" target=\"_blank\" rel=\"noreferrer noopener\">Medi\u00e4vistenverband&nbsp;<\/a>\u00b7 Alemania<\/li><li><a href=\"https:\/\/www.medievalacademy.org\/\" target=\"_blank\" rel=\"noreferrer noopener\">Medieval Academy of America<\/a>&nbsp;\u00b7 USA<\/li><li><a href=\"https:\/\/www.cmrs.ucla.edu\/MAP\/\" target=\"_blank\" rel=\"noreferrer noopener\">Medieval Association of the Pacific<\/a>&nbsp;\u00b7 USA<\/li><li><a href=\"https:\/\/academic.brooklyn.cuny.edu\/english\/black\/nymedieval.htm\" target=\"_blank\" rel=\"noreferrer noopener\">Medieval Club of New York, The<\/a>&nbsp;\u00b7 USA<\/li><li><a href=\"https:\/\/www.wmich.edu\/medieval\/\" target=\"_blank\" rel=\"noreferrer noopener\">Medieval Institute<\/a>&nbsp;\u00b7 Western Michigan University, USA<\/li><li><a href=\"https:\/\/medievalwriting.50megs.com\/writing.htm\" target=\"_blank\" rel=\"noreferrer noopener\">Medieval Writing<\/a>&nbsp;. UK<\/li><li><a href=\"https:\/\/www.menestrel.fr\/\" target=\"_blank\" rel=\"noreferrer noopener\">Menestrel<\/a>&nbsp;. Francia<\/li><li><a href=\"https:\/\/www.middleeastmedievalists.org\/\" target=\"_blank\" rel=\"noreferrer noopener\">Middle East Medievalists&nbsp;<\/a>\u00b7 USA<\/li><li><a href=\"https:\/\/www.nemed.he.com.br\/\" target=\"_blank\" rel=\"noreferrer noopener\">N\u00facleo de Estudos Mediterr\u00e1nicos<\/a>\u00b7 Brasil<\/li><li><a href=\"https:\/\/www.medievistiek.nl\/\" target=\"_blank\" rel=\"noreferrer noopener\">Onderzoekschool Medi\u00ebvistiek&nbsp;<\/a>\u00b7 Holanda<\/li><li><a href=\"https:\/\/www.pem.ifcs.ufrj.br\/\" target=\"_blank\" rel=\"noreferrer noopener\">Programa de Estudos Medievais . Universidade Federal do Rio de Janeiro&nbsp;<\/a>\u00b7 Brasil<\/li><li><a href=\"https:\/\/www.pims.ca\/\" target=\"_blank\" rel=\"noreferrer noopener\">Pontifical Institute of Mediaeval Studies&nbsp;<\/a>\u00b7 Canad\u00e1<\/li><li><a href=\"https:\/\/www.ulb.ac.be\/philo\/rmblf\/\" target=\"_blank\" rel=\"noreferrer noopener\">R\u00e9seau des M\u00e9di\u00e9vistes Belges de Langue Fran\u00e7aise&nbsp;<\/a>\u00b7 B\u00e9lgica<\/li><li><a href=\"https:\/\/www.antonianum.ofm.org\/studimedievali\/informazioni.html\" target=\"_blank\" rel=\"noreferrer noopener\">Scuola Superiore di Studi Medievali e Francescani<\/a>&nbsp;\u00b7 Italia<\/li><li><a href=\"https:\/\/www.paris4.sorbonne.fr\/fr\/article.php3?id_article=3900\" target=\"_blank\" rel=\"noreferrer noopener\">S\u00e9minaire d&#8217;Etudes M\u00e9di\u00e9vales Hispaniques&nbsp;<\/a>\u00b7 Francia<\/li><li><a href=\"https:\/\/www.ens-lsh.fr\/labo\/sirem\/index.htm\" target=\"_blank\" rel=\"noreferrer noopener\">S\u00e9minaire Interdisciplinaire de Recherches sur l&#8217;Espagne M\u00e9di\u00e9vale&nbsp;<\/a>\u00b7 Francia<\/li><li><a href=\"https:\/\/userweb.port.ac.uk\/~cleminsr\/Seemsg.html\" target=\"_blank\" rel=\"noreferrer noopener\">Slavonic and East European Medi\u00e6val&nbsp;<\/a>\u00b7 UK<\/li><li><a href=\"https:\/\/www.saemedargentina.net\/\" target=\"_blank\" rel=\"noreferrer noopener\">Sociedad Argentina de Estudios Medievales<\/a>&nbsp;\u00b7 Argentina<\/li><li><a href=\"https:\/\/www.geocities.com\/soarfi\/\" target=\"_blank\" rel=\"noreferrer noopener\">Sociedad Argentina de Filosof\u00eda&nbsp;<\/a>\u00b7 Argentina<\/li><li><a href=\"https:\/\/www.uc.pt\/spem\/index.php\" target=\"_blank\" rel=\"noreferrer noopener\">Sociedade Portuguesa de Estudos Medievais&nbsp;<\/a>\u00b7 Portugal<\/li><li><a href=\"https:\/\/www.sisaem.it\/\" target=\"_blank\" rel=\"noreferrer noopener\">Societ\u00e0 Internazionale per lo Studio dell&#8217;Adriatico nell&#8217;Et\u00e0 Medievale<\/a>&nbsp;\u00b7 Italia<\/li><li><a href=\"https:\/\/www.sifr.it\/\" target=\"_blank\" rel=\"noreferrer noopener\">Societ\u00e0 Italiana di Filologia Romanza<\/a>&nbsp;\u00b7 Italia<\/li><li><a href=\"https:\/\/www.sispm.it\/\" target=\"_blank\" rel=\"noreferrer noopener\">Societ\u00e0 Italiana per lo Studio del Pensiero Medievale<\/a>&nbsp;\u00b7 Italia<\/li><li><a href=\"https:\/\/www.sesamoitalia.it\/\" target=\"_blank\" rel=\"noreferrer noopener\">Societ\u00e0 per gli Studi sul Medio Oriente&nbsp;<\/a>\u00b7 Italia<\/li><li><a href=\"https:\/\/www.csm.wlu.ca\/\" target=\"_blank\" rel=\"noreferrer noopener\">Soci\u00e9t\u00e9 Canadienne des M\u00e9di\u00e9vistes&nbsp;<\/a>\u00b7 Canad\u00e1<\/li><li><a href=\"https:\/\/www.er.uqam.ca\/nobel\/semq\/\" target=\"_blank\" rel=\"noreferrer noopener\">Soci\u00e9t\u00e9 des \u00c9tudes M\u00e9dievales du Qu\u00e9bec<\/a>&nbsp;\u00b7 Canad\u00e1<\/li><li><a href=\"https:\/\/www.siepm.uni-freiburg.de\/\" target=\"_blank\" rel=\"noreferrer noopener\">Soci\u00e9t\u00e9 Internationale pour l&#8217; \u00c9tude de la Philosophie M\u00e9di\u00e9vale&nbsp;<\/a>\u00b7 Alemania<\/li><li><a href=\"https:\/\/smgs.truman.edu\/\" target=\"_blank\" rel=\"noreferrer noopener\">Society Medieval German Studies<\/a><\/li><li><a href=\"https:\/\/www.byzantium.ac.uk\/\" target=\"_blank\" rel=\"noreferrer noopener\">Society for the Promotion of Byzantine Studies&nbsp;<\/a>\u00b7 UK<\/li><li><a href=\"https:\/\/www.socmedarch.org\/\" target=\"_blank\" rel=\"noreferrer noopener\">Society for Medieval Archaeology, The&nbsp;<\/a>\u00b7 USA<\/li><li><a href=\"https:\/\/hosted.lib.uiowa.edu\/smfs\/mff\/index.html\" target=\"_blank\" rel=\"noreferrer noopener\">Society for Medieval Feminist Scholarship&nbsp;<\/a>\u00b7 USA<\/li><li><a href=\"https:\/\/pages.towson.edu\/duncan\/mll\/\" target=\"_blank\" rel=\"noreferrer noopener\">Society for Mediaeval Languages and Linguistics<\/a>&nbsp;\u00b7 USA<\/li><li><a href=\"https:\/\/www.spma.org.uk\/index.php\" target=\"_blank\" rel=\"noreferrer noopener\">Society for Post-Medieval Archeology<\/a>&nbsp;\u00b7 UK<\/li><li><a href=\"https:\/\/www.sscle.org\/\" target=\"_blank\" rel=\"noreferrer noopener\">Society for the Study of the Crusades and the Latin East<\/a>&nbsp;\u00b7 USA<\/li><li><a href=\"https:\/\/mediumaevum.modhist.ox.ac.uk\/\" target=\"_blank\" rel=\"noreferrer noopener\">Society for the Study of Medieval Languages and Literature<\/a>&nbsp;\u00b7 UK<\/li><li><a href=\"https:\/\/www.sema-online.us\/\" target=\"_blank\" rel=\"noreferrer noopener\">Southeastern Medieval Association<\/a>&nbsp;\u00b7 USA<\/li><li><a href=\"https:\/\/sasmarsnewsletter.blogspot.com\/\" target=\"_blank\" rel=\"noreferrer noopener\">Southern African Society for Medieval and Renaissance Studies<\/a><\/li><li><a href=\"https:\/\/pages.towson.edu\/duncan\/tmahome.html\" target=\"_blank\" rel=\"noreferrer noopener\">Texas Medieval Association&nbsp;<\/a>\u00b7 USA<\/li><\/ul>\n","protected":false},"excerpt":{"rendered":"<p>INSTITUCIONES INTERNACIONALES Accademia Jaufre&#8217; Rudel di Studi Medievali&nbsp;\u00b7 Italia American Academy of Research Historians of Medieval Spain\u00b7 USA Apices \u00b7 Association Pal\u00e9ographique International&nbsp;\u00b7 France Arizona Center for Medieval and Renaissance Studies&nbsp;\u00b7 USA Arnamagn\u00e6an Institute&nbsp;\u00b7 Copenhague, Dinamarca \u00c1rni Magn\u00fasson Institute for Icelandic Studies&nbsp;\u00b7 Islandia Asociaci\u00f3n Ib\u00e9rica de Historia Militar Asociaci\u00f3n Zacatecana de Estudios Cl\u00e1sicos y Medievales&nbsp;\u00b7 [&hellip;]<\/p>\n","protected":false},"author":2,"featured_media":0,"parent":0,"menu_order":0,"comment_status":"closed","ping_status":"closed","template":"","meta":{"footnotes":""},"class_list":["post-141","page","type-page","status-publish","hentry"],"_links":{"self":[{"href":"https:\/\/departamento.us.es\/medievalcth\/index.php?rest_route=\/wp\/v2\/pages\/141","targetHints":{"allow":["GET"]}}],"collection":[{"href":"https:\/\/departamento.us.es\/medievalcth\/index.php?rest_route=\/wp\/v2\/pages"}],"about":[{"href":"https:\/\/departamento.us.es\/medievalcth\/index.php?rest_route=\/wp\/v2\/types\/page"}],"author":[{"embeddable":true,"href":"https:\/\/departamento.us.es\/medievalcth\/index.php?rest_route=\/wp\/v2\/users\/2"}],"replies":[{"embeddable":true,"href":"https:\/\/departamento.us.es\/medievalcth\/index.php?rest_route=%2Fwp%2Fv2%2Fcomments&post=141"}],"version-history":[{"count":2,"href":"https:\/\/departamento.us.es\/medievalcth\/index.php?rest_route=\/wp\/v2\/pages\/141\/revisions"}],"predecessor-version":[{"id":174,"href":"https:\/\/departamento.us.es\/medievalcth\/index.php?rest_route=\/wp\/v2\/pages\/141\/revisions\/174"}],"wp:attachment":[{"href":"https:\/\/departamento.us.es\/medievalcth\/index.php?rest_route=%2Fwp%2Fv2%2Fmedia&parent=141"}],"curies":[{"name":"wp","href":"https:\/\/api.w.org\/{rel}","templated":true}]}}