{"id":316,"date":"2025-01-22T10:08:57","date_gmt":"2025-01-22T09:08:57","guid":{"rendered":"https:\/\/grupo.us.es\/medievalcth\/?page_id=316"},"modified":"2025-02-24T11:16:31","modified_gmt":"2025-02-24T10:16:31","slug":"area-de-historia-medieval","status":"publish","type":"page","link":"https:\/\/departamento.us.es\/medievalcth\/?page_id=316","title":{"rendered":"\u00c1REA DE HISTORIA MEDIEVAL"},"content":{"rendered":"\n<h3 class=\"wp-block-heading\">\u00c1rea de Historia Medieval<\/h3>\n\n\n\n<h4 class=\"wp-block-heading\">CATEDR\u00c1TICOS<\/h4>\n\n\n\n<ul class=\"wp-block-list\"><li><strong>Dra. D\u00aa. M\u00aa Antonia Carmona Ruiz<\/strong><\/li><li><a href=\"https:\/\/investigacion.us.es\/sisius\/sis_showpub.php?idpers=1513\" target=\"_blank\" rel=\"noreferrer noopener\">Enlace a Sisius<\/a><\/li><li><a href=\"https:\/\/www.us.es\/trabaja-en-la-us\/directorio\/maria-antonia-carmona-ruiz\" target=\"_blank\" rel=\"noreferrer noopener\">Enlace al Directorio de la US<\/a><\/li><\/ul>\n\n\n\n<ul class=\"wp-block-list\"><li><strong>Dr. D. Manuel Garc\u00eda Fern\u00e1ndez<\/strong><\/li><li><a href=\"file:\/\/\/E:\/medievalcth\/uploads\/Componentes\/Manuel%20Garc%C3%ADa%20Fern%C3%A1ndez\/Manuel-Garcia.pdf\" target=\"_blank\" rel=\"noreferrer noopener\">Breve rese\u00f1a<\/a><\/li><li><a rel=\"noreferrer noopener\" href=\"https:\/\/investigacion.us.es\/sisius\/sis_showpub.php?idpers=1516\" target=\"_blank\">Enlace a Sisius<\/a><\/li><li><a rel=\"noreferrer noopener\" href=\"https:\/\/www.us.es\/trabaja-en-la-us\/directorio\/manuel-garcia-fernandez\" target=\"_blank\">Enlace al Directorio de la US<\/a><\/li><\/ul>\n\n\n\n<ul class=\"wp-block-list\"><li><strong>Dra. D\u00aa. Isabel Montes Romero-Camacho<\/strong><\/li><li><a href=\"https:\/\/investigacion.us.es\/sisius\/sis_showpub.php?idpers=1526\" target=\"_blank\" rel=\"noreferrer noopener\">Enlace a Sisius<\/a><\/li><li><a href=\"https:\/\/www.us.es\/trabaja-en-la-us\/directorio\/isabel-montes-romero-camacho\" target=\"_blank\" rel=\"noreferrer noopener\">Enlace al Directorio de la US<\/a><\/li><\/ul>\n\n\n\n<ul class=\"wp-block-list\"><li><strong>Dr. D. Hip\u00f3lito Rafael Oliva Herrer<\/strong><\/li><li><a href=\"https:\/\/investigacion.us.es\/sisius\/sis_showpub.php?idpers=10579\" target=\"_blank\" rel=\"noreferrer noopener\">Enlace a Sisius<\/a><\/li><li><a href=\"https:\/\/www.us.es\/trabaja-en-la-us\/directorio\/hipolito-rafael-oliva-herrer\" target=\"_blank\" rel=\"noreferrer noopener\">Enlace al Directorio de la US<\/a><\/li><\/ul>\n\n\n\n<h4 class=\"wp-block-heading\">PROFESORES TITULARES<\/h4>\n\n\n\n<ul class=\"wp-block-list\"><li><strong>Dra. D\u00aa. Gloria Lora Serrano<\/strong><\/li><li><a href=\"https:\/\/investigacion.us.es\/sisius\/sis_showpub.php?idpers=1525\" target=\"_blank\" rel=\"noreferrer noopener\">Enlace a Sisius<\/a><\/li><li><a href=\"https:\/\/www.us.es\/trabaja-en-la-us\/directorio\/gloria-lora-serrano-0\" target=\"_blank\" rel=\"noreferrer noopener\">Enlace al Directorio de la US<\/a><\/li><\/ul>\n\n\n\n<ul class=\"wp-block-list\"><li><strong>Dr. D. Daniel Rodr\u00edguez Blanco<\/strong><\/li><li><a href=\"https:\/\/investigacion.us.es\/sisius\/sis_showpub.php?idpers=1531\" target=\"_blank\" rel=\"noreferrer noopener\">Enlace a Sisius<\/a><\/li><li><a href=\"https:\/\/www.us.es\/trabaja-en-la-us\/directorio\/daniel-rodriguez-blanco\" target=\"_blank\" rel=\"noreferrer noopener\">Enlace al Directorio de la US<\/a><\/li><\/ul>\n\n\n\n<h4 class=\"wp-block-heading\">PROFESORA CONTRATADA DOCTORA<\/h4>\n\n\n\n<div class=\"wp-block-image\"><figure class=\"alignleft is-resized\"><img loading=\"lazy\" decoding=\"async\" src=\"http:\/\/departamento.us.es\/medievalcth\/wp-content\/uploads\/2025\/02\/Carmen-Ben\u00edtez-Guerrero-1.png\" alt=\"\" class=\"wp-image-392\" width=\"88\" height=\"117\" srcset=\"https:\/\/departamento.us.es\/medievalcth\/wp-content\/uploads\/2025\/02\/Carmen-Ben\u00edtez-Guerrero-1.png 480w, https:\/\/departamento.us.es\/medievalcth\/wp-content\/uploads\/2025\/02\/Carmen-Ben\u00edtez-Guerrero-1-225x300.png 225w\" sizes=\"auto, (max-width: 88px) 100vw, 88px\" \/><\/figure><\/div>\n\n\n\n<ul class=\"wp-block-list\"><li><strong>Dra. D\u00aa Carmen Ben\u00edtez Guerrero<\/strong><\/li><li><a rel=\"noreferrer noopener\" href=\"https:\/\/investigacion.us.es\/sisius\/sis_showpub.php?idpers=16439\" target=\"_blank\">Enlace a Sisius<\/a><\/li><li><a rel=\"noreferrer noopener\" href=\"https:\/\/www.us.es\/trabaja-en-la-us\/directorio\/carmen-benitez-guerrero\" target=\"_blank\">Enlace al Directorio de la US<\/a><\/li><\/ul>\n\n\n\n<p><\/p>\n\n\n\n<h4 class=\"wp-block-heading\">PROFESOR AYUDANTE DOCTOR<\/h4>\n\n\n\n<ul class=\"wp-block-list\"><li><strong>Dr. Pl\u00e1cido Fern\u00e1ndez-Viagas Escudero<\/strong><\/li><li><a href=\"https:\/\/investigacion.us.es\/sisius\/sis_showpub.php?idpers=25064\" target=\"_blank\" rel=\"noreferrer noopener\">Enlace a Sisius<\/a><\/li><li><a href=\"https:\/\/www.us.es\/trabaja-en-la-us\/directorio\/placido-fernandez-viagas-escudero\" target=\"_blank\" rel=\"noreferrer noopener\">Enlace al Directorio de la US<\/a><\/li><\/ul>\n\n\n\n<h4 class=\"wp-block-heading\">PROFESOR SUSTITUTO INTERINO<\/h4>\n\n\n\n<div class=\"wp-block-image\"><figure class=\"alignleft is-resized\"><img loading=\"lazy\" decoding=\"async\" src=\"http:\/\/departamento.us.es\/medievalcth\/wp-content\/uploads\/2025\/02\/Jes\u00fas_Garc\u00eda_D\u00edaz.jpg\" alt=\"\" class=\"wp-image-367\" width=\"91\" height=\"132\" srcset=\"https:\/\/departamento.us.es\/medievalcth\/wp-content\/uploads\/2025\/02\/Jes\u00fas_Garc\u00eda_D\u00edaz.jpg 435w, https:\/\/departamento.us.es\/medievalcth\/wp-content\/uploads\/2025\/02\/Jes\u00fas_Garc\u00eda_D\u00edaz-207x300.jpg 207w\" sizes=\"auto, (max-width: 91px) 100vw, 91px\" \/><\/figure><\/div>\n\n\n\n<ul class=\"wp-block-list\"><li><strong>Dr. D. Jes\u00fas Garc\u00eda D\u00edaz<\/strong><\/li><li><a rel=\"noreferrer noopener\" href=\"https:\/\/investigacion.us.es\/sisius\/sis_showpub.php?idpers=16079\" target=\"_blank\">Enlace a Sisius<\/a><\/li><li><a rel=\"noreferrer noopener\" href=\"https:\/\/www.us.es\/trabaja-en-la-us\/directorio\/jesus-garcia-diaz\" target=\"_blank\">Enlace al Directorio de la US<\/a><\/li><\/ul>\n\n\n\n<p><\/p>\n\n\n\n<h4 class=\"wp-block-heading\">CONTRATADOS PREDOCTORALES<\/h4>\n\n\n\n<div class=\"wp-block-image\"><figure class=\"alignleft is-resized\"><img loading=\"lazy\" decoding=\"async\" src=\"http:\/\/departamento.us.es\/medievalcth\/wp-content\/uploads\/2025\/02\/Jos\u00e9_Luis_Jim\u00e9nez-768x1024.png\" alt=\"\" class=\"wp-image-368\" width=\"81\" height=\"108\" srcset=\"https:\/\/departamento.us.es\/medievalcth\/wp-content\/uploads\/2025\/02\/Jos\u00e9_Luis_Jim\u00e9nez-768x1024.png 768w, https:\/\/departamento.us.es\/medievalcth\/wp-content\/uploads\/2025\/02\/Jos\u00e9_Luis_Jim\u00e9nez-225x300.png 225w, https:\/\/departamento.us.es\/medievalcth\/wp-content\/uploads\/2025\/02\/Jos\u00e9_Luis_Jim\u00e9nez.png 1500w\" sizes=\"auto, (max-width: 81px) 100vw, 81px\" \/><\/figure><\/div>\n\n\n\n<ul class=\"wp-block-list\"><li><strong>D. Jos\u00e9 Luis Jim\u00e9nez Ca\u00f1as.<\/strong><\/li><li><a rel=\"noreferrer noopener\" href=\"https:\/\/investigacion.us.es\/sisius\/sis_showpub.php?idpers=35225\" target=\"_blank\">Enlace a Sisius<\/a><\/li><li><a rel=\"noreferrer noopener\" aria-label=\"Enlace al Directorio de la US (abre en una nueva pesta\u00f1a)\" href=\"https:\/\/prisma.us.es\/investigador\/9033\" target=\"_blank\">Enlace al Directorio de la US<\/a><\/li><\/ul>\n\n\n\n<p><\/p>\n\n\n\n<ul class=\"wp-block-list\"><li><strong>D. Marcos Ben\u00edtez Mora<\/strong>.<\/li><li><a rel=\"noreferrer noopener\" href=\"https:\/\/investigacion.us.es\/sisius\/sis_depgrupos.php?seltext=74&amp;selfield=IdDpto\" target=\"_blank\">Enlace a Sisius<\/a><\/li><li><strong>D. Jimmy Noah N`Gom Pedrosa.<\/strong><\/li><\/ul>\n","protected":false},"excerpt":{"rendered":"<p>\u00c1rea de Historia Medieval CATEDR\u00c1TICOS Dra. D\u00aa. M\u00aa Antonia Carmona Ruiz Enlace a Sisius Enlace al Directorio de la US Dr. D. Manuel Garc\u00eda Fern\u00e1ndez Breve rese\u00f1a Enlace a Sisius Enlace al Directorio de la US Dra. D\u00aa. Isabel Montes Romero-Camacho Enlace a Sisius Enlace al Directorio de la US Dr. D. Hip\u00f3lito Rafael Oliva [&hellip;]<\/p>\n","protected":false},"author":2,"featured_media":0,"parent":0,"menu_order":0,"comment_status":"closed","ping_status":"closed","template":"","meta":{"footnotes":""},"class_list":["post-316","page","type-page","status-publish","hentry"],"_links":{"self":[{"href":"https:\/\/departamento.us.es\/medievalcth\/index.php?rest_route=\/wp\/v2\/pages\/316","targetHints":{"allow":["GET"]}}],"collection":[{"href":"https:\/\/departamento.us.es\/medievalcth\/index.php?rest_route=\/wp\/v2\/pages"}],"about":[{"href":"https:\/\/departamento.us.es\/medievalcth\/index.php?rest_route=\/wp\/v2\/types\/page"}],"author":[{"embeddable":true,"href":"https:\/\/departamento.us.es\/medievalcth\/index.php?rest_route=\/wp\/v2\/users\/2"}],"replies":[{"embeddable":true,"href":"https:\/\/departamento.us.es\/medievalcth\/index.php?rest_route=%2Fwp%2Fv2%2Fcomments&post=316"}],"version-history":[{"count":16,"href":"https:\/\/departamento.us.es\/medievalcth\/index.php?rest_route=\/wp\/v2\/pages\/316\/revisions"}],"predecessor-version":[{"id":402,"href":"https:\/\/departamento.us.es\/medievalcth\/index.php?rest_route=\/wp\/v2\/pages\/316\/revisions\/402"}],"wp:attachment":[{"href":"https:\/\/departamento.us.es\/medievalcth\/index.php?rest_route=%2Fwp%2Fv2%2Fmedia&parent=316"}],"curies":[{"name":"wp","href":"https:\/\/api.w.org\/{rel}","templated":true}]}}