{"id":318,"date":"2025-01-22T10:09:26","date_gmt":"2025-01-22T09:09:26","guid":{"rendered":"https:\/\/grupo.us.es\/medievalcth\/?page_id=318"},"modified":"2025-04-11T18:13:26","modified_gmt":"2025-04-11T16:13:26","slug":"area-de-ciencias-y-tecnicas-historiograficas","status":"publish","type":"page","link":"https:\/\/departamento.us.es\/medievalcth\/?page_id=318","title":{"rendered":"\u00c1REA DE CIENCIAS Y T\u00c9CNICAS HISTORIOGR\u00c1FICAS"},"content":{"rendered":"\n<h3 class=\"wp-block-heading\">\u00c1rea de Ciencias y T\u00e9cnicas Historiogr\u00e1ficas<\/h3>\n\n\n\n<h4 class=\"wp-block-heading\">                CATEDR\u00c1TICAS<\/h4>\n\n\n\n<ul class=\"wp-block-list\"><li><strong>Dra. D\u00aa. Carmen del Camino Mart\u00ednez<\/strong><\/li><li><a rel=\"noreferrer noopener\" href=\"https:\/\/investigacion.us.es\/sisius\/sis_showpub.php?idpers=1261\" target=\"_blank\">Enlace a Sisius<\/a><\/li><li><a href=\"https:\/\/www.us.es\/trabaja-en-la-us\/directorio\/carmen-del-camino-martinez\" target=\"_blank\" rel=\"noreferrer noopener\">Enlace al Directorio de la US<\/a><\/li><\/ul>\n\n\n\n<ul class=\"wp-block-list\"><li><strong>Dra. D\u00aa. Margarita G\u00f3mez G\u00f3mez<\/strong><\/li><li><a href=\"file:\/\/\/E:\/medievalcth\/uploads\/Componentes\/Margarita%20G%C3%B3mez\/Margarita%20G%C3%B3mez%20G%C3%B3mez%20Presentaci%C3%B3n%20Pag.%20Web%20%281%29.pdf\" target=\"_blank\" rel=\"noreferrer noopener\">Breve rese\u00f1a<\/a><\/li><li><a rel=\"noreferrer noopener\" href=\"https:\/\/investigacion.us.es\/sisius\/sis_showpub.php?idpers=1263\" target=\"_blank\">Enlace a Sisius<\/a><\/li><li><a rel=\"noreferrer noopener\" href=\"https:\/\/www.us.es\/trabaja-en-la-us\/directorio\/margarita-gomez-gomez\" target=\"_blank\">Enlace al Directorio de la US<\/a><\/li><\/ul>\n\n\n\n<ul class=\"wp-block-list\"><li><strong>Dra. D\u00aa. Pilar Ostos Salcedo<\/strong><\/li><li><a href=\"file:\/\/\/E:\/medievalcth\/uploads\/Componentes\/Pilar%20Ostos\/Rese%C3%B1a%20Pilar%20Ostos.pdf\" target=\"_blank\" rel=\"noreferrer noopener\">Breve rese\u00f1a<\/a><\/li><li><a href=\"https:\/\/investigacion.us.es\/sisius\/sis_showpub.php?idpers=1528\" target=\"_blank\" rel=\"noreferrer noopener\">Enlace a Sisius<\/a><\/li><li><a href=\"https:\/\/www.us.es\/trabaja-en-la-us\/directorio\/maria-pilar-ostos-salcedo-0\" target=\"_blank\" rel=\"noreferrer noopener\">Enlace al Directorio de la US<\/a><\/li><\/ul>\n\n\n\n<h4 class=\"wp-block-heading\">                     PROFESORES TITULARES UNIVERSIDAD<\/h4>\n\n\n\n<div class=\"wp-block-image\"><figure class=\"alignleft is-resized\"><img loading=\"lazy\" decoding=\"async\" src=\"http:\/\/departamento.us.es\/medievalcth\/wp-content\/uploads\/2025\/02\/MARISA_DOM\u00cdNGUEZ-929x1024.jpg\" alt=\"\" class=\"wp-image-369\" width=\"105\" height=\"115\" srcset=\"https:\/\/departamento.us.es\/medievalcth\/wp-content\/uploads\/2025\/02\/MARISA_DOM\u00cdNGUEZ-929x1024.jpg 929w, https:\/\/departamento.us.es\/medievalcth\/wp-content\/uploads\/2025\/02\/MARISA_DOM\u00cdNGUEZ-272x300.jpg 272w, https:\/\/departamento.us.es\/medievalcth\/wp-content\/uploads\/2025\/02\/MARISA_DOM\u00cdNGUEZ-768x847.jpg 768w, https:\/\/departamento.us.es\/medievalcth\/wp-content\/uploads\/2025\/02\/MARISA_DOM\u00cdNGUEZ.jpg 963w\" sizes=\"auto, (max-width: 105px) 100vw, 105px\" \/><\/figure><\/div>\n\n\n\n<ul class=\"wp-block-list\"><li><strong>Dra. D\u00aa M\u00aa Luisa Dom\u00ednguez Guerrero<\/strong><\/li><li><a rel=\"noreferrer noopener\" href=\"file:\/\/\/E:\/medievalcth\/uploads\/Componentes\/M%C2%AA%20Luisa%20Dom%C3%ADnguez\/Breve%20rese%C3%B1a%20mar%C3%ADa%20Luisa%20Dom%C3%ADnguez.pdf\" target=\"_blank\">Breve rese\u00f1a<\/a><\/li><li><a rel=\"noreferrer noopener\" href=\"https:\/\/investigacion.us.es\/sisius\/sis_showpub.php?idpers=17000\" target=\"_blank\">Enlace a Sisius<\/a><\/li><li><a rel=\"noreferrer noopener\" href=\"https:\/\/www.us.es\/trabaja-en-la-us\/directorio\/maria-luisa-dominguez-guerrero\" target=\"_blank\">Enlace al Directorio de la US<\/a><\/li><\/ul>\n\n\n\n<h4 class=\"wp-block-heading\">PROFESORES PERMANENTES LABORALES<\/h4>\n\n\n\n<div class=\"wp-block-image\"><figure class=\"alignleft is-resized\"><img loading=\"lazy\" decoding=\"async\" src=\"http:\/\/departamento.us.es\/medievalcth\/wp-content\/uploads\/2025\/02\/Diego-Belmonte.jpg\" alt=\"\" class=\"wp-image-365\" width=\"80\" height=\"127\" srcset=\"https:\/\/departamento.us.es\/medievalcth\/wp-content\/uploads\/2025\/02\/Diego-Belmonte.jpg 1363w, https:\/\/departamento.us.es\/medievalcth\/wp-content\/uploads\/2025\/02\/Diego-Belmonte-189x300.jpg 189w, https:\/\/departamento.us.es\/medievalcth\/wp-content\/uploads\/2025\/02\/Diego-Belmonte-768x1218.jpg 768w, https:\/\/departamento.us.es\/medievalcth\/wp-content\/uploads\/2025\/02\/Diego-Belmonte-646x1024.jpg 646w\" sizes=\"auto, (max-width: 80px) 100vw, 80px\" \/><\/figure><\/div>\n\n\n\n<ul class=\"wp-block-list\"><li><strong>Dr. D. Diego Belmonte Fern\u00e1ndez<\/strong><\/li><li><a rel=\"noreferrer noopener\" href=\"file:\/\/\/E:\/medievalcth\/uploads\/Componentes\/Diego%20Belmonte\/CV%20Diego%20Belmonte%20Fernandez.pdf\" target=\"_blank\">Breve rese\u00f1a<\/a><\/li><li><a rel=\"noreferrer noopener\" href=\"https:\/\/investigacion.us.es\/sisius\/sis_showpub.php?idpers=18130\" target=\"_blank\">Enlace a Sisius<\/a><\/li><li><a rel=\"noreferrer noopener\" href=\"https:\/\/www.us.es\/trabaja-en-la-us\/directorio\/diego-belmonte-fernandez\" target=\"_blank\">Enlace al Directorio de la US<\/a><\/li><\/ul>\n\n\n\n<p><\/p>\n\n\n\n<ul class=\"wp-block-list\"><li><strong>Dr. D. Francisco Fern\u00e1ndez L\u00f3pez<\/strong><\/li><li><a rel=\"noreferrer noopener\" href=\"https:\/\/investigacion.us.es\/sisius\/sis_showpub.php?idpers=18289\" target=\"_blank\">Enlace a Sisius<\/a><\/li><li><a rel=\"noreferrer noopener\" href=\"https:\/\/www.us.es\/trabaja-en-la-us\/directorio\/francisco-fernandez-lopez\" target=\"_blank\">Enlace al Directorio de la US<\/a><\/li><\/ul>\n\n\n\n<h4 class=\"wp-block-heading\">                              PROFESORAS SUSTITUTAS INTERINAS<\/h4>\n\n\n\n<div class=\"wp-block-image\"><figure class=\"alignleft is-resized\"><img loading=\"lazy\" decoding=\"async\" src=\"http:\/\/departamento.us.es\/medievalcth\/wp-content\/uploads\/2025\/02\/Carmen_Guerrero_Congregado_page-0001.jpg\" alt=\"\" class=\"wp-image-384\" width=\"101\" height=\"114\"\/><\/figure><\/div>\n\n\n\n<ul class=\"wp-block-list\"><li><strong>D\u00aa Carmen Guerrero Congregado<\/strong><\/li><li><a rel=\"noreferrer noopener\" href=\"https:\/\/investigacion.us.es\/sisius\/sis_showpub.php?idpers=24165\" target=\"_blank\">Enlace a Sisius<\/a><\/li><li><a rel=\"noreferrer noopener\" href=\"https:\/\/www.us.es\/trabaja-en-la-us\/directorio\/carmen-guerrero-congregado\" target=\"_blank\">Enlace al Directorio de la US<\/a><\/li><\/ul>\n\n\n\n<p><\/p>\n\n\n\n<p><\/p>\n\n\n\n<ul class=\"wp-block-list\"><li><strong>D\u00aa M\u00aa del Roc\u00edo Postigo Ruiz<\/strong><\/li><li><a rel=\"noreferrer noopener\" href=\"https:\/\/investigacion.us.es\/sisius\/sis_showpub.php?idpers=25214\" target=\"_blank\">Enlace a Sisius<\/a><\/li><li><a rel=\"noreferrer noopener\" href=\"https:\/\/www.us.es\/trabaja-en-la-us\/directorio\/maria-del-rocio-postigo-ruiz-0\" target=\"_blank\">Enlace al Directorio de la US<\/a><\/li><\/ul>\n\n\n\n<h4 class=\"wp-block-heading\">                                CONTRATADOS PREDOCTORALES<\/h4>\n\n\n\n<ul class=\"wp-block-list\"><li><strong>D. Abraham Fern\u00e1ndez Cobano<\/strong><\/li><li><a rel=\"noreferrer noopener\" href=\"https:\/\/investigacion.us.es\/sisius\/sis_showpub.php?idpers=26543\" target=\"_blank\">Enlace a Sisius<\/a><\/li><li><a rel=\"noreferrer noopener\" href=\"https:\/\/www.us.es\/trabaja-en-la-us\/directorio\/abraham-fernandez-cobano\" target=\"_blank\">Enlace al Directorio de la US<\/a><\/li><\/ul>\n\n\n\n<div class=\"wp-block-image\"><figure class=\"alignleft is-resized\"><img loading=\"lazy\" decoding=\"async\" src=\"http:\/\/departamento.us.es\/medievalcth\/wp-content\/uploads\/2025\/02\/foto-carn%C3%A9-Jaime.png\" alt=\"\" class=\"wp-image-366\" width=\"101\" height=\"166\"\/><\/figure><\/div>\n\n\n\n<ul class=\"wp-block-list\"><li><strong>D. Jaime Ruano Benito<\/strong><\/li><li><a rel=\"noreferrer noopener\" href=\"https:\/\/investigacion.us.es\/sisius\/grupo\/HUM131\" target=\"_blank\">Enlace a Sisius<\/a><\/li><li>Enlace al Directorio de la US<\/li><\/ul>\n","protected":false},"excerpt":{"rendered":"<p>\u00c1rea de Ciencias y T\u00e9cnicas Historiogr\u00e1ficas CATEDR\u00c1TICAS Dra. D\u00aa. Carmen del Camino Mart\u00ednez Enlace a Sisius Enlace al Directorio de la US Dra. D\u00aa. Margarita G\u00f3mez G\u00f3mez Breve rese\u00f1a Enlace a Sisius Enlace al Directorio de la US Dra. D\u00aa. Pilar Ostos Salcedo Breve rese\u00f1a Enlace a Sisius Enlace al Directorio de la US PROFESORES [&hellip;]<\/p>\n","protected":false},"author":2,"featured_media":0,"parent":0,"menu_order":0,"comment_status":"closed","ping_status":"closed","template":"","meta":{"footnotes":""},"class_list":["post-318","page","type-page","status-publish","hentry"],"_links":{"self":[{"href":"https:\/\/departamento.us.es\/medievalcth\/index.php?rest_route=\/wp\/v2\/pages\/318","targetHints":{"allow":["GET"]}}],"collection":[{"href":"https:\/\/departamento.us.es\/medievalcth\/index.php?rest_route=\/wp\/v2\/pages"}],"about":[{"href":"https:\/\/departamento.us.es\/medievalcth\/index.php?rest_route=\/wp\/v2\/types\/page"}],"author":[{"embeddable":true,"href":"https:\/\/departamento.us.es\/medievalcth\/index.php?rest_route=\/wp\/v2\/users\/2"}],"replies":[{"embeddable":true,"href":"https:\/\/departamento.us.es\/medievalcth\/index.php?rest_route=%2Fwp%2Fv2%2Fcomments&post=318"}],"version-history":[{"count":24,"href":"https:\/\/departamento.us.es\/medievalcth\/index.php?rest_route=\/wp\/v2\/pages\/318\/revisions"}],"predecessor-version":[{"id":429,"href":"https:\/\/departamento.us.es\/medievalcth\/index.php?rest_route=\/wp\/v2\/pages\/318\/revisions\/429"}],"wp:attachment":[{"href":"https:\/\/departamento.us.es\/medievalcth\/index.php?rest_route=%2Fwp%2Fv2%2Fmedia&parent=318"}],"curies":[{"name":"wp","href":"https:\/\/api.w.org\/{rel}","templated":true}]}}