{"id":320,"date":"2025-01-22T10:09:59","date_gmt":"2025-01-22T09:09:59","guid":{"rendered":"https:\/\/grupo.us.es\/medievalcth\/?page_id=320"},"modified":"2025-01-22T10:27:49","modified_gmt":"2025-01-22T09:27:49","slug":"personal-tecnico-de-gestion-y-administracion-y-servicio","status":"publish","type":"page","link":"https:\/\/departamento.us.es\/medievalcth\/?page_id=320","title":{"rendered":"PERSONAL T\u00c9CNICO DE GESTI\u00d3N, ADMINISTRACI\u00d3N Y SERVICIOS (PTGAS)."},"content":{"rendered":"\n<h3 class=\"wp-block-heading\">Personal T\u00e9cnico de Gesti\u00f3n, Administraci\u00f3n y Servicios (PTGAS).<\/h3>\n\n\n\n<ul class=\"wp-block-list\"><li><strong>D\u00f1a. Mar\u00eda Jes\u00fas M\u00e1rquez Rosales.<\/strong><\/li><li>Gestora de Departamento.<\/li><li><a rel=\"noreferrer noopener\" href=\"https:\/\/investigacion.us.es\/sisius\/sis_showpub.php?idpers=6662\" target=\"_blank\">Enlace al directorio de la US.<\/a><\/li><li><strong>D\u00f1a. Mar\u00eda Jes\u00fas Valderrama Pinto.<\/strong><\/li><li>Puesto Singularizado Administrativo.<\/li><li><a href=\"https:\/\/alojawebapps.us.es\/centrosdptos\/pas\/pas.php?pas=665\" target=\"_blank\" rel=\"noreferrer noopener\">Enlace al directorio de la US.<\/a><\/li><\/ul>\n","protected":false},"excerpt":{"rendered":"<p>Personal T\u00e9cnico de Gesti\u00f3n, Administraci\u00f3n y Servicios (PTGAS). D\u00f1a. Mar\u00eda Jes\u00fas M\u00e1rquez Rosales. Gestora de Departamento. Enlace al directorio de la US. D\u00f1a. Mar\u00eda Jes\u00fas Valderrama Pinto. Puesto Singularizado Administrativo. Enlace al directorio de la US.<\/p>\n","protected":false},"author":2,"featured_media":0,"parent":0,"menu_order":0,"comment_status":"closed","ping_status":"closed","template":"","meta":{"footnotes":""},"class_list":["post-320","page","type-page","status-publish","hentry"],"_links":{"self":[{"href":"https:\/\/departamento.us.es\/medievalcth\/index.php?rest_route=\/wp\/v2\/pages\/320","targetHints":{"allow":["GET"]}}],"collection":[{"href":"https:\/\/departamento.us.es\/medievalcth\/index.php?rest_route=\/wp\/v2\/pages"}],"about":[{"href":"https:\/\/departamento.us.es\/medievalcth\/index.php?rest_route=\/wp\/v2\/types\/page"}],"author":[{"embeddable":true,"href":"https:\/\/departamento.us.es\/medievalcth\/index.php?rest_route=\/wp\/v2\/users\/2"}],"replies":[{"embeddable":true,"href":"https:\/\/departamento.us.es\/medievalcth\/index.php?rest_route=%2Fwp%2Fv2%2Fcomments&post=320"}],"version-history":[{"count":3,"href":"https:\/\/departamento.us.es\/medievalcth\/index.php?rest_route=\/wp\/v2\/pages\/320\/revisions"}],"predecessor-version":[{"id":330,"href":"https:\/\/departamento.us.es\/medievalcth\/index.php?rest_route=\/wp\/v2\/pages\/320\/revisions\/330"}],"wp:attachment":[{"href":"https:\/\/departamento.us.es\/medievalcth\/index.php?rest_route=%2Fwp%2Fv2%2Fmedia&parent=320"}],"curies":[{"name":"wp","href":"https:\/\/api.w.org\/{rel}","templated":true}]}}