{"id":39,"date":"2024-12-02T13:03:01","date_gmt":"2024-12-02T12:03:01","guid":{"rendered":"https:\/\/grupo.us.es\/medievalcth\/?page_id=39"},"modified":"2024-12-02T13:03:01","modified_gmt":"2024-12-02T12:03:01","slug":"informacion","status":"publish","type":"page","link":"https:\/\/departamento.us.es\/medievalcth\/?page_id=39","title":{"rendered":"Informaci\u00f3n"},"content":{"rendered":"\n<p>Directora: Dra. D\u00aa PILAR OSTOS SALCEDO<br>Secretario: Dr. D. HIP\u00d3LITO R. OLIVA HERRER<br>Contacto secretar\u00eda Departamento: secremedieva@us.es<br>Sede: FACULTAD DE GEOGRAF\u00cdA E HISTORIA<br>Direcci\u00f3n: C\/ DO\u00d1A MAR\u00cdA DE PADILLA, S\/N. C.P: 41004 (SEVILLA)<br>Tel\u00e9fono: 95.455.14.23\u00a0 \u00a0 \u00a0 \u00a0 \u00a0\u00a0<br><br>\u00c1reas de conocimiento:<br>CIENCIAS Y T\u00c9CNICAS HISTORIOGR\u00c1FICAS<br>HISTORIA MEDIEVAL<\/p>\n\n\n\n<p><a href=\"https:\/\/www.us.es\/centros\/departamentos\/historia-medieval-y-ciencias-y-tecnicas-historiograficas\">Directorio departamental<\/a><\/p>\n\n\n\n<p><strong>Centros en los que imparte docencia:<\/strong><br><a rel=\"noreferrer noopener\" href=\"https:\/\/geografiaehistoria.us.es\/\" target=\"_blank\">FACULTAD DE GEOGRAF\u00cdA E HISTORIA<\/a><br><a rel=\"noreferrer noopener\" href=\"https:\/\/derecho.us.es\/\" target=\"_blank\">FACULTAD DE DERECHO<\/a><br><a rel=\"noreferrer noopener\" href=\"https:\/\/filosofia.us.es\/\" target=\"_blank\">FACULTAD DE FILOSOF\u00cdA<\/a> <br><a rel=\"noreferrer noopener\" href=\"https:\/\/doctorado.us.es\/\" target=\"_blank\">ESCUELA INTERNACIONAL DE DOCTORADO DE LA UNIVERSIDAD DE SEVILLA (EIDUS)<\/a> <\/p>\n\n\n\n<p><\/p>\n","protected":false},"excerpt":{"rendered":"<p>Directora: Dra. D\u00aa PILAR OSTOS SALCEDOSecretario: Dr. D. HIP\u00d3LITO R. OLIVA HERRERContacto secretar\u00eda Departamento: secremedieva@us.esSede: FACULTAD DE GEOGRAF\u00cdA E HISTORIADirecci\u00f3n: C\/ DO\u00d1A MAR\u00cdA DE PADILLA, S\/N. C.P: 41004 (SEVILLA)Tel\u00e9fono: 95.455.14.23\u00a0 \u00a0 \u00a0 \u00a0 \u00a0\u00a0 \u00c1reas de conocimiento:CIENCIAS Y T\u00c9CNICAS HISTORIOGR\u00c1FICASHISTORIA MEDIEVAL Directorio departamental Centros en los que imparte docencia:FACULTAD DE GEOGRAF\u00cdA E HISTORIAFACULTAD DE DERECHOFACULTAD [&hellip;]<\/p>\n","protected":false},"author":2,"featured_media":0,"parent":0,"menu_order":0,"comment_status":"closed","ping_status":"closed","template":"","meta":{"footnotes":""},"class_list":["post-39","page","type-page","status-publish","hentry"],"_links":{"self":[{"href":"https:\/\/departamento.us.es\/medievalcth\/index.php?rest_route=\/wp\/v2\/pages\/39","targetHints":{"allow":["GET"]}}],"collection":[{"href":"https:\/\/departamento.us.es\/medievalcth\/index.php?rest_route=\/wp\/v2\/pages"}],"about":[{"href":"https:\/\/departamento.us.es\/medievalcth\/index.php?rest_route=\/wp\/v2\/types\/page"}],"author":[{"embeddable":true,"href":"https:\/\/departamento.us.es\/medievalcth\/index.php?rest_route=\/wp\/v2\/users\/2"}],"replies":[{"embeddable":true,"href":"https:\/\/departamento.us.es\/medievalcth\/index.php?rest_route=%2Fwp%2Fv2%2Fcomments&post=39"}],"version-history":[{"count":1,"href":"https:\/\/departamento.us.es\/medievalcth\/index.php?rest_route=\/wp\/v2\/pages\/39\/revisions"}],"predecessor-version":[{"id":40,"href":"https:\/\/departamento.us.es\/medievalcth\/index.php?rest_route=\/wp\/v2\/pages\/39\/revisions\/40"}],"wp:attachment":[{"href":"https:\/\/departamento.us.es\/medievalcth\/index.php?rest_route=%2Fwp%2Fv2%2Fmedia&parent=39"}],"curies":[{"name":"wp","href":"https:\/\/api.w.org\/{rel}","templated":true}]}}