{"id":43,"date":"2024-12-02T13:08:54","date_gmt":"2024-12-02T12:08:54","guid":{"rendered":"https:\/\/grupo.us.es\/medievalcth\/?page_id=43"},"modified":"2025-01-22T10:19:49","modified_gmt":"2025-01-22T09:19:49","slug":"miembros","status":"publish","type":"page","link":"https:\/\/departamento.us.es\/medievalcth\/?page_id=43","title":{"rendered":"Miembros"},"content":{"rendered":"\n<h3 class=\"wp-block-heading\">\u00c1rea de Ciencias y T\u00e9cnicas Historiogr\u00e1ficas<\/h3>\n\n\n\n<h3 class=\"wp-block-heading\">\u00c1rea de Historia Medieval<\/h3>\n\n\n\n<h3 class=\"wp-block-heading\">Personal T\u00e9cnico de Gesti\u00f3n, Administraci\u00f3n y Servicios (PTGAS).<\/h3>\n","protected":false},"excerpt":{"rendered":"<p>\u00c1rea de Ciencias y T\u00e9cnicas Historiogr\u00e1ficas \u00c1rea de Historia Medieval Personal T\u00e9cnico de Gesti\u00f3n, Administraci\u00f3n y Servicios (PTGAS).<\/p>\n","protected":false},"author":2,"featured_media":0,"parent":0,"menu_order":0,"comment_status":"closed","ping_status":"closed","template":"","meta":{"footnotes":""},"class_list":["post-43","page","type-page","status-publish","hentry"],"_links":{"self":[{"href":"https:\/\/departamento.us.es\/medievalcth\/index.php?rest_route=\/wp\/v2\/pages\/43","targetHints":{"allow":["GET"]}}],"collection":[{"href":"https:\/\/departamento.us.es\/medievalcth\/index.php?rest_route=\/wp\/v2\/pages"}],"about":[{"href":"https:\/\/departamento.us.es\/medievalcth\/index.php?rest_route=\/wp\/v2\/types\/page"}],"author":[{"embeddable":true,"href":"https:\/\/departamento.us.es\/medievalcth\/index.php?rest_route=\/wp\/v2\/users\/2"}],"replies":[{"embeddable":true,"href":"https:\/\/departamento.us.es\/medievalcth\/index.php?rest_route=%2Fwp%2Fv2%2Fcomments&post=43"}],"version-history":[{"count":24,"href":"https:\/\/departamento.us.es\/medievalcth\/index.php?rest_route=\/wp\/v2\/pages\/43\/revisions"}],"predecessor-version":[{"id":329,"href":"https:\/\/departamento.us.es\/medievalcth\/index.php?rest_route=\/wp\/v2\/pages\/43\/revisions\/329"}],"wp:attachment":[{"href":"https:\/\/departamento.us.es\/medievalcth\/index.php?rest_route=%2Fwp%2Fv2%2Fmedia&parent=43"}],"curies":[{"name":"wp","href":"https:\/\/api.w.org\/{rel}","templated":true}]}}