{"id":65,"date":"2024-12-03T08:33:34","date_gmt":"2024-12-03T07:33:34","guid":{"rendered":"https:\/\/grupo.us.es\/medievalcth\/?page_id=65"},"modified":"2024-12-03T08:35:53","modified_gmt":"2024-12-03T07:35:53","slug":"grado","status":"publish","type":"page","link":"https:\/\/departamento.us.es\/medievalcth\/?page_id=65","title":{"rendered":"Grado"},"content":{"rendered":"\n<ul class=\"wp-block-list\"><li><a href=\"https:\/\/geografiaehistoria.us.es\/grados\/grado-en-historia\" target=\"_blank\" rel=\"noreferrer noopener\">GRADO EN HISTORIA<\/a><\/li><li><a href=\"https:\/\/geografiaehistoria.us.es\/grados\/grado-en-historia-del-arte\" target=\"_blank\" rel=\"noreferrer noopener\">GRADO EN HISTORIA DEL ARTE<\/a><\/li><li><a href=\"https:\/\/geografiaehistoria.us.es\/grados\/grado-en-arqueologia-por-las-universidades-de-jaen-granada-y-sevilla\" target=\"_blank\" rel=\"noreferrer noopener\">GRADO EN ARQUEOLOG\u00cdA<\/a><\/li><li><a href=\"https:\/\/geografiaehistoria.us.es\/grados\/doble-grado-en-geografia-y-gestion-del-territorio-e-historia\" target=\"_blank\" rel=\"noreferrer noopener\">DOBLE GRADO EN GEOGRAF\u00cdA Y GESTI\u00d3N DEL TERRITORIO E HISTORIA<\/a><\/li><li><a href=\"https:\/\/filosofia.us.es\/estudios\/grado\/grado-en-estudios-de-asia-oriental\/presentacion-grado-estudios-asia-oriental\" target=\"_blank\" rel=\"noreferrer noopener\">GRADO EN ESTUDIOS DE ASIA ORIENTAL<\/a><\/li><\/ul>\n","protected":false},"excerpt":{"rendered":"<p>GRADO EN HISTORIA GRADO EN HISTORIA DEL ARTE GRADO EN ARQUEOLOG\u00cdA DOBLE GRADO EN GEOGRAF\u00cdA Y GESTI\u00d3N DEL TERRITORIO E HISTORIA GRADO EN ESTUDIOS DE ASIA ORIENTAL<\/p>\n","protected":false},"author":2,"featured_media":0,"parent":0,"menu_order":0,"comment_status":"closed","ping_status":"closed","template":"","meta":{"footnotes":""},"class_list":["post-65","page","type-page","status-publish","hentry"],"_links":{"self":[{"href":"https:\/\/departamento.us.es\/medievalcth\/index.php?rest_route=\/wp\/v2\/pages\/65","targetHints":{"allow":["GET"]}}],"collection":[{"href":"https:\/\/departamento.us.es\/medievalcth\/index.php?rest_route=\/wp\/v2\/pages"}],"about":[{"href":"https:\/\/departamento.us.es\/medievalcth\/index.php?rest_route=\/wp\/v2\/types\/page"}],"author":[{"embeddable":true,"href":"https:\/\/departamento.us.es\/medievalcth\/index.php?rest_route=\/wp\/v2\/users\/2"}],"replies":[{"embeddable":true,"href":"https:\/\/departamento.us.es\/medievalcth\/index.php?rest_route=%2Fwp%2Fv2%2Fcomments&post=65"}],"version-history":[{"count":3,"href":"https:\/\/departamento.us.es\/medievalcth\/index.php?rest_route=\/wp\/v2\/pages\/65\/revisions"}],"predecessor-version":[{"id":69,"href":"https:\/\/departamento.us.es\/medievalcth\/index.php?rest_route=\/wp\/v2\/pages\/65\/revisions\/69"}],"wp:attachment":[{"href":"https:\/\/departamento.us.es\/medievalcth\/index.php?rest_route=%2Fwp%2Fv2%2Fmedia&parent=65"}],"curies":[{"name":"wp","href":"https:\/\/api.w.org\/{rel}","templated":true}]}}