{"id":70,"date":"2024-12-03T08:36:33","date_gmt":"2024-12-03T07:36:33","guid":{"rendered":"https:\/\/grupo.us.es\/medievalcth\/?page_id=70"},"modified":"2024-12-03T08:37:04","modified_gmt":"2024-12-03T07:37:04","slug":"master","status":"publish","type":"page","link":"https:\/\/departamento.us.es\/medievalcth\/?page_id=70","title":{"rendered":"M\u00e1ster"},"content":{"rendered":"\n<ul class=\"wp-block-list\"><li><a href=\"https:\/\/geografiaehistoria.us.es\/masteres\/master-en-estudios-historicos-avanzados\" target=\"_blank\" rel=\"noreferrer noopener\">M\u00c1STER UNIVERSITARIO EN ESTUDIOS HIST\u00d3RICOS AVANZADOS<\/a><\/li><li><a href=\"https:\/\/www.us.es\/estudiar\/que-estudiar\/oferta-de-masteres\/master-universitario-en-documentos-y-libros-archivos-y\" target=\"_blank\" rel=\"noreferrer noopener\">M\u00c1STER UNIVERSITARIO EN DOCUMENTOS Y LIBROS. ARCHIVOS Y BIBLIOTECAS<\/a><\/li><\/ul>\n","protected":false},"excerpt":{"rendered":"<p>M\u00c1STER UNIVERSITARIO EN ESTUDIOS HIST\u00d3RICOS AVANZADOS M\u00c1STER UNIVERSITARIO EN DOCUMENTOS Y LIBROS. ARCHIVOS Y BIBLIOTECAS<\/p>\n","protected":false},"author":2,"featured_media":0,"parent":0,"menu_order":0,"comment_status":"closed","ping_status":"closed","template":"","meta":{"footnotes":""},"class_list":["post-70","page","type-page","status-publish","hentry"],"_links":{"self":[{"href":"https:\/\/departamento.us.es\/medievalcth\/index.php?rest_route=\/wp\/v2\/pages\/70","targetHints":{"allow":["GET"]}}],"collection":[{"href":"https:\/\/departamento.us.es\/medievalcth\/index.php?rest_route=\/wp\/v2\/pages"}],"about":[{"href":"https:\/\/departamento.us.es\/medievalcth\/index.php?rest_route=\/wp\/v2\/types\/page"}],"author":[{"embeddable":true,"href":"https:\/\/departamento.us.es\/medievalcth\/index.php?rest_route=\/wp\/v2\/users\/2"}],"replies":[{"embeddable":true,"href":"https:\/\/departamento.us.es\/medievalcth\/index.php?rest_route=%2Fwp%2Fv2%2Fcomments&post=70"}],"version-history":[{"count":2,"href":"https:\/\/departamento.us.es\/medievalcth\/index.php?rest_route=\/wp\/v2\/pages\/70\/revisions"}],"predecessor-version":[{"id":72,"href":"https:\/\/departamento.us.es\/medievalcth\/index.php?rest_route=\/wp\/v2\/pages\/70\/revisions\/72"}],"wp:attachment":[{"href":"https:\/\/departamento.us.es\/medievalcth\/index.php?rest_route=%2Fwp%2Fv2%2Fmedia&parent=70"}],"curies":[{"name":"wp","href":"https:\/\/api.w.org\/{rel}","templated":true}]}}