{"id":78,"date":"2024-12-03T08:44:36","date_gmt":"2024-12-03T07:44:36","guid":{"rendered":"https:\/\/grupo.us.es\/medievalcth\/?page_id=78"},"modified":"2025-01-10T11:15:59","modified_gmt":"2025-01-10T10:15:59","slug":"grupos-de-investigacion","status":"publish","type":"page","link":"https:\/\/departamento.us.es\/medievalcth\/?page_id=78","title":{"rendered":"Grupos de Investigaci\u00f3n"},"content":{"rendered":"\n<h3 class=\"wp-block-heading\">GRUPOS DE INVESTIGACI\u00d3N<\/h3>\n\n\n\n<p><strong>GRUPOS DE INVESTIGACI\u00d3N ADSCRITOS AL DEPARTAMENTO DE HISTORIA MEDIEVAL Y CIENCIAS Y T\u00c9CNICAS HISTORIOGR\u00c1FICAS<\/strong><\/p>\n\n\n\n<p><strong>Calamus (HUM131): Universidad de Sevilla<\/strong><br><em>Responsable:<\/em>&nbsp;M\u00aa Carmen del Camino Mart\u00ednez<br><em>Componentes:<\/em>&nbsp;Yolanda Abad M\u00e9ndez<sup>(*)<\/sup>, Adri\u00e1n Ares Legaspi, Diego Belmonte Fern\u00e1ndez, Mar\u00eda Luisa Dom\u00ednguez Guerrero, Abraham Fern\u00e1ndez Cobano, Francisco Fern\u00e1ndez L\u00f3pez, Margarita G\u00f3mez G\u00f3mez, Antonio Guti\u00e9rrez Ramos,&nbsp; Javier E. Jim\u00e9nez L\u00f3pez de Eguileta, Pilar Ostos Salcedo, M\u00aa Luisa Pardo Rodr\u00edguez, Mar\u00eda del Roc\u00edo Postigo Ruiz, C\u00e9sar Quijano Mart\u00ednez, Julio Alberto Ram\u00edrez Barrios, Elena Esperanza Rodr\u00edguez D\u00edaz, Reyes Rojas Garc\u00eda, Jaime Ruano Benito.<\/p>\n\n\n\n<p><\/p>\n\n\n\n<p><strong>El Reino de Sevilla en la Baja Edad Media (HUM214): Universidad de Sevilla<\/strong><br><em>Responsable:<\/em>&nbsp;Isabel Montes Romero-Camacho<br><em>Componentes:<\/em>&nbsp;Jos\u00e9 Mar\u00eda Alc\u00e1ntara Valle, Carmen Ben\u00edtez Guerrero, Mar\u00eda Antonia Carmona Ruiz,  Francisco Jos\u00e9 D\u00edaz Marcilla, Marcos Fern\u00e1ndez G\u00f3mez, Pl\u00e1cido Fern\u00e1ndez-Viagas Escudero, Manuel Garc\u00eda Fern\u00e1ndez, Jes\u00fas Garc\u00eda D\u00edaz, Alejandro Garc\u00eda Sanju\u00e1n, Antonio Gonz\u00e1lez G\u00f3mez, Carmen Guerrero Congregado, Marina Kleine, Pablo L\u00f3pez Fern\u00e1ndez,&nbsp; Gloria Lora Serrano,  Manuel \u00c1ngel Mart\u00edn Vera, Hipolito Rafael Oliva Herrer, Gianluca Pagani Puccioni, Daniel Rodr\u00edguez Blanco, Paulina Rufo Isern, Casto Manuel Solera Campos, Jos\u00e9 Luis Villalonga Serrano, Jos\u00e9 Luis Jim\u00e9nez Ca\u00f1as y Marcos Ben\u00edtez Mora.<\/p>\n","protected":false},"excerpt":{"rendered":"<p>GRUPOS DE INVESTIGACI\u00d3N GRUPOS DE INVESTIGACI\u00d3N ADSCRITOS AL DEPARTAMENTO DE HISTORIA MEDIEVAL Y CIENCIAS Y T\u00c9CNICAS HISTORIOGR\u00c1FICAS Calamus (HUM131): Universidad de SevillaResponsable:&nbsp;M\u00aa Carmen del Camino Mart\u00ednezComponentes:&nbsp;Yolanda Abad M\u00e9ndez(*), Adri\u00e1n Ares Legaspi, Diego Belmonte Fern\u00e1ndez, Mar\u00eda Luisa Dom\u00ednguez Guerrero, Abraham Fern\u00e1ndez Cobano, Francisco Fern\u00e1ndez L\u00f3pez, Margarita G\u00f3mez G\u00f3mez, Antonio Guti\u00e9rrez Ramos,&nbsp; Javier E. Jim\u00e9nez L\u00f3pez de [&hellip;]<\/p>\n","protected":false},"author":2,"featured_media":0,"parent":0,"menu_order":0,"comment_status":"closed","ping_status":"closed","template":"","meta":{"footnotes":""},"class_list":["post-78","page","type-page","status-publish","hentry"],"_links":{"self":[{"href":"https:\/\/departamento.us.es\/medievalcth\/index.php?rest_route=\/wp\/v2\/pages\/78","targetHints":{"allow":["GET"]}}],"collection":[{"href":"https:\/\/departamento.us.es\/medievalcth\/index.php?rest_route=\/wp\/v2\/pages"}],"about":[{"href":"https:\/\/departamento.us.es\/medievalcth\/index.php?rest_route=\/wp\/v2\/types\/page"}],"author":[{"embeddable":true,"href":"https:\/\/departamento.us.es\/medievalcth\/index.php?rest_route=\/wp\/v2\/users\/2"}],"replies":[{"embeddable":true,"href":"https:\/\/departamento.us.es\/medievalcth\/index.php?rest_route=%2Fwp%2Fv2%2Fcomments&post=78"}],"version-history":[{"count":9,"href":"https:\/\/departamento.us.es\/medievalcth\/index.php?rest_route=\/wp\/v2\/pages\/78\/revisions"}],"predecessor-version":[{"id":288,"href":"https:\/\/departamento.us.es\/medievalcth\/index.php?rest_route=\/wp\/v2\/pages\/78\/revisions\/288"}],"wp:attachment":[{"href":"https:\/\/departamento.us.es\/medievalcth\/index.php?rest_route=%2Fwp%2Fv2%2Fmedia&parent=78"}],"curies":[{"name":"wp","href":"https:\/\/api.w.org\/{rel}","templated":true}]}}