{"id":97,"date":"2024-12-03T12:15:15","date_gmt":"2024-12-03T11:15:15","guid":{"rendered":"https:\/\/grupo.us.es\/medievalcth\/?page_id=97"},"modified":"2025-02-06T12:46:41","modified_gmt":"2025-02-06T11:46:41","slug":"proyectos-de-investigacion-vigentes","status":"publish","type":"page","link":"https:\/\/departamento.us.es\/medievalcth\/?page_id=97","title":{"rendered":"Proyectos de Investigaci\u00f3n vigentes"},"content":{"rendered":"\n<ul class=\"wp-block-list\"><li>LA CONSTRUCCI\u00d3N DE LA CIUDADAN\u00cdA:DISCURSOS, PR\u00c1CTICAS, DIN\u00c1MICAS\u00a0C\u00cdVICO-POL\u00cdTICAS Y CONFLICTO A FINES DE LA EDAD MEDIA (PID2022-142392NB-100).<\/li><li>MEDIR LA TIERRA: FUNCIONALIDAD DE LOS APEOS Y AMOJONAMIENTOS, GOBERNANZA, CONFLICTIVIDAD SOCIAL Y ORGANIZACI\u00d3N DE LOS PAISAJES DEL SUR PENINSULAR. SIGLOS XIII AL XVI (PID022-37182NB-100).\u00a0<\/li><li>NOTARIADO Y CONSTRUCCI\u00d3N SOCIAL DE LA REALIDAD, II: LOS REGISTROS NOTARIALES MEDIEVALES (PID2023-146105NB-I00).<\/li><li>LA APORTACI\u00d3N DE IBEROAM\u00c9RICA A LA GOBERNANZA DE LOS INTERESES GLOBALES (AIGIG) PPIT2024-31785.<\/li><\/ul>\n","protected":false},"excerpt":{"rendered":"<p>LA CONSTRUCCI\u00d3N DE LA CIUDADAN\u00cdA:DISCURSOS, PR\u00c1CTICAS, DIN\u00c1MICAS\u00a0C\u00cdVICO-POL\u00cdTICAS Y CONFLICTO A FINES DE LA EDAD MEDIA (PID2022-142392NB-100). MEDIR LA TIERRA: FUNCIONALIDAD DE LOS APEOS Y AMOJONAMIENTOS, GOBERNANZA, CONFLICTIVIDAD SOCIAL Y ORGANIZACI\u00d3N DE LOS PAISAJES DEL SUR PENINSULAR. SIGLOS XIII AL XVI (PID022-37182NB-100).\u00a0 NOTARIADO Y CONSTRUCCI\u00d3N SOCIAL DE LA REALIDAD, II: LOS REGISTROS NOTARIALES MEDIEVALES (PID2023-146105NB-I00). LA [&hellip;]<\/p>\n","protected":false},"author":2,"featured_media":0,"parent":0,"menu_order":0,"comment_status":"closed","ping_status":"closed","template":"","meta":{"footnotes":""},"class_list":["post-97","page","type-page","status-publish","hentry"],"_links":{"self":[{"href":"https:\/\/departamento.us.es\/medievalcth\/index.php?rest_route=\/wp\/v2\/pages\/97","targetHints":{"allow":["GET"]}}],"collection":[{"href":"https:\/\/departamento.us.es\/medievalcth\/index.php?rest_route=\/wp\/v2\/pages"}],"about":[{"href":"https:\/\/departamento.us.es\/medievalcth\/index.php?rest_route=\/wp\/v2\/types\/page"}],"author":[{"embeddable":true,"href":"https:\/\/departamento.us.es\/medievalcth\/index.php?rest_route=\/wp\/v2\/users\/2"}],"replies":[{"embeddable":true,"href":"https:\/\/departamento.us.es\/medievalcth\/index.php?rest_route=%2Fwp%2Fv2%2Fcomments&post=97"}],"version-history":[{"count":4,"href":"https:\/\/departamento.us.es\/medievalcth\/index.php?rest_route=\/wp\/v2\/pages\/97\/revisions"}],"predecessor-version":[{"id":352,"href":"https:\/\/departamento.us.es\/medievalcth\/index.php?rest_route=\/wp\/v2\/pages\/97\/revisions\/352"}],"wp:attachment":[{"href":"https:\/\/departamento.us.es\/medievalcth\/index.php?rest_route=%2Fwp%2Fv2%2Fmedia&parent=97"}],"curies":[{"name":"wp","href":"https:\/\/api.w.org\/{rel}","templated":true}]}}