{"id":25,"date":"2025-10-28T11:56:49","date_gmt":"2025-10-28T10:56:49","guid":{"rendered":"https:\/\/departamento.us.es\/microccs\/?page_id=25"},"modified":"2026-01-23T11:48:02","modified_gmt":"2026-01-23T10:48:02","slug":"estudios-de-grado","status":"publish","type":"page","link":"https:\/\/departamento.us.es\/microccs\/estudios-de-grado\/","title":{"rendered":"Estudios de Grado"},"content":{"rendered":"<h3>GRADO EN MEDICINA<\/h3>\n<p><a href=\"https:\/\/www.us.es\/estudiar\/que-estudiar\/oferta-de-grados\/grado-en-medicina\/1720026\">Microbiolog\u00eda M\u00e9dica y Cl\u00ednica<\/a><\/p>\n<hr style=\"margin: 15px 0;\" \/>\n<h3>GRADO EN BIOMEDICINA B\u00c1SICA Y EXPERIMENTAL<\/strong><\/h3>\n<p><a href=\"https:\/\/www.us.es\/estudiar\/que-estudiar\/oferta-de-grados\/grado-en-biomedicina-basica-y-experimental\/2170019\">Virolog\u00eda<\/a><\/p>\n<p><a href=\"https:\/\/www.us.es\/estudiar\/que-estudiar\/oferta-de-grados\/grado-en-biomedicina-basica-y-experimental\/2170010\">Microbiolog\u00eda<\/a><\/p>\n<hr style=\"margin: 15px 0;\" \/>\n<h3>GRADO EN ODONTOLOG\u00cdA<\/h3>\n<p><a href=\"https:\/\/www.us.es\/estudiar\/que-estudiar\/oferta-de-grados\/grado-en-odontologia\/1730009\">Microbiolog\u00eda Oral<\/a><\/p>\n<hr style=\"margin: 15px 0;\" \/>\n<h3>GRADO EN PODOLOG\u00cdA<\/h3>\n<p><a href=\"https:\/\/www.us.es\/estudiar\/que-estudiar\/oferta-de-grados\/grado-en-podologia\/1750008\">Microbiolog\u00eda y Salud P\u00fablica<\/a><\/p>\n<hr style=\"margin: 15px 0;\" \/>\n<p>Los datos mostrados en esta Web relativos a Docencia, Personal y Tutor\u00edas, se corresponden con la Sede del Departamento en la Facultad de Medicina. Puedes visitar la Web de la Sede del Departamento en Biolog\u00eda siguiendo <a href=\"https:\/\/departamento.us.es\/dmicro\/web\/\" target=\"_blank\" rel=\"noreferrer noopener\">este enlace<\/a><\/p>\n","protected":false},"excerpt":{"rendered":"<p>GRADO EN MEDICINA Microbiolog\u00eda M\u00e9dica y Cl\u00ednica GRADO EN BIOMEDICINA B\u00c1SICA Y EXPERIMENTAL Virolog\u00eda Microbiolog\u00eda GRADO EN ODONTOLOG\u00cdA Microbiolog\u00eda Oral GRADO EN PODOLOG\u00cdA Microbiolog\u00eda y Salud P\u00fablica Los datos mostrados en esta Web relativos a Docencia, Personal y Tutor\u00edas, se corresponden con la Sede del Departamento en la Facultad de Medicina. Puedes visitar la Web&#8230;<\/p>\n","protected":false},"author":1,"featured_media":0,"parent":0,"menu_order":0,"comment_status":"closed","ping_status":"closed","template":"","meta":{"_kad_post_transparent":"default","_kad_post_title":"","_kad_post_layout":"right","_kad_post_sidebar_id":"","_kad_post_content_style":"","_kad_post_vertical_padding":"","_kad_post_feature":"","_kad_post_feature_position":"","_kad_post_header":false,"_kad_post_footer":false,"_kad_post_classname":"","footnotes":""},"class_list":["post-25","page","type-page","status-publish","hentry"],"_links":{"self":[{"href":"https:\/\/departamento.us.es\/microccs\/wp-json\/wp\/v2\/pages\/25","targetHints":{"allow":["GET"]}}],"collection":[{"href":"https:\/\/departamento.us.es\/microccs\/wp-json\/wp\/v2\/pages"}],"about":[{"href":"https:\/\/departamento.us.es\/microccs\/wp-json\/wp\/v2\/types\/page"}],"author":[{"embeddable":true,"href":"https:\/\/departamento.us.es\/microccs\/wp-json\/wp\/v2\/users\/1"}],"replies":[{"embeddable":true,"href":"https:\/\/departamento.us.es\/microccs\/wp-json\/wp\/v2\/comments?post=25"}],"version-history":[{"count":10,"href":"https:\/\/departamento.us.es\/microccs\/wp-json\/wp\/v2\/pages\/25\/revisions"}],"predecessor-version":[{"id":525,"href":"https:\/\/departamento.us.es\/microccs\/wp-json\/wp\/v2\/pages\/25\/revisions\/525"}],"wp:attachment":[{"href":"https:\/\/departamento.us.es\/microccs\/wp-json\/wp\/v2\/media?parent=25"}],"curies":[{"name":"wp","href":"https:\/\/api.w.org\/{rel}","templated":true}]}}