{"id":29,"date":"2025-10-28T11:57:31","date_gmt":"2025-10-28T10:57:31","guid":{"rendered":"https:\/\/departamento.us.es\/microccs\/?page_id=29"},"modified":"2026-02-04T12:55:40","modified_gmt":"2026-02-04T11:55:40","slug":"estudios-de-master","status":"publish","type":"page","link":"https:\/\/departamento.us.es\/microccs\/estudios-de-master\/","title":{"rendered":"Estudios de M\u00e1ster"},"content":{"rendered":"<h3><strong>M\u00c1STER UNIVERSITARIO EN INVESTIGACI\u00d3N M\u00c9DICA, CL\u00cdNICA Y EXPERIMENTAL<\/strong><\/h3>\n<p><a href=\"https:\/\/www.us.es\/estudiar\/que-estudiar\/oferta-de-masteres\/master-universitario-en-investigacion-medica-clinica-y\/51270056\" target=\"_blank\" rel=\"noopener\">T\u00e9cnicas de Investigaci\u00f3n en Microbiolog\u00eda Cl\u00ednica<\/a> (Coordinada por el Departamento).<\/p>\n<p><a href=\"https:\/\/www.us.es\/estudiar\/que-estudiar\/oferta-de-masteres\/master-universitario-en-investigacion-medica-clinica-y\/51270022\" target=\"_blank\" rel=\"noopener\">Bases Microbiol\u00f3gicas de la Terap\u00e9utica y Resistencia Antimicrobiana<\/a> (Coordinada por el Departamento).<\/p>\n<p><a href=\"https:\/\/www.us.es\/estudiar\/que-estudiar\/oferta-de-masteres\/master-universitario-en-investigacion-medica-clinica-y\/51270009\" target=\"_blank\" rel=\"noopener\">Metodolog\u00eda de la Investigaci\u00f3n en Ciencias M\u00e9dicas<\/a><\/p>\n<p><a href=\"https:\/\/www.us.es\/estudiar\/que-estudiar\/oferta-de-masteres\/master-universitario-en-investigacion-medica-clinica-y\/51270035\" target=\"_blank\" rel=\"noopener\">Infecciones Nosocomiales<\/a><\/p>\n<p><a href=\"https:\/\/www.us.es\/estudiar\/que-estudiar\/oferta-de-masteres\/master-universitario-en-investigacion-medica-clinica-y\/51270010\" target=\"_blank\" rel=\"noopener\">Protecci\u00f3n y Experimentaci\u00f3n Animal<\/a><\/p>\n<h3><strong>M\u00c1STER UNIVERSITARIO EN INVESTIGACI\u00d3N BIOM\u00c9DICA<\/strong><\/h3>\n<p><a href=\"https:\/\/www.us.es\/estudiar\/que-estudiar\/oferta-de-masteres\/master-universitario-en-investigacion-biomedica\/51610015\" target=\"_blank\" rel=\"noopener\">Resistencias Microbiana: Bases Moleculares, Ecolog\u00eda, Evoluci\u00f3n y Control<\/a><\/p>\n<p><a href=\"https:\/\/www.us.es\/estudiar\/que-estudiar\/oferta-de-masteres\/master-universitario-en-investigacion-biomedica\/51610014\" target=\"_blank\" rel=\"noopener\">Modelos Animales en Investigaci\u00f3n Biom\u00e9dica<\/a><\/p>\n<h3><strong>M\u00c1STER UNIVERSITARIO EN QU\u00cdMICA SANITARIA<\/strong><\/h3>\n<p><a href=\"https:\/\/www.us.es\/estudiar\/que-estudiar\/oferta-de-masteres\/master-universitario-en-quimica-sanitaria-us-uco-uhu-y\/52220001\" target=\"_blank\" rel=\"noopener\">An\u00e1lisis en Laboratorios Cl\u00ednicos<\/a><\/p>\n","protected":false},"excerpt":{"rendered":"<p>M\u00c1STER UNIVERSITARIO EN INVESTIGACI\u00d3N M\u00c9DICA, CL\u00cdNICA Y EXPERIMENTAL T\u00e9cnicas de Investigaci\u00f3n en Microbiolog\u00eda Cl\u00ednica (Coordinada por el Departamento). Bases Microbiol\u00f3gicas de la Terap\u00e9utica y Resistencia Antimicrobiana (Coordinada por el Departamento). Metodolog\u00eda de la Investigaci\u00f3n en Ciencias M\u00e9dicas Infecciones Nosocomiales Protecci\u00f3n y Experimentaci\u00f3n Animal M\u00c1STER UNIVERSITARIO EN INVESTIGACI\u00d3N BIOM\u00c9DICA Resistencias Microbiana: Bases Moleculares, Ecolog\u00eda, Evoluci\u00f3n y&#8230;<\/p>\n","protected":false},"author":1,"featured_media":0,"parent":0,"menu_order":0,"comment_status":"closed","ping_status":"closed","template":"","meta":{"_kad_post_transparent":"default","_kad_post_title":"default","_kad_post_layout":"right","_kad_post_sidebar_id":"default","_kad_post_content_style":"default","_kad_post_vertical_padding":"","_kad_post_feature":"","_kad_post_feature_position":"","_kad_post_header":false,"_kad_post_footer":false,"_kad_post_classname":"","footnotes":""},"class_list":["post-29","page","type-page","status-publish","hentry"],"_links":{"self":[{"href":"https:\/\/departamento.us.es\/microccs\/wp-json\/wp\/v2\/pages\/29","targetHints":{"allow":["GET"]}}],"collection":[{"href":"https:\/\/departamento.us.es\/microccs\/wp-json\/wp\/v2\/pages"}],"about":[{"href":"https:\/\/departamento.us.es\/microccs\/wp-json\/wp\/v2\/types\/page"}],"author":[{"embeddable":true,"href":"https:\/\/departamento.us.es\/microccs\/wp-json\/wp\/v2\/users\/1"}],"replies":[{"embeddable":true,"href":"https:\/\/departamento.us.es\/microccs\/wp-json\/wp\/v2\/comments?post=29"}],"version-history":[{"count":7,"href":"https:\/\/departamento.us.es\/microccs\/wp-json\/wp\/v2\/pages\/29\/revisions"}],"predecessor-version":[{"id":612,"href":"https:\/\/departamento.us.es\/microccs\/wp-json\/wp\/v2\/pages\/29\/revisions\/612"}],"wp:attachment":[{"href":"https:\/\/departamento.us.es\/microccs\/wp-json\/wp\/v2\/media?parent=29"}],"curies":[{"name":"wp","href":"https:\/\/api.w.org\/{rel}","templated":true}]}}