{"id":31,"date":"2025-10-28T11:58:12","date_gmt":"2025-10-28T10:58:12","guid":{"rendered":"https:\/\/departamento.us.es\/microccs\/?page_id=31"},"modified":"2026-01-23T11:32:04","modified_gmt":"2026-01-23T10:32:04","slug":"pdi","status":"publish","type":"page","link":"https:\/\/departamento.us.es\/microccs\/pdi\/","title":{"rendered":"PDI"},"content":{"rendered":"<p>Te invitamos a conocer al <strong>Personal Docente e Investigador (PDI)<\/strong> que forma parte del Departamento de Microbiolog\u00eda.<\/p>\n<p><!-- \n    LISTADO DE PROFESORADO PARA KADENCE\n\n    Estructura: \n    - El nombre va en etiqueta <strong>.\n    - El cargo va en la l\u00ednea siguiente despu\u00e9s de un salto de l\u00ednea (\n).\n    - Todo el bloque est\u00e1 contenido en un p\u00e1rrafo () para facilitar la edici\u00f3n \n      y evitar m\u00e1rgenes excesivos entre l\u00edneas.\n--><\/p>\n<p><a href=\"https:\/\/prisma.us.es\/investigador\/3180\" target=\"_blank\" rel=\"noopener noreferrer\"><strong>Dr. D. \u00c1lvaro Pascual Hern\u00e1ndez<\/strong><\/a><br \/>\nCatedr\u00e1tico Vinculado (Hospital Virgen Macarena).<\/p>\n<hr style=\"margin: 15px 0;\" \/>\n<p><a href=\"https:\/\/departamento.us.es\/microccs\/jose-manuel-rodriguez-martinez\/\"><strong>Dr. D. Jos\u00e9 Manuel Rodr\u00edguez Mart\u00ednez<\/strong><\/a><br \/>\nCatedr\u00e1tico (Director del Departamento).<\/p>\n<hr style=\"margin: 15px 0;\" \/>\n<p><a href=\"https:\/\/prisma.us.es\/investigador\/4184\" target=\"_blank\" rel=\"noopener noreferrer\"><strong>Dra. D\u00aa. Mar\u00eda Jos\u00e9 Torres S\u00e1nchez<\/strong><\/a><br \/>\nCatedr\u00e1tica.<\/p>\n<hr style=\"margin: 15px 0;\" \/>\n<p><a href=\"https:\/\/prisma.us.es\/investigador\/895\" target=\"_blank\" rel=\"noopener noreferrer\"><strong>Dra. D\u00aa. Carmen Conejo Gonzalo<\/strong><\/a><br \/>\nProfesora Titular.<\/p>\n<hr style=\"margin: 15px 0;\" \/>\n<p><a href=\"https:\/\/departamento.us.es\/microccs\/pdi\/fernando-docobo-perez\/\"><strong>Dr. D. Fernando Docobo P\u00e9rez<\/strong><\/a><br \/>\nProfesor Titular.<\/p>\n<hr style=\"margin: 15px 0;\" \/>\n<p><a href=\"https:\/\/investigacion.us.es\/sisius\/sis_showpub.php?idpers=373\" target=\"_blank\" rel=\"noopener noreferrer\"><strong>Dra. D\u00aa. Isabel Garc\u00eda Luque<\/strong><\/a><br \/>\nProfesora Titular.<\/p>\n<hr style=\"margin: 15px 0;\" \/>\n<p><a href=\"https:\/\/departamento.us.es\/microccs\/pdi\/lorena-lopez-cerero\/\" rel=\"noopener noreferrer\"><strong>Dra. D\u00aa. Lorena L\u00f3pez Cerero<\/strong><\/a><br \/>\nProfesora Titular Vinculada (Hospital Virgen Macarena).<\/p>\n<hr style=\"margin: 15px 0;\" \/>\n<p><a href=\"https:\/\/prisma.us.es\/investigador\/4313\" target=\"_blank\" rel=\"noopener noreferrer\"><strong>Dra. D\u00aa. Carmen Velasco Ram\u00edrez<\/strong><\/a><br \/>\nProfesora Titular.<\/p>\n<hr style=\"margin: 15px 0;\" \/>\n<p><strong><a href=\"https:\/\/departamento.us.es\/microccs\/pdi\/marina-rosa-pulido-toledano\/\">Dra. D\u00aa. Marina Rosa Pulido Toledano<\/a> <\/strong><br \/>\nProfesora Contratada Doctora.<\/p>\n<hr style=\"margin: 15px 0;\" \/>\n<p><a href=\"https:\/\/departamento.us.es\/microccs\/pdi\/mercedes-delgado-valverde\/\" rel=\"noopener noreferrer\"><strong>Dra. D\u00aa. Mercedes Delgado Valverde<\/strong><\/a><br \/>\nProfesora Asociada Cl\u00ednica (Hospital Virgen Macarena).<\/p>\n<hr style=\"margin: 15px 0;\" \/>\n<p><a href=\"https:\/\/prisma.us.es\/investigador\/7504\" target=\"_blank\" rel=\"noopener noreferrer\"><strong>Dr. D. Jos\u00e9 Antonio Lepe Jim\u00e9nez<\/strong><\/a><br \/>\nProfesor Asociado Cl\u00ednico (Hospital Virgen del Roc\u00edo).<\/p>\n","protected":false},"excerpt":{"rendered":"<p>Te invitamos a conocer al Personal Docente e Investigador (PDI) que forma parte del Departamento de Microbiolog\u00eda. Dr. D. \u00c1lvaro Pascual Hern\u00e1ndez Catedr\u00e1tico Vinculado (Hospital Virgen Macarena). Dr. D. Jos\u00e9 Manuel Rodr\u00edguez Mart\u00ednez Catedr\u00e1tico (Director del Departamento). Dra. D\u00aa. Mar\u00eda Jos\u00e9 Torres S\u00e1nchez Catedr\u00e1tica. Dra. D\u00aa. Carmen Conejo Gonzalo Profesora Titular. Dr. D. Fernando Docobo&#8230;<\/p>\n","protected":false},"author":1,"featured_media":0,"parent":0,"menu_order":0,"comment_status":"closed","ping_status":"closed","template":"","meta":{"_kad_post_transparent":"","_kad_post_title":"","_kad_post_layout":"right","_kad_post_sidebar_id":"","_kad_post_content_style":"","_kad_post_vertical_padding":"","_kad_post_feature":"","_kad_post_feature_position":"","_kad_post_header":false,"_kad_post_footer":false,"_kad_post_classname":"","footnotes":""},"class_list":["post-31","page","type-page","status-publish","hentry"],"_links":{"self":[{"href":"https:\/\/departamento.us.es\/microccs\/wp-json\/wp\/v2\/pages\/31","targetHints":{"allow":["GET"]}}],"collection":[{"href":"https:\/\/departamento.us.es\/microccs\/wp-json\/wp\/v2\/pages"}],"about":[{"href":"https:\/\/departamento.us.es\/microccs\/wp-json\/wp\/v2\/types\/page"}],"author":[{"embeddable":true,"href":"https:\/\/departamento.us.es\/microccs\/wp-json\/wp\/v2\/users\/1"}],"replies":[{"embeddable":true,"href":"https:\/\/departamento.us.es\/microccs\/wp-json\/wp\/v2\/comments?post=31"}],"version-history":[{"count":30,"href":"https:\/\/departamento.us.es\/microccs\/wp-json\/wp\/v2\/pages\/31\/revisions"}],"predecessor-version":[{"id":572,"href":"https:\/\/departamento.us.es\/microccs\/wp-json\/wp\/v2\/pages\/31\/revisions\/572"}],"wp:attachment":[{"href":"https:\/\/departamento.us.es\/microccs\/wp-json\/wp\/v2\/media?parent=31"}],"curies":[{"name":"wp","href":"https:\/\/api.w.org\/{rel}","templated":true}]}}