{"id":33,"date":"2025-10-28T11:58:30","date_gmt":"2025-10-28T10:58:30","guid":{"rendered":"https:\/\/departamento.us.es\/microccs\/?page_id=33"},"modified":"2026-02-18T12:31:44","modified_gmt":"2026-02-18T11:31:44","slug":"ptgas","status":"publish","type":"page","link":"https:\/\/departamento.us.es\/microccs\/ptgas\/","title":{"rendered":"PTGAS"},"content":{"rendered":"<p>Te invitamos a conocer al <strong>Personal T\u00e9cnico y de Administraci\u00f3n y Servicios (PTGAS)<\/strong> que forma parte del Departamento de Microbiolog\u00eda.<br \/>\n<!-- \n    LISTADO DE PROFESORADO PARA KADENCE\n\n    Estructura: \n    - El nombre va en etiqueta <strong>.\n    - El cargo va en la l\u00ednea siguiente despu\u00e9s de un salto de l\u00ednea (\n).\n    - Todo el bloque est\u00e1 contenido en un p\u00e1rrafo () para facilitar la edici\u00f3n \n      y evitar m\u00e1rgenes excesivos entre l\u00edneas.\n--><\/p>\n<p><strong><a href=\"https:\/\/departamento.us.es\/microccs\/ptgas\/sofia-ballesta-mudarra\/\" rel=\"noreferrer noopener\">Dra. D\u00aa. Sof\u00eda Ballesta Mudarra<\/a><\/strong><br \/>\nTitulada Superior de Apoyo a la Docencia y la Investigaci\u00f3n.<\/p>\n<hr style=\"margin: 15px 0;\" \/>\n<p><strong><a href=\"https:\/\/departamento.us.es\/microccs\/ptgas\/maria-luisa-pecero-lopez\/\" rel=\"noreferrer noopener\">D\u00aa. Mar\u00eda Luisa Pecero L\u00f3pez<\/a><\/strong><br \/>\nT\u00e9cnico Especialista de Laboratorio.<\/p>\n<hr style=\"margin: 15px 0;\" \/>\n<p><strong><a href=\"https:\/\/departamento.us.es\/microccs\/ptgas\/adrian-macias-alegre\/\" rel=\"noreferrer noopener\">D. Adri\u00e1n Mac\u00edas Alegre<\/a> <\/strong><br \/>\nPersonal de Administraci\u00f3n (Secretaria).<\/p>\n","protected":false},"excerpt":{"rendered":"<p>Te invitamos a conocer al Personal T\u00e9cnico y de Administraci\u00f3n y Servicios (PTGAS) que forma parte del Departamento de Microbiolog\u00eda. Dra. D\u00aa. Sof\u00eda Ballesta Mudarra Titulada Superior de Apoyo a la Docencia y la Investigaci\u00f3n. D\u00aa. Mar\u00eda Luisa Pecero L\u00f3pez T\u00e9cnico Especialista de Laboratorio. D. Adri\u00e1n Mac\u00edas Alegre Personal de Administraci\u00f3n (Secretaria).<\/p>\n","protected":false},"author":1,"featured_media":0,"parent":0,"menu_order":0,"comment_status":"closed","ping_status":"closed","template":"","meta":{"_kad_post_transparent":"","_kad_post_title":"","_kad_post_layout":"right","_kad_post_sidebar_id":"","_kad_post_content_style":"","_kad_post_vertical_padding":"","_kad_post_feature":"","_kad_post_feature_position":"","_kad_post_header":false,"_kad_post_footer":false,"_kad_post_classname":"","footnotes":""},"class_list":["post-33","page","type-page","status-publish","hentry"],"_links":{"self":[{"href":"https:\/\/departamento.us.es\/microccs\/wp-json\/wp\/v2\/pages\/33","targetHints":{"allow":["GET"]}}],"collection":[{"href":"https:\/\/departamento.us.es\/microccs\/wp-json\/wp\/v2\/pages"}],"about":[{"href":"https:\/\/departamento.us.es\/microccs\/wp-json\/wp\/v2\/types\/page"}],"author":[{"embeddable":true,"href":"https:\/\/departamento.us.es\/microccs\/wp-json\/wp\/v2\/users\/1"}],"replies":[{"embeddable":true,"href":"https:\/\/departamento.us.es\/microccs\/wp-json\/wp\/v2\/comments?post=33"}],"version-history":[{"count":14,"href":"https:\/\/departamento.us.es\/microccs\/wp-json\/wp\/v2\/pages\/33\/revisions"}],"predecessor-version":[{"id":638,"href":"https:\/\/departamento.us.es\/microccs\/wp-json\/wp\/v2\/pages\/33\/revisions\/638"}],"wp:attachment":[{"href":"https:\/\/departamento.us.es\/microccs\/wp-json\/wp\/v2\/media?parent=33"}],"curies":[{"name":"wp","href":"https:\/\/api.w.org\/{rel}","templated":true}]}}