{"id":330,"date":"2025-11-20T18:56:18","date_gmt":"2025-11-20T17:56:18","guid":{"rendered":"https:\/\/departamento.us.es\/microccs\/?page_id=330"},"modified":"2025-12-01T13:42:37","modified_gmt":"2025-12-01T12:42:37","slug":"instrucciones-sobre-el-uso-del-registro-electronico","status":"publish","type":"page","link":"https:\/\/departamento.us.es\/microccs\/instrucciones-sobre-el-uso-del-registro-electronico\/","title":{"rendered":"Instrucciones sobre el Uso del Registro Electr\u00f3nico"},"content":{"rendered":"<p>El acceso al <strong>Registro Electr\u00f3nico del Estado<\/strong> se realizar\u00e1 a trav\u00e9s del siguiente enlace:<\/p>\n<p style=\"text-align: center;\"><strong><a href=\"https:\/\/rec.redsara.es\/registro\/action\/are\/acceso.do\">https:\/\/rec.redsara.es\/registro\/action\/are\/acceso.do<\/a><\/strong><\/p>\n<p>En el caso de que este enlace no funcionara, <strong>puede realizar los tr\u00e1mites electr\u00f3nicos automatizados que est\u00e9n disponibles en la Sede electr\u00f3nica de la Universidad de Sevilla:<\/strong><\/p>\n<p style=\"text-align: center;\"><strong><a href=\"https:\/\/sede.us.es\/web\/guest\">https:\/\/sede.us.es\/web\/guest<\/a><\/strong><\/p>\n<p>Para realizar solicitudes y enviar documentaci\u00f3n por Registro Electr\u00f3nico al <strong>Departamento de Microbiolog\u00eda<\/strong> deber\u00e1 seleccionar su Unidad Tramitadora (U01700140) en el campo <strong>c\u00f3digo y nombre del organismo o entidad (2.1)<\/strong> del formulario de Registro Electr\u00f3nico (paso 2):<\/p>\n<p><img loading=\"lazy\" decoding=\"async\" class=\"aligncenter wp-image-331\" title=\"Selecci\u00f3n de Unidad Tramitadora en el Registro Electr\u00f3nico\" src=\"https:\/\/departamento.us.es\/microccs\/wp-content\/uploads\/2025\/11\/2.1_Unidad-Tramitadora_Registro-Electronico.jpg\" alt=\"\" width=\"683\" height=\"473\" srcset=\"https:\/\/departamento.us.es\/microccs\/wp-content\/uploads\/2025\/11\/2.1_Unidad-Tramitadora_Registro-Electronico.jpg 680w, https:\/\/departamento.us.es\/microccs\/wp-content\/uploads\/2025\/11\/2.1_Unidad-Tramitadora_Registro-Electronico-300x207.jpg 300w\" sizes=\"auto, (max-width: 683px) 100vw, 683px\" \/><\/p>\n<p>Para acceder al <strong>Registro Electr\u00f3nico<\/strong> se necesita disponer de algunos de los siguientes sistemas de identificaci\u00f3n electr\u00f3nica:<\/p>\n<ul>\n<li><a href=\"https:\/\/www.sede.fnmt.gob.es\/certificados\/persona-fisica\">Certificado Electr\u00f3nico de la F\u00e1brica Nacional de Moneda y Timbre<\/a><\/li>\n<li><a href=\"https:\/\/clave.gob.es\/clave-permanente\/que-es\">Cl@ve permanente<\/a><\/li>\n<li><a href=\"https:\/\/clave.gob.es\/clave-pin\/que-es\">Cl@ve Pin<\/a><\/li>\n<li><a href=\"https:\/\/eidas.redsara.es\/SpecificConnector\/CountrySelector\">eIDAS.eID<\/a> (Ciudadanos europeos, no espa\u00f1oles)<\/li>\n<\/ul>\n<p>Adem\u00e1s de los medios anteriores, desde la <strong>APP Mi Carpeta Ciudadana<\/strong>, podr\u00e1 realizar el env\u00edo de registros desde la secci\u00f3n Servicios, la cual est\u00e1 disponible para:<\/p>\n<ul>\n<li><a href=\"https:\/\/play.google.com\/store\/apps\/details?id=es.gob.carpeta\">Android<\/a><\/li>\n<li><a href=\"https:\/\/apps.apple.com\/es\/app\/mi-carpeta-ciudadana\/id1555943725\">iOS<\/a><\/li>\n<\/ul>\n<p>En el caso de utilizar un <strong>dispositivo iOS<\/strong>, se recuerda que s\u00f3lo se podr\u00e1 completar el registro con <strong>firma mediante certificado electr\u00f3nico utilizando su navegador Safari<\/strong>.<\/p>\n<p>Si necesita\u00a0 obtener el Certificado Electr\u00f3nico, podr\u00e1 acreditar su identidad en el Registro General de la Universidad (Rectorado o Pabell\u00f3n de Brasil). Para ello tendr\u00e1 que solicitar <strong><a href=\"https:\/\/institucional.us.es\/cprevias\/\" target=\"_blank\" rel=\"noopener\">cita previa<\/a><\/strong> y los funcionarios de asistencia en materia de registro le facilitar\u00e1n la obtenci\u00f3n de su certificado para poderlo instalar en su navegador, con el que podr\u00e1 acceder a m\u00faltiples servicios digitales en la US y otras Administraciones P\u00fablicas. Junto con el sistema de identificaci\u00f3n (certificado digital \/ cl@ve), para firmar los documentos necesitar\u00e1 hacer uso de algunas de las siguientes aplicaciones de <strong>Autofirma<\/strong> que deber\u00e1 tener instalada en el equipo inform\u00e1tico donde tenga instalado el Certificado Digital (cualquiera de ellas):<\/p>\n<ul>\n<li><a href=\"https:\/\/firmaelectronica.gob.es\/Home\/Descargas.html\">Autofirma del Estado<\/a><\/li>\n<li><a href=\"https:\/\/ws024.juntadeandalucia.es\/clienteafirma\/autofirma\/autofirma.html\">Autofirma de la Junta de Andaluc\u00eda<\/a><\/li>\n<\/ul>\n<p>En el caso de que no disponga de los medios tecnol\u00f3gicos para realizas los tr\u00e1mites administrativos a trav\u00e9s del <strong>Registro electr\u00f3nico del Estado<\/strong>, deber\u00e1 acudir a las <strong>Oficinas de Asistencia en Materia de Registros (OAMR) de la Universidad de Sevilla<\/strong>, o de cualquier Administraci\u00f3n P\u00fablica, donde los funcionarios habilitados realizar\u00e1n la presentaci\u00f3n electr\u00f3nica de la documentaci\u00f3n en su nombre.<\/p>\n<blockquote><p><strong>Con car\u00e1cter general, deber\u00e1 llevar siempre documentos originales<\/strong>, <u>en ning\u00fan caso fotocopia de los documentos que tenga que presentar<\/u>. Por ejemplo: si tiene que enviar el DNI o NIE, deber\u00e1 acudir a la OAMR con el DNI o NIE original con fecha vigente.<\/p><\/blockquote>\n<ul>\n<li><strong>Oficina principal de Asistencia en Materia de Registros (Rectorado).<\/strong>\n<ul>\n<li><strong>Direcci\u00f3n:<\/strong> C\/ San Fernando, 4, 41004-Sevilla<\/li>\n<li><strong>Tel\u00e9fono:<\/strong> 954 551 045<\/li>\n<li><strong>Horario de atenci\u00f3n al p\u00fablico: de lunes a viernes:<\/strong>\n<ul>\n<li>Ma\u00f1anas de 09:00 a 14:00 horas<\/li>\n<li>Tardes de 16:00 a 18:00 horas<\/li>\n<\/ul>\n<\/li>\n<\/ul>\n<\/li>\n<\/ul>\n<ul>\n<li><strong>Oficina auxiliar de Asistencia en Materia de Registros (Pabell\u00f3n de Brasil). <\/strong>\n<ul>\n<li><strong>Direcci\u00f3n:<\/strong> Paseo de las Delicias, s\/n\u00ba, 41013-Sevilla<\/li>\n<li><strong>Tel\u00e9fono:<\/strong> 954 481 265<\/li>\n<li><strong>Horario de atenci\u00f3n al p\u00fablico: de lunes a viernes:<\/strong>\n<ul>\n<li>Ma\u00f1anas de 09:00 a 14:00 horas<\/li>\n<li>Tardes (martes y jueves): de 16:00 a 18:00 horas<\/li>\n<\/ul>\n<\/li>\n<\/ul>\n<\/li>\n<\/ul>\n<p>Adem\u00e1s de las propias OAMR de la Universidad de Sevilla las siguientes oficinas en materia de registros est\u00e1n situadas cerca del Campus Ciencias de la Salud, para su mayor comodidad:<\/p>\n<table style=\"width: 100%; border-collapse: collapse;\" border=\"1\">\n<thead>\n<tr style=\"background-color: #f2f2f2;\">\n<th style=\"padding: 8px;\">OAMR cercanas Medicina<\/th>\n<th style=\"padding: 8px;\">Direcci\u00f3n<\/th>\n<th style=\"padding: 8px;\">Tlfno.<\/th>\n<\/tr>\n<\/thead>\n<tbody>\n<tr>\n<td style=\"padding: 8px;\">Oficina de Asistencia Macarena (Ayuntamiento de Sevilla)<\/td>\n<td style=\"padding: 8px;\">C\/ Manuel Villalobos, s\/n (Antiguo Mercado de la Barzola)<\/td>\n<td style=\"padding: 8px;\">955 472 001<\/td>\n<\/tr>\n<tr>\n<td style=\"padding: 8px;\">Correos Sevilla Sucursal 13<\/td>\n<td style=\"padding: 8px;\">Calle Doctor Mara\u00f1\u00f3n, 1<\/td>\n<td style=\"padding: 8px;\">954 374 856<\/td>\n<\/tr>\n<tr>\n<td style=\"padding: 8px;\">Registro de la Delegaci\u00f3n Territorial de Inclusi\u00f3n Social, Juventud, Familias e Igualdad en Sevilla<\/td>\n<td style=\"padding: 8px;\">Avenida de la Cruz Roja, 40<\/td>\n<td style=\"padding: 8px;\">955 001 000<\/td>\n<\/tr>\n<\/tbody>\n<\/table>\n<p>Igualmente, puede presentar documentos dirigidos a los \u00f3rganos administrativos de la Universidad de Sevilla de las siguientes formas, conforme al <strong>art. 16 de la Ley 39\/2015<\/strong>:<\/p>\n<ul>\n<li>En las Oficinas de Correos, en la forma en que reglamentariamente se establezca.<\/li>\n<li>En las representaciones diplom\u00e1ticas u oficinas consulares de Espa\u00f1a en el Extranjero.<\/li>\n<li>En las Oficinas de Asistencia en Materia de Registros de otras Administraciones P\u00fablicas y entidades del sector p\u00fablico institucional que est\u00e9n integradas en el sistema de interconexi\u00f3n de registros.<\/li>\n<li>En cualquier otro que establezcan las disposiciones vigentes.<\/li>\n<\/ul>\n<p>En la<strong> Sede Electr\u00f3nica de cada Administraci\u00f3n<\/strong> podr\u00e1 encontrar informaci\u00f3n sobre la OAMR m\u00e1s cercana a su domicilio, horarios y si es necesaria cita previa. Tambi\u00e9n puede acudir a la OAMR del Ayuntamiento de su localidad.<\/p>\n","protected":false},"excerpt":{"rendered":"<p>El acceso al Registro Electr\u00f3nico del Estado se realizar\u00e1 a trav\u00e9s del siguiente enlace: https:\/\/rec.redsara.es\/registro\/action\/are\/acceso.do En el caso de que este enlace no funcionara, puede realizar los tr\u00e1mites electr\u00f3nicos automatizados que est\u00e9n disponibles en la Sede electr\u00f3nica de la Universidad de Sevilla: https:\/\/sede.us.es\/web\/guest Para realizar solicitudes y enviar documentaci\u00f3n por Registro Electr\u00f3nico al Departamento de&#8230;<\/p>\n","protected":false},"author":1,"featured_media":0,"parent":0,"menu_order":0,"comment_status":"closed","ping_status":"closed","template":"","meta":{"_kad_post_transparent":"","_kad_post_title":"","_kad_post_layout":"","_kad_post_sidebar_id":"","_kad_post_content_style":"","_kad_post_vertical_padding":"","_kad_post_feature":"","_kad_post_feature_position":"","_kad_post_header":false,"_kad_post_footer":false,"_kad_post_classname":"","footnotes":""},"class_list":["post-330","page","type-page","status-publish","hentry"],"_links":{"self":[{"href":"https:\/\/departamento.us.es\/microccs\/wp-json\/wp\/v2\/pages\/330","targetHints":{"allow":["GET"]}}],"collection":[{"href":"https:\/\/departamento.us.es\/microccs\/wp-json\/wp\/v2\/pages"}],"about":[{"href":"https:\/\/departamento.us.es\/microccs\/wp-json\/wp\/v2\/types\/page"}],"author":[{"embeddable":true,"href":"https:\/\/departamento.us.es\/microccs\/wp-json\/wp\/v2\/users\/1"}],"replies":[{"embeddable":true,"href":"https:\/\/departamento.us.es\/microccs\/wp-json\/wp\/v2\/comments?post=330"}],"version-history":[{"count":1,"href":"https:\/\/departamento.us.es\/microccs\/wp-json\/wp\/v2\/pages\/330\/revisions"}],"predecessor-version":[{"id":332,"href":"https:\/\/departamento.us.es\/microccs\/wp-json\/wp\/v2\/pages\/330\/revisions\/332"}],"wp:attachment":[{"href":"https:\/\/departamento.us.es\/microccs\/wp-json\/wp\/v2\/media?parent=330"}],"curies":[{"name":"wp","href":"https:\/\/api.w.org\/{rel}","templated":true}]}}