{"id":35,"date":"2025-10-28T11:59:07","date_gmt":"2025-10-28T10:59:07","guid":{"rendered":"https:\/\/departamento.us.es\/microccs\/?page_id=35"},"modified":"2026-01-27T07:54:12","modified_gmt":"2026-01-27T06:54:12","slug":"tutorias","status":"publish","type":"page","link":"https:\/\/departamento.us.es\/microccs\/tutorias\/","title":{"rendered":"Tutor\u00edas"},"content":{"rendered":"<div style=\"text-align: center;\">\n<h2>CURSO 2025-2026<\/h2>\n<h2>HORARIO DE TUTOR\u00cdAS Y ATENCI\u00d3N A LOS ALUMNOS\/AS*<\/h2>\n<h3>CAMPUS MACARENA<\/h3>\n<\/div>\n<p><!-- \n    TABLA DE HORARIO DE TUTOR\u00cdAS (CURSO 2024-2025)\n    Dise\u00f1ada para ser pegada en un bloque de 'HTML Personalizado' o rellenar\n    la estructura de tabla generada por el bloque 'Tabla' de Kadence.\n--><\/p>\n<figure class=\"wp-block-table\">\n<table class=\"has-fixed-layout\">\n<thead>\n<tr>\n<th colspan=\"2\" data-align=\"left\">PROFESORES<\/th>\n<th data-align=\"center\">LUNES<\/th>\n<th data-align=\"center\">MARTES<\/th>\n<th data-align=\"center\">MI\u00c9RCOLES<\/th>\n<th data-align=\"center\">JUEVES<\/th>\n<th data-align=\"center\">VIERNES<\/th>\n<\/tr>\n<\/thead>\n<tbody><!-- Conejo Gonzalo, Carmen --><\/p>\n<tr>\n<td colspan=\"2\" data-align=\"left\"><strong>Conejo Gonzalo, Carmen<\/strong><br \/>\n<small>cconejo@us.es<\/small><\/td>\n<td style=\"text-align: center;\" data-align=\"center\">15 a 17 h<\/td>\n<td style=\"text-align: center;\" data-align=\"center\">15 a 17 h<\/td>\n<td style=\"text-align: center;\" data-align=\"center\">15 a 17 h<\/td>\n<td><\/td>\n<td><\/td>\n<\/tr>\n<p><!-- Docobo P\u00e9rez, Fernando --><\/p>\n<tr>\n<td colspan=\"2\" data-align=\"left\"><strong>Docobo P\u00e9rez, Fernando<\/strong><br \/>\n<small>fdocobo1@us.es<\/small><\/td>\n<td><\/td>\n<td style=\"text-align: center;\" data-align=\"center\">15 a 17 h<\/td>\n<td style=\"text-align: center;\" data-align=\"center\">15 a 17 h<\/td>\n<td style=\"text-align: center;\" data-align=\"center\">15 a 17 h<\/td>\n<td><\/td>\n<\/tr>\n<p><!-- Garc\u00eda Luque, Isabel --><\/p>\n<tr>\n<td colspan=\"2\" data-align=\"left\"><strong>Garc\u00eda Luque, Isabel<\/strong><br \/>\n<small>igarcial@us.es<\/small><\/td>\n<td><\/td>\n<td style=\"text-align: center;\" data-align=\"center\">11 a 13 h<\/td>\n<td style=\"text-align: center;\" data-align=\"center\">11 a 13 h<\/td>\n<td style=\"text-align: center;\" data-align=\"center\">11 a 13 h<\/td>\n<td><\/td>\n<\/tr>\n<p><!-- L\u00f3pez Cerero, Lorena --><\/p>\n<tr>\n<td colspan=\"2\" data-align=\"left\"><strong>L\u00f3pez Cerero, Lorena<\/strong><br \/>\n<small>llopez@us.es<\/small><\/td>\n<td style=\"text-align: center;\" data-align=\"center\">15 a 17 h<\/td>\n<td style=\"text-align: center;\" data-align=\"center\">15 a 17 h<\/td>\n<td style=\"text-align: center;\" data-align=\"center\">15 a 17 h<\/td>\n<td><\/td>\n<td><\/td>\n<\/tr>\n<p><!-- Pascual Hern\u00e1ndez, \u00c1lvaro --><\/p>\n<tr>\n<td colspan=\"2\" data-align=\"left\"><strong>Pascual Hern\u00e1ndez, \u00c1lvaro<\/strong><br \/>\n<small>apascual@us.es<\/small><\/td>\n<td><\/td>\n<td style=\"text-align: center;\" data-align=\"center\">15 a 17 h<\/td>\n<td style=\"text-align: center;\" data-align=\"center\">15 a 17 h<\/td>\n<td style=\"text-align: center;\" data-align=\"center\">15 a 17 h<\/td>\n<td><\/td>\n<\/tr>\n<p><!-- Rodr\u00edguez Mart\u00ednez, J. Manuel --><\/p>\n<tr>\n<td colspan=\"2\" data-align=\"left\"><strong>Rodr\u00edguez Mart\u00ednez, J. Manuel<\/strong><br \/>\n<small>jmrodriguez@us.es<\/small><\/td>\n<td><\/td>\n<td style=\"text-align: center;\" data-align=\"center\">13 a 15 h<\/td>\n<td style=\"text-align: center;\" data-align=\"center\">13 a 15 h<\/td>\n<td style=\"text-align: center;\" data-align=\"center\">15 a 17 h<\/td>\n<td><\/td>\n<\/tr>\n<p><!-- Torres S\u00e1nchez, M\u00aa Jos\u00e9 --><\/p>\n<tr>\n<td colspan=\"2\" data-align=\"left\"><strong>Torres S\u00e1nchez, M\u00aa Jos\u00e9<\/strong><br \/>\n<small>mjtorres@us.es<\/small><\/td>\n<td style=\"text-align: center;\" data-align=\"center\">13 a 15 h<\/td>\n<td style=\"text-align: center;\" data-align=\"center\">13 a 15 h<\/td>\n<td style=\"text-align: center;\" data-align=\"center\">13 a 15 h<\/td>\n<td><\/td>\n<td><\/td>\n<\/tr>\n<p><!-- Velasco Ram\u00edrez, Carmen --><\/p>\n<tr>\n<td colspan=\"2\" data-align=\"left\"><strong>Velasco Ram\u00edrez, Carmen<\/strong><br \/>\n<small>cvelasco@us.es<\/small><\/td>\n<td style=\"text-align: center;\" data-align=\"center\">13 a 15 h<\/td>\n<td style=\"text-align: center;\" data-align=\"center\">13 a 15 h<\/td>\n<td style=\"text-align: center;\" data-align=\"center\">13 a 15 h<\/td>\n<td><\/td>\n<td><\/td>\n<\/tr>\n<p><!-- Pulido Toledano, Marina --><\/p>\n<tr>\n<td colspan=\"2\" data-align=\"left\"><strong>Pulido Toledano, Marina<\/strong><br \/>\n<small>mpulido-ibis@us.es<\/small><\/td>\n<td><\/td>\n<td style=\"text-align: center;\" data-align=\"center\">15 a 17 h<\/td>\n<td style=\"text-align: center;\" data-align=\"center\">15 a 17 h<\/td>\n<td style=\"text-align: center;\" data-align=\"center\">15 a 17 h<\/td>\n<td><\/td>\n<\/tr>\n<\/tbody>\n<\/table>\n<\/figure>\n<p><!-- Procedimiento de Solicitud de Tutor\u00eda --><\/p>\n<p><strong>*Procedimiento de Solicitud de Tutor\u00eda:<\/strong> Previa cita, escribiendo el alumno\/a al Profesor\/a por correo electr\u00f3nico.<\/p>\n<p>Para cualquier cuesti\u00f3n de tipo administrativo o general hay que escribir un correo electr\u00f3nico a <b>microccs@us.es<\/b>.<\/p>\n","protected":false},"excerpt":{"rendered":"<p>CURSO 2025-2026 HORARIO DE TUTOR\u00cdAS Y ATENCI\u00d3N A LOS ALUMNOS\/AS* CAMPUS MACARENA PROFESORES LUNES MARTES MI\u00c9RCOLES JUEVES VIERNES Conejo Gonzalo, Carmen cconejo@us.es 15 a 17 h 15 a 17 h 15 a 17 h Docobo P\u00e9rez, Fernando fdocobo1@us.es 15 a 17 h 15 a 17 h 15 a 17 h Garc\u00eda Luque, Isabel igarcial@us.es 11&#8230;<\/p>\n","protected":false},"author":1,"featured_media":0,"parent":0,"menu_order":0,"comment_status":"closed","ping_status":"closed","template":"","meta":{"_kad_post_transparent":"","_kad_post_title":"","_kad_post_layout":"right","_kad_post_sidebar_id":"","_kad_post_content_style":"","_kad_post_vertical_padding":"","_kad_post_feature":"","_kad_post_feature_position":"","_kad_post_header":false,"_kad_post_footer":false,"_kad_post_classname":"","footnotes":""},"class_list":["post-35","page","type-page","status-publish","hentry"],"_links":{"self":[{"href":"https:\/\/departamento.us.es\/microccs\/wp-json\/wp\/v2\/pages\/35","targetHints":{"allow":["GET"]}}],"collection":[{"href":"https:\/\/departamento.us.es\/microccs\/wp-json\/wp\/v2\/pages"}],"about":[{"href":"https:\/\/departamento.us.es\/microccs\/wp-json\/wp\/v2\/types\/page"}],"author":[{"embeddable":true,"href":"https:\/\/departamento.us.es\/microccs\/wp-json\/wp\/v2\/users\/1"}],"replies":[{"embeddable":true,"href":"https:\/\/departamento.us.es\/microccs\/wp-json\/wp\/v2\/comments?post=35"}],"version-history":[{"count":16,"href":"https:\/\/departamento.us.es\/microccs\/wp-json\/wp\/v2\/pages\/35\/revisions"}],"predecessor-version":[{"id":539,"href":"https:\/\/departamento.us.es\/microccs\/wp-json\/wp\/v2\/pages\/35\/revisions\/539"}],"wp:attachment":[{"href":"https:\/\/departamento.us.es\/microccs\/wp-json\/wp\/v2\/media?parent=35"}],"curies":[{"name":"wp","href":"https:\/\/api.w.org\/{rel}","templated":true}]}}