{"id":356,"date":"2025-11-25T10:11:29","date_gmt":"2025-11-25T09:11:29","guid":{"rendered":"https:\/\/departamento.us.es\/microccs\/?page_id=356"},"modified":"2026-01-23T14:29:13","modified_gmt":"2026-01-23T13:29:13","slug":"grupos-investigacion","status":"publish","type":"page","link":"https:\/\/departamento.us.es\/microccs\/investigacion\/grupos-investigacion\/","title":{"rendered":"Grupos de Investigaci\u00f3n"},"content":{"rendered":"<h3><strong><br \/>\n<\/strong>CTS210: Adherencia bacteriana a nuevos biomateriales<\/h3>\n<p><strong>Investigador Principal:<\/strong> <a href=\"https:\/\/departamento.us.es\/microccs\/pdi\/jose-manuel-rodriguez-martinez\/\">Dr. Jos\u00e9 Manuel Rodr\u00edguez Mart\u00ednez<\/a><\/p>\n<p><strong>L\u00edneas de Investigaci\u00f3n<\/strong><\/p>\n<ul>\n<li>Adherencia Bacteriana a Biomateriales de Uso M\u00e9dico.<\/li>\n<li>Farmacolog\u00eda Intracelular de Antimicrobianos.<\/li>\n<li>Epidemiolog\u00eda Molecular de Bacterias Multirresistentes.<\/li>\n<li>Mecanismos de Resistencia a Antimicrobianos.<\/li>\n<li>Modelos Animales de Infecci\u00f3n.<\/li>\n<li>Farmacocin\u00e9tica y Farmacodinamia de Antimicrobianos.<\/li>\n<\/ul>\n<p><a href=\"https:\/\/investigacion.us.es\/sisius\/sis_depgrupos.php?seltext=CTS210&amp;selfield=CODIGO\" target=\"_blank\" rel=\"noopener\">Acceso a la P\u00e1gina del Grupo de Investigaci\u00f3n en SISIUS<\/a><\/p>\n<hr style=\"margin: 15px 0;\" \/>\n<h3>CTS204: Biotecnolog\u00eda Aplicada al Estudio de Enfermedades Infecciosas<\/h3>\n<p><strong>Investigadora Principal:<\/strong> Dra. Mar\u00eda Jos\u00e9 Torres S\u00e1nchez<\/p>\n<p><strong>L\u00edneas de Investigaci\u00f3n<\/strong><\/p>\n<ul>\n<li>Determinaci\u00f3n Genot\u00edpica Sensibilidad a Antivirales.<\/li>\n<li>Determinaci\u00f3n Genot\u00edpica Sensibilidad a Antimicrobianos.<\/li>\n<li>Detecci\u00f3n R\u00e1pida de la Infecci\u00f3n por Mycobacterium Tuberculosis &#8211; Detecci\u00f3n de los Genes de Resistencia a los Agentes Antimicrobianos &#8211; Detecci\u00f3n de Microorganismos en Alime Ntos &#8211; Diagn\u00f3stico de la Infecci\u00f3n Por el VIH. Determinaci\u00f3n de Resistencias a Antirretrovirales Epidemiologia Molecular de Acinetobacter Baumanii Estudio Molecular de la Resistencia de Acinotiobacter Baumanii.<\/li>\n<li>Diagn\u00f3stico Infecci\u00f3n Fungica Invasora.<\/li>\n<\/ul>\n<p><a href=\"https:\/\/investigacion.us.es\/sisius\/sis_depgrupos.php?ct=&amp;cs=&amp;seltext=CTS-204&amp;selfield=CodPAI\" target=\"_blank\" rel=\"noopener\">Acceso a la P\u00e1gina del Grupo de Investigaci\u00f3n en SISIUS<\/a><\/p>\n","protected":false},"excerpt":{"rendered":"<p>CTS210: Adherencia bacteriana a nuevos biomateriales Investigador Principal: Dr. Jos\u00e9 Manuel Rodr\u00edguez Mart\u00ednez L\u00edneas de Investigaci\u00f3n Adherencia Bacteriana a Biomateriales de Uso M\u00e9dico. Farmacolog\u00eda Intracelular de Antimicrobianos. Epidemiolog\u00eda Molecular de Bacterias Multirresistentes. Mecanismos de Resistencia a Antimicrobianos. Modelos Animales de Infecci\u00f3n. Farmacocin\u00e9tica y Farmacodinamia de Antimicrobianos. Acceso a la P\u00e1gina del Grupo de Investigaci\u00f3n en&#8230;<\/p>\n","protected":false},"author":1,"featured_media":0,"parent":39,"menu_order":0,"comment_status":"closed","ping_status":"closed","template":"","meta":{"_kad_post_transparent":"","_kad_post_title":"","_kad_post_layout":"","_kad_post_sidebar_id":"","_kad_post_content_style":"","_kad_post_vertical_padding":"","_kad_post_feature":"","_kad_post_feature_position":"","_kad_post_header":false,"_kad_post_footer":false,"_kad_post_classname":"","footnotes":""},"class_list":["post-356","page","type-page","status-publish","hentry"],"_links":{"self":[{"href":"https:\/\/departamento.us.es\/microccs\/wp-json\/wp\/v2\/pages\/356","targetHints":{"allow":["GET"]}}],"collection":[{"href":"https:\/\/departamento.us.es\/microccs\/wp-json\/wp\/v2\/pages"}],"about":[{"href":"https:\/\/departamento.us.es\/microccs\/wp-json\/wp\/v2\/types\/page"}],"author":[{"embeddable":true,"href":"https:\/\/departamento.us.es\/microccs\/wp-json\/wp\/v2\/users\/1"}],"replies":[{"embeddable":true,"href":"https:\/\/departamento.us.es\/microccs\/wp-json\/wp\/v2\/comments?post=356"}],"version-history":[{"count":5,"href":"https:\/\/departamento.us.es\/microccs\/wp-json\/wp\/v2\/pages\/356\/revisions"}],"predecessor-version":[{"id":573,"href":"https:\/\/departamento.us.es\/microccs\/wp-json\/wp\/v2\/pages\/356\/revisions\/573"}],"up":[{"embeddable":true,"href":"https:\/\/departamento.us.es\/microccs\/wp-json\/wp\/v2\/pages\/39"}],"wp:attachment":[{"href":"https:\/\/departamento.us.es\/microccs\/wp-json\/wp\/v2\/media?parent=356"}],"curies":[{"name":"wp","href":"https:\/\/api.w.org\/{rel}","templated":true}]}}