{"id":382,"date":"2025-11-28T13:59:45","date_gmt":"2025-11-28T12:59:45","guid":{"rendered":"https:\/\/departamento.us.es\/microccs\/?page_id=382"},"modified":"2025-12-01T15:14:34","modified_gmt":"2025-12-01T14:14:34","slug":"maria-luisa-pecero-lopez","status":"publish","type":"page","link":"https:\/\/departamento.us.es\/microccs\/ptgas\/maria-luisa-pecero-lopez\/","title":{"rendered":"Mar\u00eda Luisa Pecero L\u00f3pez"},"content":{"rendered":"\n<div class=\"wp-block-media-text is-stacked-on-mobile\" style=\"grid-template-columns:21% auto\"><figure class=\"wp-block-media-text__media\"><img loading=\"lazy\" decoding=\"async\" width=\"1024\" height=\"775\" src=\"https:\/\/departamento.us.es\/microccs\/wp-content\/uploads\/2025\/12\/Maria-Luisa-Pecero-scaled-e1764596154273-1024x775.jpg\" alt=\"\" class=\"wp-image-411 size-full\" srcset=\"https:\/\/departamento.us.es\/microccs\/wp-content\/uploads\/2025\/12\/Maria-Luisa-Pecero-scaled-e1764596154273-1024x775.jpg 1024w, https:\/\/departamento.us.es\/microccs\/wp-content\/uploads\/2025\/12\/Maria-Luisa-Pecero-scaled-e1764596154273-300x227.jpg 300w, https:\/\/departamento.us.es\/microccs\/wp-content\/uploads\/2025\/12\/Maria-Luisa-Pecero-scaled-e1764596154273-768x581.jpg 768w, https:\/\/departamento.us.es\/microccs\/wp-content\/uploads\/2025\/12\/Maria-Luisa-Pecero-scaled-e1764596154273.jpg 1207w\" sizes=\"auto, (max-width: 1024px) 100vw, 1024px\" \/><\/figure><div class=\"wp-block-media-text__content\">\n<p><strong>Mar\u00eda Luisa Pecero L\u00f3pez<\/strong><br \/>T\u00e9cnico Especialista de Laboratorio (PTGAS Laboral)<br \/>Departamento de Microbiolog\u00eda \u2014 Facultad de Medicina<br \/><strong><span style=\"color: #333;\" title=\"Correo electr\u00f3nico\">Correo: <\/span><\/strong><span style=\"color: #333;\" title=\"Correo electr\u00f3nico\">mlpecero@us.es<\/span>\u00a0| <strong><span style=\"color: #333;\" title=\"Despacho\">Despacho:<\/span><\/strong> Planta S\u00f3tano | <strong><span style=\"color: #333;\">Tel.:<\/span><\/strong> 954 552 863<br \/><a href=\"https:\/\/investigacion.us.es\/sisius\/sis_showpub.php?idpers=9781\">Perfil de Sisius de la Universidad de Sevilla<\/a><\/p>\n<\/div><\/div>\n\n\n<p><!-- Ficha breve de profesor para p\u00e1gina est\u00e1tica del Departamento --><\/p>\n<h3>Formaci\u00f3n y Trayectoria<\/h3>\n<ul>\n<li><strong>Formaci\u00f3n: <\/strong>D.E.A en Neurociencia por la Universidad de Sevilla (2006). Licenciada en Biolog\u00eda (2003).<\/li>\n<li><strong>Trayectoria en la US: <\/strong>15 a\u00f1os de experiencia en el Investigaci\u00f3n y Apoyo a la Docencia.<\/li>\n<li><strong>Trayectoria fuera de la US:<\/strong> 6 a\u00f1os de experiencia de Investigaci\u00f3n Biom\u00e9dica.<\/li>\n<\/ul>\n<h3>Aportaciones de valor<\/h3>\n<ul>\n<li>Liderazgo y Gesti\u00f3n Operacional en Laboratorio.<\/li>\n<li>T\u00e9cnicas Avanzadas en Biolog\u00eda Molecular y Microscop\u00eda.<\/li>\n<li>An\u00e1lisis de Datos y Microbiolog\u00eda Cl\u00ednica.<\/li>\n<\/ul>\n<h3>Directorios y Portales profesionales<\/h3>\n<ul>\n<li><a href=\"https:\/\/es.linkedin.com\/in\/m%C2%AA-luisa-pecero-l%C3%B3pez-9b52286a\">Perfil de Linkedin<\/a><\/li>\n<li><a href=\"https:\/\/www.us.es\/trabaja-en-la-us\/directorio\/m-luisa-pecero-lopez\">Directorio de Personal US<\/a><\/li>\n<\/ul>","protected":false},"excerpt":{"rendered":"<p>Mar\u00eda Luisa Pecero L\u00f3pezT\u00e9cnico Especialista de Laboratorio (PTGAS Laboral)Departamento de Microbiolog\u00eda \u2014 Facultad de MedicinaCorreo: mlpecero@us.es\u00a0| Despacho: Planta S\u00f3tano | Tel.: 954 552 863Perfil de Sisius de la Universidad de Sevilla Formaci\u00f3n y Trayectoria Formaci\u00f3n: D.E.A en Neurociencia por la Universidad de Sevilla (2006). Licenciada en Biolog\u00eda (2003). Trayectoria en la US: 15 a\u00f1os de&#8230;<\/p>\n","protected":false},"author":1,"featured_media":0,"parent":33,"menu_order":0,"comment_status":"closed","ping_status":"closed","template":"","meta":{"_kad_post_transparent":"","_kad_post_title":"","_kad_post_layout":"","_kad_post_sidebar_id":"","_kad_post_content_style":"","_kad_post_vertical_padding":"","_kad_post_feature":"","_kad_post_feature_position":"","_kad_post_header":false,"_kad_post_footer":false,"_kad_post_classname":"","footnotes":""},"class_list":["post-382","page","type-page","status-publish","hentry"],"_links":{"self":[{"href":"https:\/\/departamento.us.es\/microccs\/wp-json\/wp\/v2\/pages\/382","targetHints":{"allow":["GET"]}}],"collection":[{"href":"https:\/\/departamento.us.es\/microccs\/wp-json\/wp\/v2\/pages"}],"about":[{"href":"https:\/\/departamento.us.es\/microccs\/wp-json\/wp\/v2\/types\/page"}],"author":[{"embeddable":true,"href":"https:\/\/departamento.us.es\/microccs\/wp-json\/wp\/v2\/users\/1"}],"replies":[{"embeddable":true,"href":"https:\/\/departamento.us.es\/microccs\/wp-json\/wp\/v2\/comments?post=382"}],"version-history":[{"count":4,"href":"https:\/\/departamento.us.es\/microccs\/wp-json\/wp\/v2\/pages\/382\/revisions"}],"predecessor-version":[{"id":425,"href":"https:\/\/departamento.us.es\/microccs\/wp-json\/wp\/v2\/pages\/382\/revisions\/425"}],"up":[{"embeddable":true,"href":"https:\/\/departamento.us.es\/microccs\/wp-json\/wp\/v2\/pages\/33"}],"wp:attachment":[{"href":"https:\/\/departamento.us.es\/microccs\/wp-json\/wp\/v2\/media?parent=382"}],"curies":[{"name":"wp","href":"https:\/\/api.w.org\/{rel}","templated":true}]}}