{"id":389,"date":"2025-12-01T12:54:13","date_gmt":"2025-12-01T11:54:13","guid":{"rendered":"https:\/\/departamento.us.es\/microccs\/?page_id=389"},"modified":"2026-03-18T08:51:53","modified_gmt":"2026-03-18T07:51:53","slug":"fernando-docobo-perez","status":"publish","type":"page","link":"https:\/\/departamento.us.es\/microccs\/pdi\/fernando-docobo-perez\/","title":{"rendered":"Dr. Fernando Docobo P\u00e9rez"},"content":{"rendered":"\n<div class=\"wp-block-media-text is-stacked-on-mobile\" style=\"grid-template-columns:20% auto\"><figure class=\"wp-block-media-text__media\"><img loading=\"lazy\" decoding=\"async\" width=\"1024\" height=\"862\" src=\"https:\/\/departamento.us.es\/microccs\/wp-content\/uploads\/2025\/11\/Fernando-Docobo-Perez-e1764589823940-1024x862.jpg\" alt=\"\" class=\"wp-image-390 size-full\" srcset=\"https:\/\/departamento.us.es\/microccs\/wp-content\/uploads\/2025\/11\/Fernando-Docobo-Perez-e1764589823940-1024x862.jpg 1024w, https:\/\/departamento.us.es\/microccs\/wp-content\/uploads\/2025\/11\/Fernando-Docobo-Perez-e1764589823940-300x253.jpg 300w, https:\/\/departamento.us.es\/microccs\/wp-content\/uploads\/2025\/11\/Fernando-Docobo-Perez-e1764589823940-768x647.jpg 768w, https:\/\/departamento.us.es\/microccs\/wp-content\/uploads\/2025\/11\/Fernando-Docobo-Perez-e1764589823940.jpg 1277w\" sizes=\"auto, (max-width: 1024px) 100vw, 1024px\" \/><\/figure><div class=\"wp-block-media-text__content\">\n<p><strong>Dr. Fernando Docobo P\u00e9rez<\/strong><br \/>Profesor Titular.<br \/>Departamento de Microbiolog\u00eda \u2014 Facultad de Medicina<br \/><strong><span style=\"color: #333;\" title=\"Correo electr\u00f3nico\">Correo: <\/span><\/strong><span style=\"color: #333;\" title=\"Correo electr\u00f3nico\">fdocobo1@us.es<\/span>\u00a0| <strong><span style=\"color: #333;\" title=\"Despacho\">Despacho:<\/span><\/strong> S\u00f3tano | <strong><span style=\"color: #333;\">Tel.:<\/span><\/strong> 954 556 100<br \/><a href=\"https:\/\/prisma.us.es\/investigador\/4565\" target=\"_blank\" rel=\"noopener\">Perfil PRISMA<\/a> \u00a0<a href=\"URL_PRISMA\" target=\"_blank\" rel=\"noopener\">|<\/a> \u00a0<a href=\"https:\/\/investigacion.us.es\/sisius\/sis_showpub.php?idpers=10881\" target=\"_blank\" rel=\"noopener\">Perfil SISIUS<\/a>\u00a0 | \u00a0<a href=\"https:\/\/orcid.org\/0000-0003-4038-6764\" target=\"_blank\" rel=\"noopener\">ORCID<\/a>\u00a0 |\u00a0 <a href=\"https:\/\/idus.us.es\/author-profiles\/4565\" target=\"_blank\" rel=\"noopener\">iDUS<\/a><\/p>\n<\/div><\/div>\n\n\n<p><!-- Ficha breve de profesor para p\u00e1gina est\u00e1tica del Departamento --><\/p>\n<h3>Formaci\u00f3n y Trayectoria<\/h3>\n<ul>\n<li><strong>Formaci\u00f3n: <\/strong>Doctor por la Universidad de Sevilla (2009). Licenciado en Biolog\u00eda (2002).<\/li>\n<li><strong>Cargo Acad\u00e9mico Actual:<\/strong> Director del Secretariado de Salud Laboral y Prevenci\u00f3n de Riesgos Laborales (Vicerrectorado de Bienestar, Salud, Diversidad e Igualdad).<\/li>\n<li><strong>Trayectoria en la US: <\/strong>22 a\u00f1os de experiencia en Docencia e Investigaci\u00f3n.<\/li>\n<li><strong>Cargos anteriores:<\/strong> Vicedecano de Emprendimiento, Calidad y Seguridad (Facultad de Medicina).<\/li>\n<\/ul>\n<h3>Docencia<\/h3>\n<ul>\n<li>Grado en Medicina.<\/li>\n<li>Grado en Biomedicina B\u00e1sica y Experimental.<\/li>\n<li>M\u00e1ster Universitario en Investigaci\u00f3n M\u00e9dica: C\u00ednica y Experimental.<\/li>\n<li>M\u00e1ster Universitario en Investigaci\u00f3n Biom\u00e9dica.<\/li>\n<\/ul>\n<h3>Investigaci\u00f3n<\/h3>\n<ul>\n<li><strong>Grupo de Investigaci\u00f3n: <\/strong><a href=\"https:\/\/investigacion.us.es\/sisius\/sis_depgrupos.php?ct=&amp;cs=&amp;seltext=CTS-210&amp;selfield=CodPAI\">CTS210: Resistencia a Antimicrobianos<\/a><\/li>\n<li><strong>L\u00edneas de investigaci\u00f3n:<\/strong>\n<ul>\n<li>Mecanismos de resistencia a antimicrobianos.<\/li>\n<li>Modelos experimentales de de infecci\u00f3n.<\/li>\n<li>Farmacocin\u00e9tica y farmacodinamia de antimicrobianos.<\/li>\n<li>Optimizaci\u00f3n de viejos antimicrobianos.<\/li>\n<\/ul>\n<\/li>\n<\/ul>","protected":false},"excerpt":{"rendered":"<p>Dr. Fernando Docobo P\u00e9rezProfesor Titular.Departamento de Microbiolog\u00eda \u2014 Facultad de MedicinaCorreo: fdocobo1@us.es\u00a0| Despacho: S\u00f3tano | Tel.: 954 556 100Perfil PRISMA \u00a0| \u00a0Perfil SISIUS\u00a0 | \u00a0ORCID\u00a0 |\u00a0 iDUS Formaci\u00f3n y Trayectoria Formaci\u00f3n: Doctor por la Universidad de Sevilla (2009). Licenciado en Biolog\u00eda (2002). Cargo Acad\u00e9mico Actual: Director del Secretariado de Salud Laboral y Prevenci\u00f3n de Riesgos&#8230;<\/p>\n","protected":false},"author":1,"featured_media":0,"parent":31,"menu_order":0,"comment_status":"closed","ping_status":"closed","template":"","meta":{"_kad_post_transparent":"","_kad_post_title":"","_kad_post_layout":"","_kad_post_sidebar_id":"","_kad_post_content_style":"","_kad_post_vertical_padding":"","_kad_post_feature":"","_kad_post_feature_position":"","_kad_post_header":false,"_kad_post_footer":false,"_kad_post_classname":"","footnotes":""},"class_list":["post-389","page","type-page","status-publish","hentry"],"_links":{"self":[{"href":"https:\/\/departamento.us.es\/microccs\/wp-json\/wp\/v2\/pages\/389","targetHints":{"allow":["GET"]}}],"collection":[{"href":"https:\/\/departamento.us.es\/microccs\/wp-json\/wp\/v2\/pages"}],"about":[{"href":"https:\/\/departamento.us.es\/microccs\/wp-json\/wp\/v2\/types\/page"}],"author":[{"embeddable":true,"href":"https:\/\/departamento.us.es\/microccs\/wp-json\/wp\/v2\/users\/1"}],"replies":[{"embeddable":true,"href":"https:\/\/departamento.us.es\/microccs\/wp-json\/wp\/v2\/comments?post=389"}],"version-history":[{"count":6,"href":"https:\/\/departamento.us.es\/microccs\/wp-json\/wp\/v2\/pages\/389\/revisions"}],"predecessor-version":[{"id":705,"href":"https:\/\/departamento.us.es\/microccs\/wp-json\/wp\/v2\/pages\/389\/revisions\/705"}],"up":[{"embeddable":true,"href":"https:\/\/departamento.us.es\/microccs\/wp-json\/wp\/v2\/pages\/31"}],"wp:attachment":[{"href":"https:\/\/departamento.us.es\/microccs\/wp-json\/wp\/v2\/media?parent=389"}],"curies":[{"name":"wp","href":"https:\/\/api.w.org\/{rel}","templated":true}]}}