{"id":419,"date":"2025-12-01T15:07:27","date_gmt":"2025-12-01T14:07:27","guid":{"rendered":"https:\/\/departamento.us.es\/microccs\/?page_id=419"},"modified":"2025-12-03T10:49:43","modified_gmt":"2025-12-03T09:49:43","slug":"conectividad-web-centros-hospitalarios","status":"publish","type":"page","link":"https:\/\/departamento.us.es\/microccs\/conectividad-web-centros-hospitalarios\/","title":{"rendered":"Conectividad Web (Centros Hospitalarios)"},"content":{"rendered":"<p>El <strong>Vicedecanato de Ordenaci\u00f3n Acad\u00e9mica de la Facultad de Medicina<\/strong> informa que los siguientes <strong>Recursos de Conectividad a Internet <\/strong> est\u00e1n disponibles en los distintos centros hospitalarios, especialmente en aquellos espacios donde la <strong>Red Eduroam<\/strong> ya no est\u00e1 operativa.<\/p>\n<article>\n<h3>1. Red Wifi \u201cAndaluc\u00eda Vuela\u201d<\/h3>\n<ul>\n<li>Esta red dispone de dos modalidades de acceso:\n<ul>\n<li><strong>Acceso para profesionales del SAS<\/strong> (usuarios con cuenta DMSAS).<\/li>\n<li><strong>Acceso para la ciudadan\u00eda<\/strong> (en proceso de despliegue completo en hospitales).<\/li>\n<\/ul>\n<\/li>\n<li><strong>Procedimiento de conexi\u00f3n: <\/strong>al introducir su n\u00famero de m\u00f3vil recibir\u00e1 un SMS con la clave de acceso.<\/li>\n<li><strong>M\u00e1s informaci\u00f3n:<\/strong> <a href=\"https:\/\/andaluciavuela.es\/personas\/red-wifi-andalucia-vuela\">https:\/\/andaluciavuela.es\/personas\/red-wifi-andalucia-vuela<\/a><\/li>\n<\/ul>\n<h3>2. Red Corporativa \u201cRCJA\u201d (para usuarios DMSAS)<\/h3>\n<ul>\n<li>Red totalmente operativa en la mayor parte del campus hospitalario.<\/li>\n<li><strong>Procedimiento de conexi\u00f3n:<\/strong> permite emplear las credenciales profesionales del SAS.<\/li>\n<li><strong>M\u00e1s informaci\u00f3n: <\/strong><a href=\"https:\/\/www.sspa.juntadeandalucia.es\/servicioandaluzdesalud\/profesionales\/servicios-de-soporte-tic\/wifi-corporativa\">https:\/\/www.sspa.juntadeandalucia.es\/servicioandaluzdesalud\/profesionales\/servicios-de-soporte-tic\/wifi-corporativa<\/a><\/li>\n<\/ul>\n<h3>3. VPN de la Universidad de Sevilla<\/h3>\n<ul>\n<li>La comunidad universitaria dispone de un servicio de VPN propio para acceder a recursos internos cuando se trabaja desde fuera de la Red Eduroam.<\/li>\n<li><strong>M\u00e1s informaci\u00f3n: <\/strong><a href=\"https:\/\/sic.us.es\/servicios\/infraestructuras-comunicaciones-hw-y-sw\/acceso-externo-los-recursos-electronicos-de-la-us\">https:\/\/sic.us.es\/servicios\/infraestructuras-comunicaciones-hw-y-sw\/acceso-externo-los-recursos-electronicos-de-la-us<\/a><\/li>\n<\/ul>\n","protected":false},"excerpt":{"rendered":"<p>El Vicedecanato de Ordenaci\u00f3n Acad\u00e9mica de la Facultad de Medicina informa que los siguientes Recursos de Conectividad a Internet est\u00e1n disponibles en los distintos centros hospitalarios, especialmente en aquellos espacios donde la Red Eduroam ya no est\u00e1 operativa. 1. Red Wifi \u201cAndaluc\u00eda Vuela\u201d Esta red dispone de dos modalidades de acceso: Acceso para profesionales del&#8230;<\/p>\n","protected":false},"author":1,"featured_media":0,"parent":0,"menu_order":0,"comment_status":"closed","ping_status":"closed","template":"","meta":{"_kad_post_transparent":"","_kad_post_title":"","_kad_post_layout":"","_kad_post_sidebar_id":"","_kad_post_content_style":"","_kad_post_vertical_padding":"","_kad_post_feature":"","_kad_post_feature_position":"","_kad_post_header":false,"_kad_post_footer":false,"_kad_post_classname":"","footnotes":""},"class_list":["post-419","page","type-page","status-publish","hentry"],"_links":{"self":[{"href":"https:\/\/departamento.us.es\/microccs\/wp-json\/wp\/v2\/pages\/419","targetHints":{"allow":["GET"]}}],"collection":[{"href":"https:\/\/departamento.us.es\/microccs\/wp-json\/wp\/v2\/pages"}],"about":[{"href":"https:\/\/departamento.us.es\/microccs\/wp-json\/wp\/v2\/types\/page"}],"author":[{"embeddable":true,"href":"https:\/\/departamento.us.es\/microccs\/wp-json\/wp\/v2\/users\/1"}],"replies":[{"embeddable":true,"href":"https:\/\/departamento.us.es\/microccs\/wp-json\/wp\/v2\/comments?post=419"}],"version-history":[{"count":3,"href":"https:\/\/departamento.us.es\/microccs\/wp-json\/wp\/v2\/pages\/419\/revisions"}],"predecessor-version":[{"id":504,"href":"https:\/\/departamento.us.es\/microccs\/wp-json\/wp\/v2\/pages\/419\/revisions\/504"}],"wp:attachment":[{"href":"https:\/\/departamento.us.es\/microccs\/wp-json\/wp\/v2\/media?parent=419"}],"curies":[{"name":"wp","href":"https:\/\/api.w.org\/{rel}","templated":true}]}}