{"id":534,"date":"2025-12-17T12:03:13","date_gmt":"2025-12-17T11:03:13","guid":{"rendered":"https:\/\/departamento.us.es\/microccs\/?page_id=534"},"modified":"2026-03-13T12:17:10","modified_gmt":"2026-03-13T11:17:10","slug":"alumno-interno","status":"publish","type":"page","link":"https:\/\/departamento.us.es\/microccs\/tramites-administrativos\/alumno-interno\/","title":{"rendered":"Alumno\/a Interno\/a"},"content":{"rendered":"<h3>Interesados\/as<\/h3>\n<p>Alumnos\/as matriculados, que hayan superado asignaturas impartidas por el Departamento.<\/p>\n<h3>\u00bfC\u00f3mo realizar el Tr\u00e1mite?<\/h3>\n<p>Los interesados\/as deber\u00e1n enviar por registro a trav\u00e9s de la sede electr\u00f3nica de la Universidad de Sevilla su propuesta de solicitud, junto con el Expediente Acad\u00e9mico (que deber\u00e1 adjuntarlo en el paso 3 del formulario de env\u00edo)<\/p>\n<p>Para obtener el expediente el alumno\/a deber\u00e1 acceder a su perfil de la <a href=\"https:\/\/sevius.us.es\/\" target=\"_blank\" rel=\"noopener\">Secretar\u00eda Virtual<\/a>.<\/p>\n<p>Aquellos\/as interesados\/as de a\u00f1os precedentes, que deseen renovar esta condici\u00f3n, deber\u00e1n cumplimentar de nuevo, el impreso de solicitud, a efectos de hacer constar su intenci\u00f3n de renovaci\u00f3n.<\/p>\n<h4>Selecci\u00f3n de Candidatos\/as:<\/h4>\n<p>Se tendr\u00e1 en cuenta el <strong>Expediente Acad\u00e9mico<\/strong>, principalmente tomando como referencia las asignaturas impartidas por el Departamento en <a href=\"https:\/\/departamento.us.es\/microccs\/estudios-de-grado\/\">Grado<\/a> y <a href=\"https:\/\/departamento.us.es\/microccs\/estudios-de-master\/\">M\u00e1ster Universitario<\/a>.<\/p>\n<p>En caso necesario, se convocar\u00eda a los candidatos a realizar una entrevista con el profesor convocante.<\/p>\n<h4>Plazas convocadas para 2025-2026<\/h4>\n<ul>\n<li><strong>Dr. D. Jos\u00e9 Manuel Rodr\u00edguez Mart\u00ednez:<\/strong> 1 plaza.<\/li>\n<li><strong>Dr. D. Fernando Docobo P\u00e9rez:<\/strong> 2 plazas.<\/li>\n<li><strong>Dra. D\u00aa. Marina Rosa Pulido Toledano:<\/strong> 3 plazas.<\/li>\n<\/ul>\n<h4>Plazo de Presentaci\u00f3n Curso 2025-2026 (Cerrado)<\/h4>\n<p>Del 23 de octubre al 7 de noviembre de 2025 (ambos inclusive).<\/p>\n<h3>Solicitud<\/h3>\n<p><a href=\"https:\/\/sede.us.es\/oficina\/tramites\/acceso.do?id=8288&amp;block=cEstudiantes_1098&amp;blockType=AREAS_SEDE\" target=\"_blank\" rel=\"noopener\">Procedimiento de Presentaci\u00f3n de Instancias y Solicitudes Gen\u00e9ricas<\/a><\/p>\n<h3>Contacto administrativo<\/h3>\n<p>Cualquier consulta o duda que tenga el Estudiante puede escribir un correo electr\u00f3nico a la direcci\u00f3n <strong>microccs@us.es<\/strong><br \/>\n<a href=\"https:\/\/departamento.us.es\/microccs\/tramites-administrativos\/\">Otros Tr\u00e1mites Administrativos de la Secretaria del Departamento<\/a><\/p>\n<h3>Normativa Aplicable<\/h3>\n<ul>\n<li>T\u00edtulo V del <a href=\"https:\/\/www.us.es\/bous-numeros\/acuerdo-3cu-19-3-09-por-el-que-se-aprueba-el-reglamento-general-de-estudiantes-de-la\" target=\"_blank\" rel=\"noopener\">Reglamento General de Estudiantes<\/a><\/li>\n<li><a href=\"https:\/\/departamento.us.es\/microccs\/instrucciones-sobre-el-uso-del-registro-electronico\/\">Instrucciones de Uso del Registro Electr\u00f3nico<\/a><\/li>\n<li><a href=\"https:\/\/www.us.es\/bous-numeros\/numero-12-23-de-diciembre-de-2022\/acuerdo-71cg-20-12-22-por-el-que-se-aprueba-el\" target=\"_blank\" rel=\"noopener\">Reglamento sobre Administraci\u00f3n Electr\u00f3nica de la US<\/a><\/li>\n<\/ul>\n","protected":false},"excerpt":{"rendered":"<p>Interesados\/as Alumnos\/as matriculados, que hayan superado asignaturas impartidas por el Departamento. \u00bfC\u00f3mo realizar el Tr\u00e1mite? Los interesados\/as deber\u00e1n enviar por registro a trav\u00e9s de la sede electr\u00f3nica de la Universidad de Sevilla su propuesta de solicitud, junto con el Expediente Acad\u00e9mico (que deber\u00e1 adjuntarlo en el paso 3 del formulario de env\u00edo) Para obtener el&#8230;<\/p>\n","protected":false},"author":1,"featured_media":0,"parent":320,"menu_order":0,"comment_status":"closed","ping_status":"closed","template":"","meta":{"_kad_post_transparent":"","_kad_post_title":"","_kad_post_layout":"","_kad_post_sidebar_id":"","_kad_post_content_style":"","_kad_post_vertical_padding":"","_kad_post_feature":"","_kad_post_feature_position":"","_kad_post_header":false,"_kad_post_footer":false,"_kad_post_classname":"","footnotes":""},"class_list":["post-534","page","type-page","status-publish","hentry"],"_links":{"self":[{"href":"https:\/\/departamento.us.es\/microccs\/wp-json\/wp\/v2\/pages\/534","targetHints":{"allow":["GET"]}}],"collection":[{"href":"https:\/\/departamento.us.es\/microccs\/wp-json\/wp\/v2\/pages"}],"about":[{"href":"https:\/\/departamento.us.es\/microccs\/wp-json\/wp\/v2\/types\/page"}],"author":[{"embeddable":true,"href":"https:\/\/departamento.us.es\/microccs\/wp-json\/wp\/v2\/users\/1"}],"replies":[{"embeddable":true,"href":"https:\/\/departamento.us.es\/microccs\/wp-json\/wp\/v2\/comments?post=534"}],"version-history":[{"count":4,"href":"https:\/\/departamento.us.es\/microccs\/wp-json\/wp\/v2\/pages\/534\/revisions"}],"predecessor-version":[{"id":631,"href":"https:\/\/departamento.us.es\/microccs\/wp-json\/wp\/v2\/pages\/534\/revisions\/631"}],"up":[{"embeddable":true,"href":"https:\/\/departamento.us.es\/microccs\/wp-json\/wp\/v2\/pages\/320"}],"wp:attachment":[{"href":"https:\/\/departamento.us.es\/microccs\/wp-json\/wp\/v2\/media?parent=534"}],"curies":[{"name":"wp","href":"https:\/\/api.w.org\/{rel}","templated":true}]}}