{"id":591,"date":"2026-02-02T14:31:15","date_gmt":"2026-02-02T13:31:15","guid":{"rendered":"https:\/\/departamento.us.es\/microccs\/?page_id=591"},"modified":"2026-02-03T12:35:59","modified_gmt":"2026-02-03T11:35:59","slug":"faq","status":"publish","type":"page","link":"https:\/\/departamento.us.es\/microccs\/faq\/","title":{"rendered":"Preguntas Frecuentes (FAQ)"},"content":{"rendered":"<h2>1. Instalaciones y Ubicaci\u00f3n<\/h2>\n<h3>\u00bfD\u00f3nde se encuentra la sede administrativa del Departamento?<\/h3>\n<p>La <strong>sede administrativa del Departamento (Secretaria)<\/strong> se encuentra f\u00edsicamente en la planta baja del Departamento, en la Facultad de Medicina. Para acceder a la misma, deber\u00e1s acudir a la plaza donde se encuentra el Pabell\u00f3n Docente y subir por el peque\u00f1o tramo de escaleras que hay justo enfrente. Una vez entres por la puerta exterior, la puerta del Departamento quedar\u00e1 a la izquierda. A la derecha se encuentra el Departamento de Bioqu\u00edmica y Biolog\u00eda Molecular. La Secretaria queda a la derecha, una vez hayas entrado en el Departamento. Preferentemente en horario de 9:00 a 14:00 h y de Lunes a Viernes te atender\u00e1 <a href=\"https:\/\/departamento.us.es\/microccs\/ptgas\/adrian-macias-alegre\/\" target=\"_blank\" rel=\"noopener\">Adri\u00e1n Mac\u00edas Alegre<\/a>, personal administrativo del Departamento.<\/p>\n<div id='gallery-1' class='gallery galleryid-591 gallery-columns-2 gallery-size-large'><figure class='gallery-item'>\n\t\t\t<div class='gallery-icon portrait'>\n\t\t\t\t<img loading=\"lazy\" decoding=\"async\" width=\"771\" height=\"1024\" src=\"https:\/\/departamento.us.es\/microccs\/wp-content\/uploads\/2026\/02\/IMG20260202131435-771x1024.jpg\" class=\"attachment-large size-large\" alt=\"\" aria-describedby=\"gallery-1-594\" srcset=\"https:\/\/departamento.us.es\/microccs\/wp-content\/uploads\/2026\/02\/IMG20260202131435-771x1024.jpg 771w, https:\/\/departamento.us.es\/microccs\/wp-content\/uploads\/2026\/02\/IMG20260202131435-226x300.jpg 226w, https:\/\/departamento.us.es\/microccs\/wp-content\/uploads\/2026\/02\/IMG20260202131435-768x1020.jpg 768w, https:\/\/departamento.us.es\/microccs\/wp-content\/uploads\/2026\/02\/IMG20260202131435-1157x1536.jpg 1157w, https:\/\/departamento.us.es\/microccs\/wp-content\/uploads\/2026\/02\/IMG20260202131435-1542x2048.jpg 1542w, https:\/\/departamento.us.es\/microccs\/wp-content\/uploads\/2026\/02\/IMG20260202131435-scaled.jpg 1928w\" sizes=\"auto, (max-width: 771px) 100vw, 771px\" \/>\n\t\t\t<\/div>\n\t\t\t\t<figcaption class='wp-caption-text gallery-caption' id='gallery-1-594'>\n\t\t\t\tPuerta de Microbiolog\u00eda\n\t\t\t\t<\/figcaption><\/figure><figure class='gallery-item'>\n\t\t\t<div class='gallery-icon portrait'>\n\t\t\t\t<img loading=\"lazy\" decoding=\"async\" width=\"771\" height=\"1024\" src=\"https:\/\/departamento.us.es\/microccs\/wp-content\/uploads\/2026\/02\/IMG20260202131440-771x1024.jpg\" class=\"attachment-large size-large\" alt=\"\" aria-describedby=\"gallery-1-593\" srcset=\"https:\/\/departamento.us.es\/microccs\/wp-content\/uploads\/2026\/02\/IMG20260202131440-771x1024.jpg 771w, https:\/\/departamento.us.es\/microccs\/wp-content\/uploads\/2026\/02\/IMG20260202131440-226x300.jpg 226w, https:\/\/departamento.us.es\/microccs\/wp-content\/uploads\/2026\/02\/IMG20260202131440-768x1020.jpg 768w, https:\/\/departamento.us.es\/microccs\/wp-content\/uploads\/2026\/02\/IMG20260202131440-1157x1536.jpg 1157w, https:\/\/departamento.us.es\/microccs\/wp-content\/uploads\/2026\/02\/IMG20260202131440-1542x2048.jpg 1542w, https:\/\/departamento.us.es\/microccs\/wp-content\/uploads\/2026\/02\/IMG20260202131440-scaled.jpg 1928w\" sizes=\"auto, (max-width: 771px) 100vw, 771px\" \/>\n\t\t\t<\/div>\n\t\t\t\t<figcaption class='wp-caption-text gallery-caption' id='gallery-1-593'>\n\t\t\t\tPuerta de Bioqu\u00edmica\n\t\t\t\t<\/figcaption><\/figure>\n\t\t<\/div>\n\n<ul>\n<li>Puedes obtener m\u00e1s informaci\u00f3n sobre la <a href=\"https:\/\/departamento.us.es\/microccs\/contacto\/\">Ubicaci\u00f3n del Departamento<\/a>.<\/li>\n<li>El Departamento cuenta tambi\u00e9n con una <a href=\"https:\/\/departamento.us.es\/dmicro\/web\/contacto\/\" target=\"_blank\" rel=\"noopener\">sede en la Facultad de Biolog\u00eda<\/a>.<\/li>\n<\/ul>\n<h3>\u00bfC\u00f3mo puedo encontrar el Aula de Pr\u00e1cticas?<\/h3>\n<p>Se encuentra en la planta baja del Departamento. Para acceder, la mejor forma es seguir las indicaciones de la pregunta anterior, y una vez dentro del Departamento:<\/p>\n<ul>\n<li>Seguir recto hasta el final del pasillo principal.<\/li>\n<\/ul>\n<p><img loading=\"lazy\" decoding=\"async\" class=\"aligncenter wp-image-595 size-large\" src=\"https:\/\/departamento.us.es\/microccs\/wp-content\/uploads\/2026\/02\/Pasillo-principal-e1770035914999-974x1024.jpg\" alt=\"\" width=\"974\" height=\"1024\" srcset=\"https:\/\/departamento.us.es\/microccs\/wp-content\/uploads\/2026\/02\/Pasillo-principal-e1770035914999-974x1024.jpg 974w, https:\/\/departamento.us.es\/microccs\/wp-content\/uploads\/2026\/02\/Pasillo-principal-e1770035914999-285x300.jpg 285w, https:\/\/departamento.us.es\/microccs\/wp-content\/uploads\/2026\/02\/Pasillo-principal-e1770035914999-768x808.jpg 768w, https:\/\/departamento.us.es\/microccs\/wp-content\/uploads\/2026\/02\/Pasillo-principal-e1770035914999-1461x1536.jpg 1461w, https:\/\/departamento.us.es\/microccs\/wp-content\/uploads\/2026\/02\/Pasillo-principal-e1770035914999.jpg 1864w\" sizes=\"auto, (max-width: 974px) 100vw, 974px\" \/><\/p>\n<ul>\n<li>Girar a la derecha y seguir recto hasta el final de ese segundo pasillo. La puerta del <strong>Aula de Pr\u00e1cticas<\/strong> es la central, como se se\u00f1ala en la imagen a continuaci\u00f3n.<\/li>\n<\/ul>\n<p><img loading=\"lazy\" decoding=\"async\" class=\"size-large wp-image-596 aligncenter\" src=\"https:\/\/departamento.us.es\/microccs\/wp-content\/uploads\/2026\/02\/Aula-Practicas-771x1024.png\" alt=\"\" width=\"771\" height=\"1024\" srcset=\"https:\/\/departamento.us.es\/microccs\/wp-content\/uploads\/2026\/02\/Aula-Practicas-771x1024.png 771w, https:\/\/departamento.us.es\/microccs\/wp-content\/uploads\/2026\/02\/Aula-Practicas-226x300.png 226w, https:\/\/departamento.us.es\/microccs\/wp-content\/uploads\/2026\/02\/Aula-Practicas-768x1020.png 768w, https:\/\/departamento.us.es\/microccs\/wp-content\/uploads\/2026\/02\/Aula-Practicas-1157x1536.png 1157w, https:\/\/departamento.us.es\/microccs\/wp-content\/uploads\/2026\/02\/Aula-Practicas-1542x2048.png 1542w, https:\/\/departamento.us.es\/microccs\/wp-content\/uploads\/2026\/02\/Aula-Practicas.png 1864w\" sizes=\"auto, (max-width: 771px) 100vw, 771px\" \/><\/p>\n<h3>\u00bfD\u00f3nde est\u00e1n los Laboratorios de Investigaci\u00f3n?<\/h3>\n<p>Los <strong>Laboratorios de Investigaci\u00f3n<\/strong> est\u00e1n ubicados en la <strong>Planta S\u00f3tano <\/strong>del Departamento. Para entrar en ellos, puedes usar la puerta espec\u00edfica que permite acceder a ellos sin necesidad de acceder a la zona administrativa. Deber\u00e1s acudir a la zona del Departamento explicada en la primera pregunta y antes de subir las escalinatas, buscar en la zona de la izquierda la puerta que permite acceder a los laboratorios. Deber\u00e1s llamar al timbre porque est\u00e1 normalmente cerrada y, si no vienes buscando a alg\u00fan Investigador o Profesor en concreto, deber\u00e1s preguntar por <a href=\"https:\/\/departamento.us.es\/microccs\/ptgas\/sofia-ballesta-mudarra\/\" target=\"_blank\" rel=\"noopener\">Sof\u00eda Ballesta<\/a> o <a href=\"https:\/\/departamento.us.es\/microccs\/ptgas\/maria-luisa-pecero-lopez\/\" target=\"_blank\" rel=\"noopener\">Mar\u00eda Luisa Pecero<\/a>. Ellas podr\u00e1n orientarte sobre la ubicaci\u00f3n concreta o el asunto que necesites tratar.<\/p>\n<p><img loading=\"lazy\" decoding=\"async\" class=\"aligncenter wp-image-597 size-large\" src=\"https:\/\/departamento.us.es\/microccs\/wp-content\/uploads\/2026\/02\/IMG20260202125250-scaled-e1770036817377-1024x892.jpg\" alt=\"\" width=\"1024\" height=\"892\" srcset=\"https:\/\/departamento.us.es\/microccs\/wp-content\/uploads\/2026\/02\/IMG20260202125250-scaled-e1770036817377-1024x892.jpg 1024w, https:\/\/departamento.us.es\/microccs\/wp-content\/uploads\/2026\/02\/IMG20260202125250-scaled-e1770036817377-300x261.jpg 300w, https:\/\/departamento.us.es\/microccs\/wp-content\/uploads\/2026\/02\/IMG20260202125250-scaled-e1770036817377-768x669.jpg 768w, https:\/\/departamento.us.es\/microccs\/wp-content\/uploads\/2026\/02\/IMG20260202125250-scaled-e1770036817377-1536x1338.jpg 1536w, https:\/\/departamento.us.es\/microccs\/wp-content\/uploads\/2026\/02\/IMG20260202125250-scaled-e1770036817377.jpg 1928w\" sizes=\"auto, (max-width: 1024px) 100vw, 1024px\" \/><\/p>\n<ul>\n<li>En la zona del S\u00f3tano se encuentran los Despachos de los siguientes Profesores\/as del Departamento:\n<ul>\n<li><a href=\"https:\/\/departamento.us.es\/microccs\/pdi\/mercedes-delgado-valverde\/\">Dra. Mercedes Delgado Valverde<\/a><\/li>\n<li><a href=\"https:\/\/departamento.us.es\/microccs\/pdi\/fernando-docobo-perez\/\">Dr. Fernando Docobo P\u00e9rez<\/a><\/li>\n<li><a href=\"https:\/\/departamento.us.es\/microccs\/pdi\/lorena-lopez-cerero\/\">Dra. Lorena L\u00f3pez Cerero<\/a><\/li>\n<li><a href=\"https:\/\/departamento.us.es\/microccs\/pdi\/marina-rosa-pulido-toledano\/\">Dra. Marina R. Pulido Toledano<\/a><\/li>\n<\/ul>\n<\/li>\n<\/ul>\n<h2>2. Tutor\u00edas y Comunicaci\u00f3n Docente<\/h2>\n<h3>\u00bfC\u00f3mo puedo solicitar una Tutor\u00eda con un Profesor\/a?<\/h3>\n<p>Contactando por correo electr\u00f3nico con el Profesor\/a. Tambi\u00e9n puedes <a href=\"https:\/\/departamento.us.es\/microccs\/tutorias\/\">consultar el Horario de Tutor\u00edas<\/a>.<\/p>\n<h3>\u00bfPuedo contactar a los Profesores\/as por correo electr\u00f3nico fuera del horario de tutor\u00edas?<\/h3>\n<p>S\u00ed, en cualquier momento, aunque la respuesta que recibas depender\u00e1 de su disponibilidad. Tambi\u00e9n puedes escribir al correo <strong>microccs@us.es<\/strong> y la Secretar\u00eda del Departamento transmitir\u00e1 el mensaje que desees o te facilitar\u00e1 la informaci\u00f3n y\/o forma de contacto m\u00e1s adecuada.<\/p>\n<h3>\u00bfD\u00f3nde est\u00e1n los correos electr\u00f3nicos de los profesores?<\/h3>\n<p>Podr\u00e1s encontrar esta informaci\u00f3n en la <a href=\"https:\/\/departamento.us.es\/microccs\/tutorias\/\">p\u00e1gina de tutor\u00edas<\/a> o en la <a href=\"https:\/\/departamento.us.es\/microccs\/pdi\/\">p\u00e1gina dedicada al PDI<\/a> (Personal Docente e Investigador), haciendo clic en su perfil profesional o accediendo a los portales que enlazan con su nombre.<\/p>\n<h2>3. Investigaci\u00f3n en el Departamento<\/h2>\n<h3>\u00bfC\u00f3mo puedo ser Alumno Interno o Colaborador en el Departamento?<\/h3>\n<p>Deber\u00e1s contactar con un profesor\/a del Departamento, adem\u00e1s de tener en cuenta la informaci\u00f3n sobre los requisitos a cumplir que se encuentra publicada en la <a href=\"https:\/\/departamento.us.es\/microccs\/tramites-administrativos\/alumno-interno\/\">p\u00e1gina del tr\u00e1mite administrativo<\/a>.<\/p>\n<h3>\u00bfCu\u00e1les son las L\u00edneas de Investigaci\u00f3n de cada Profesor\/a?<\/h3>\n<p>Podr\u00e1s conocer las L\u00edneas de Investigaci\u00f3n de los Profesores\/as del Departamento haciendo clic en su perfil profesional o accediendo a los portales que enlazan con su nombre, desde la <a href=\"https:\/\/departamento.us.es\/microccs\/pdi\/\">p\u00e1gina dedicada al PDI<\/a> (Personal Docente e Investigador). Tambi\u00e9n la encontrar\u00e1s en la <a href=\"https:\/\/departamento.us.es\/microccs\/investigacion\/grupos-investigacion\/\" target=\"_blank\" rel=\"noopener\">p\u00e1gina dedicada a Grupos de Investigaci\u00f3n de la Web del Departamento<\/a>.<\/p>\n<h3>\u00bfPuedo consultar las Tesis Doctorales le\u00eddas en el Departamento?<\/h3>\n<p>Puedes realizar una consulta en la <a href=\"https:\/\/departamento.us.es\/microccs\/investigacion\/tesis-doctorales\/\">p\u00e1gina sobre Tesis Doctorales de la Web del Departamento<\/a> o bien accediendo al <a href=\"https:\/\/idus.us.es\/home\" target=\"_blank\" rel=\"noopener\">repositorio institucional iDUS de la Universidad de Sevilla<\/a>.<\/p>\n<h3>\u00bfDonde encuentro informaci\u00f3n de los Grupos de Investigaci\u00f3n?<\/h3>\n<p>Puedes acceder a esta informaci\u00f3n en la <a href=\"https:\/\/departamento.us.es\/microccs\/investigacion\/grupos-investigacion\/\" rel=\"noopener\">p\u00e1gina dedicada a Grupos de Investigaci\u00f3n de la Web del Departamento<\/a>. Igualmente, la Universidad de Sevilla publica informaci\u00f3n sobre <strong>Grupos de Investigaci\u00f3n, Publicaciones y Resultados de Investigaci\u00f3n<\/strong> en los siguientes portales corporativos: <a href=\"https:\/\/investigacion.us.es\/sisius\" target=\"_blank\" rel=\"noopener\">SISIUS<\/a> | <a href=\"https:\/\/prisma.us.es\/\" target=\"_blank\" rel=\"noopener\">PRISMA<\/a> | <a href=\"https:\/\/idus.us.es\/home\" target=\"_blank\" rel=\"noopener\">iDUS<\/a><\/p>\n<h2>4. Tr\u00e1mites Administrativos<\/h2>\n<h3>\u00bfD\u00f3nde encuentro informaci\u00f3n sobre Tr\u00e1mites Administrativos?<\/h3>\n<p>En la <a href=\"https:\/\/departamento.us.es\/microccs\/tramites-administrativos\/\">p\u00e1gina dedicada a Tr\u00e1mites Administrativos de la Web del Departamento<\/a>. Tambi\u00e9n puedes escribir un correo electr\u00f3nico para cualquier aclaraci\u00f3n a la direcci\u00f3n <strong>microccs@us.es<\/strong><\/p>\n<h3>\u00bfC\u00f3mo se utiliza el Registro Electr\u00f3nico del Estado?<\/h3>\n<p>Dispones de un <a href=\"https:\/\/departamento.us.es\/microccs\/instrucciones-sobre-el-uso-del-registro-electronico\/\">Manual explicativo<\/a> para que puedas emplear el <strong>Registro electr\u00f3nico como medio para enviar Solicitudes<\/strong> al Departamento (y tambi\u00e9n te servir\u00e1 para el resto de Unidades administrativas de la US: Secretar\u00eda, Servicio de Becas, Instituto de Idiomas, etc).<\/p>\n<h3>\u00bfD\u00f3nde puedo consultar la informaci\u00f3n acad\u00e9mica de mis asignaturas?<\/h3>\n<p>En la p\u00e1gina web del Departamento te facilitamos informaci\u00f3n sobre asignaturas del Departamento en las secciones <a href=\"https:\/\/departamento.us.es\/microccs\/estudios-de-grado\/\">Estudios de Grado<\/a> y <a href=\"https:\/\/departamento.us.es\/microccs\/estudios-de-master\/\">Estudios de M\u00e1ster<\/a>, bajo <strong>Docencia,<\/strong> en el Men\u00fa Principal. No obstante, debes de emplear con preferencia los siguientes canales:<\/p>\n<ul>\n<li><strong>Informaci\u00f3n general:<\/strong> deber\u00e1s seleccionar el plan de estudios y acceder a las p\u00e1ginas de las asignaturas. Entre la informaci\u00f3n que podr\u00e1s obtener se encuentra el Plan de Estudios y el Proyecto Docente de los \u00faltimos a\u00f1os.\n<ul>\n<li><a href=\"https:\/\/www.us.es\/estudiar\/que-estudiar\/oferta-de-grados\" target=\"_blank\" rel=\"noopener\">Estudios de Grado de la Universidad de Sevilla<\/a><\/li>\n<li><a href=\"https:\/\/www.us.es\/estudiar\/que-estudiar\/oferta-de-masteres\" target=\"_blank\" rel=\"noopener\">Estudios de M\u00e1ster de la Universidad de Sevilla<\/a><\/li>\n<\/ul>\n<\/li>\n<li><strong>Informaci\u00f3n espec\u00edfica del Estado de tu Expediente \/ Materiales did\u00e1cticos:<\/strong> requerir\u00e1 que accedas con tu UVUS y tener activado el Doble Factor de Autentificaci\u00f3n.\n<ul>\n<li><a href=\"https:\/\/sevius.us.es\/\" target=\"_blank\" rel=\"noopener\">Sevius (Secretar\u00eda Virtual de la US)<\/a><\/li>\n<li><a href=\"https:\/\/ev.us.es\/\" target=\"_blank\" rel=\"noopener\">Ense\u00f1anza Virtual<\/a><\/li>\n<\/ul>\n<\/li>\n<\/ul>\n<h3><\/h3>\n","protected":false},"excerpt":{"rendered":"<p>1. Instalaciones y Ubicaci\u00f3n \u00bfD\u00f3nde se encuentra la sede administrativa del Departamento? La sede administrativa del Departamento (Secretaria) se encuentra f\u00edsicamente en la planta baja del Departamento, en la Facultad de Medicina. Para acceder a la misma, deber\u00e1s acudir a la plaza donde se encuentra el Pabell\u00f3n Docente y subir por el peque\u00f1o tramo de&#8230;<\/p>\n","protected":false},"author":1,"featured_media":0,"parent":0,"menu_order":0,"comment_status":"closed","ping_status":"closed","template":"","meta":{"_kad_post_transparent":"","_kad_post_title":"","_kad_post_layout":"","_kad_post_sidebar_id":"","_kad_post_content_style":"","_kad_post_vertical_padding":"","_kad_post_feature":"","_kad_post_feature_position":"","_kad_post_header":false,"_kad_post_footer":false,"_kad_post_classname":"","footnotes":""},"class_list":["post-591","page","type-page","status-publish","hentry"],"_links":{"self":[{"href":"https:\/\/departamento.us.es\/microccs\/wp-json\/wp\/v2\/pages\/591","targetHints":{"allow":["GET"]}}],"collection":[{"href":"https:\/\/departamento.us.es\/microccs\/wp-json\/wp\/v2\/pages"}],"about":[{"href":"https:\/\/departamento.us.es\/microccs\/wp-json\/wp\/v2\/types\/page"}],"author":[{"embeddable":true,"href":"https:\/\/departamento.us.es\/microccs\/wp-json\/wp\/v2\/users\/1"}],"replies":[{"embeddable":true,"href":"https:\/\/departamento.us.es\/microccs\/wp-json\/wp\/v2\/comments?post=591"}],"version-history":[{"count":8,"href":"https:\/\/departamento.us.es\/microccs\/wp-json\/wp\/v2\/pages\/591\/revisions"}],"predecessor-version":[{"id":607,"href":"https:\/\/departamento.us.es\/microccs\/wp-json\/wp\/v2\/pages\/591\/revisions\/607"}],"wp:attachment":[{"href":"https:\/\/departamento.us.es\/microccs\/wp-json\/wp\/v2\/media?parent=591"}],"curies":[{"name":"wp","href":"https:\/\/api.w.org\/{rel}","templated":true}]}}