{"id":6,"date":"2025-10-28T11:49:44","date_gmt":"2025-10-28T10:49:44","guid":{"rendered":"https:\/\/departamento.us.es\/microccs\/?page_id=6"},"modified":"2026-02-26T13:58:24","modified_gmt":"2026-02-26T12:58:24","slug":"inicio","status":"publish","type":"page","link":"https:\/\/departamento.us.es\/microccs\/","title":{"rendered":"Inicio"},"content":{"rendered":"<h2>\u00a1\u00daLTIMA HORA!<\/h2>\n\n<ul class=\"wp-block-latest-posts__list has-dates wp-block-latest-posts\"><li><a class=\"wp-block-latest-posts__post-title\" href=\"https:\/\/departamento.us.es\/microccs\/la-profesora-marina-pulido-nueva-vicedecana-de-estudiantes-e-igualdad-de-la-facultad-de-medicina\/\">La Profesora Marina Pulido, nueva Vicedecana de Estudiantes e Igualdad de la Facultad de Medicina<\/a><time datetime=\"2026-03-18T09:05:26+01:00\" class=\"wp-block-latest-posts__post-date\">18 de marzo de 2026<\/time><div class=\"wp-block-latest-posts__post-excerpt\">La profesora Marina Rosa Pulido Toledano, adscrita al Departamento de Microbiolog\u00eda, ha tomado posesi\u00f3n el 17 de marzo de 2026 como Vicedecana de Estudiantes, Evaluaci\u00f3n de la Calidad, Bienestar, Diversidad e Igualdad de la Facultad de Medicina , como parte del equipo de gobierno del Decano Manuel Dorado Oca\u00f1a. Con una amplia trayectoria docente e&#8230;<\/div><\/li>\n<li><a class=\"wp-block-latest-posts__post-title\" href=\"https:\/\/departamento.us.es\/microccs\/el-profesor-fernando-docobo-nuevo-director-de-secretariado-de-salud-laboral-y-prevencion-de-riesgos-laborales-de-la-universidad-de-sevilla\/\">El Profesor Fernando Docobo, nuevo Director del Secretariado de Salud Laboral y Prevenci\u00f3n de Riesgos Laborales de la Universidad de Sevilla<\/a><time datetime=\"2026-01-30T12:38:54+01:00\" class=\"wp-block-latest-posts__post-date\">30 de enero de 2026<\/time><div class=\"wp-block-latest-posts__post-excerpt\">El profesor Fernando Manuel Docobo P\u00e9rez, titular de Universidad del \u00e1rea de Microbiolog\u00eda y adscrito al Departamento de Microbiolog\u00eda, ha tomado posesi\u00f3n el 28 de enero de 2026 como Director del Secretariado de Salud Laboral y Prevenci\u00f3n de Riesgos Laborales, como parte del equipo de gobierno del Vicerrectorado de Bienestar, Salud, Diversidad e Igualdad. Con&#8230;<\/div><\/li>\n<li><a class=\"wp-block-latest-posts__post-title\" href=\"https:\/\/departamento.us.es\/microccs\/encuentro-internacional-provost-long-island-university-facultad-medicina-sevilla\/\">Encuentro Internacional con el Provost de Long Island University en la Facultad de Medicina de Sevilla<\/a><time datetime=\"2026-01-15T12:32:49+01:00\" class=\"wp-block-latest-posts__post-date\">15 de enero de 2026<\/time><div class=\"wp-block-latest-posts__post-excerpt\">\ud83d\udcc5 Fecha: Viernes, 23 de enero de 2026 \ud83d\udd59 Hora: 10:00 horas \ud83d\udccd Lugar: Sal\u00f3n de Grados (Facultad de Medicina). Nos complace anunciar el encuentro acad\u00e9mico internacional que tendr\u00e1 lugar el viernes, 23 de enero de 2026 a las 10:00 horas, en el Sal\u00f3n de Grados de la Facultad de Medicina, Campus Universitario Virgen Macarena,&#8230;<\/div><\/li>\n<\/ul>\n\n\n<figure class=\"wp-block-pullquote\"><blockquote><p>\u00ab<strong>Maravillarse<\/strong> es el primer paso para un <strong>descubrimiento<\/strong>.<\/p><cite>\u2014 Louis Pasteur (1822-1895)<\/cite><\/blockquote><\/figure>\n","protected":false},"excerpt":{"rendered":"<p>\u00a1\u00daLTIMA HORA! \u00abMaravillarse es el primer paso para un descubrimiento. \u2014 Louis Pasteur (1822-1895)<\/p>\n","protected":false},"author":1,"featured_media":0,"parent":0,"menu_order":0,"comment_status":"closed","ping_status":"closed","template":"","meta":{"_kad_post_transparent":"","_kad_post_title":"","_kad_post_layout":"right","_kad_post_sidebar_id":"","_kad_post_content_style":"","_kad_post_vertical_padding":"","_kad_post_feature":"","_kad_post_feature_position":"","_kad_post_header":false,"_kad_post_footer":false,"_kad_post_classname":"","footnotes":""},"class_list":["post-6","page","type-page","status-publish","hentry"],"_links":{"self":[{"href":"https:\/\/departamento.us.es\/microccs\/wp-json\/wp\/v2\/pages\/6","targetHints":{"allow":["GET"]}}],"collection":[{"href":"https:\/\/departamento.us.es\/microccs\/wp-json\/wp\/v2\/pages"}],"about":[{"href":"https:\/\/departamento.us.es\/microccs\/wp-json\/wp\/v2\/types\/page"}],"author":[{"embeddable":true,"href":"https:\/\/departamento.us.es\/microccs\/wp-json\/wp\/v2\/users\/1"}],"replies":[{"embeddable":true,"href":"https:\/\/departamento.us.es\/microccs\/wp-json\/wp\/v2\/comments?post=6"}],"version-history":[{"count":20,"href":"https:\/\/departamento.us.es\/microccs\/wp-json\/wp\/v2\/pages\/6\/revisions"}],"predecessor-version":[{"id":680,"href":"https:\/\/departamento.us.es\/microccs\/wp-json\/wp\/v2\/pages\/6\/revisions\/680"}],"wp:attachment":[{"href":"https:\/\/departamento.us.es\/microccs\/wp-json\/wp\/v2\/media?parent=6"}],"curies":[{"name":"wp","href":"https:\/\/api.w.org\/{rel}","templated":true}]}}