{"id":614,"date":"2026-02-12T13:16:11","date_gmt":"2026-02-12T12:16:11","guid":{"rendered":"https:\/\/departamento.us.es\/microccs\/?page_id=614"},"modified":"2026-02-26T12:30:02","modified_gmt":"2026-02-26T11:30:02","slug":"horfeus","status":"publish","type":"page","link":"https:\/\/departamento.us.es\/microccs\/tramites-administrativos\/horfeus\/","title":{"rendered":"HORFEUS: Firma de Asistencia del Profesorado a Clase"},"content":{"rendered":"<p>El <strong>control de presencia del profesorado en las aulas<\/strong> se lleva a cabo mediante la recogida de hojas de firmas convencionales que son generadas por la aplicaci\u00f3n corporativa UXXI-Acad\u00e9mico.<\/p>\n<p>El <strong>proyecto Horfeus<\/strong> (Hoja de Registro de Firmas Electr\u00f3nico de la Universidad de Sevilla) permite automatizar el tr\u00e1mite ganando en eficacia y eficiencia respecto al procedimiento anterior.<\/p>\n<p>El Profesor\/a deber\u00e1 firmar en el <strong>portal HORFEUS<\/strong>, cuyo acceso estar\u00e1 disponible, normalmente, en el ordenador del aula donde tenga que impartir clase. Para la firma, el docente deber\u00e1 loguearse mediante identificador (parte del correo anterior al @&#8230;) y su clave de UVUS o el PIN que se haya creado.<\/p>\n<p><strong>Ejemplo:<\/strong><\/p>\n<ul>\n<li><strong>Nombre\/identificador:<\/strong> jmanrod<\/li>\n<li><strong>Clave:<\/strong> xxxx<\/li>\n<\/ul>\n<h3>\u00bfQu\u00e9 hacer en caso de Olvido o No disponibilidad del Acceso?<\/h3>\n<p>En caso de haberse olvidado de firmar o que no est\u00e9 disponible el acceso a la p\u00e1gina de HORFEUS el Docente tiene que entrar en Sevius 4 (Secretar\u00eda Virtual) con sus credenciales (UVUS normalmente) y registrar la incidencia en la aplicaci\u00f3n. <strong>Esta acci\u00f3n es de suma importancia para que no figure como Ausencia injustificada en su Asignaci\u00f3n Docente.<\/strong><\/p>\n<p><img loading=\"lazy\" decoding=\"async\" class=\"aligncenter size-large wp-image-617\" src=\"https:\/\/departamento.us.es\/microccs\/wp-content\/uploads\/2026\/02\/Sevius-4-1024x335.jpg\" alt=\"\" width=\"1024\" height=\"335\" srcset=\"https:\/\/departamento.us.es\/microccs\/wp-content\/uploads\/2026\/02\/Sevius-4-1024x335.jpg 1024w, https:\/\/departamento.us.es\/microccs\/wp-content\/uploads\/2026\/02\/Sevius-4-300x98.jpg 300w, https:\/\/departamento.us.es\/microccs\/wp-content\/uploads\/2026\/02\/Sevius-4-768x251.jpg 768w, https:\/\/departamento.us.es\/microccs\/wp-content\/uploads\/2026\/02\/Sevius-4-1536x502.jpg 1536w, https:\/\/departamento.us.es\/microccs\/wp-content\/uploads\/2026\/02\/Sevius-4.jpg 1862w\" sizes=\"auto, (max-width: 1024px) 100vw, 1024px\" \/><\/p>\n<p><img loading=\"lazy\" decoding=\"async\" class=\"aligncenter size-large wp-image-618\" src=\"https:\/\/departamento.us.es\/microccs\/wp-content\/uploads\/2026\/02\/image-1024x267.png\" alt=\"\" width=\"1024\" height=\"267\" srcset=\"https:\/\/departamento.us.es\/microccs\/wp-content\/uploads\/2026\/02\/image-1024x267.png 1024w, https:\/\/departamento.us.es\/microccs\/wp-content\/uploads\/2026\/02\/image-300x78.png 300w, https:\/\/departamento.us.es\/microccs\/wp-content\/uploads\/2026\/02\/image-768x201.png 768w, https:\/\/departamento.us.es\/microccs\/wp-content\/uploads\/2026\/02\/image-1536x401.png 1536w, https:\/\/departamento.us.es\/microccs\/wp-content\/uploads\/2026\/02\/image.png 1861w\" sizes=\"auto, (max-width: 1024px) 100vw, 1024px\" \/><\/p>\n","protected":false},"excerpt":{"rendered":"<p>El control de presencia del profesorado en las aulas se lleva a cabo mediante la recogida de hojas de firmas convencionales que son generadas por la aplicaci\u00f3n corporativa UXXI-Acad\u00e9mico. El proyecto Horfeus (Hoja de Registro de Firmas Electr\u00f3nico de la Universidad de Sevilla) permite automatizar el tr\u00e1mite ganando en eficacia y eficiencia respecto al procedimiento&#8230;<\/p>\n","protected":false},"author":1,"featured_media":0,"parent":320,"menu_order":0,"comment_status":"closed","ping_status":"closed","template":"","meta":{"_kad_post_transparent":"","_kad_post_title":"","_kad_post_layout":"","_kad_post_sidebar_id":"","_kad_post_content_style":"","_kad_post_vertical_padding":"","_kad_post_feature":"","_kad_post_feature_position":"","_kad_post_header":false,"_kad_post_footer":false,"_kad_post_classname":"","footnotes":""},"class_list":["post-614","page","type-page","status-publish","hentry"],"_links":{"self":[{"href":"https:\/\/departamento.us.es\/microccs\/wp-json\/wp\/v2\/pages\/614","targetHints":{"allow":["GET"]}}],"collection":[{"href":"https:\/\/departamento.us.es\/microccs\/wp-json\/wp\/v2\/pages"}],"about":[{"href":"https:\/\/departamento.us.es\/microccs\/wp-json\/wp\/v2\/types\/page"}],"author":[{"embeddable":true,"href":"https:\/\/departamento.us.es\/microccs\/wp-json\/wp\/v2\/users\/1"}],"replies":[{"embeddable":true,"href":"https:\/\/departamento.us.es\/microccs\/wp-json\/wp\/v2\/comments?post=614"}],"version-history":[{"count":3,"href":"https:\/\/departamento.us.es\/microccs\/wp-json\/wp\/v2\/pages\/614\/revisions"}],"predecessor-version":[{"id":666,"href":"https:\/\/departamento.us.es\/microccs\/wp-json\/wp\/v2\/pages\/614\/revisions\/666"}],"up":[{"embeddable":true,"href":"https:\/\/departamento.us.es\/microccs\/wp-json\/wp\/v2\/pages\/320"}],"wp:attachment":[{"href":"https:\/\/departamento.us.es\/microccs\/wp-json\/wp\/v2\/media?parent=614"}],"curies":[{"name":"wp","href":"https:\/\/api.w.org\/{rel}","templated":true}]}}