{"id":622,"date":"2026-02-12T13:49:22","date_gmt":"2026-02-12T12:49:22","guid":{"rendered":"https:\/\/departamento.us.es\/microccs\/?page_id=622"},"modified":"2026-02-12T13:50:37","modified_gmt":"2026-02-12T12:50:37","slug":"programas-asignaturas-y-proyectos-docentes","status":"publish","type":"page","link":"https:\/\/departamento.us.es\/microccs\/tramites-administrativos\/programas-asignaturas-y-proyectos-docentes\/","title":{"rendered":"Programas de Asignaturas y Proyectos Docentes"},"content":{"rendered":"<h3>\u00bfQu\u00e9 son?<\/h3>\n<ul>\n<li><strong>Programa de Asignatura: <\/strong>es documento que contiene la informaci\u00f3n general de la asignatura, igual para todos los Grupos. Lo rellena siempre el Coordinador de la asignatura.<\/li>\n<li><strong>Proyecto Docente: <\/strong>contiene informaci\u00f3n espec\u00edfica para cada grupo en una misma asignatura. Lo rellena el tutor correspondiente del grupo. Pueden introducirse algunas variantes a la informaci\u00f3n disponible en el Programa de la Asignatura, en referencia a:\n<ul>\n<li><strong>Profesores que dan clase en ese grupo: <\/strong>es MUY IMPORTANTE que se rellene correctamente esta informaci\u00f3n, con la finalidad de que le puedan habilitar el acceso a las aplicaciones Ense\u00f1anza Virtual y <a href=\"https:\/\/departamento.us.es\/microccs\/tramites-administrativos\/horfeus\/\" target=\"_blank\" rel=\"noopener\">HORFEUS<\/a>.<\/li>\n<li><strong>Bibliograf\u00eda: <\/strong>aquella informaci\u00f3n que cada tutor considere apropiada para su grupo.<\/li>\n<li><strong>Evaluador:<\/strong> se debe poner solo el nombre del responsable del grupo, con la finalidad de que las <strong>Actas de las calificaciones<\/strong> no precisen otra firma.<\/li>\n<\/ul>\n<\/li>\n<\/ul>\n<h3>\u00bfC\u00f3mo se rellenan?<\/h3>\n<ul>\n<li><strong>Programas de Asignaturas<\/strong>\n<ul>\n<li><strong>Puedes Consultar:<\/strong> Programas de asignaturas en los que figuras como Docente.<\/li>\n<li><strong>Si eres Coordinador: <\/strong>podr\u00e1s <strong>modificar el Programa en el per\u00edodo abierto a tal fin. <\/strong>Una vez realizados los cambios deber\u00e1s cerrarlo para que desde el Departamento correspondiente se le d\u00e9 el Visto Bueno.<\/li>\n<\/ul>\n<\/li>\n<li><strong>Proyectos Docentes<\/strong>\n<ul>\n<li><strong>Puedes Consultar: <\/strong>Asignaturas por grupos en las que participas.<\/li>\n<li>Si eres Tutor:\u00a0podr\u00e1s <strong>modificar el Proyecto en el per\u00edodo abierto a tal fin. <\/strong>Una vez el Coordinador de la asignatura ha cerrado el Programa, los tutores de cada grupo deber\u00e1n rellenar su Proyecto docente. Una vez cerrado, tambi\u00e9n desde el Departamento correspondiente se dar\u00e1 el Visto Bueno.<\/li>\n<li><\/li>\n<\/ul>\n<\/li>\n<\/ul>\n<p><img loading=\"lazy\" decoding=\"async\" class=\"aligncenter wp-image-616 size-large\" src=\"https:\/\/departamento.us.es\/microccs\/wp-content\/uploads\/2026\/02\/image1-1024x406.png\" alt=\"\" width=\"1024\" height=\"406\" srcset=\"https:\/\/departamento.us.es\/microccs\/wp-content\/uploads\/2026\/02\/image1-1024x406.png 1024w, https:\/\/departamento.us.es\/microccs\/wp-content\/uploads\/2026\/02\/image1-300x119.png 300w, https:\/\/departamento.us.es\/microccs\/wp-content\/uploads\/2026\/02\/image1-768x304.png 768w, https:\/\/departamento.us.es\/microccs\/wp-content\/uploads\/2026\/02\/image1-1536x609.png 1536w, https:\/\/departamento.us.es\/microccs\/wp-content\/uploads\/2026\/02\/image1.png 1854w\" sizes=\"auto, (max-width: 1024px) 100vw, 1024px\" \/><\/p>\n","protected":false},"excerpt":{"rendered":"<p>\u00bfQu\u00e9 son? Programa de Asignatura: es documento que contiene la informaci\u00f3n general de la asignatura, igual para todos los Grupos. Lo rellena siempre el Coordinador de la asignatura. Proyecto Docente: contiene informaci\u00f3n espec\u00edfica para cada grupo en una misma asignatura. Lo rellena el tutor correspondiente del grupo. Pueden introducirse algunas variantes a la informaci\u00f3n disponible&#8230;<\/p>\n","protected":false},"author":1,"featured_media":0,"parent":320,"menu_order":0,"comment_status":"closed","ping_status":"closed","template":"","meta":{"_kad_post_transparent":"","_kad_post_title":"","_kad_post_layout":"","_kad_post_sidebar_id":"","_kad_post_content_style":"","_kad_post_vertical_padding":"","_kad_post_feature":"","_kad_post_feature_position":"","_kad_post_header":false,"_kad_post_footer":false,"_kad_post_classname":"","footnotes":""},"class_list":["post-622","page","type-page","status-publish","hentry"],"_links":{"self":[{"href":"https:\/\/departamento.us.es\/microccs\/wp-json\/wp\/v2\/pages\/622","targetHints":{"allow":["GET"]}}],"collection":[{"href":"https:\/\/departamento.us.es\/microccs\/wp-json\/wp\/v2\/pages"}],"about":[{"href":"https:\/\/departamento.us.es\/microccs\/wp-json\/wp\/v2\/types\/page"}],"author":[{"embeddable":true,"href":"https:\/\/departamento.us.es\/microccs\/wp-json\/wp\/v2\/users\/1"}],"replies":[{"embeddable":true,"href":"https:\/\/departamento.us.es\/microccs\/wp-json\/wp\/v2\/comments?post=622"}],"version-history":[{"count":2,"href":"https:\/\/departamento.us.es\/microccs\/wp-json\/wp\/v2\/pages\/622\/revisions"}],"predecessor-version":[{"id":624,"href":"https:\/\/departamento.us.es\/microccs\/wp-json\/wp\/v2\/pages\/622\/revisions\/624"}],"up":[{"embeddable":true,"href":"https:\/\/departamento.us.es\/microccs\/wp-json\/wp\/v2\/pages\/320"}],"wp:attachment":[{"href":"https:\/\/departamento.us.es\/microccs\/wp-json\/wp\/v2\/media?parent=622"}],"curies":[{"name":"wp","href":"https:\/\/api.w.org\/{rel}","templated":true}]}}