{"id":664,"date":"2026-02-25T15:27:03","date_gmt":"2026-02-25T14:27:03","guid":{"rendered":"https:\/\/departamento.us.es\/microccs\/?page_id=664"},"modified":"2026-02-26T12:48:16","modified_gmt":"2026-02-26T11:48:16","slug":"lem","status":"publish","type":"page","link":"https:\/\/departamento.us.es\/microccs\/tramites-administrativos\/lem\/","title":{"rendered":"LEM: Licencias por estudios de menos de tres meses"},"content":{"rendered":"<h3>Interesados\/as<\/h3>\n<p>PDI adscrito al Departamento para la realizaci\u00f3n de actividades docentes o investigadoras en una universidad, instituci\u00f3n o centro nacional o extranjero.<\/p>\n<h3>\u00bfC\u00f3mo realizar el Tr\u00e1mite?<\/h3>\n<p>Procedimiento dirigido para solicitar <strong>Licencias de menos de tres meses o autorizaci\u00f3n de desplazamiento<\/strong>. Si dicha licencia o autorizaci\u00f3n requiera la <strong>solicitud de indemnizaci\u00f3n de gastos a la Universidad de Sevilla<\/strong>, en el mismo acto se llevar\u00e1 a cabo la <strong>solicitud de comisi\u00f3n de servicio<\/strong>.<\/p>\n<p>El <strong>PDI Vinculado<\/strong> deber\u00e1 aportar un Informe favorable del Director Gerente del Hospital, cuyo Modelo se puede descargar en la sede electr\u00f3nica US.<\/p>\n<p><img loading=\"lazy\" decoding=\"async\" class=\"size-full wp-image-673 aligncenter\" src=\"https:\/\/departamento.us.es\/microccs\/wp-content\/uploads\/2026\/02\/Documentos-LEM_0.jpg\" alt=\"\" width=\"317\" height=\"213\" srcset=\"https:\/\/departamento.us.es\/microccs\/wp-content\/uploads\/2026\/02\/Documentos-LEM_0.jpg 317w, https:\/\/departamento.us.es\/microccs\/wp-content\/uploads\/2026\/02\/Documentos-LEM_0-300x202.jpg 300w\" sizes=\"auto, (max-width: 317px) 100vw, 317px\" \/><img loading=\"lazy\" decoding=\"async\" class=\"aligncenter wp-image-674 size-large\" src=\"https:\/\/departamento.us.es\/microccs\/wp-content\/uploads\/2026\/02\/Documentos-LEM_1-1024x221.jpg\" alt=\"\" width=\"1024\" height=\"221\" srcset=\"https:\/\/departamento.us.es\/microccs\/wp-content\/uploads\/2026\/02\/Documentos-LEM_1-1024x221.jpg 1024w, https:\/\/departamento.us.es\/microccs\/wp-content\/uploads\/2026\/02\/Documentos-LEM_1-300x65.jpg 300w, https:\/\/departamento.us.es\/microccs\/wp-content\/uploads\/2026\/02\/Documentos-LEM_1-768x166.jpg 768w, https:\/\/departamento.us.es\/microccs\/wp-content\/uploads\/2026\/02\/Documentos-LEM_1.jpg 1229w\" sizes=\"auto, (max-width: 1024px) 100vw, 1024px\" \/><\/p>\n<p>As\u00ed mismo, en la <strong>p\u00e1gina del tr\u00e1mite de la sede electr\u00f3nica<\/strong> (ver apartado Solicitud) hay disponibles:<\/p>\n<ul>\n<li>Manual de Interesado\/a.<\/li>\n<li>Video explicativo.<\/li>\n<\/ul>\n<h3>Solicitud<\/h3>\n<p><a href=\"https:\/\/sede.us.es\/oficina\/tramites\/acceso.do?id=8529&amp;block=aPersonal_Docente_e_Investigador_1098&amp;blockType=AREAS_SEDE\" target=\"_blank\" rel=\"noopener\">Procedimiento de Licencia de Estudios por menos de tres meses<\/a><\/p>\n<ul>\n<li><strong>Plazo:<\/strong> Antes del comienzo de la ausencia de la Universidad de Sevilla.<\/li>\n<li><strong>Tiempo de Resoluci\u00f3n:<\/strong> 3 meses.<\/li>\n<\/ul>\n<h3>Unidad Administrativa Responsable<\/h3>\n<p><a href=\"https:\/\/docentes.us.es\/index.php?page=pdi\/contacto\" target=\"_blank\" rel=\"noopener\">\u00c1rea de Personal Docente<\/a><\/p>\n<p><a href=\"https:\/\/departamento.us.es\/microccs\/tramites-administrativos\/\"><strong>Consulta Otros Tr\u00e1mites Administrativos del Departamento<\/strong><\/a><\/p>\n<h3>Comunicaci\u00f3n de Incidencias T\u00e9cnicas<\/h3>\n<p><a href=\"https:\/\/sos.us.es\/#block-solicitudes\" target=\"_blank\" rel=\"noopener\">Comunica la incidencia<\/a> o contacta con el SOS en el tel\u00e9fono 954 55 44 44<\/p>\n<h3>Normativa aplicable<\/h3>\n<ul>\n<li><span style=\"font-family: Arial, Verdana;\"><a href=\"https:\/\/www.boe.es\/buscar\/act.php?id=BOE-A-1985-11578\">Real Decreto 898\/1985, de 30 de abril, sobre r\u00e9gimen del profesorado universitario.<\/a><\/span><\/li>\n<li><span style=\"font-family: Arial, Verdana;\">Instrucci\u00f3n Vicerrectoral de 1 de octubre de 1988. Normas Provisionales con motivo de licencias por estudios.<\/span><\/li>\n<li><span style=\"font-family: Arial, Verdana;\">Acuerdo 5.2\/J.G. de 14 de febrero de 1994<\/span><\/li>\n<li><span style=\"font-family: Arial, Verdana;\">Acuerdo 7.5\/J.G. de 15 de julio de 1998<\/span><\/li>\n<li><span style=\"font-family: Arial, Verdana;\">Acuerdo 8.2\/J.G. de 27 de noviembre de 2000<\/span><\/li>\n<li><span style=\"font-family: Arial, Verdana;\">Instrucci\u00f3n Vicerrectoral de 10 de julio de 2006<\/span><\/li>\n<li><span style=\"font-family: Arial, Verdana;\">Resoluci\u00f3n Rectoral de 25 de septiembre de 200<\/span><\/li>\n<li><a href=\"https:\/\/departamento.us.es\/microccs\/instrucciones-sobre-el-uso-del-registro-electronico\/\">Instrucciones de Uso del Registro Electr\u00f3nico<\/a><\/li>\n<li><a href=\"https:\/\/www.us.es\/bous-numeros\/numero-12-23-de-diciembre-de-2022\/acuerdo-71cg-20-12-22-por-el-que-se-aprueba-el\" target=\"_blank\" rel=\"noopener\">Reglamento sobre Administraci\u00f3n Electr\u00f3nica de la US<\/a><\/li>\n<\/ul>\n","protected":false},"excerpt":{"rendered":"<p>Interesados\/as PDI adscrito al Departamento para la realizaci\u00f3n de actividades docentes o investigadoras en una universidad, instituci\u00f3n o centro nacional o extranjero. \u00bfC\u00f3mo realizar el Tr\u00e1mite? Procedimiento dirigido para solicitar Licencias de menos de tres meses o autorizaci\u00f3n de desplazamiento. Si dicha licencia o autorizaci\u00f3n requiera la solicitud de indemnizaci\u00f3n de gastos a la Universidad&#8230;<\/p>\n","protected":false},"author":1,"featured_media":0,"parent":320,"menu_order":0,"comment_status":"closed","ping_status":"closed","template":"","meta":{"_kad_post_transparent":"","_kad_post_title":"","_kad_post_layout":"","_kad_post_sidebar_id":"","_kad_post_content_style":"","_kad_post_vertical_padding":"","_kad_post_feature":"","_kad_post_feature_position":"","_kad_post_header":false,"_kad_post_footer":false,"_kad_post_classname":"","footnotes":""},"class_list":["post-664","page","type-page","status-publish","hentry"],"_links":{"self":[{"href":"https:\/\/departamento.us.es\/microccs\/wp-json\/wp\/v2\/pages\/664","targetHints":{"allow":["GET"]}}],"collection":[{"href":"https:\/\/departamento.us.es\/microccs\/wp-json\/wp\/v2\/pages"}],"about":[{"href":"https:\/\/departamento.us.es\/microccs\/wp-json\/wp\/v2\/types\/page"}],"author":[{"embeddable":true,"href":"https:\/\/departamento.us.es\/microccs\/wp-json\/wp\/v2\/users\/1"}],"replies":[{"embeddable":true,"href":"https:\/\/departamento.us.es\/microccs\/wp-json\/wp\/v2\/comments?post=664"}],"version-history":[{"count":7,"href":"https:\/\/departamento.us.es\/microccs\/wp-json\/wp\/v2\/pages\/664\/revisions"}],"predecessor-version":[{"id":676,"href":"https:\/\/departamento.us.es\/microccs\/wp-json\/wp\/v2\/pages\/664\/revisions\/676"}],"up":[{"embeddable":true,"href":"https:\/\/departamento.us.es\/microccs\/wp-json\/wp\/v2\/pages\/320"}],"wp:attachment":[{"href":"https:\/\/departamento.us.es\/microccs\/wp-json\/wp\/v2\/media?parent=664"}],"curies":[{"name":"wp","href":"https:\/\/api.w.org\/{rel}","templated":true}]}}