{"id":68,"date":"2025-10-28T14:08:26","date_gmt":"2025-10-28T13:08:26","guid":{"rendered":"https:\/\/departamento.us.es\/microccs\/?page_id=68"},"modified":"2026-03-03T12:31:06","modified_gmt":"2026-03-03T11:31:06","slug":"contacto","status":"publish","type":"page","link":"https:\/\/departamento.us.es\/microccs\/contacto\/","title":{"rendered":"Contacto"},"content":{"rendered":"<p><iframe loading=\"lazy\" style=\"border: 0;\" src=\"https:\/\/www.google.com\/maps\/embed?pb=!1m18!1m12!1m3!1d3169.270065322944!2d-5.993636603210449!3d37.40709109999998!2m3!1f0!2f0!3f0!3m2!1i1024!2i768!4f13.1!3m3!1m2!1s0xd126bfeab5a0b7d%3A0x4d4e455b162efcab!2sFacultad%20de%20Medicina%20.%20Universidad%20de%20Sevilla!5e0!3m2!1ses!2ses!4v1762778973273!5m2!1ses!2ses\" width=\"800\" height=\"300\" allowfullscreen=\"allowfullscreen\"><\/iframe><\/p>\n<h3>Datos de contacto<\/h3>\n<ul>\n<li><strong>Direcci\u00f3n Postal: <\/strong>Avda. S\u00e1nchez Pizju\u00e1n, s\/n. CP. 41009 Sevilla.<\/li>\n<li><strong>Correo electr\u00f3nico:<\/strong> microccs@us.es<\/li>\n<li><strong>Tel\u00e9fonos<\/strong>\n<ul>\n<li><strong>Secretar\u00eda:<\/strong> 954 552 862<\/li>\n<li><strong>Laboratorios:<\/strong> 954 552 863<\/li>\n<\/ul>\n<\/li>\n<\/ul>\n","protected":false},"excerpt":{"rendered":"<p>Datos de contacto Direcci\u00f3n Postal: Avda. S\u00e1nchez Pizju\u00e1n, s\/n. CP. 41009 Sevilla. Correo electr\u00f3nico: microccs@us.es Tel\u00e9fonos Secretar\u00eda: 954 552 862 Laboratorios: 954 552 863<\/p>\n","protected":false},"author":1,"featured_media":0,"parent":0,"menu_order":0,"comment_status":"closed","ping_status":"closed","template":"","meta":{"_kad_post_transparent":"","_kad_post_title":"","_kad_post_layout":"right","_kad_post_sidebar_id":"","_kad_post_content_style":"","_kad_post_vertical_padding":"","_kad_post_feature":"","_kad_post_feature_position":"","_kad_post_header":false,"_kad_post_footer":false,"_kad_post_classname":"","footnotes":""},"class_list":["post-68","page","type-page","status-publish","hentry"],"_links":{"self":[{"href":"https:\/\/departamento.us.es\/microccs\/wp-json\/wp\/v2\/pages\/68","targetHints":{"allow":["GET"]}}],"collection":[{"href":"https:\/\/departamento.us.es\/microccs\/wp-json\/wp\/v2\/pages"}],"about":[{"href":"https:\/\/departamento.us.es\/microccs\/wp-json\/wp\/v2\/types\/page"}],"author":[{"embeddable":true,"href":"https:\/\/departamento.us.es\/microccs\/wp-json\/wp\/v2\/users\/1"}],"replies":[{"embeddable":true,"href":"https:\/\/departamento.us.es\/microccs\/wp-json\/wp\/v2\/comments?post=68"}],"version-history":[{"count":10,"href":"https:\/\/departamento.us.es\/microccs\/wp-json\/wp\/v2\/pages\/68\/revisions"}],"predecessor-version":[{"id":681,"href":"https:\/\/departamento.us.es\/microccs\/wp-json\/wp\/v2\/pages\/68\/revisions\/681"}],"wp:attachment":[{"href":"https:\/\/departamento.us.es\/microccs\/wp-json\/wp\/v2\/media?parent=68"}],"curies":[{"name":"wp","href":"https:\/\/api.w.org\/{rel}","templated":true}]}}