{"id":690,"date":"2026-03-06T12:36:08","date_gmt":"2026-03-06T11:36:08","guid":{"rendered":"https:\/\/departamento.us.es\/microccs\/?page_id=690"},"modified":"2026-03-06T12:36:09","modified_gmt":"2026-03-06T11:36:09","slug":"impugnacion-pregunta-examen","status":"publish","type":"page","link":"https:\/\/departamento.us.es\/microccs\/tramites-administrativos\/impugnacion-pregunta-examen\/","title":{"rendered":"Impugnaci\u00f3n de Preguntas de Ex\u00e1menes"},"content":{"rendered":"<h3>Interesados\/as<\/h3>\n<p>Alumnos\/as matriculados, que hayan realizado ex\u00e1menes de asignaturas del Departamento.<\/p>\n<h3>\u00bfC\u00f3mo realizar el Tr\u00e1mite?<\/h3>\n<p>Los interesados\/as deber\u00e1n escribir un correo electr\u00f3nico a la direcci\u00f3n del Departamento o bien a la indicada por el profesor\/a de la asignatura en la documentaci\u00f3n que acompa\u00f1a al examen.<\/p>\n<h4>Plazo de solicitud<\/h4>\n<p>Disponible a partir de que se realiza el examen, durante el periodo indicado por el profesor\/a.<\/p>\n<h3>Solicitud<\/h3>\n<p>Env\u00edo de correo electr\u00f3nico a <strong>microccs@us.es<\/strong> o a la direcci\u00f3n indicada por el profesor\/a.<\/p>\n<h3>Normativa Aplicable<\/h3>\n<ul>\n<li>T\u00edtulo I del <a href=\"https:\/\/www.us.es\/sites\/default\/files\/2019-05\/norma_evaluac_calif_asig.pdf\" target=\"_blank\" rel=\"noopener\">Normativa reguladora de la Evaluaci\u00f3n y Clasificaci\u00f3n de las Asignaturas<\/a><\/li>\n<li>T\u00edtulo III del <a href=\"https:\/\/www.us.es\/sites\/default\/files\/2019-05\/RGAD_consolidado.pdf\" target=\"_blank\" rel=\"noopener\">Reglamento General de Actividades Docentes<\/a><\/li>\n<\/ul>\n","protected":false},"excerpt":{"rendered":"<p>Interesados\/as Alumnos\/as matriculados, que hayan realizado ex\u00e1menes de asignaturas del Departamento. \u00bfC\u00f3mo realizar el Tr\u00e1mite? Los interesados\/as deber\u00e1n escribir un correo electr\u00f3nico a la direcci\u00f3n del Departamento o bien a la indicada por el profesor\/a de la asignatura en la documentaci\u00f3n que acompa\u00f1a al examen. Plazo de solicitud Disponible a partir de que se realiza&#8230;<\/p>\n","protected":false},"author":1,"featured_media":0,"parent":320,"menu_order":0,"comment_status":"closed","ping_status":"closed","template":"","meta":{"_kad_post_transparent":"","_kad_post_title":"","_kad_post_layout":"","_kad_post_sidebar_id":"","_kad_post_content_style":"","_kad_post_vertical_padding":"","_kad_post_feature":"","_kad_post_feature_position":"","_kad_post_header":false,"_kad_post_footer":false,"_kad_post_classname":"","footnotes":""},"class_list":["post-690","page","type-page","status-publish","hentry"],"_links":{"self":[{"href":"https:\/\/departamento.us.es\/microccs\/wp-json\/wp\/v2\/pages\/690","targetHints":{"allow":["GET"]}}],"collection":[{"href":"https:\/\/departamento.us.es\/microccs\/wp-json\/wp\/v2\/pages"}],"about":[{"href":"https:\/\/departamento.us.es\/microccs\/wp-json\/wp\/v2\/types\/page"}],"author":[{"embeddable":true,"href":"https:\/\/departamento.us.es\/microccs\/wp-json\/wp\/v2\/users\/1"}],"replies":[{"embeddable":true,"href":"https:\/\/departamento.us.es\/microccs\/wp-json\/wp\/v2\/comments?post=690"}],"version-history":[{"count":1,"href":"https:\/\/departamento.us.es\/microccs\/wp-json\/wp\/v2\/pages\/690\/revisions"}],"predecessor-version":[{"id":691,"href":"https:\/\/departamento.us.es\/microccs\/wp-json\/wp\/v2\/pages\/690\/revisions\/691"}],"up":[{"embeddable":true,"href":"https:\/\/departamento.us.es\/microccs\/wp-json\/wp\/v2\/pages\/320"}],"wp:attachment":[{"href":"https:\/\/departamento.us.es\/microccs\/wp-json\/wp\/v2\/media?parent=690"}],"curies":[{"name":"wp","href":"https:\/\/api.w.org\/{rel}","templated":true}]}}